{"id":8990,"date":"2022-02-14T14:17:31","date_gmt":"2022-02-14T14:17:31","guid":{"rendered":"https:\/\/huntergeorge.org\/?post_type=product&#038;p=8990"},"modified":"2026-01-01T08:41:30","modified_gmt":"2026-01-01T08:41:30","slug":"predpazna-jiletka-za-lovno-kuche","status":"publish","type":"product","link":"https:\/\/huntergeorge.org\/de\/produkt\/predpazna-jiletka-za-lovno-kuche\/","title":{"rendered":"Sicherheitsweste f\u00fcr Jagdhunde"},"content":{"rendered":"<p>Eine Sicherheitsweste f\u00fcr einen Jagdhund ist bei der Jagd aus mehreren Gr\u00fcnden von gr\u00f6\u00dfter Bedeutung:<\/p>\n<ol>\n<li>Schutz vor Gefahren: Die Sicherheitsweste bietet dem Hund Schutz vor Wunden und Verletzungen, die bei der Jagd auftreten k\u00f6nnen. Dazu geh\u00f6rt der Schutz vor scharfen Gegenst\u00e4nden wie Dornen oder Steinen, aber auch vor m\u00f6glichen Sch\u00fcssen.<\/li>\n<li>Erh\u00f6hte Sichtbarkeit: Viele Hundewesten werden in leuchtenden Farben hergestellt oder sind mit reflektierenden Streifen ausgestattet. Dadurch wird die Sichtbarkeit des Tieres w\u00e4hrend der Jagd erh\u00f6ht. So kann der J\u00e4ger seinen Hund nicht nur leichter ausfindig machen, sondern er ist auch vor Unf\u00e4llen mit anderen J\u00e4gern gesch\u00fctzt.<\/li>\n<li>Bequemlichkeit und Komfort: Moderne Sicherheitswesten f\u00fcr Hunde sind so konzipiert, dass sie leicht und bequem zu tragen sind. So bieten sie dem Tier Bewegungsfreiheit. Sie schr\u00e4nken seine Bewegungen nicht ein und erm\u00f6glichen es ihm, sich wohl zu f\u00fchlen.<\/li>\n<li>Erh\u00f6hte Sicherheit f\u00fcr den Hund: Als Hundebesitzer haben wir die Verantwortung, unseren Hund vor allen Gefahren zu sch\u00fctzen. Eine kugelsichere Weste ist eine M\u00f6glichkeit, unseren treuen Freunden bei der Jagd mehr Sicherheit zu bieten.<\/li>\n<\/ol>\n<p>Mit unseren Hundesicherheitswesten k\u00f6nnen Sie sicher sein, dass Ihr Hund gut gesch\u00fctzt und auf alle Herausforderungen vorbereitet ist. Wir bieten eine Vielzahl von Modellen und Gr\u00f6\u00dfen an, um die Bed\u00fcrfnisse jedes Hundes und jedes Jagdstils zu erf\u00fcllen.<\/p>","protected":false},"excerpt":{"rendered":"<p>Eine Sicherheitsweste f\u00fcr einen Jagdhund ist bei der Jagd aus mehreren Gr\u00fcnden von gr\u00f6\u00dfter Bedeutung: Schutz vor Gefahren: Eine Sicherheitsweste bietet dem Hund Schutz vor Wunden und Verletzungen, die bei der Jagd auftreten k\u00f6nnen. Dazu geh\u00f6rt der Schutz vor scharfen Gegenst\u00e4nden wie Dornen oder Steinen, aber auch vor m\u00f6glichen Sch\u00fcssen. Erh\u00f6hte Sichtbarkeit: [...]<\/p>","protected":false},"featured_media":8991,"comment_status":"open","ping_status":"closed","template":"","meta":{"ocean_post_layout":"","ocean_both_sidebars_style":"","ocean_both_sidebars_content_width":0,"ocean_both_sidebars_sidebars_width":0,"ocean_sidebar":"0","ocean_second_sidebar":"0","ocean_disable_margins":"enable","ocean_add_body_class":"","ocean_shortcode_before_top_bar":"","ocean_shortcode_after_top_bar":"","ocean_shortcode_before_header":"","ocean_shortcode_after_header":"","ocean_has_shortcode":"","ocean_shortcode_after_title":"","ocean_shortcode_before_footer_widgets":"","ocean_shortcode_after_footer_widgets":"","ocean_shortcode_before_footer_bottom":"","ocean_shortcode_after_footer_bottom":"","ocean_display_top_bar":"default","ocean_display_header":"default","ocean_header_style":"","ocean_center_header_left_menu":"0","ocean_custom_header_template":"0","ocean_custom_logo":0,"ocean_custom_retina_logo":0,"ocean_custom_logo_max_width":0,"ocean_custom_logo_tablet_max_width":0,"ocean_custom_logo_mobile_max_width":0,"ocean_custom_logo_max_height":0,"ocean_custom_logo_tablet_max_height":0,"ocean_custom_logo_mobile_max_height":0,"ocean_header_custom_menu":"0","ocean_menu_typo_font_family":"0","ocean_menu_typo_font_subset":"","ocean_menu_typo_font_size":0,"ocean_menu_typo_font_size_tablet":0,"ocean_menu_typo_font_size_mobile":0,"ocean_menu_typo_font_size_unit":"px","ocean_menu_typo_font_weight":"","ocean_menu_typo_font_weight_tablet":"","ocean_menu_typo_font_weight_mobile":"","ocean_menu_typo_transform":"","ocean_menu_typo_transform_tablet":"","ocean_menu_typo_transform_mobile":"","ocean_menu_typo_line_height":0,"ocean_menu_typo_line_height_tablet":0,"ocean_menu_typo_line_height_mobile":0,"ocean_menu_typo_line_height_unit":"","ocean_menu_typo_spacing":0,"ocean_menu_typo_spacing_tablet":0,"ocean_menu_typo_spacing_mobile":0,"ocean_menu_typo_spacing_unit":"","ocean_menu_link_color":"","ocean_menu_link_color_hover":"","ocean_menu_link_color_active":"","ocean_menu_link_background":"","ocean_menu_link_hover_background":"","ocean_menu_link_active_background":"","ocean_menu_social_links_bg":"","ocean_menu_social_hover_links_bg":"","ocean_menu_social_links_color":"","ocean_menu_social_hover_links_color":"","ocean_disable_title":"default","ocean_disable_heading":"default","ocean_post_title":"","ocean_post_subheading":"","ocean_post_title_style":"","ocean_post_title_background_color":"","ocean_post_title_background":0,"ocean_post_title_bg_image_position":"","ocean_post_title_bg_image_attachment":"","ocean_post_title_bg_image_repeat":"","ocean_post_title_bg_image_size":"","ocean_post_title_height":0,"ocean_post_title_bg_overlay":0.5,"ocean_post_title_bg_overlay_color":"","ocean_disable_breadcrumbs":"default","ocean_breadcrumbs_color":"","ocean_breadcrumbs_separator_color":"","ocean_breadcrumbs_links_color":"","ocean_breadcrumbs_links_hover_color":"","ocean_display_footer_widgets":"default","ocean_display_footer_bottom":"default","ocean_custom_footer_template":"0"},"product_brand":[],"product_cat":[20,66],"product_tag":[175],"giftcard-category":[],"class_list":{"0":"post-8990","1":"product","2":"type-product","3":"status-publish","4":"has-post-thumbnail","6":"product_cat-aksesoari","7":"product_cat-bronejiletki-za-kucheta","8":"product_tag-hunter-george","10":"entry","11":"has-media","13":"first","14":"instock","15":"taxable","16":"shipping-taxable","17":"purchasable","18":"product-type-simple","19":"col","20":"span_1_of_3","21":"owp-content-center","22":"item-entry","23":"owp-thumbs-layout-horizontal","24":"owp-btn-normal","25":"owp-tabs-layout-vertical","26":"circle-sale"},"exclude_global_add_ons":[],"addons":[],"yoast_head":"\n<title>\u041f\u0440\u0435\u0434\u043f\u0430\u0437\u043d\u0430 \u0436\u0438\u043b\u0435\u0442\u043a\u0430 \u0437\u0430 \u043b\u043e\u0432\u043d\u043e \u043a\u0443\u0447\u0435 | HunterGeorge<\/title>\n<meta name=\"description\" content=\"\u041e\u0441\u0438\u0433\u0443\u0440\u0435\u0442\u0435 \u0441\u0438\u0433\u0443\u0440\u043d\u043e\u0441\u0442\u0442\u0430 \u043d\u0430 \u0412\u0430\u0448\u0438\u044f \u0434\u0440\u0443\u0433\u0430\u0440 \u043f\u043e \u0432\u0440\u0435\u043c\u0435 \u043d\u0430 \u043b\u043e\u0432 \u0441 \u043f\u0440\u0435\u0434\u043f\u0430\u0437\u043d\u0430 \u0436\u0438\u043b\u0435\u0442\u043a\u0430 \u0437\u0430 \u043b\u043e\u0432\u043d\u043e \u043a\u0443\u0447\u0435 \u0432 \u0441\u0438\u0433\u043d\u0430\u043b\u043d\u0438 \u0446\u0432\u0435\u0442\u043e\u0432\u0435 \u043e\u0442 HunterGeorge.\" \/>\n<meta name=\"robots\" content=\"index, follow, max-snippet:-1, max-image-preview:large, max-video-preview:-1\" \/>\n<link rel=\"canonical\" href=\"https:\/\/huntergeorge.org\/de\/produkt\/predpazna-jiletka-za-lovno-kuche\/\" \/>\n<meta property=\"og:locale\" content=\"de_DE\" \/>\n<meta property=\"og:type\" content=\"article\" \/>\n<meta property=\"og:title\" content=\"\u041f\u0440\u0435\u0434\u043f\u0430\u0437\u043d\u0430 \u0436\u0438\u043b\u0435\u0442\u043a\u0430 \u0437\u0430 \u043b\u043e\u0432\u043d\u043e \u043a\u0443\u0447\u0435 | HunterGeorge\" \/>\n<meta property=\"og:description\" content=\"\u041e\u0441\u0438\u0433\u0443\u0440\u0435\u0442\u0435 \u0441\u0438\u0433\u0443\u0440\u043d\u043e\u0441\u0442\u0442\u0430 \u043d\u0430 \u0412\u0430\u0448\u0438\u044f \u0434\u0440\u0443\u0433\u0430\u0440 \u043f\u043e \u0432\u0440\u0435\u043c\u0435 \u043d\u0430 \u043b\u043e\u0432 \u0441 \u043f\u0440\u0435\u0434\u043f\u0430\u0437\u043d\u0430 \u0436\u0438\u043b\u0435\u0442\u043a\u0430 \u0437\u0430 \u043b\u043e\u0432\u043d\u043e \u043a\u0443\u0447\u0435 \u0432 \u0441\u0438\u0433\u043d\u0430\u043b\u043d\u0438 \u0446\u0432\u0435\u0442\u043e\u0432\u0435 \u043e\u0442 HunterGeorge.\" \/>\n<meta property=\"og:url\" content=\"https:\/\/huntergeorge.org\/de\/produkt\/predpazna-jiletka-za-lovno-kuche\/\" \/>\n<meta property=\"og:site_name\" content=\"Hunter George\" \/>\n<meta property=\"article:publisher\" content=\"https:\/\/www.facebook.com\/huntergeorge.org\/\" \/>\n<meta property=\"article:modified_time\" content=\"2026-01-01T08:41:30+00:00\" \/>\n<meta property=\"og:image\" content=\"https:\/\/huntergeorge.org\/media\/2022\/02\/DSC_2602-copy.webp\" \/>\n\t<meta property=\"og:image:width\" content=\"2160\" \/>\n\t<meta property=\"og:image:height\" content=\"2160\" \/>\n\t<meta property=\"og:image:type\" content=\"image\/webp\" \/>\n<meta name=\"twitter:card\" content=\"summary_large_image\" \/>\n<meta name=\"twitter:title\" content=\"\u041f\u0440\u0435\u0434\u043f\u0430\u0437\u043d\u0430 \u0436\u0438\u043b\u0435\u0442\u043a\u0430 \u0437\u0430 \u043b\u043e\u0432\u043d\u043e \u043a\u0443\u0447\u0435 | HunterGeorge\" \/>\n<meta name=\"twitter:description\" content=\"\u041e\u0441\u0438\u0433\u0443\u0440\u0435\u0442\u0435 \u0441\u0438\u0433\u0443\u0440\u043d\u043e\u0441\u0442\u0442\u0430 \u043d\u0430 \u0412\u0430\u0448\u0438\u044f \u0434\u0440\u0443\u0433\u0430\u0440 \u043f\u043e \u0432\u0440\u0435\u043c\u0435 \u043d\u0430 \u043b\u043e\u0432 \u0441 \u043f\u0440\u0435\u0434\u043f\u0430\u0437\u043d\u0430 \u0436\u0438\u043b\u0435\u0442\u043a\u0430 \u0437\u0430 \u043b\u043e\u0432\u043d\u043e \u043a\u0443\u0447\u0435 \u0432 \u0441\u0438\u0433\u043d\u0430\u043b\u043d\u0438 \u0446\u0432\u0435\u0442\u043e\u0432\u0435 \u043e\u0442 HunterGeorge.\" \/>\n<meta name=\"twitter:label1\" content=\"Preis\" \/>\n\t<meta name=\"twitter:data1\" content=\"140.61&euro; \u0441 \u0414\u0414\u0421\" \/>\n\t<meta name=\"twitter:label2\" content=\"Verf\u00fcgbarkeit\" \/>\n\t<meta name=\"twitter:data2\" content=\"Auf Lager\" \/>\n<script type=\"application\/ld+json\" class=\"yoast-schema-graph\">{\"@context\":\"https:\/\/schema.org\",\"@graph\":[{\"@type\":\"WebPage\",\"@id\":\"https:\/\/huntergeorge.org\/produkt\/predpazna-jiletka-za-lovno-kuche\/\",\"url\":\"https:\/\/huntergeorge.org\/produkt\/predpazna-jiletka-za-lovno-kuche\/\",\"name\":\"\u041f\u0440\u0435\u0434\u043f\u0430\u0437\u043d\u0430 \u0436\u0438\u043b\u0435\u0442\u043a\u0430 \u0437\u0430 \u043b\u043e\u0432\u043d\u043e \u043a\u0443\u0447\u0435 | HunterGeorge\",\"isPartOf\":{\"@id\":\"https:\/\/huntergeorge.org\/de\/#website\"},\"primaryImageOfPage\":{\"@id\":\"https:\/\/huntergeorge.org\/produkt\/predpazna-jiletka-za-lovno-kuche\/#primaryimage\"},\"image\":{\"@id\":\"https:\/\/huntergeorge.org\/produkt\/predpazna-jiletka-za-lovno-kuche\/#primaryimage\"},\"thumbnailUrl\":\"https:\/\/huntergeorge.org\/media\/2022\/02\/DSC_2602-copy.webp\",\"datePublished\":\"2022-02-14T14:17:31+00:00\",\"dateModified\":\"2026-01-01T08:41:30+00:00\",\"description\":\"\u041e\u0441\u0438\u0433\u0443\u0440\u0435\u0442\u0435 \u0441\u0438\u0433\u0443\u0440\u043d\u043e\u0441\u0442\u0442\u0430 \u043d\u0430 \u0412\u0430\u0448\u0438\u044f \u0434\u0440\u0443\u0433\u0430\u0440 \u043f\u043e \u0432\u0440\u0435\u043c\u0435 \u043d\u0430 \u043b\u043e\u0432 \u0441 \u043f\u0440\u0435\u0434\u043f\u0430\u0437\u043d\u0430 \u0436\u0438\u043b\u0435\u0442\u043a\u0430 \u0437\u0430 \u043b\u043e\u0432\u043d\u043e \u043a\u0443\u0447\u0435 \u0432 \u0441\u0438\u0433\u043d\u0430\u043b\u043d\u0438 \u0446\u0432\u0435\u0442\u043e\u0432\u0435 \u043e\u0442 HunterGeorge.\",\"breadcrumb\":{\"@id\":\"https:\/\/huntergeorge.org\/produkt\/predpazna-jiletka-za-lovno-kuche\/#breadcrumb\"},\"inLanguage\":\"de\",\"potentialAction\":[{\"@type\":\"ReadAction\",\"target\":[\"https:\/\/huntergeorge.org\/produkt\/predpazna-jiletka-za-lovno-kuche\/\"]}]},{\"@type\":\"ImageObject\",\"inLanguage\":\"de\",\"@id\":\"https:\/\/huntergeorge.org\/produkt\/predpazna-jiletka-za-lovno-kuche\/#primaryimage\",\"url\":\"https:\/\/huntergeorge.org\/media\/2022\/02\/DSC_2602-copy.webp\",\"contentUrl\":\"https:\/\/huntergeorge.org\/media\/2022\/02\/DSC_2602-copy.webp\",\"width\":2160,\"height\":2160,\"caption\":\"\u043f\u0440\u0435\u0434\u043f\u0430\u0437\u043d\u0430-\u0436\u0438\u043b\u0435\u0442\u043a\u0430-\u0437\u0430-\u043b\u043e\u0432\u043d\u043e-\u043a\u0443\u0447\u0435\"},{\"@type\":\"BreadcrumbList\",\"@id\":\"https:\/\/huntergeorge.org\/produkt\/predpazna-jiletka-za-lovno-kuche\/#breadcrumb\",\"itemListElement\":[{\"@type\":\"ListItem\",\"position\":1,\"name\":\"Home\",\"item\":\"https:\/\/huntergeorge.org\/\"},{\"@type\":\"ListItem\",\"position\":2,\"name\":\"\u041f\u0440\u043e\u0434\u0443\u043a\u0442\u0438\",\"item\":\"https:\/\/huntergeorge.org\/products\/\"},{\"@type\":\"ListItem\",\"position\":3,\"name\":\"\u041f\u0440\u0435\u0434\u043f\u0430\u0437\u043d\u0430 \u0436\u0438\u043b\u0435\u0442\u043a\u0430 \u0437\u0430 \u043b\u043e\u0432\u043d\u043e \u043a\u0443\u0447\u0435\"}]},{\"@type\":\"WebSite\",\"@id\":\"https:\/\/huntergeorge.org\/de\/#website\",\"url\":\"https:\/\/huntergeorge.org\/de\/\",\"name\":\"Hunter George\",\"description\":\"\u0422\u0432\u043e\u044f\u0442 \u043c\u0430\u0433\u0430\u0437\u0438\u043d \u0437\u0430 \u043b\u043e\u0432\u043d\u0438 \u0430\u043a\u0441\u0435\u0441\u043e\u0430\u0440\u0438\",\"publisher\":{\"@id\":\"https:\/\/huntergeorge.org\/de\/#organization\"},\"potentialAction\":[{\"@type\":\"SearchAction\",\"target\":{\"@type\":\"EntryPoint\",\"urlTemplate\":\"https:\/\/huntergeorge.org\/de\/?s={search_term_string}\"},\"query-input\":{\"@type\":\"PropertyValueSpecification\",\"valueRequired\":true,\"valueName\":\"search_term_string\"}}],\"inLanguage\":\"de\"},{\"@type\":\"Organization\",\"@id\":\"https:\/\/huntergeorge.org\/de\/#organization\",\"name\":\"Hunter George\",\"url\":\"https:\/\/huntergeorge.org\/de\/\",\"logo\":{\"@type\":\"ImageObject\",\"inLanguage\":\"de\",\"@id\":\"https:\/\/huntergeorge.org\/de\/#\/schema\/logo\/image\/\",\"url\":\"https:\/\/huntergeorge.org\/media\/2022\/06\/hunter-george.jpg\",\"contentUrl\":\"https:\/\/huntergeorge.org\/media\/2022\/06\/hunter-george.jpg\",\"width\":1920,\"height\":1300,\"caption\":\"Hunter George\"},\"image\":{\"@id\":\"https:\/\/huntergeorge.org\/de\/#\/schema\/logo\/image\/\"},\"sameAs\":[\"https:\/\/www.facebook.com\/huntergeorge.org\/\",\"https:\/\/www.instagram.com\/huntergeorge_official\/\"]}]}<\/script>\n<meta property=\"product:price:amount\" content=\"140.61\" \/>\n<meta property=\"product:price:currency\" content=\"EUR\" \/>\n<meta property=\"og:availability\" content=\"instock\" \/>\n<meta property=\"product:availability\" content=\"instock\" \/>\n<meta property=\"product:retailer_item_id\" content=\"HG-AKS-BR-105\" \/>\n<meta property=\"product:condition\" content=\"new\" \/>\n","yoast_head_json":{"title":"Sicherheitsweste f\u00fcr Jagdhunde | HunterGeorge","description":"Sorgen Sie f\u00fcr die Sicherheit Ihres Begleiters bei der Jagd mit einer Sicherheitsweste f\u00fcr Jagdhunde in Signalfarben von HunterGeorge.","robots":{"index":"index","follow":"follow","max-snippet":"max-snippet:-1","max-image-preview":"max-image-preview:large","max-video-preview":"max-video-preview:-1"},"canonical":"https:\/\/huntergeorge.org\/de\/produkt\/predpazna-jiletka-za-lovno-kuche\/","og_locale":"de_DE","og_type":"article","og_title":"\u041f\u0440\u0435\u0434\u043f\u0430\u0437\u043d\u0430 \u0436\u0438\u043b\u0435\u0442\u043a\u0430 \u0437\u0430 \u043b\u043e\u0432\u043d\u043e \u043a\u0443\u0447\u0435 | HunterGeorge","og_description":"\u041e\u0441\u0438\u0433\u0443\u0440\u0435\u0442\u0435 \u0441\u0438\u0433\u0443\u0440\u043d\u043e\u0441\u0442\u0442\u0430 \u043d\u0430 \u0412\u0430\u0448\u0438\u044f \u0434\u0440\u0443\u0433\u0430\u0440 \u043f\u043e \u0432\u0440\u0435\u043c\u0435 \u043d\u0430 \u043b\u043e\u0432 \u0441 \u043f\u0440\u0435\u0434\u043f\u0430\u0437\u043d\u0430 \u0436\u0438\u043b\u0435\u0442\u043a\u0430 \u0437\u0430 \u043b\u043e\u0432\u043d\u043e \u043a\u0443\u0447\u0435 \u0432 \u0441\u0438\u0433\u043d\u0430\u043b\u043d\u0438 \u0446\u0432\u0435\u0442\u043e\u0432\u0435 \u043e\u0442 HunterGeorge.","og_url":"https:\/\/huntergeorge.org\/de\/produkt\/predpazna-jiletka-za-lovno-kuche\/","og_site_name":"Hunter George","article_publisher":"https:\/\/www.facebook.com\/huntergeorge.org\/","article_modified_time":"2026-01-01T08:41:30+00:00","og_image":[{"width":2160,"height":2160,"url":"https:\/\/huntergeorge.org\/media\/2022\/02\/DSC_2602-copy.webp","type":"image\/webp"}],"twitter_card":"summary_large_image","twitter_title":"\u041f\u0440\u0435\u0434\u043f\u0430\u0437\u043d\u0430 \u0436\u0438\u043b\u0435\u0442\u043a\u0430 \u0437\u0430 \u043b\u043e\u0432\u043d\u043e \u043a\u0443\u0447\u0435 | HunterGeorge","twitter_description":"\u041e\u0441\u0438\u0433\u0443\u0440\u0435\u0442\u0435 \u0441\u0438\u0433\u0443\u0440\u043d\u043e\u0441\u0442\u0442\u0430 \u043d\u0430 \u0412\u0430\u0448\u0438\u044f \u0434\u0440\u0443\u0433\u0430\u0440 \u043f\u043e \u0432\u0440\u0435\u043c\u0435 \u043d\u0430 \u043b\u043e\u0432 \u0441 \u043f\u0440\u0435\u0434\u043f\u0430\u0437\u043d\u0430 \u0436\u0438\u043b\u0435\u0442\u043a\u0430 \u0437\u0430 \u043b\u043e\u0432\u043d\u043e \u043a\u0443\u0447\u0435 \u0432 \u0441\u0438\u0433\u043d\u0430\u043b\u043d\u0438 \u0446\u0432\u0435\u0442\u043e\u0432\u0435 \u043e\u0442 HunterGeorge.","twitter_misc":{"Preis":"140.61&euro; \u0441 \u0414\u0414\u0421","Verf\u00fcgbarkeit":"Auf Lager"},"schema":{"@context":"https:\/\/schema.org","@graph":[{"@type":"WebPage","@id":"https:\/\/huntergeorge.org\/produkt\/predpazna-jiletka-za-lovno-kuche\/","url":"https:\/\/huntergeorge.org\/produkt\/predpazna-jiletka-za-lovno-kuche\/","name":"Sicherheitsweste f\u00fcr Jagdhunde | HunterGeorge","isPartOf":{"@id":"https:\/\/huntergeorge.org\/de\/#website"},"primaryImageOfPage":{"@id":"https:\/\/huntergeorge.org\/produkt\/predpazna-jiletka-za-lovno-kuche\/#primaryimage"},"image":{"@id":"https:\/\/huntergeorge.org\/produkt\/predpazna-jiletka-za-lovno-kuche\/#primaryimage"},"thumbnailUrl":"https:\/\/huntergeorge.org\/media\/2022\/02\/DSC_2602-copy.webp","datePublished":"2022-02-14T14:17:31+00:00","dateModified":"2026-01-01T08:41:30+00:00","description":"Sorgen Sie f\u00fcr die Sicherheit Ihres Begleiters bei der Jagd mit einer Sicherheitsweste f\u00fcr Jagdhunde in Signalfarben von HunterGeorge.","breadcrumb":{"@id":"https:\/\/huntergeorge.org\/produkt\/predpazna-jiletka-za-lovno-kuche\/#breadcrumb"},"inLanguage":"de","potentialAction":[{"@type":"ReadAction","target":["https:\/\/huntergeorge.org\/produkt\/predpazna-jiletka-za-lovno-kuche\/"]}]},{"@type":"ImageObject","inLanguage":"de","@id":"https:\/\/huntergeorge.org\/produkt\/predpazna-jiletka-za-lovno-kuche\/#primaryimage","url":"https:\/\/huntergeorge.org\/media\/2022\/02\/DSC_2602-copy.webp","contentUrl":"https:\/\/huntergeorge.org\/media\/2022\/02\/DSC_2602-copy.webp","width":2160,"height":2160,"caption":"\u043f\u0440\u0435\u0434\u043f\u0430\u0437\u043d\u0430-\u0436\u0438\u043b\u0435\u0442\u043a\u0430-\u0437\u0430-\u043b\u043e\u0432\u043d\u043e-\u043a\u0443\u0447\u0435"},{"@type":"BreadcrumbList","@id":"https:\/\/huntergeorge.org\/produkt\/predpazna-jiletka-za-lovno-kuche\/#breadcrumb","itemListElement":[{"@type":"ListItem","position":1,"name":"Home","item":"https:\/\/huntergeorge.org\/"},{"@type":"ListItem","position":2,"name":"\u041f\u0440\u043e\u0434\u0443\u043a\u0442\u0438","item":"https:\/\/huntergeorge.org\/products\/"},{"@type":"ListItem","position":3,"name":"\u041f\u0440\u0435\u0434\u043f\u0430\u0437\u043d\u0430 \u0436\u0438\u043b\u0435\u0442\u043a\u0430 \u0437\u0430 \u043b\u043e\u0432\u043d\u043e \u043a\u0443\u0447\u0435"}]},{"@type":"WebSite","@id":"https:\/\/huntergeorge.org\/de\/#website","url":"https:\/\/huntergeorge.org\/de\/","name":"J\u00e4ger George","description":"Ihr Shop f\u00fcr Jagdzubeh\u00f6r","publisher":{"@id":"https:\/\/huntergeorge.org\/de\/#organization"},"potentialAction":[{"@type":"SearchAction","target":{"@type":"EntryPoint","urlTemplate":"https:\/\/huntergeorge.org\/de\/?s={search_term_string}"},"query-input":{"@type":"PropertyValueSpecification","valueRequired":true,"valueName":"search_term_string"}}],"inLanguage":"de"},{"@type":"Organization","@id":"https:\/\/huntergeorge.org\/de\/#organization","name":"J\u00e4ger George","url":"https:\/\/huntergeorge.org\/de\/","logo":{"@type":"ImageObject","inLanguage":"de","@id":"https:\/\/huntergeorge.org\/de\/#\/schema\/logo\/image\/","url":"https:\/\/huntergeorge.org\/media\/2022\/06\/hunter-george.jpg","contentUrl":"https:\/\/huntergeorge.org\/media\/2022\/06\/hunter-george.jpg","width":1920,"height":1300,"caption":"Hunter George"},"image":{"@id":"https:\/\/huntergeorge.org\/de\/#\/schema\/logo\/image\/"},"sameAs":["https:\/\/www.facebook.com\/huntergeorge.org\/","https:\/\/www.instagram.com\/huntergeorge_official\/"]}]},"product_price_amount":"140.61","product_price_currency":"EUR","og_availability":"instock","product_availability":"instock","product_retailer_item_id":"HG-AKS-BR-105","product_condition":"new"},"_links":{"self":[{"href":"https:\/\/huntergeorge.org\/de\/wp-json\/wp\/v2\/product\/8990","targetHints":{"allow":["GET"]}}],"collection":[{"href":"https:\/\/huntergeorge.org\/de\/wp-json\/wp\/v2\/product"}],"about":[{"href":"https:\/\/huntergeorge.org\/de\/wp-json\/wp\/v2\/types\/product"}],"replies":[{"embeddable":true,"href":"https:\/\/huntergeorge.org\/de\/wp-json\/wp\/v2\/comments?post=8990"}],"wp:featuredmedia":[{"embeddable":true,"href":"https:\/\/huntergeorge.org\/de\/wp-json\/wp\/v2\/media\/8991"}],"wp:attachment":[{"href":"https:\/\/huntergeorge.org\/de\/wp-json\/wp\/v2\/media?parent=8990"}],"wp:term":[{"taxonomy":"product_brand","embeddable":true,"href":"https:\/\/huntergeorge.org\/de\/wp-json\/wp\/v2\/product_brand?post=8990"},{"taxonomy":"product_cat","embeddable":true,"href":"https:\/\/huntergeorge.org\/de\/wp-json\/wp\/v2\/product_cat?post=8990"},{"taxonomy":"product_tag","embeddable":true,"href":"https:\/\/huntergeorge.org\/de\/wp-json\/wp\/v2\/product_tag?post=8990"},{"taxonomy":"giftcard-category","embeddable":true,"href":"https:\/\/huntergeorge.org\/de\/wp-json\/wp\/v2\/giftcard-category?post=8990"}],"curies":[{"name":"wp","href":"https:\/\/api.w.org\/{rel}","templated":true}]}}