{"id":7699,"date":"2021-07-20T10:06:35","date_gmt":"2021-07-20T10:06:35","guid":{"rendered":"https:\/\/huntergeorge.org\/?post_type=product&#038;p=7699"},"modified":"2026-01-01T08:41:33","modified_gmt":"2026-01-01T08:41:33","slug":"cheren-neoprenov-kalyf-za-supresor","status":"publish","type":"product","link":"https:\/\/huntergeorge.org\/de\/produkt\/cheren-neoprenov-kalyf-za-supresor\/","title":{"rendered":"Schwarze Neoprentasche f\u00fcr Schalld\u00e4mpfer"},"content":{"rendered":"<p>Willkommen in unserem Online-Shop f\u00fcr Jagdartikel! Die Einf\u00fchrung unserer Neopren schwarz Unterdr\u00fccker Fall, die perfekte Erg\u00e4nzung zu Ihrer Jagdausr\u00fcstung.<\/p>\n<p>Diese Tasche ist aus hochwertigem Neopren gefertigt. Es bietet einen hervorragenden Schutz f\u00fcr Ihren Schalld\u00e4mpfer vor St\u00f6\u00dfen, Kratzern und Feuchtigkeit. Neopren ist extrem stark und widerstandsf\u00e4hig gegen \u00e4u\u00dfere Einfl\u00fcsse. Gleichzeitig ist es leicht und flexibel, wodurch es sich ideal f\u00fcr den Transport und die Aufbewahrung Ihres Schalld\u00e4mpfers bei Jagdausfl\u00fcgen eignet.<\/p>\n<p>Die Tasche ist mit einem praktischen Rei\u00dfverschluss ausgestattet, der das An- und Ablegen erleichtert. Gleichzeitig bietet sie einen sicheren Sitz. Das Innenfutter ist gepolstert, um den Schalld\u00e4mpfer vor m\u00f6glichen Kratzern und St\u00f6\u00dfen zu sch\u00fctzen und ihn stabil und gesch\u00fctzt zu halten.<\/p>\n<p>Schwarzer Neoprenkoffer f\u00fcr Schalld\u00e4mpfer - erh\u00e4ltlich in verschiedenen Gr\u00f6\u00dfen f\u00fcr unterschiedliche Schalld\u00e4mpfertypen. Dies gew\u00e4hrleistet eine perfekte Passform und Schutz f\u00fcr Ihren Schalld\u00e4mpfer. Ob Sie ein erfahrener J\u00e4ger oder ein Anf\u00e4nger sind, ist dieser Fall das perfekte Zubeh\u00f6r. Es wird Ihnen helfen, Ihren Schalld\u00e4mpfer immer in ausgezeichnetem Zustand zu halten.<\/p>\n<ul>\n<li>hergestellt aus Neopren<\/li>\n<\/ul>","protected":false},"excerpt":{"rendered":"<p>Willkommen in unserem Online-Shop f\u00fcr Jagdartikel! Wir stellen Ihnen unseren schwarzen Neoprenkoffer f\u00fcr Schalld\u00e4mpfer vor, die perfekte Erg\u00e4nzung zu Ihrer Jagdausr\u00fcstung. Diese Tasche ist aus hochwertigem Neopren gefertigt. Es bietet einen hervorragenden Schutz f\u00fcr Ihren Schalld\u00e4mpfer vor St\u00f6\u00dfen, Kratzern und Feuchtigkeit. Neopren ist extrem robust und widerstandsf\u00e4hig gegen \u00e4u\u00dfere Einfl\u00fcsse. W\u00e4hrend [...]<\/p>","protected":false},"featured_media":7704,"comment_status":"closed","ping_status":"closed","template":"","meta":{"ocean_post_layout":"","ocean_both_sidebars_style":"","ocean_both_sidebars_content_width":0,"ocean_both_sidebars_sidebars_width":0,"ocean_sidebar":"0","ocean_second_sidebar":"0","ocean_disable_margins":"enable","ocean_add_body_class":"","ocean_shortcode_before_top_bar":"","ocean_shortcode_after_top_bar":"","ocean_shortcode_before_header":"","ocean_shortcode_after_header":"","ocean_has_shortcode":"","ocean_shortcode_after_title":"","ocean_shortcode_before_footer_widgets":"","ocean_shortcode_after_footer_widgets":"","ocean_shortcode_before_footer_bottom":"","ocean_shortcode_after_footer_bottom":"","ocean_display_top_bar":"default","ocean_display_header":"default","ocean_header_style":"","ocean_center_header_left_menu":"0","ocean_custom_header_template":"0","ocean_custom_logo":7497,"ocean_custom_retina_logo":0,"ocean_custom_logo_max_width":0,"ocean_custom_logo_tablet_max_width":0,"ocean_custom_logo_mobile_max_width":0,"ocean_custom_logo_max_height":0,"ocean_custom_logo_tablet_max_height":0,"ocean_custom_logo_mobile_max_height":0,"ocean_header_custom_menu":"0","ocean_menu_typo_font_family":"0","ocean_menu_typo_font_subset":"","ocean_menu_typo_font_size":0,"ocean_menu_typo_font_size_tablet":0,"ocean_menu_typo_font_size_mobile":0,"ocean_menu_typo_font_size_unit":"px","ocean_menu_typo_font_weight":"","ocean_menu_typo_font_weight_tablet":"","ocean_menu_typo_font_weight_mobile":"","ocean_menu_typo_transform":"","ocean_menu_typo_transform_tablet":"","ocean_menu_typo_transform_mobile":"","ocean_menu_typo_line_height":0,"ocean_menu_typo_line_height_tablet":0,"ocean_menu_typo_line_height_mobile":0,"ocean_menu_typo_line_height_unit":"","ocean_menu_typo_spacing":0,"ocean_menu_typo_spacing_tablet":0,"ocean_menu_typo_spacing_mobile":0,"ocean_menu_typo_spacing_unit":"","ocean_menu_link_color":"","ocean_menu_link_color_hover":"","ocean_menu_link_color_active":"","ocean_menu_link_background":"","ocean_menu_link_hover_background":"","ocean_menu_link_active_background":"","ocean_menu_social_links_bg":"","ocean_menu_social_hover_links_bg":"","ocean_menu_social_links_color":"","ocean_menu_social_hover_links_color":"","ocean_disable_title":"default","ocean_disable_heading":"default","ocean_post_title":"","ocean_post_subheading":"","ocean_post_title_style":"","ocean_post_title_background_color":"","ocean_post_title_background":0,"ocean_post_title_bg_image_position":"","ocean_post_title_bg_image_attachment":"","ocean_post_title_bg_image_repeat":"","ocean_post_title_bg_image_size":"","ocean_post_title_height":0,"ocean_post_title_bg_overlay":0.5,"ocean_post_title_bg_overlay_color":"","ocean_disable_breadcrumbs":"default","ocean_breadcrumbs_color":"","ocean_breadcrumbs_separator_color":"","ocean_breadcrumbs_links_color":"","ocean_breadcrumbs_links_hover_color":"","ocean_display_footer_widgets":"default","ocean_display_footer_bottom":"default","ocean_custom_footer_template":"0"},"product_brand":[],"product_cat":[26],"product_tag":[175],"giftcard-category":[],"class_list":{"0":"post-7699","1":"product","2":"type-product","3":"status-publish","4":"has-post-thumbnail","6":"product_cat-kalyfi","7":"product_tag-hunter-george","9":"entry","10":"has-media","12":"first","13":"instock","14":"taxable","15":"shipping-taxable","16":"purchasable","17":"product-type-simple","18":"col","19":"span_1_of_3","20":"owp-content-center","21":"item-entry","22":"owp-thumbs-layout-horizontal","23":"owp-btn-normal","24":"owp-tabs-layout-vertical","25":"circle-sale"},"exclude_global_add_ons":false,"addons":[{"name":"\u0416\u0435\u043b\u0430\u043d\u0430 \u043e\u0442 \u0412\u0430\u0441 \u0434\u044a\u043b\u0436\u0438\u043d\u0430 \u0432 \u0441\u043c.","type":"custom_text","position":0,"required":true,"title_format":"label","default":"","description_enable":false,"description":"","placeholder_enable":true,"placeholder":"\u0414\u044a\u043b\u0436\u0438\u043d\u0430 (\u0432 \u0441\u043c.)","display":"select","restrictions_type":"only_numbers","adjust_price":false,"price":"","price_type":"flat_fee","restrictions":false,"min":"0","max":"0","options":[],"id":1733228742},{"name":"\u0416\u0435\u043b\u0430\u043d\u0430 \u043e\u0442 \u0412\u0430\u0441 \u043e\u0431\u0438\u043a\u043e\u043b\u043a\u0430 \u0432 \u0441\u043c.","type":"custom_text","position":1,"required":true,"title_format":"label","default":"","description_enable":false,"description":"","placeholder_enable":true,"placeholder":"\u041e\u0431\u0438\u043a\u043e\u043b\u043a\u0430 (\u0432 \u0441\u043c.)","display":"select","restrictions_type":"only_numbers","adjust_price":false,"price":"","price_type":"flat_fee","restrictions":false,"min":"0","max":"0","options":[],"id":1733228743}],"yoast_head":"\n<title>\u0427\u0435\u0440\u0435\u043d \u043d\u0435\u043e\u043f\u0440\u0435\u043d\u043e\u0432 \u043a\u0430\u043b\u044a\u0444 \u0437\u0430 \u0441\u0443\u043f\u0440\u0435\u0441\u043e\u0440 | HunterGeorge<\/title>\n<meta name=\"description\" content=\"\u041d\u0430\u043f\u0440\u0430\u0432\u0435\u0442\u0435 \u0441\u0438 \u043f\u043e\u0434\u0430\u0440\u044a\u043a \u043e\u0442 HunterGeorge - \u0447\u0435\u0440\u0435\u043d \u043d\u0435\u043e\u043f\u0440\u0435\u043d\u043e\u0432 \u043a\u0430\u043b\u044a\u0444 \u0437\u0430 \u0441\u0443\u043f\u0440\u0435\u0441\u043e\u0440. \u0412\u0438\u0441\u043e\u043a\u043e\u043a\u0430\u0447\u0435\u0441\u0442\u0432\u0435\u043d\u043e \u043f\u043e\u043f\u044a\u043b\u043d\u0435\u043d\u0438\u0435 \u043a\u044a\u043c \u0412\u0430\u0448\u0438\u0442\u0435 \u0430\u043a\u0441\u0435\u0441\u043e\u0430\u0440\u0438. \u041f\u043e\u0440\u044a\u0447\u0430\u0439 \u0441\u0435\u0433\u0430!\" \/>\n<meta name=\"robots\" content=\"index, follow, max-snippet:-1, max-image-preview:large, max-video-preview:-1\" \/>\n<link rel=\"canonical\" href=\"https:\/\/huntergeorge.org\/de\/produkt\/cheren-neoprenov-kalyf-za-supresor\/\" \/>\n<meta property=\"og:locale\" content=\"de_DE\" \/>\n<meta property=\"og:type\" content=\"article\" \/>\n<meta property=\"og:title\" content=\"\u0427\u0435\u0440\u0435\u043d \u043d\u0435\u043e\u043f\u0440\u0435\u043d\u043e\u0432 \u043a\u0430\u043b\u044a\u0444 \u0437\u0430 \u0441\u0443\u043f\u0440\u0435\u0441\u043e\u0440 | HunterGeorge\" \/>\n<meta property=\"og:description\" content=\"\u041d\u0430\u043f\u0440\u0430\u0432\u0435\u0442\u0435 \u0441\u0438 \u043f\u043e\u0434\u0430\u0440\u044a\u043a \u043e\u0442 HunterGeorge - \u0447\u0435\u0440\u0435\u043d \u043d\u0435\u043e\u043f\u0440\u0435\u043d\u043e\u0432 \u043a\u0430\u043b\u044a\u0444 \u0437\u0430 \u0441\u0443\u043f\u0440\u0435\u0441\u043e\u0440. \u0412\u0438\u0441\u043e\u043a\u043e\u043a\u0430\u0447\u0435\u0441\u0442\u0432\u0435\u043d\u043e \u043f\u043e\u043f\u044a\u043b\u043d\u0435\u043d\u0438\u0435 \u043a\u044a\u043c \u0412\u0430\u0448\u0438\u0442\u0435 \u0430\u043a\u0441\u0435\u0441\u043e\u0430\u0440\u0438. \u041f\u043e\u0440\u044a\u0447\u0430\u0439 \u0441\u0435\u0433\u0430!\" \/>\n<meta property=\"og:url\" content=\"https:\/\/huntergeorge.org\/de\/produkt\/cheren-neoprenov-kalyf-za-supresor\/\" \/>\n<meta property=\"og:site_name\" content=\"Hunter George\" \/>\n<meta property=\"article:publisher\" content=\"https:\/\/www.facebook.com\/huntergeorge.org\/\" \/>\n<meta property=\"article:modified_time\" content=\"2026-01-01T08:41:33+00:00\" \/>\n<meta property=\"og:image\" content=\"https:\/\/huntergeorge.org\/media\/2021\/07\/DSC_4917.jpg\" \/>\n\t<meta property=\"og:image:width\" content=\"1080\" \/>\n\t<meta property=\"og:image:height\" content=\"1080\" \/>\n\t<meta property=\"og:image:type\" content=\"image\/jpeg\" \/>\n<meta name=\"twitter:card\" content=\"summary_large_image\" \/>\n<meta name=\"twitter:title\" content=\"\u0427\u0435\u0440\u0435\u043d \u043d\u0435\u043e\u043f\u0440\u0435\u043d\u043e\u0432 \u043a\u0430\u043b\u044a\u0444 \u0437\u0430 \u0441\u0443\u043f\u0440\u0435\u0441\u043e\u0440\" \/>\n<meta name=\"twitter:label1\" content=\"Preis\" \/>\n\t<meta name=\"twitter:data1\" content=\"23.52&euro; \u0441 \u0414\u0414\u0421\" \/>\n\t<meta name=\"twitter:label2\" content=\"Verf\u00fcgbarkeit\" \/>\n\t<meta name=\"twitter:data2\" content=\"Auf Lager\" \/>\n<script type=\"application\/ld+json\" class=\"yoast-schema-graph\">{\"@context\":\"https:\/\/schema.org\",\"@graph\":[{\"@type\":\"WebPage\",\"@id\":\"https:\/\/huntergeorge.org\/produkt\/cheren-neoprenov-kalyf-za-supresor\/\",\"url\":\"https:\/\/huntergeorge.org\/produkt\/cheren-neoprenov-kalyf-za-supresor\/\",\"name\":\"\u0427\u0435\u0440\u0435\u043d \u043d\u0435\u043e\u043f\u0440\u0435\u043d\u043e\u0432 \u043a\u0430\u043b\u044a\u0444 \u0437\u0430 \u0441\u0443\u043f\u0440\u0435\u0441\u043e\u0440 | HunterGeorge\",\"isPartOf\":{\"@id\":\"https:\/\/huntergeorge.org\/de\/#website\"},\"primaryImageOfPage\":{\"@id\":\"https:\/\/huntergeorge.org\/produkt\/cheren-neoprenov-kalyf-za-supresor\/#primaryimage\"},\"image\":{\"@id\":\"https:\/\/huntergeorge.org\/produkt\/cheren-neoprenov-kalyf-za-supresor\/#primaryimage\"},\"thumbnailUrl\":\"https:\/\/huntergeorge.org\/media\/2021\/07\/DSC_4917.jpg\",\"datePublished\":\"2021-07-20T10:06:35+00:00\",\"dateModified\":\"2026-01-01T08:41:33+00:00\",\"description\":\"\u041d\u0430\u043f\u0440\u0430\u0432\u0435\u0442\u0435 \u0441\u0438 \u043f\u043e\u0434\u0430\u0440\u044a\u043a \u043e\u0442 HunterGeorge - \u0447\u0435\u0440\u0435\u043d \u043d\u0435\u043e\u043f\u0440\u0435\u043d\u043e\u0432 \u043a\u0430\u043b\u044a\u0444 \u0437\u0430 \u0441\u0443\u043f\u0440\u0435\u0441\u043e\u0440. \u0412\u0438\u0441\u043e\u043a\u043e\u043a\u0430\u0447\u0435\u0441\u0442\u0432\u0435\u043d\u043e \u043f\u043e\u043f\u044a\u043b\u043d\u0435\u043d\u0438\u0435 \u043a\u044a\u043c \u0412\u0430\u0448\u0438\u0442\u0435 \u0430\u043a\u0441\u0435\u0441\u043e\u0430\u0440\u0438. \u041f\u043e\u0440\u044a\u0447\u0430\u0439 \u0441\u0435\u0433\u0430!\",\"breadcrumb\":{\"@id\":\"https:\/\/huntergeorge.org\/produkt\/cheren-neoprenov-kalyf-za-supresor\/#breadcrumb\"},\"inLanguage\":\"de\",\"potentialAction\":[{\"@type\":\"ReadAction\",\"target\":[\"https:\/\/huntergeorge.org\/produkt\/cheren-neoprenov-kalyf-za-supresor\/\"]}]},{\"@type\":\"ImageObject\",\"inLanguage\":\"de\",\"@id\":\"https:\/\/huntergeorge.org\/produkt\/cheren-neoprenov-kalyf-za-supresor\/#primaryimage\",\"url\":\"https:\/\/huntergeorge.org\/media\/2021\/07\/DSC_4917.jpg\",\"contentUrl\":\"https:\/\/huntergeorge.org\/media\/2021\/07\/DSC_4917.jpg\",\"width\":1080,\"height\":1080,\"caption\":\"\u0447\u0435\u0440\u0435\u043d \u043d\u0435\u043e\u043f\u0440\u0435\u043d\u043e\u0432 \u043a\u0430\u043b\u044a\u0444 \u0437\u0430 \u0441\u0443\u043f\u0440\u0435\u0441\u043e\u0440\"},{\"@type\":\"BreadcrumbList\",\"@id\":\"https:\/\/huntergeorge.org\/produkt\/cheren-neoprenov-kalyf-za-supresor\/#breadcrumb\",\"itemListElement\":[{\"@type\":\"ListItem\",\"position\":1,\"name\":\"Home\",\"item\":\"https:\/\/huntergeorge.org\/\"},{\"@type\":\"ListItem\",\"position\":2,\"name\":\"\u041f\u0440\u043e\u0434\u0443\u043a\u0442\u0438\",\"item\":\"https:\/\/huntergeorge.org\/products\/\"},{\"@type\":\"ListItem\",\"position\":3,\"name\":\"\u0427\u0435\u0440\u0435\u043d \u043d\u0435\u043e\u043f\u0440\u0435\u043d\u043e\u0432 \u043a\u0430\u043b\u044a\u0444 \u0437\u0430 \u0441\u0443\u043f\u0440\u0435\u0441\u043e\u0440\"}]},{\"@type\":\"WebSite\",\"@id\":\"https:\/\/huntergeorge.org\/de\/#website\",\"url\":\"https:\/\/huntergeorge.org\/de\/\",\"name\":\"Hunter George\",\"description\":\"\u0422\u0432\u043e\u044f\u0442 \u043c\u0430\u0433\u0430\u0437\u0438\u043d \u0437\u0430 \u043b\u043e\u0432\u043d\u0438 \u0430\u043a\u0441\u0435\u0441\u043e\u0430\u0440\u0438\",\"publisher\":{\"@id\":\"https:\/\/huntergeorge.org\/de\/#organization\"},\"potentialAction\":[{\"@type\":\"SearchAction\",\"target\":{\"@type\":\"EntryPoint\",\"urlTemplate\":\"https:\/\/huntergeorge.org\/de\/?s={search_term_string}\"},\"query-input\":{\"@type\":\"PropertyValueSpecification\",\"valueRequired\":true,\"valueName\":\"search_term_string\"}}],\"inLanguage\":\"de\"},{\"@type\":\"Organization\",\"@id\":\"https:\/\/huntergeorge.org\/de\/#organization\",\"name\":\"Hunter George\",\"url\":\"https:\/\/huntergeorge.org\/de\/\",\"logo\":{\"@type\":\"ImageObject\",\"inLanguage\":\"de\",\"@id\":\"https:\/\/huntergeorge.org\/de\/#\/schema\/logo\/image\/\",\"url\":\"https:\/\/huntergeorge.org\/media\/2022\/06\/hunter-george.jpg\",\"contentUrl\":\"https:\/\/huntergeorge.org\/media\/2022\/06\/hunter-george.jpg\",\"width\":1920,\"height\":1300,\"caption\":\"Hunter George\"},\"image\":{\"@id\":\"https:\/\/huntergeorge.org\/de\/#\/schema\/logo\/image\/\"},\"sameAs\":[\"https:\/\/www.facebook.com\/huntergeorge.org\/\",\"https:\/\/www.instagram.com\/huntergeorge_official\/\"]}]}<\/script>\n<meta property=\"product:brand\" content=\"Hunter George\" \/>\n<meta property=\"product:price:amount\" content=\"23.52\" \/>\n<meta property=\"product:price:currency\" content=\"EUR\" \/>\n<meta property=\"og:availability\" content=\"instock\" \/>\n<meta property=\"product:availability\" content=\"instock\" \/>\n<meta property=\"product:retailer_item_id\" content=\"HG-KAL-104\" \/>\n<meta property=\"product:condition\" content=\"new\" \/>\n","yoast_head_json":{"title":"Schwarze Neoprentasche f\u00fcr Schalld\u00e4mpfer | HunterGeorge","description":"Machen Sie sich selbst ein Geschenk von HunterGeorge - eine schwarze Neoprentasche f\u00fcr einen Schalld\u00e4mpfer. Eine hochwertige Erg\u00e4nzung zu Ihren Accessoires. Jetzt bestellen!","robots":{"index":"index","follow":"follow","max-snippet":"max-snippet:-1","max-image-preview":"max-image-preview:large","max-video-preview":"max-video-preview:-1"},"canonical":"https:\/\/huntergeorge.org\/de\/produkt\/cheren-neoprenov-kalyf-za-supresor\/","og_locale":"de_DE","og_type":"article","og_title":"\u0427\u0435\u0440\u0435\u043d \u043d\u0435\u043e\u043f\u0440\u0435\u043d\u043e\u0432 \u043a\u0430\u043b\u044a\u0444 \u0437\u0430 \u0441\u0443\u043f\u0440\u0435\u0441\u043e\u0440 | HunterGeorge","og_description":"\u041d\u0430\u043f\u0440\u0430\u0432\u0435\u0442\u0435 \u0441\u0438 \u043f\u043e\u0434\u0430\u0440\u044a\u043a \u043e\u0442 HunterGeorge - \u0447\u0435\u0440\u0435\u043d \u043d\u0435\u043e\u043f\u0440\u0435\u043d\u043e\u0432 \u043a\u0430\u043b\u044a\u0444 \u0437\u0430 \u0441\u0443\u043f\u0440\u0435\u0441\u043e\u0440. \u0412\u0438\u0441\u043e\u043a\u043e\u043a\u0430\u0447\u0435\u0441\u0442\u0432\u0435\u043d\u043e \u043f\u043e\u043f\u044a\u043b\u043d\u0435\u043d\u0438\u0435 \u043a\u044a\u043c \u0412\u0430\u0448\u0438\u0442\u0435 \u0430\u043a\u0441\u0435\u0441\u043e\u0430\u0440\u0438. \u041f\u043e\u0440\u044a\u0447\u0430\u0439 \u0441\u0435\u0433\u0430!","og_url":"https:\/\/huntergeorge.org\/de\/produkt\/cheren-neoprenov-kalyf-za-supresor\/","og_site_name":"Hunter George","article_publisher":"https:\/\/www.facebook.com\/huntergeorge.org\/","article_modified_time":"2026-01-01T08:41:33+00:00","og_image":[{"width":1080,"height":1080,"url":"https:\/\/huntergeorge.org\/media\/2021\/07\/DSC_4917.jpg","type":"image\/jpeg"}],"twitter_card":"summary_large_image","twitter_title":"\u0427\u0435\u0440\u0435\u043d \u043d\u0435\u043e\u043f\u0440\u0435\u043d\u043e\u0432 \u043a\u0430\u043b\u044a\u0444 \u0437\u0430 \u0441\u0443\u043f\u0440\u0435\u0441\u043e\u0440","twitter_misc":{"Preis":"23.52&euro; \u0441 \u0414\u0414\u0421","Verf\u00fcgbarkeit":"Auf Lager"},"schema":{"@context":"https:\/\/schema.org","@graph":[{"@type":"WebPage","@id":"https:\/\/huntergeorge.org\/produkt\/cheren-neoprenov-kalyf-za-supresor\/","url":"https:\/\/huntergeorge.org\/produkt\/cheren-neoprenov-kalyf-za-supresor\/","name":"Schwarze Neoprentasche f\u00fcr Schalld\u00e4mpfer | HunterGeorge","isPartOf":{"@id":"https:\/\/huntergeorge.org\/de\/#website"},"primaryImageOfPage":{"@id":"https:\/\/huntergeorge.org\/produkt\/cheren-neoprenov-kalyf-za-supresor\/#primaryimage"},"image":{"@id":"https:\/\/huntergeorge.org\/produkt\/cheren-neoprenov-kalyf-za-supresor\/#primaryimage"},"thumbnailUrl":"https:\/\/huntergeorge.org\/media\/2021\/07\/DSC_4917.jpg","datePublished":"2021-07-20T10:06:35+00:00","dateModified":"2026-01-01T08:41:33+00:00","description":"Machen Sie sich selbst ein Geschenk von HunterGeorge - eine schwarze Neoprentasche f\u00fcr einen Schalld\u00e4mpfer. Eine hochwertige Erg\u00e4nzung zu Ihren Accessoires. Jetzt bestellen!","breadcrumb":{"@id":"https:\/\/huntergeorge.org\/produkt\/cheren-neoprenov-kalyf-za-supresor\/#breadcrumb"},"inLanguage":"de","potentialAction":[{"@type":"ReadAction","target":["https:\/\/huntergeorge.org\/produkt\/cheren-neoprenov-kalyf-za-supresor\/"]}]},{"@type":"ImageObject","inLanguage":"de","@id":"https:\/\/huntergeorge.org\/produkt\/cheren-neoprenov-kalyf-za-supresor\/#primaryimage","url":"https:\/\/huntergeorge.org\/media\/2021\/07\/DSC_4917.jpg","contentUrl":"https:\/\/huntergeorge.org\/media\/2021\/07\/DSC_4917.jpg","width":1080,"height":1080,"caption":"\u0447\u0435\u0440\u0435\u043d \u043d\u0435\u043e\u043f\u0440\u0435\u043d\u043e\u0432 \u043a\u0430\u043b\u044a\u0444 \u0437\u0430 \u0441\u0443\u043f\u0440\u0435\u0441\u043e\u0440"},{"@type":"BreadcrumbList","@id":"https:\/\/huntergeorge.org\/produkt\/cheren-neoprenov-kalyf-za-supresor\/#breadcrumb","itemListElement":[{"@type":"ListItem","position":1,"name":"Home","item":"https:\/\/huntergeorge.org\/"},{"@type":"ListItem","position":2,"name":"\u041f\u0440\u043e\u0434\u0443\u043a\u0442\u0438","item":"https:\/\/huntergeorge.org\/products\/"},{"@type":"ListItem","position":3,"name":"\u0427\u0435\u0440\u0435\u043d \u043d\u0435\u043e\u043f\u0440\u0435\u043d\u043e\u0432 \u043a\u0430\u043b\u044a\u0444 \u0437\u0430 \u0441\u0443\u043f\u0440\u0435\u0441\u043e\u0440"}]},{"@type":"WebSite","@id":"https:\/\/huntergeorge.org\/de\/#website","url":"https:\/\/huntergeorge.org\/de\/","name":"J\u00e4ger George","description":"Ihr Shop f\u00fcr Jagdzubeh\u00f6r","publisher":{"@id":"https:\/\/huntergeorge.org\/de\/#organization"},"potentialAction":[{"@type":"SearchAction","target":{"@type":"EntryPoint","urlTemplate":"https:\/\/huntergeorge.org\/de\/?s={search_term_string}"},"query-input":{"@type":"PropertyValueSpecification","valueRequired":true,"valueName":"search_term_string"}}],"inLanguage":"de"},{"@type":"Organization","@id":"https:\/\/huntergeorge.org\/de\/#organization","name":"J\u00e4ger George","url":"https:\/\/huntergeorge.org\/de\/","logo":{"@type":"ImageObject","inLanguage":"de","@id":"https:\/\/huntergeorge.org\/de\/#\/schema\/logo\/image\/","url":"https:\/\/huntergeorge.org\/media\/2022\/06\/hunter-george.jpg","contentUrl":"https:\/\/huntergeorge.org\/media\/2022\/06\/hunter-george.jpg","width":1920,"height":1300,"caption":"Hunter George"},"image":{"@id":"https:\/\/huntergeorge.org\/de\/#\/schema\/logo\/image\/"},"sameAs":["https:\/\/www.facebook.com\/huntergeorge.org\/","https:\/\/www.instagram.com\/huntergeorge_official\/"]}]},"product_brand":"Hunter George","product_price_amount":"23.52","product_price_currency":"EUR","og_availability":"instock","product_availability":"instock","product_retailer_item_id":"HG-KAL-104","product_condition":"new"},"_links":{"self":[{"href":"https:\/\/huntergeorge.org\/de\/wp-json\/wp\/v2\/product\/7699","targetHints":{"allow":["GET"]}}],"collection":[{"href":"https:\/\/huntergeorge.org\/de\/wp-json\/wp\/v2\/product"}],"about":[{"href":"https:\/\/huntergeorge.org\/de\/wp-json\/wp\/v2\/types\/product"}],"replies":[{"embeddable":true,"href":"https:\/\/huntergeorge.org\/de\/wp-json\/wp\/v2\/comments?post=7699"}],"wp:featuredmedia":[{"embeddable":true,"href":"https:\/\/huntergeorge.org\/de\/wp-json\/wp\/v2\/media\/7704"}],"wp:attachment":[{"href":"https:\/\/huntergeorge.org\/de\/wp-json\/wp\/v2\/media?parent=7699"}],"wp:term":[{"taxonomy":"product_brand","embeddable":true,"href":"https:\/\/huntergeorge.org\/de\/wp-json\/wp\/v2\/product_brand?post=7699"},{"taxonomy":"product_cat","embeddable":true,"href":"https:\/\/huntergeorge.org\/de\/wp-json\/wp\/v2\/product_cat?post=7699"},{"taxonomy":"product_tag","embeddable":true,"href":"https:\/\/huntergeorge.org\/de\/wp-json\/wp\/v2\/product_tag?post=7699"},{"taxonomy":"giftcard-category","embeddable":true,"href":"https:\/\/huntergeorge.org\/de\/wp-json\/wp\/v2\/giftcard-category?post=7699"}],"curies":[{"name":"wp","href":"https:\/\/api.w.org\/{rel}","templated":true}]}}