{"id":7385,"date":"2020-07-31T13:30:48","date_gmt":"2020-07-31T13:30:48","guid":{"rendered":"https:\/\/huntergeorge.org\/?post_type=product&#038;p=7385"},"modified":"2026-01-01T08:41:33","modified_gmt":"2026-01-01T08:41:33","slug":"zelen-kalyf-za-lovna-karabina","status":"publish","type":"product","link":"https:\/\/huntergeorge.org\/de\/produkt\/zelen-kalyf-za-lovna-karabina\/","title":{"rendered":"Gr\u00fcnes Etui f\u00fcr Jagdkarabiner"},"content":{"rendered":"<p>Willkommen in unserem Online Shop f\u00fcr Jagdartikel! Wir stellen Ihnen unseren gr\u00fcnen Jagdkarabiner-Koffer vor. Es ist das perfekte Accessoire zur Aufbewahrung und zum Schutz Ihres wertvollen Jagdkarabiners.<\/p>\n<p>Diese Tasche ist aus hochwertigem und haltbarem Material in einer hellen und attraktiven gr\u00fcnen Farbe hergestellt. Es bietet nicht nur hervorragenden Schutz f\u00fcr Ihren Karabiner vor St\u00f6\u00dfen, Feuchtigkeit und Staub, sondern verleiht Ihrer Jagdausr\u00fcstung auch Stil und Pers\u00f6nlichkeit.<\/p>\n<p>Die Tasche wurde mit viel Liebe zum Detail entworfen, um Komfort und Sicherheit beim Tragen und Aufbewahren Ihres Karabiners zu gew\u00e4hrleisten. Mit einer gepolsterten Innenseite, die die Oberfl\u00e4che des Karabiners vor unerw\u00fcnschten Kratzern und St\u00f6\u00dfen sch\u00fctzt, bietet die Tasche maximalen Schutz.<\/p>\n<p>Die Tasche hat einen Klettverschluss. Dadurch l\u00e4sst er sich leicht \u00f6ffnen und schlie\u00dfen und bietet einen sicheren Sitz. Au\u00dferdem ist der Koffer mit einem praktischen Tragegriff ausgestattet, mit dem Sie ihn leicht und bequem tragen k\u00f6nnen.<\/p>","protected":false},"excerpt":{"rendered":"<p>Wasserdichte gr\u00fcne Tasche f\u00fcr Jagdkarabiner. Speziell entwickelt, um das Tragen der Waffe zu erleichtern.<\/p>\n<ul>\n<li>Diese Art von Koffer kann bei Bedarf im Rucksack des J\u00e4gers verstaut werden.<\/li>\n<li>Die ergonomische Form erm\u00f6glicht die freie Platzierung der Optik.<\/li>\n<li>Die Griffe sind so angebracht, dass sie beim Tragen der Waffe ein optimales Gleichgewicht gew\u00e4hrleisten.<\/li>\n<li>Erh\u00e4ltlich in 105cm - 115cm. -125 cm.<\/li>\n<\/ul>","protected":false},"featured_media":238,"comment_status":"open","ping_status":"closed","template":"","meta":{"ocean_post_layout":"","ocean_both_sidebars_style":"","ocean_both_sidebars_content_width":0,"ocean_both_sidebars_sidebars_width":0,"ocean_sidebar":"0","ocean_second_sidebar":"0","ocean_disable_margins":"enable","ocean_add_body_class":"","ocean_shortcode_before_top_bar":"","ocean_shortcode_after_top_bar":"","ocean_shortcode_before_header":"","ocean_shortcode_after_header":"","ocean_has_shortcode":"","ocean_shortcode_after_title":"","ocean_shortcode_before_footer_widgets":"","ocean_shortcode_after_footer_widgets":"","ocean_shortcode_before_footer_bottom":"","ocean_shortcode_after_footer_bottom":"","ocean_display_top_bar":"default","ocean_display_header":"default","ocean_header_style":"","ocean_center_header_left_menu":"0","ocean_custom_header_template":"0","ocean_custom_logo":0,"ocean_custom_retina_logo":0,"ocean_custom_logo_max_width":0,"ocean_custom_logo_tablet_max_width":0,"ocean_custom_logo_mobile_max_width":0,"ocean_custom_logo_max_height":0,"ocean_custom_logo_tablet_max_height":0,"ocean_custom_logo_mobile_max_height":0,"ocean_header_custom_menu":"0","ocean_menu_typo_font_family":"0","ocean_menu_typo_font_subset":"","ocean_menu_typo_font_size":0,"ocean_menu_typo_font_size_tablet":0,"ocean_menu_typo_font_size_mobile":0,"ocean_menu_typo_font_size_unit":"px","ocean_menu_typo_font_weight":"","ocean_menu_typo_font_weight_tablet":"","ocean_menu_typo_font_weight_mobile":"","ocean_menu_typo_transform":"","ocean_menu_typo_transform_tablet":"","ocean_menu_typo_transform_mobile":"","ocean_menu_typo_line_height":0,"ocean_menu_typo_line_height_tablet":0,"ocean_menu_typo_line_height_mobile":0,"ocean_menu_typo_line_height_unit":"","ocean_menu_typo_spacing":0,"ocean_menu_typo_spacing_tablet":0,"ocean_menu_typo_spacing_mobile":0,"ocean_menu_typo_spacing_unit":"","ocean_menu_link_color":"","ocean_menu_link_color_hover":"","ocean_menu_link_color_active":"","ocean_menu_link_background":"","ocean_menu_link_hover_background":"","ocean_menu_link_active_background":"","ocean_menu_social_links_bg":"","ocean_menu_social_hover_links_bg":"","ocean_menu_social_links_color":"","ocean_menu_social_hover_links_color":"","ocean_disable_title":"default","ocean_disable_heading":"default","ocean_post_title":"","ocean_post_subheading":"","ocean_post_title_style":"","ocean_post_title_background_color":"","ocean_post_title_background":0,"ocean_post_title_bg_image_position":"","ocean_post_title_bg_image_attachment":"","ocean_post_title_bg_image_repeat":"","ocean_post_title_bg_image_size":"","ocean_post_title_height":0,"ocean_post_title_bg_overlay":0.5,"ocean_post_title_bg_overlay_color":"","ocean_disable_breadcrumbs":"default","ocean_breadcrumbs_color":"","ocean_breadcrumbs_separator_color":"","ocean_breadcrumbs_links_color":"","ocean_breadcrumbs_links_hover_color":"","ocean_display_footer_widgets":"default","ocean_display_footer_bottom":"default","ocean_custom_footer_template":"0"},"product_brand":[],"product_cat":[26],"product_tag":[175],"giftcard-category":[],"class_list":{"0":"post-7385","1":"product","2":"type-product","3":"status-publish","4":"has-post-thumbnail","6":"product_cat-kalyfi","7":"product_tag-hunter-george","9":"entry","10":"has-media","12":"first","13":"instock","14":"taxable","15":"shipping-taxable","16":"purchasable","17":"product-type-simple","18":"col","19":"span_1_of_3","20":"owp-content-center","21":"item-entry","22":"owp-thumbs-layout-horizontal","23":"owp-btn-normal","24":"owp-tabs-layout-vertical","25":"circle-sale"},"exclude_global_add_ons":[],"addons":[],"yoast_head":"\n<title>\u0417\u0435\u043b\u0435\u043d \u043a\u0430\u043b\u044a\u0444 \u0437\u0430 \u043b\u043e\u0432\u043d\u0430 \u043a\u0430\u0440\u0430\u0431\u0438\u043d\u0430 | HunterGeorge<\/title>\n<meta name=\"description\" content=\"\u0414\u043e\u0431\u0430\u0432\u0435\u0442\u0435 \u0432\u044a\u0432 \u0412\u0430\u0448\u0430\u0442\u0430 \u043b\u043e\u0432\u043d\u0430 \u043a\u043e\u043b\u0435\u043a\u0446\u0438\u044f \u0430\u043a\u0441\u0435\u0441\u043e\u0430\u0440\u0438 \u0437\u0435\u043b\u0435\u043d \u043a\u0430\u043b\u044a\u0444 \u0437\u0430 \u043b\u043e\u0432\u043d\u0430 \u043a\u0430\u0440\u0430\u0431\u0438\u043d\u0430 \u043e\u0442 \u043e\u043d\u043b\u0430\u0439\u043d \u043c\u0430\u0433\u0430\u0437\u0438\u043d\u0430 \u043d\u0430 HunterGeorge. \u041f\u043e\u0440\u044a\u0447\u0430\u0439 \u0441\u0435\u0433\u0430!\" \/>\n<meta name=\"robots\" content=\"index, follow, max-snippet:-1, max-image-preview:large, max-video-preview:-1\" \/>\n<link rel=\"canonical\" href=\"https:\/\/huntergeorge.org\/de\/produkt\/zelen-kalyf-za-lovna-karabina\/\" \/>\n<meta property=\"og:locale\" content=\"de_DE\" \/>\n<meta property=\"og:type\" content=\"article\" \/>\n<meta property=\"og:title\" content=\"\u0417\u0435\u043b\u0435\u043d \u043a\u0430\u043b\u044a\u0444 \u0437\u0430 \u043b\u043e\u0432\u043d\u0430 \u043a\u0430\u0440\u0430\u0431\u0438\u043d\u0430 | HunterGeorge\" \/>\n<meta property=\"og:description\" content=\"\u0414\u043e\u0431\u0430\u0432\u0435\u0442\u0435 \u0432\u044a\u0432 \u0412\u0430\u0448\u0430\u0442\u0430 \u043b\u043e\u0432\u043d\u0430 \u043a\u043e\u043b\u0435\u043a\u0446\u0438\u044f \u0430\u043a\u0441\u0435\u0441\u043e\u0430\u0440\u0438 \u0437\u0435\u043b\u0435\u043d \u043a\u0430\u043b\u044a\u0444 \u0437\u0430 \u043b\u043e\u0432\u043d\u0430 \u043a\u0430\u0440\u0430\u0431\u0438\u043d\u0430 \u043e\u0442 \u043e\u043d\u043b\u0430\u0439\u043d \u043c\u0430\u0433\u0430\u0437\u0438\u043d\u0430 \u043d\u0430 HunterGeorge. \u041f\u043e\u0440\u044a\u0447\u0430\u0439 \u0441\u0435\u0433\u0430!\" \/>\n<meta property=\"og:url\" content=\"https:\/\/huntergeorge.org\/de\/produkt\/zelen-kalyf-za-lovna-karabina\/\" \/>\n<meta property=\"og:site_name\" content=\"Hunter George\" \/>\n<meta property=\"article:publisher\" content=\"https:\/\/www.facebook.com\/huntergeorge.org\/\" \/>\n<meta property=\"article:modified_time\" content=\"2026-01-01T08:41:33+00:00\" \/>\n<meta property=\"og:image\" content=\"https:\/\/huntergeorge.org\/media\/2019\/10\/IMG_31603.jpg\" \/>\n\t<meta property=\"og:image:width\" content=\"1000\" \/>\n\t<meta property=\"og:image:height\" content=\"1000\" \/>\n\t<meta property=\"og:image:type\" content=\"image\/jpeg\" \/>\n<meta name=\"twitter:card\" content=\"summary_large_image\" \/>\n<meta name=\"twitter:title\" content=\"\u0417\u0435\u043b\u0435\u043d \u043a\u0430\u043b\u044a\u0444 \u0437\u0430 \u043b\u043e\u0432\u043d\u0430 \u043a\u0430\u0440\u0430\u0431\u0438\u043d\u0430\" \/>\n<meta name=\"twitter:label1\" content=\"Preis\" \/>\n\t<meta name=\"twitter:data1\" content=\"35.28&euro; \u0441 \u0414\u0414\u0421\" \/>\n\t<meta name=\"twitter:label2\" content=\"Verf\u00fcgbarkeit\" \/>\n\t<meta name=\"twitter:data2\" content=\"Auf Lager\" \/>\n<script type=\"application\/ld+json\" class=\"yoast-schema-graph\">{\"@context\":\"https:\/\/schema.org\",\"@graph\":[{\"@type\":\"WebPage\",\"@id\":\"https:\/\/huntergeorge.org\/produkt\/zelen-kalyf-za-lovna-karabina\/\",\"url\":\"https:\/\/huntergeorge.org\/produkt\/zelen-kalyf-za-lovna-karabina\/\",\"name\":\"\u0417\u0435\u043b\u0435\u043d \u043a\u0430\u043b\u044a\u0444 \u0437\u0430 \u043b\u043e\u0432\u043d\u0430 \u043a\u0430\u0440\u0430\u0431\u0438\u043d\u0430 | HunterGeorge\",\"isPartOf\":{\"@id\":\"https:\/\/huntergeorge.org\/de\/#website\"},\"primaryImageOfPage\":{\"@id\":\"https:\/\/huntergeorge.org\/produkt\/zelen-kalyf-za-lovna-karabina\/#primaryimage\"},\"image\":{\"@id\":\"https:\/\/huntergeorge.org\/produkt\/zelen-kalyf-za-lovna-karabina\/#primaryimage\"},\"thumbnailUrl\":\"https:\/\/huntergeorge.org\/media\/2019\/10\/IMG_31603.jpg\",\"datePublished\":\"2020-07-31T13:30:48+00:00\",\"dateModified\":\"2026-01-01T08:41:33+00:00\",\"description\":\"\u0414\u043e\u0431\u0430\u0432\u0435\u0442\u0435 \u0432\u044a\u0432 \u0412\u0430\u0448\u0430\u0442\u0430 \u043b\u043e\u0432\u043d\u0430 \u043a\u043e\u043b\u0435\u043a\u0446\u0438\u044f \u0430\u043a\u0441\u0435\u0441\u043e\u0430\u0440\u0438 \u0437\u0435\u043b\u0435\u043d \u043a\u0430\u043b\u044a\u0444 \u0437\u0430 \u043b\u043e\u0432\u043d\u0430 \u043a\u0430\u0440\u0430\u0431\u0438\u043d\u0430 \u043e\u0442 \u043e\u043d\u043b\u0430\u0439\u043d \u043c\u0430\u0433\u0430\u0437\u0438\u043d\u0430 \u043d\u0430 HunterGeorge. \u041f\u043e\u0440\u044a\u0447\u0430\u0439 \u0441\u0435\u0433\u0430!\",\"breadcrumb\":{\"@id\":\"https:\/\/huntergeorge.org\/produkt\/zelen-kalyf-za-lovna-karabina\/#breadcrumb\"},\"inLanguage\":\"de\",\"potentialAction\":[{\"@type\":\"ReadAction\",\"target\":[\"https:\/\/huntergeorge.org\/produkt\/zelen-kalyf-za-lovna-karabina\/\"]}]},{\"@type\":\"ImageObject\",\"inLanguage\":\"de\",\"@id\":\"https:\/\/huntergeorge.org\/produkt\/zelen-kalyf-za-lovna-karabina\/#primaryimage\",\"url\":\"https:\/\/huntergeorge.org\/media\/2019\/10\/IMG_31603.jpg\",\"contentUrl\":\"https:\/\/huntergeorge.org\/media\/2019\/10\/IMG_31603.jpg\",\"width\":1000,\"height\":1000,\"caption\":\"\u0437\u0435\u043b\u0435\u043d-\u043a\u0430\u043b\u044a\u0444-\u0437\u0430-\u043b\u043e\u0432\u043d\u0430-\u043a\u0430\u0440\u0430\u0431\u0438\u043d\u0430\"},{\"@type\":\"BreadcrumbList\",\"@id\":\"https:\/\/huntergeorge.org\/produkt\/zelen-kalyf-za-lovna-karabina\/#breadcrumb\",\"itemListElement\":[{\"@type\":\"ListItem\",\"position\":1,\"name\":\"Home\",\"item\":\"https:\/\/huntergeorge.org\/\"},{\"@type\":\"ListItem\",\"position\":2,\"name\":\"\u041f\u0440\u043e\u0434\u0443\u043a\u0442\u0438\",\"item\":\"https:\/\/huntergeorge.org\/products\/\"},{\"@type\":\"ListItem\",\"position\":3,\"name\":\"\u0417\u0435\u043b\u0435\u043d \u043a\u0430\u043b\u044a\u0444 \u0437\u0430 \u043b\u043e\u0432\u043d\u0430 \u043a\u0430\u0440\u0430\u0431\u0438\u043d\u0430\"}]},{\"@type\":\"WebSite\",\"@id\":\"https:\/\/huntergeorge.org\/de\/#website\",\"url\":\"https:\/\/huntergeorge.org\/de\/\",\"name\":\"Hunter George\",\"description\":\"\u0422\u0432\u043e\u044f\u0442 \u043c\u0430\u0433\u0430\u0437\u0438\u043d \u0437\u0430 \u043b\u043e\u0432\u043d\u0438 \u0430\u043a\u0441\u0435\u0441\u043e\u0430\u0440\u0438\",\"publisher\":{\"@id\":\"https:\/\/huntergeorge.org\/de\/#organization\"},\"potentialAction\":[{\"@type\":\"SearchAction\",\"target\":{\"@type\":\"EntryPoint\",\"urlTemplate\":\"https:\/\/huntergeorge.org\/de\/?s={search_term_string}\"},\"query-input\":{\"@type\":\"PropertyValueSpecification\",\"valueRequired\":true,\"valueName\":\"search_term_string\"}}],\"inLanguage\":\"de\"},{\"@type\":\"Organization\",\"@id\":\"https:\/\/huntergeorge.org\/de\/#organization\",\"name\":\"Hunter George\",\"url\":\"https:\/\/huntergeorge.org\/de\/\",\"logo\":{\"@type\":\"ImageObject\",\"inLanguage\":\"de\",\"@id\":\"https:\/\/huntergeorge.org\/de\/#\/schema\/logo\/image\/\",\"url\":\"https:\/\/huntergeorge.org\/media\/2022\/06\/hunter-george.jpg\",\"contentUrl\":\"https:\/\/huntergeorge.org\/media\/2022\/06\/hunter-george.jpg\",\"width\":1920,\"height\":1300,\"caption\":\"Hunter George\"},\"image\":{\"@id\":\"https:\/\/huntergeorge.org\/de\/#\/schema\/logo\/image\/\"},\"sameAs\":[\"https:\/\/www.facebook.com\/huntergeorge.org\/\",\"https:\/\/www.instagram.com\/huntergeorge_official\/\"]}]}<\/script>\n<meta property=\"product:brand\" content=\"Hunter George\" \/>\n<meta property=\"product:price:amount\" content=\"35.28\" \/>\n<meta property=\"product:price:currency\" content=\"EUR\" \/>\n<meta property=\"og:availability\" content=\"instock\" \/>\n<meta property=\"product:availability\" content=\"instock\" \/>\n<meta property=\"product:retailer_item_id\" content=\"HG-KAL-105\" \/>\n<meta property=\"product:condition\" content=\"new\" \/>\n","yoast_head_json":{"title":"Gr\u00fcner Koffer f\u00fcr Jagdkarabiner | HunterGeorge","description":"F\u00fcgen Sie Ihre Jagd-Zubeh\u00f6r-Kollektion eine gr\u00fcne Jagd Karabiner Fall von HunterGeorge Online-Shop. Jetzt bestellen!","robots":{"index":"index","follow":"follow","max-snippet":"max-snippet:-1","max-image-preview":"max-image-preview:large","max-video-preview":"max-video-preview:-1"},"canonical":"https:\/\/huntergeorge.org\/de\/produkt\/zelen-kalyf-za-lovna-karabina\/","og_locale":"de_DE","og_type":"article","og_title":"\u0417\u0435\u043b\u0435\u043d \u043a\u0430\u043b\u044a\u0444 \u0437\u0430 \u043b\u043e\u0432\u043d\u0430 \u043a\u0430\u0440\u0430\u0431\u0438\u043d\u0430 | HunterGeorge","og_description":"\u0414\u043e\u0431\u0430\u0432\u0435\u0442\u0435 \u0432\u044a\u0432 \u0412\u0430\u0448\u0430\u0442\u0430 \u043b\u043e\u0432\u043d\u0430 \u043a\u043e\u043b\u0435\u043a\u0446\u0438\u044f \u0430\u043a\u0441\u0435\u0441\u043e\u0430\u0440\u0438 \u0437\u0435\u043b\u0435\u043d \u043a\u0430\u043b\u044a\u0444 \u0437\u0430 \u043b\u043e\u0432\u043d\u0430 \u043a\u0430\u0440\u0430\u0431\u0438\u043d\u0430 \u043e\u0442 \u043e\u043d\u043b\u0430\u0439\u043d \u043c\u0430\u0433\u0430\u0437\u0438\u043d\u0430 \u043d\u0430 HunterGeorge. \u041f\u043e\u0440\u044a\u0447\u0430\u0439 \u0441\u0435\u0433\u0430!","og_url":"https:\/\/huntergeorge.org\/de\/produkt\/zelen-kalyf-za-lovna-karabina\/","og_site_name":"Hunter George","article_publisher":"https:\/\/www.facebook.com\/huntergeorge.org\/","article_modified_time":"2026-01-01T08:41:33+00:00","og_image":[{"width":1000,"height":1000,"url":"https:\/\/huntergeorge.org\/media\/2019\/10\/IMG_31603.jpg","type":"image\/jpeg"}],"twitter_card":"summary_large_image","twitter_title":"\u0417\u0435\u043b\u0435\u043d \u043a\u0430\u043b\u044a\u0444 \u0437\u0430 \u043b\u043e\u0432\u043d\u0430 \u043a\u0430\u0440\u0430\u0431\u0438\u043d\u0430","twitter_misc":{"Preis":"35.28&euro; \u0441 \u0414\u0414\u0421","Verf\u00fcgbarkeit":"Auf Lager"},"schema":{"@context":"https:\/\/schema.org","@graph":[{"@type":"WebPage","@id":"https:\/\/huntergeorge.org\/produkt\/zelen-kalyf-za-lovna-karabina\/","url":"https:\/\/huntergeorge.org\/produkt\/zelen-kalyf-za-lovna-karabina\/","name":"Gr\u00fcner Koffer f\u00fcr Jagdkarabiner | HunterGeorge","isPartOf":{"@id":"https:\/\/huntergeorge.org\/de\/#website"},"primaryImageOfPage":{"@id":"https:\/\/huntergeorge.org\/produkt\/zelen-kalyf-za-lovna-karabina\/#primaryimage"},"image":{"@id":"https:\/\/huntergeorge.org\/produkt\/zelen-kalyf-za-lovna-karabina\/#primaryimage"},"thumbnailUrl":"https:\/\/huntergeorge.org\/media\/2019\/10\/IMG_31603.jpg","datePublished":"2020-07-31T13:30:48+00:00","dateModified":"2026-01-01T08:41:33+00:00","description":"F\u00fcgen Sie Ihre Jagd-Zubeh\u00f6r-Kollektion eine gr\u00fcne Jagd Karabiner Fall von HunterGeorge Online-Shop. Jetzt bestellen!","breadcrumb":{"@id":"https:\/\/huntergeorge.org\/produkt\/zelen-kalyf-za-lovna-karabina\/#breadcrumb"},"inLanguage":"de","potentialAction":[{"@type":"ReadAction","target":["https:\/\/huntergeorge.org\/produkt\/zelen-kalyf-za-lovna-karabina\/"]}]},{"@type":"ImageObject","inLanguage":"de","@id":"https:\/\/huntergeorge.org\/produkt\/zelen-kalyf-za-lovna-karabina\/#primaryimage","url":"https:\/\/huntergeorge.org\/media\/2019\/10\/IMG_31603.jpg","contentUrl":"https:\/\/huntergeorge.org\/media\/2019\/10\/IMG_31603.jpg","width":1000,"height":1000,"caption":"\u0437\u0435\u043b\u0435\u043d-\u043a\u0430\u043b\u044a\u0444-\u0437\u0430-\u043b\u043e\u0432\u043d\u0430-\u043a\u0430\u0440\u0430\u0431\u0438\u043d\u0430"},{"@type":"BreadcrumbList","@id":"https:\/\/huntergeorge.org\/produkt\/zelen-kalyf-za-lovna-karabina\/#breadcrumb","itemListElement":[{"@type":"ListItem","position":1,"name":"Home","item":"https:\/\/huntergeorge.org\/"},{"@type":"ListItem","position":2,"name":"\u041f\u0440\u043e\u0434\u0443\u043a\u0442\u0438","item":"https:\/\/huntergeorge.org\/products\/"},{"@type":"ListItem","position":3,"name":"\u0417\u0435\u043b\u0435\u043d \u043a\u0430\u043b\u044a\u0444 \u0437\u0430 \u043b\u043e\u0432\u043d\u0430 \u043a\u0430\u0440\u0430\u0431\u0438\u043d\u0430"}]},{"@type":"WebSite","@id":"https:\/\/huntergeorge.org\/de\/#website","url":"https:\/\/huntergeorge.org\/de\/","name":"J\u00e4ger George","description":"Ihr Shop f\u00fcr Jagdzubeh\u00f6r","publisher":{"@id":"https:\/\/huntergeorge.org\/de\/#organization"},"potentialAction":[{"@type":"SearchAction","target":{"@type":"EntryPoint","urlTemplate":"https:\/\/huntergeorge.org\/de\/?s={search_term_string}"},"query-input":{"@type":"PropertyValueSpecification","valueRequired":true,"valueName":"search_term_string"}}],"inLanguage":"de"},{"@type":"Organization","@id":"https:\/\/huntergeorge.org\/de\/#organization","name":"J\u00e4ger George","url":"https:\/\/huntergeorge.org\/de\/","logo":{"@type":"ImageObject","inLanguage":"de","@id":"https:\/\/huntergeorge.org\/de\/#\/schema\/logo\/image\/","url":"https:\/\/huntergeorge.org\/media\/2022\/06\/hunter-george.jpg","contentUrl":"https:\/\/huntergeorge.org\/media\/2022\/06\/hunter-george.jpg","width":1920,"height":1300,"caption":"Hunter George"},"image":{"@id":"https:\/\/huntergeorge.org\/de\/#\/schema\/logo\/image\/"},"sameAs":["https:\/\/www.facebook.com\/huntergeorge.org\/","https:\/\/www.instagram.com\/huntergeorge_official\/"]}]},"product_brand":"Hunter George","product_price_amount":"35.28","product_price_currency":"EUR","og_availability":"instock","product_availability":"instock","product_retailer_item_id":"HG-KAL-105","product_condition":"new"},"_links":{"self":[{"href":"https:\/\/huntergeorge.org\/de\/wp-json\/wp\/v2\/product\/7385","targetHints":{"allow":["GET"]}}],"collection":[{"href":"https:\/\/huntergeorge.org\/de\/wp-json\/wp\/v2\/product"}],"about":[{"href":"https:\/\/huntergeorge.org\/de\/wp-json\/wp\/v2\/types\/product"}],"replies":[{"embeddable":true,"href":"https:\/\/huntergeorge.org\/de\/wp-json\/wp\/v2\/comments?post=7385"}],"wp:featuredmedia":[{"embeddable":true,"href":"https:\/\/huntergeorge.org\/de\/wp-json\/wp\/v2\/media\/238"}],"wp:attachment":[{"href":"https:\/\/huntergeorge.org\/de\/wp-json\/wp\/v2\/media?parent=7385"}],"wp:term":[{"taxonomy":"product_brand","embeddable":true,"href":"https:\/\/huntergeorge.org\/de\/wp-json\/wp\/v2\/product_brand?post=7385"},{"taxonomy":"product_cat","embeddable":true,"href":"https:\/\/huntergeorge.org\/de\/wp-json\/wp\/v2\/product_cat?post=7385"},{"taxonomy":"product_tag","embeddable":true,"href":"https:\/\/huntergeorge.org\/de\/wp-json\/wp\/v2\/product_tag?post=7385"},{"taxonomy":"giftcard-category","embeddable":true,"href":"https:\/\/huntergeorge.org\/de\/wp-json\/wp\/v2\/giftcard-category?post=7385"}],"curies":[{"name":"wp","href":"https:\/\/api.w.org\/{rel}","templated":true}]}}