{"id":291,"date":"2019-10-01T12:15:44","date_gmt":"2019-10-01T12:15:44","guid":{"rendered":"https:\/\/huntergeorge.org\/?post_type=product&#038;p=291"},"modified":"2026-01-01T08:41:48","modified_gmt":"2026-01-01T08:41:48","slug":"kalyf-za-optika-ot-impregnirana-kordura","status":"publish","type":"product","link":"https:\/\/huntergeorge.org\/de\/produkt\/kalyf-za-optika-ot-impregnirana-kordura\/","title":{"rendered":"Optiktasche aus impr\u00e4gniertem Cordura"},"content":{"rendered":"<p>Willkommen in unserem Online Shop f\u00fcr Jagdzubeh\u00f6r! Wir stellen Ihnen unsere Optiktasche aus hochwertigem, impr\u00e4gniertem Cordura vor. Die ideale L\u00f6sung f\u00fcr den Schutz und die Aufbewahrung Ihres Zielfernrohrs w\u00e4hrend der Jagd.<\/p>\n<p>Diese Tasche wurde speziell im Hinblick auf Zuverl\u00e4ssigkeit und Haltbarkeit entwickelt. Wir verwenden hochwertiges impr\u00e4gniertes Cordura, das Ihre Optik hervorragend vor Feuchtigkeit, Staub und anderen externen Faktoren sch\u00fctzt. Es ist extrem stark und haltbar. Dies gew\u00e4hrleistet einen lang anhaltenden Schutz f\u00fcr Ihr wertvolles Zubeh\u00f6r.<\/p>\n<p>Das Etui ist mit einem robusten Rei\u00dfverschluss ausgestattet, der ein einfaches und sicheres Schlie\u00dfen und \u00d6ffnen gew\u00e4hrleistet. Das Innenfutter ist weich und gepolstert, um das optische Prisma vor Kratzern und St\u00f6\u00dfen zu sch\u00fctzen. Gleichzeitig bleibt es stabil und gesch\u00fctzt.<\/p>\n<p>Mit einer verstellbaren Schnur zur Befestigung und einem zus\u00e4tzlichen Tragegriff ist die Tasche bequem zu tragen und bei jeder Jagd- oder Schie\u00dfaktivit\u00e4t zu verwenden. Ob Sie nun ein professioneller J\u00e4ger oder ein Anf\u00e4nger sind, unsere impr\u00e4gnierte Cordura Zielfernrohrtasche bietet zuverl\u00e4ssigen Schutz und Komfort.<\/p>\n<ul>\n<li>in gr\u00fcner Farbe<\/li>\n<\/ul>","protected":false},"excerpt":{"rendered":"<p>Mit dieser Optiktasche aus impr\u00e4gniertem Cordura bieten wir Ihnen maximalen Schutz.<\/p>\n<ul>\n<li>Der innere Teil ist aus weichem Stoff.<\/li>\n<li>Farbe: gr\u00fcn<\/li>\n<\/ul>","protected":false},"featured_media":292,"comment_status":"open","ping_status":"closed","template":"","meta":{"ocean_post_layout":"","ocean_both_sidebars_style":"","ocean_both_sidebars_content_width":0,"ocean_both_sidebars_sidebars_width":0,"ocean_sidebar":"0","ocean_second_sidebar":"0","ocean_disable_margins":"enable","ocean_add_body_class":"","ocean_shortcode_before_top_bar":"","ocean_shortcode_after_top_bar":"","ocean_shortcode_before_header":"","ocean_shortcode_after_header":"","ocean_has_shortcode":"","ocean_shortcode_after_title":"","ocean_shortcode_before_footer_widgets":"","ocean_shortcode_after_footer_widgets":"","ocean_shortcode_before_footer_bottom":"","ocean_shortcode_after_footer_bottom":"","ocean_display_top_bar":"default","ocean_display_header":"default","ocean_header_style":"","ocean_center_header_left_menu":"0","ocean_custom_header_template":"0","ocean_custom_logo":0,"ocean_custom_retina_logo":0,"ocean_custom_logo_max_width":0,"ocean_custom_logo_tablet_max_width":0,"ocean_custom_logo_mobile_max_width":0,"ocean_custom_logo_max_height":0,"ocean_custom_logo_tablet_max_height":0,"ocean_custom_logo_mobile_max_height":0,"ocean_header_custom_menu":"0","ocean_menu_typo_font_family":"0","ocean_menu_typo_font_subset":"","ocean_menu_typo_font_size":0,"ocean_menu_typo_font_size_tablet":0,"ocean_menu_typo_font_size_mobile":0,"ocean_menu_typo_font_size_unit":"px","ocean_menu_typo_font_weight":"","ocean_menu_typo_font_weight_tablet":"","ocean_menu_typo_font_weight_mobile":"","ocean_menu_typo_transform":"","ocean_menu_typo_transform_tablet":"","ocean_menu_typo_transform_mobile":"","ocean_menu_typo_line_height":0,"ocean_menu_typo_line_height_tablet":0,"ocean_menu_typo_line_height_mobile":0,"ocean_menu_typo_line_height_unit":"","ocean_menu_typo_spacing":0,"ocean_menu_typo_spacing_tablet":0,"ocean_menu_typo_spacing_mobile":0,"ocean_menu_typo_spacing_unit":"","ocean_menu_link_color":"","ocean_menu_link_color_hover":"","ocean_menu_link_color_active":"","ocean_menu_link_background":"","ocean_menu_link_hover_background":"","ocean_menu_link_active_background":"","ocean_menu_social_links_bg":"","ocean_menu_social_hover_links_bg":"","ocean_menu_social_links_color":"","ocean_menu_social_hover_links_color":"","ocean_disable_title":"default","ocean_disable_heading":"default","ocean_post_title":"","ocean_post_subheading":"","ocean_post_title_style":"","ocean_post_title_background_color":"","ocean_post_title_background":0,"ocean_post_title_bg_image_position":"","ocean_post_title_bg_image_attachment":"","ocean_post_title_bg_image_repeat":"","ocean_post_title_bg_image_size":"","ocean_post_title_height":0,"ocean_post_title_bg_overlay":0.5,"ocean_post_title_bg_overlay_color":"","ocean_disable_breadcrumbs":"default","ocean_breadcrumbs_color":"","ocean_breadcrumbs_separator_color":"","ocean_breadcrumbs_links_color":"","ocean_breadcrumbs_links_hover_color":"","ocean_display_footer_widgets":"default","ocean_display_footer_bottom":"default","ocean_custom_footer_template":"0"},"product_brand":[],"product_cat":[26],"product_tag":[175],"giftcard-category":[],"class_list":{"0":"post-291","1":"product","2":"type-product","3":"status-publish","4":"has-post-thumbnail","6":"product_cat-kalyfi","7":"product_tag-hunter-george","9":"entry","10":"has-media","12":"first","13":"instock","14":"taxable","15":"shipping-taxable","16":"purchasable","17":"product-type-simple","18":"col","19":"span_1_of_3","20":"owp-content-center","21":"item-entry","22":"owp-thumbs-layout-horizontal","23":"owp-btn-normal","24":"owp-tabs-layout-vertical","25":"circle-sale"},"exclude_global_add_ons":[],"addons":[],"yoast_head":"\n<title>\u041a\u0430\u043b\u044a\u0444 \u0437\u0430 \u043e\u043f\u0442\u0438\u043a\u0430 \u043e\u0442 \u0438\u043c\u043f\u0440\u0435\u0433\u043d\u0438\u0440\u0430\u043d\u0430 \u043a\u043e\u0440\u0434\u0443\u0440\u0430 | HunterGeorge<\/title>\n<meta name=\"description\" content=\"\u041e\u043d\u043b\u0430\u0439\u043d \u043c\u0430\u0433\u0430\u0437\u0438\u043d HunterGeorge \u0412\u0438 \u043f\u0440\u0435\u0434\u043b\u0430\u0433\u0430 \u043a\u0430\u043b\u044a\u0444 \u0437\u0430 \u043e\u043f\u0442\u0438\u043a\u0430 \u043e\u0442 \u0438\u043c\u043f\u0440\u0435\u0433\u043d\u0438\u0440\u0430\u043d\u0430 \u043a\u043e\u0440\u0434\u0443\u0440\u0430. \u0412\u0438\u0441\u043e\u043a\u043e\u043a\u0430\u0447\u0435\u0441\u0442\u0432\u0435\u043d\u0430 \u0438\u0437\u0440\u0430\u0431\u043e\u0442\u043a\u0430. \u041f\u043e\u0440\u044a\u0447\u0430\u0439\u0442\u0435 \u0441\u0435\u0433\u0430 \u043e\u043d\u043b\u0430\u0439\u043d!\" \/>\n<meta name=\"robots\" content=\"index, follow, max-snippet:-1, max-image-preview:large, max-video-preview:-1\" \/>\n<link rel=\"canonical\" href=\"https:\/\/huntergeorge.org\/de\/produkt\/kalyf-za-optika-ot-impregnirana-kordura\/\" \/>\n<meta property=\"og:locale\" content=\"de_DE\" \/>\n<meta property=\"og:type\" content=\"article\" \/>\n<meta property=\"og:title\" content=\"\u041a\u0430\u043b\u044a\u0444 \u0437\u0430 \u043e\u043f\u0442\u0438\u043a\u0430 \u043e\u0442 \u0438\u043c\u043f\u0440\u0435\u0433\u043d\u0438\u0440\u0430\u043d\u0430 \u043a\u043e\u0440\u0434\u0443\u0440\u0430 | HunterGeorge\" \/>\n<meta property=\"og:description\" content=\"\u041e\u043d\u043b\u0430\u0439\u043d \u043c\u0430\u0433\u0430\u0437\u0438\u043d HunterGeorge \u0412\u0438 \u043f\u0440\u0435\u0434\u043b\u0430\u0433\u0430 \u043a\u0430\u043b\u044a\u0444 \u0437\u0430 \u043e\u043f\u0442\u0438\u043a\u0430 \u043e\u0442 \u0438\u043c\u043f\u0440\u0435\u0433\u043d\u0438\u0440\u0430\u043d\u0430 \u043a\u043e\u0440\u0434\u0443\u0440\u0430. \u0412\u0438\u0441\u043e\u043a\u043e\u043a\u0430\u0447\u0435\u0441\u0442\u0432\u0435\u043d\u0430 \u0438\u0437\u0440\u0430\u0431\u043e\u0442\u043a\u0430. \u041f\u043e\u0440\u044a\u0447\u0430\u0439\u0442\u0435 \u0441\u0435\u0433\u0430 \u043e\u043d\u043b\u0430\u0439\u043d!\" \/>\n<meta property=\"og:url\" content=\"https:\/\/huntergeorge.org\/de\/produkt\/kalyf-za-optika-ot-impregnirana-kordura\/\" \/>\n<meta property=\"og:site_name\" content=\"Hunter George\" \/>\n<meta property=\"article:publisher\" content=\"https:\/\/www.facebook.com\/huntergeorge.org\/\" \/>\n<meta property=\"article:modified_time\" content=\"2026-01-01T08:41:48+00:00\" \/>\n<meta property=\"og:image\" content=\"https:\/\/huntergeorge.org\/media\/2019\/10\/IMG_3126.jpg\" \/>\n\t<meta property=\"og:image:width\" content=\"1000\" \/>\n\t<meta property=\"og:image:height\" content=\"1000\" \/>\n\t<meta property=\"og:image:type\" content=\"image\/jpeg\" \/>\n<meta name=\"twitter:card\" content=\"summary_large_image\" \/>\n<meta name=\"twitter:title\" content=\"\u041a\u0430\u043b\u044a\u0444 \u0437\u0430 \u043e\u043f\u0442\u0438\u043a\u0430 \u043e\u0442 \u0438\u043c\u043f\u0440\u0435\u0433\u043d\u0438\u0440\u0430\u043d\u0430 \u043a\u043e\u0440\u0434\u0443\u0440\u0430\" \/>\n<meta name=\"twitter:label1\" content=\"Preis\" \/>\n\t<meta name=\"twitter:data1\" content=\"59.82&euro; \u0441 \u0414\u0414\u0421\" \/>\n\t<meta name=\"twitter:label2\" content=\"Verf\u00fcgbarkeit\" \/>\n\t<meta name=\"twitter:data2\" content=\"Auf Lager\" \/>\n<script type=\"application\/ld+json\" class=\"yoast-schema-graph\">{\"@context\":\"https:\/\/schema.org\",\"@graph\":[{\"@type\":\"WebPage\",\"@id\":\"https:\/\/huntergeorge.org\/produkt\/kalyf-za-optika-ot-impregnirana-kordura\/\",\"url\":\"https:\/\/huntergeorge.org\/produkt\/kalyf-za-optika-ot-impregnirana-kordura\/\",\"name\":\"\u041a\u0430\u043b\u044a\u0444 \u0437\u0430 \u043e\u043f\u0442\u0438\u043a\u0430 \u043e\u0442 \u0438\u043c\u043f\u0440\u0435\u0433\u043d\u0438\u0440\u0430\u043d\u0430 \u043a\u043e\u0440\u0434\u0443\u0440\u0430 | HunterGeorge\",\"isPartOf\":{\"@id\":\"https:\/\/huntergeorge.org\/de\/#website\"},\"primaryImageOfPage\":{\"@id\":\"https:\/\/huntergeorge.org\/produkt\/kalyf-za-optika-ot-impregnirana-kordura\/#primaryimage\"},\"image\":{\"@id\":\"https:\/\/huntergeorge.org\/produkt\/kalyf-za-optika-ot-impregnirana-kordura\/#primaryimage\"},\"thumbnailUrl\":\"https:\/\/huntergeorge.org\/media\/2019\/10\/IMG_3126.jpg\",\"datePublished\":\"2019-10-01T12:15:44+00:00\",\"dateModified\":\"2026-01-01T08:41:48+00:00\",\"description\":\"\u041e\u043d\u043b\u0430\u0439\u043d \u043c\u0430\u0433\u0430\u0437\u0438\u043d HunterGeorge \u0412\u0438 \u043f\u0440\u0435\u0434\u043b\u0430\u0433\u0430 \u043a\u0430\u043b\u044a\u0444 \u0437\u0430 \u043e\u043f\u0442\u0438\u043a\u0430 \u043e\u0442 \u0438\u043c\u043f\u0440\u0435\u0433\u043d\u0438\u0440\u0430\u043d\u0430 \u043a\u043e\u0440\u0434\u0443\u0440\u0430. \u0412\u0438\u0441\u043e\u043a\u043e\u043a\u0430\u0447\u0435\u0441\u0442\u0432\u0435\u043d\u0430 \u0438\u0437\u0440\u0430\u0431\u043e\u0442\u043a\u0430. \u041f\u043e\u0440\u044a\u0447\u0430\u0439\u0442\u0435 \u0441\u0435\u0433\u0430 \u043e\u043d\u043b\u0430\u0439\u043d!\",\"breadcrumb\":{\"@id\":\"https:\/\/huntergeorge.org\/produkt\/kalyf-za-optika-ot-impregnirana-kordura\/#breadcrumb\"},\"inLanguage\":\"de\",\"potentialAction\":[{\"@type\":\"ReadAction\",\"target\":[\"https:\/\/huntergeorge.org\/produkt\/kalyf-za-optika-ot-impregnirana-kordura\/\"]}]},{\"@type\":\"ImageObject\",\"inLanguage\":\"de\",\"@id\":\"https:\/\/huntergeorge.org\/produkt\/kalyf-za-optika-ot-impregnirana-kordura\/#primaryimage\",\"url\":\"https:\/\/huntergeorge.org\/media\/2019\/10\/IMG_3126.jpg\",\"contentUrl\":\"https:\/\/huntergeorge.org\/media\/2019\/10\/IMG_3126.jpg\",\"width\":1000,\"height\":1000,\"caption\":\"\u043a\u0430\u043b\u044a\u0444-\u0437\u0430-\u043e\u043f\u0442\u0438\u043a\u0430-\u043e\u0442-\u0438\u043c\u043f\u0440\u0435\u0433\u043d\u0438\u0440\u0430\u043d\u0430-\u043a\u043e\u0440\u0434\u0443\u0440\u0430\"},{\"@type\":\"BreadcrumbList\",\"@id\":\"https:\/\/huntergeorge.org\/produkt\/kalyf-za-optika-ot-impregnirana-kordura\/#breadcrumb\",\"itemListElement\":[{\"@type\":\"ListItem\",\"position\":1,\"name\":\"Home\",\"item\":\"https:\/\/huntergeorge.org\/\"},{\"@type\":\"ListItem\",\"position\":2,\"name\":\"\u041f\u0440\u043e\u0434\u0443\u043a\u0442\u0438\",\"item\":\"https:\/\/huntergeorge.org\/products\/\"},{\"@type\":\"ListItem\",\"position\":3,\"name\":\"\u041a\u0430\u043b\u044a\u0444 \u0437\u0430 \u043e\u043f\u0442\u0438\u043a\u0430 \u043e\u0442 \u0438\u043c\u043f\u0440\u0435\u0433\u043d\u0438\u0440\u0430\u043d\u0430 \u043a\u043e\u0440\u0434\u0443\u0440\u0430\"}]},{\"@type\":\"WebSite\",\"@id\":\"https:\/\/huntergeorge.org\/de\/#website\",\"url\":\"https:\/\/huntergeorge.org\/de\/\",\"name\":\"Hunter George\",\"description\":\"\u0422\u0432\u043e\u044f\u0442 \u043c\u0430\u0433\u0430\u0437\u0438\u043d \u0437\u0430 \u043b\u043e\u0432\u043d\u0438 \u0430\u043a\u0441\u0435\u0441\u043e\u0430\u0440\u0438\",\"publisher\":{\"@id\":\"https:\/\/huntergeorge.org\/de\/#organization\"},\"potentialAction\":[{\"@type\":\"SearchAction\",\"target\":{\"@type\":\"EntryPoint\",\"urlTemplate\":\"https:\/\/huntergeorge.org\/de\/?s={search_term_string}\"},\"query-input\":{\"@type\":\"PropertyValueSpecification\",\"valueRequired\":true,\"valueName\":\"search_term_string\"}}],\"inLanguage\":\"de\"},{\"@type\":\"Organization\",\"@id\":\"https:\/\/huntergeorge.org\/de\/#organization\",\"name\":\"Hunter George\",\"url\":\"https:\/\/huntergeorge.org\/de\/\",\"logo\":{\"@type\":\"ImageObject\",\"inLanguage\":\"de\",\"@id\":\"https:\/\/huntergeorge.org\/de\/#\/schema\/logo\/image\/\",\"url\":\"https:\/\/huntergeorge.org\/media\/2022\/06\/hunter-george.jpg\",\"contentUrl\":\"https:\/\/huntergeorge.org\/media\/2022\/06\/hunter-george.jpg\",\"width\":1920,\"height\":1300,\"caption\":\"Hunter George\"},\"image\":{\"@id\":\"https:\/\/huntergeorge.org\/de\/#\/schema\/logo\/image\/\"},\"sameAs\":[\"https:\/\/www.facebook.com\/huntergeorge.org\/\",\"https:\/\/www.instagram.com\/huntergeorge_official\/\"]}]}<\/script>\n<meta property=\"product:brand\" content=\"Hunter George\" \/>\n<meta property=\"product:price:amount\" content=\"59.82\" \/>\n<meta property=\"product:price:currency\" content=\"EUR\" \/>\n<meta property=\"og:availability\" content=\"instock\" \/>\n<meta property=\"product:availability\" content=\"instock\" \/>\n<meta property=\"product:retailer_item_id\" content=\"HG-KAL-122\" \/>\n<meta property=\"product:condition\" content=\"new\" \/>\n","yoast_head_json":{"title":"Optiktasche aus impr\u00e4gniertem Cordura | HunterGeorge","description":"Der Online-Shop HunterGeorge bietet Ihnen eine Zielfernrohrtasche aus impr\u00e4gniertem Cordura. Hochwertige Verarbeitung. Jetzt online bestellen!","robots":{"index":"index","follow":"follow","max-snippet":"max-snippet:-1","max-image-preview":"max-image-preview:large","max-video-preview":"max-video-preview:-1"},"canonical":"https:\/\/huntergeorge.org\/de\/produkt\/kalyf-za-optika-ot-impregnirana-kordura\/","og_locale":"de_DE","og_type":"article","og_title":"\u041a\u0430\u043b\u044a\u0444 \u0437\u0430 \u043e\u043f\u0442\u0438\u043a\u0430 \u043e\u0442 \u0438\u043c\u043f\u0440\u0435\u0433\u043d\u0438\u0440\u0430\u043d\u0430 \u043a\u043e\u0440\u0434\u0443\u0440\u0430 | HunterGeorge","og_description":"\u041e\u043d\u043b\u0430\u0439\u043d \u043c\u0430\u0433\u0430\u0437\u0438\u043d HunterGeorge \u0412\u0438 \u043f\u0440\u0435\u0434\u043b\u0430\u0433\u0430 \u043a\u0430\u043b\u044a\u0444 \u0437\u0430 \u043e\u043f\u0442\u0438\u043a\u0430 \u043e\u0442 \u0438\u043c\u043f\u0440\u0435\u0433\u043d\u0438\u0440\u0430\u043d\u0430 \u043a\u043e\u0440\u0434\u0443\u0440\u0430. \u0412\u0438\u0441\u043e\u043a\u043e\u043a\u0430\u0447\u0435\u0441\u0442\u0432\u0435\u043d\u0430 \u0438\u0437\u0440\u0430\u0431\u043e\u0442\u043a\u0430. \u041f\u043e\u0440\u044a\u0447\u0430\u0439\u0442\u0435 \u0441\u0435\u0433\u0430 \u043e\u043d\u043b\u0430\u0439\u043d!","og_url":"https:\/\/huntergeorge.org\/de\/produkt\/kalyf-za-optika-ot-impregnirana-kordura\/","og_site_name":"Hunter George","article_publisher":"https:\/\/www.facebook.com\/huntergeorge.org\/","article_modified_time":"2026-01-01T08:41:48+00:00","og_image":[{"width":1000,"height":1000,"url":"https:\/\/huntergeorge.org\/media\/2019\/10\/IMG_3126.jpg","type":"image\/jpeg"}],"twitter_card":"summary_large_image","twitter_title":"\u041a\u0430\u043b\u044a\u0444 \u0437\u0430 \u043e\u043f\u0442\u0438\u043a\u0430 \u043e\u0442 \u0438\u043c\u043f\u0440\u0435\u0433\u043d\u0438\u0440\u0430\u043d\u0430 \u043a\u043e\u0440\u0434\u0443\u0440\u0430","twitter_misc":{"Preis":"59.82&euro; \u0441 \u0414\u0414\u0421","Verf\u00fcgbarkeit":"Auf Lager"},"schema":{"@context":"https:\/\/schema.org","@graph":[{"@type":"WebPage","@id":"https:\/\/huntergeorge.org\/produkt\/kalyf-za-optika-ot-impregnirana-kordura\/","url":"https:\/\/huntergeorge.org\/produkt\/kalyf-za-optika-ot-impregnirana-kordura\/","name":"Optiktasche aus impr\u00e4gniertem Cordura | HunterGeorge","isPartOf":{"@id":"https:\/\/huntergeorge.org\/de\/#website"},"primaryImageOfPage":{"@id":"https:\/\/huntergeorge.org\/produkt\/kalyf-za-optika-ot-impregnirana-kordura\/#primaryimage"},"image":{"@id":"https:\/\/huntergeorge.org\/produkt\/kalyf-za-optika-ot-impregnirana-kordura\/#primaryimage"},"thumbnailUrl":"https:\/\/huntergeorge.org\/media\/2019\/10\/IMG_3126.jpg","datePublished":"2019-10-01T12:15:44+00:00","dateModified":"2026-01-01T08:41:48+00:00","description":"Der Online-Shop HunterGeorge bietet Ihnen eine Zielfernrohrtasche aus impr\u00e4gniertem Cordura. Hochwertige Verarbeitung. Jetzt online bestellen!","breadcrumb":{"@id":"https:\/\/huntergeorge.org\/produkt\/kalyf-za-optika-ot-impregnirana-kordura\/#breadcrumb"},"inLanguage":"de","potentialAction":[{"@type":"ReadAction","target":["https:\/\/huntergeorge.org\/produkt\/kalyf-za-optika-ot-impregnirana-kordura\/"]}]},{"@type":"ImageObject","inLanguage":"de","@id":"https:\/\/huntergeorge.org\/produkt\/kalyf-za-optika-ot-impregnirana-kordura\/#primaryimage","url":"https:\/\/huntergeorge.org\/media\/2019\/10\/IMG_3126.jpg","contentUrl":"https:\/\/huntergeorge.org\/media\/2019\/10\/IMG_3126.jpg","width":1000,"height":1000,"caption":"\u043a\u0430\u043b\u044a\u0444-\u0437\u0430-\u043e\u043f\u0442\u0438\u043a\u0430-\u043e\u0442-\u0438\u043c\u043f\u0440\u0435\u0433\u043d\u0438\u0440\u0430\u043d\u0430-\u043a\u043e\u0440\u0434\u0443\u0440\u0430"},{"@type":"BreadcrumbList","@id":"https:\/\/huntergeorge.org\/produkt\/kalyf-za-optika-ot-impregnirana-kordura\/#breadcrumb","itemListElement":[{"@type":"ListItem","position":1,"name":"Home","item":"https:\/\/huntergeorge.org\/"},{"@type":"ListItem","position":2,"name":"\u041f\u0440\u043e\u0434\u0443\u043a\u0442\u0438","item":"https:\/\/huntergeorge.org\/products\/"},{"@type":"ListItem","position":3,"name":"\u041a\u0430\u043b\u044a\u0444 \u0437\u0430 \u043e\u043f\u0442\u0438\u043a\u0430 \u043e\u0442 \u0438\u043c\u043f\u0440\u0435\u0433\u043d\u0438\u0440\u0430\u043d\u0430 \u043a\u043e\u0440\u0434\u0443\u0440\u0430"}]},{"@type":"WebSite","@id":"https:\/\/huntergeorge.org\/de\/#website","url":"https:\/\/huntergeorge.org\/de\/","name":"J\u00e4ger George","description":"Ihr Shop f\u00fcr Jagdzubeh\u00f6r","publisher":{"@id":"https:\/\/huntergeorge.org\/de\/#organization"},"potentialAction":[{"@type":"SearchAction","target":{"@type":"EntryPoint","urlTemplate":"https:\/\/huntergeorge.org\/de\/?s={search_term_string}"},"query-input":{"@type":"PropertyValueSpecification","valueRequired":true,"valueName":"search_term_string"}}],"inLanguage":"de"},{"@type":"Organization","@id":"https:\/\/huntergeorge.org\/de\/#organization","name":"J\u00e4ger George","url":"https:\/\/huntergeorge.org\/de\/","logo":{"@type":"ImageObject","inLanguage":"de","@id":"https:\/\/huntergeorge.org\/de\/#\/schema\/logo\/image\/","url":"https:\/\/huntergeorge.org\/media\/2022\/06\/hunter-george.jpg","contentUrl":"https:\/\/huntergeorge.org\/media\/2022\/06\/hunter-george.jpg","width":1920,"height":1300,"caption":"Hunter George"},"image":{"@id":"https:\/\/huntergeorge.org\/de\/#\/schema\/logo\/image\/"},"sameAs":["https:\/\/www.facebook.com\/huntergeorge.org\/","https:\/\/www.instagram.com\/huntergeorge_official\/"]}]},"product_brand":"Hunter George","product_price_amount":"59.82","product_price_currency":"EUR","og_availability":"instock","product_availability":"instock","product_retailer_item_id":"HG-KAL-122","product_condition":"new"},"_links":{"self":[{"href":"https:\/\/huntergeorge.org\/de\/wp-json\/wp\/v2\/product\/291","targetHints":{"allow":["GET"]}}],"collection":[{"href":"https:\/\/huntergeorge.org\/de\/wp-json\/wp\/v2\/product"}],"about":[{"href":"https:\/\/huntergeorge.org\/de\/wp-json\/wp\/v2\/types\/product"}],"replies":[{"embeddable":true,"href":"https:\/\/huntergeorge.org\/de\/wp-json\/wp\/v2\/comments?post=291"}],"wp:featuredmedia":[{"embeddable":true,"href":"https:\/\/huntergeorge.org\/de\/wp-json\/wp\/v2\/media\/292"}],"wp:attachment":[{"href":"https:\/\/huntergeorge.org\/de\/wp-json\/wp\/v2\/media?parent=291"}],"wp:term":[{"taxonomy":"product_brand","embeddable":true,"href":"https:\/\/huntergeorge.org\/de\/wp-json\/wp\/v2\/product_brand?post=291"},{"taxonomy":"product_cat","embeddable":true,"href":"https:\/\/huntergeorge.org\/de\/wp-json\/wp\/v2\/product_cat?post=291"},{"taxonomy":"product_tag","embeddable":true,"href":"https:\/\/huntergeorge.org\/de\/wp-json\/wp\/v2\/product_tag?post=291"},{"taxonomy":"giftcard-category","embeddable":true,"href":"https:\/\/huntergeorge.org\/de\/wp-json\/wp\/v2\/giftcard-category?post=291"}],"curies":[{"name":"wp","href":"https:\/\/api.w.org\/{rel}","templated":true}]}}