{"id":151,"date":"2019-10-01T08:39:27","date_gmt":"2019-10-01T08:39:27","guid":{"rendered":"https:\/\/huntergeorge.org\/?post_type=product&#038;p=151"},"modified":"2026-01-01T08:41:53","modified_gmt":"2026-01-01T08:41:53","slug":"signalna-jiletka-za-kuche","status":"publish","type":"product","link":"https:\/\/huntergeorge.org\/de\/produkt\/signalna-jiletka-za-kuche\/","title":{"rendered":"Signalweste f\u00fcr Hunde"},"content":{"rendered":"<div class=\"flex-1 overflow-hidden\">\n<div class=\"react-scroll-to-bottom--css-exciv-79elbk h-full\">\n<div class=\"react-scroll-to-bottom--css-exciv-1n7m0yu\">\n<div class=\"flex flex-col text-sm pb-9\">\n<div class=\"w-full text-token-text-primary\" dir=\"auto\" data-testid=\"conversation-turn-7\">\n<div class=\"px-4 py-2 justify-center text-base md:gap-6 m-auto\">\n<div class=\"flex flex-1 text-base mx-auto gap-3 juice:gap-4 juice:md:gap-6 md:px-5 lg:px-1 xl:px-5 md:max-w-3xl lg:max-w-[40rem] xl:max-w-[48rem] group final-completion\">\n<div class=\"relative flex w-full flex-col agent-turn\">\n<div class=\"flex-col gap-1 md:gap-3\">\n<div class=\"flex flex-grow flex-col max-w-full\">\n<div class=\"min-h-[20px] text-message flex flex-col items-start gap-3 whitespace-pre-wrap break-words [.text-message+&amp;]:mt-5 overflow-x-auto\" dir=\"auto\" data-message-author-role=\"assistant\" data-message-id=\"752f795a-a955-4269-8470-ee2dae3b4ff2\">\n<div class=\"markdown prose w-full break-words dark:prose-invert dark\">\n<p>Eine Hundesignalweste ist bei der Jagd von gr\u00f6\u00dfter Bedeutung und bietet sowohl dem Hund als auch dem J\u00e4ger eine ganze Reihe von Vorteilen:<\/p>\n<ol>\n<li><strong>Erh\u00f6hte Sichtbarkeit<\/strong>A: Bei der Jagd ist es wichtig, dass der Hund leicht zu erkennen ist. Besonders bei schlechter Sicht oder in dichter Vegetation. Eine Signalweste, oft in leuchtenden Farben wie Orange, Rot oder Gelb, macht den Hund besser sichtbar. Sowohl f\u00fcr den J\u00e4ger als auch f\u00fcr die anderen Teilnehmer der Jagd.<\/li>\n<li><strong>Verh\u00fctung von Unf\u00e4llen<\/strong>A: Mit einer Signalweste ist Ihr Hund nicht nur leichter zu erkennen, sondern es werden auch unerw\u00fcnschte Unf\u00e4lle vermieden. Zum Beispiel Kollisionen mit anderen J\u00e4gern oder mit Fahrzeugen, die sich zuf\u00e4llig in der N\u00e4he befinden.<\/li>\n<li><strong>Sicherheit des Freiraumes<\/strong>A: In der freien Natur kann ein Hund verloren gehen oder sich verirren, besonders wenn er wilde Tiere jagt. Die Signalweste macht das Auffinden des Hundes schneller und einfacher. Das minimiert die Suchzeit und die Nerven.<\/li>\n<li><strong>Komfort und Bewegungsfreiheit<\/strong>A: Unsere Signalwesten sind so konzipiert, dass sie Komfort und Bewegungsfreiheit f\u00fcr den Hund bieten. Sie sind leicht, bequem zu tragen und schr\u00e4nken die Bewegungsfreiheit des Tieres nicht ein.<\/li>\n<\/ol>\n<p>Mit unseren Hundesignalwesten k\u00f6nnen Sie sicher sein, dass Ihr Hund w\u00e4hrend der Jagd gut gesch\u00fctzt und sichtbar ist. Unsere Produkte sind von hoher Qualit\u00e4t und werden mit Sicherheit zu Ihrem Jagderfolg beitragen.<\/p>\n<\/div>\n<\/div>\n<\/div>\n<div class=\"mt-1 flex gap-3 empty:hidden\">\n<div class=\"text-gray-400 flex self-end lg:self-center items-center justify-center lg:justify-start mt-0 -ml-1 h-7 gap-[2px] visible\">\n<div class=\"flex items-center gap-1.5 text-xs\"><\/div>\n<div class=\"flex\"><\/div>\n<\/div>\n<\/div>\n<div class=\"pr-2 lg:pr-0\"><\/div>\n<\/div>\n<div class=\"absolute\">\n<div class=\"flex w-full gap-2 items-center justify-center\"><\/div>\n<\/div>\n<\/div>\n<\/div>\n<\/div>\n<\/div>\n<\/div>\n<\/div>\n<\/div>\n<\/div>\n<div class=\"w-full pt-2 md:pt-0 dark:border-white\/20 md:border-transparent md:dark:border-transparent md:w-[calc(100%-.5rem)]\">\n<form class=\"stretch mx-2 flex flex-row gap-3 last:mb-2 md:mx-4 md:last:mb-6 lg:mx-auto lg:max-w-2xl xl:max-w-3xl\" action=\"\">\n<div class=\"relative flex h-full flex-1 flex-col\">\n<div class=\"absolute bottom-full left-0 right-0\"><\/div>\n<div class=\"flex w-full items-center\"><\/div>\n<\/div>\n<input type=\"hidden\" name=\"trp-form-language\" value=\"de\"\/><\/form>\n<\/div>","protected":false},"excerpt":{"rendered":"<p>Eine Signalweste f\u00fcr einen Hund ist bei der Jagd von gr\u00f6\u00dfter Bedeutung und bietet sowohl dem Hund als auch dem J\u00e4ger eine ganze Reihe von Vorteilen: Erh\u00f6hte Sichtbarkeit: Bei der Jagd ist es wichtig, dass der Hund leicht zu erkennen ist. Besonders bei schlechter Sicht oder in dichter Vegetation. Die Signalweste, oft in leuchtenden Farben [...]<\/p>","protected":false},"featured_media":157,"comment_status":"open","ping_status":"closed","template":"","meta":{"ocean_post_layout":"","ocean_both_sidebars_style":"","ocean_both_sidebars_content_width":0,"ocean_both_sidebars_sidebars_width":0,"ocean_sidebar":"0","ocean_second_sidebar":"0","ocean_disable_margins":"enable","ocean_add_body_class":"","ocean_shortcode_before_top_bar":"","ocean_shortcode_after_top_bar":"","ocean_shortcode_before_header":"","ocean_shortcode_after_header":"","ocean_has_shortcode":"","ocean_shortcode_after_title":"","ocean_shortcode_before_footer_widgets":"","ocean_shortcode_after_footer_widgets":"","ocean_shortcode_before_footer_bottom":"","ocean_shortcode_after_footer_bottom":"","ocean_display_top_bar":"default","ocean_display_header":"default","ocean_header_style":"","ocean_center_header_left_menu":"0","ocean_custom_header_template":"0","ocean_custom_logo":0,"ocean_custom_retina_logo":0,"ocean_custom_logo_max_width":0,"ocean_custom_logo_tablet_max_width":0,"ocean_custom_logo_mobile_max_width":0,"ocean_custom_logo_max_height":0,"ocean_custom_logo_tablet_max_height":0,"ocean_custom_logo_mobile_max_height":0,"ocean_header_custom_menu":"0","ocean_menu_typo_font_family":"0","ocean_menu_typo_font_subset":"","ocean_menu_typo_font_size":0,"ocean_menu_typo_font_size_tablet":0,"ocean_menu_typo_font_size_mobile":0,"ocean_menu_typo_font_size_unit":"px","ocean_menu_typo_font_weight":"","ocean_menu_typo_font_weight_tablet":"","ocean_menu_typo_font_weight_mobile":"","ocean_menu_typo_transform":"","ocean_menu_typo_transform_tablet":"","ocean_menu_typo_transform_mobile":"","ocean_menu_typo_line_height":0,"ocean_menu_typo_line_height_tablet":0,"ocean_menu_typo_line_height_mobile":0,"ocean_menu_typo_line_height_unit":"","ocean_menu_typo_spacing":0,"ocean_menu_typo_spacing_tablet":0,"ocean_menu_typo_spacing_mobile":0,"ocean_menu_typo_spacing_unit":"","ocean_menu_link_color":"","ocean_menu_link_color_hover":"","ocean_menu_link_color_active":"","ocean_menu_link_background":"","ocean_menu_link_hover_background":"","ocean_menu_link_active_background":"","ocean_menu_social_links_bg":"","ocean_menu_social_hover_links_bg":"","ocean_menu_social_links_color":"","ocean_menu_social_hover_links_color":"","ocean_disable_title":"default","ocean_disable_heading":"default","ocean_post_title":"","ocean_post_subheading":"","ocean_post_title_style":"","ocean_post_title_background_color":"","ocean_post_title_background":0,"ocean_post_title_bg_image_position":"","ocean_post_title_bg_image_attachment":"","ocean_post_title_bg_image_repeat":"","ocean_post_title_bg_image_size":"","ocean_post_title_height":0,"ocean_post_title_bg_overlay":0.5,"ocean_post_title_bg_overlay_color":"","ocean_disable_breadcrumbs":"default","ocean_breadcrumbs_color":"","ocean_breadcrumbs_separator_color":"","ocean_breadcrumbs_links_color":"","ocean_breadcrumbs_links_hover_color":"","ocean_display_footer_widgets":"default","ocean_display_footer_bottom":"default","ocean_custom_footer_template":"0"},"product_brand":[],"product_cat":[20,66],"product_tag":[175],"giftcard-category":[],"class_list":{"0":"post-151","1":"product","2":"type-product","3":"status-publish","4":"has-post-thumbnail","6":"product_cat-aksesoari","7":"product_cat-bronejiletki-za-kucheta","8":"product_tag-hunter-george","10":"entry","11":"has-media","13":"first","14":"instock","15":"taxable","16":"shipping-taxable","17":"purchasable","18":"product-type-variable","19":"col","20":"span_1_of_3","21":"owp-content-center","22":"item-entry","23":"owp-thumbs-layout-horizontal","24":"owp-btn-normal","25":"owp-tabs-layout-vertical","26":"circle-sale"},"exclude_global_add_ons":[],"addons":[],"yoast_head":"\n<title>\u0421\u0438\u0433\u043d\u0430\u043b\u043d\u0430 \u0436\u0438\u043b\u0435\u0442\u043a\u0430 \u0437\u0430 \u043a\u0443\u0447\u0435 | HunterGeorge<\/title>\n<meta name=\"description\" content=\"\u041f\u043e\u0440\u044a\u0447\u0430\u0439 \u0441\u0438\u0433\u043d\u0430\u043b\u043d\u0430 \u0436\u0438\u043b\u0435\u0442\u043a\u0430 \u0437\u0430 \u043a\u0443\u0447\u0435 \u043e\u0442 \u043e\u043d\u043b\u0430\u0439\u043d \u043c\u0430\u0433\u0430\u0437\u0438\u043d\u0430 \u043d\u0430 huntergeorge.org. \u041e\u0441\u0438\u0433\u0443\u0440\u0438 \u043e\u0442\u043b\u0438\u0447\u043d\u0430 \u043f\u0440\u043e\u0441\u043b\u0435\u0434\u0438\u043c\u043e\u0441\u0442 \u043d\u0430 \u0441\u0432\u043e\u0435\u0442\u043e \u043a\u0443\u0447\u0435. \u0414\u043e\u0432\u0435\u0440\u0438 \u0441\u0435 \u043d\u0430 \u043a\u0430\u0447\u0435\u0441\u0442\u0432\u043e\u0442\u043e!\" \/>\n<meta name=\"robots\" content=\"index, follow, max-snippet:-1, max-image-preview:large, max-video-preview:-1\" \/>\n<link rel=\"canonical\" href=\"https:\/\/huntergeorge.org\/de\/produkt\/signalna-jiletka-za-kuche\/\" \/>\n<meta property=\"og:locale\" content=\"de_DE\" \/>\n<meta property=\"og:type\" content=\"article\" \/>\n<meta property=\"og:title\" content=\"\u0421\u0438\u0433\u043d\u0430\u043b\u043d\u0430 \u0436\u0438\u043b\u0435\u0442\u043a\u0430 \u0437\u0430 \u043a\u0443\u0447\u0435\" \/>\n<meta property=\"og:description\" content=\"\u041f\u043e\u0440\u044a\u0447\u0430\u0439 \u0441\u0438\u0433\u043d\u0430\u043b\u043d\u0430 \u0436\u0438\u043b\u0435\u0442\u043a\u0430 \u0437\u0430 \u043a\u0443\u0447\u0435 \u043e\u0442 \u043e\u043d\u043b\u0430\u0439\u043d \u043c\u0430\u0433\u0430\u0437\u0438\u043d\u0430 \u043d\u0430 huntergeorge.org. \u041e\u0441\u0438\u0433\u0443\u0440\u0438 \u043e\u0442\u043b\u0438\u0447\u043d\u0430 \u043f\u0440\u043e\u0441\u043b\u0435\u0434\u0438\u043c\u043e\u0441\u0442 \u043d\u0430 \u0441\u0432\u043e\u0435\u0442\u043e \u043a\u0443\u0447\u0435. \u0414\u043e\u0432\u0435\u0440\u0438 \u0441\u0435 \u043d\u0430 \u043a\u0430\u0447\u0435\u0441\u0442\u0432\u043e\u0442\u043e!\" \/>\n<meta property=\"og:url\" content=\"https:\/\/huntergeorge.org\/de\/produkt\/signalna-jiletka-za-kuche\/\" \/>\n<meta property=\"og:site_name\" content=\"Hunter George\" \/>\n<meta property=\"article:publisher\" content=\"https:\/\/www.facebook.com\/huntergeorge.org\/\" \/>\n<meta property=\"article:modified_time\" content=\"2026-01-01T08:41:53+00:00\" \/>\n<meta property=\"og:image\" content=\"https:\/\/huntergeorge.org\/media\/2019\/10\/IMG_3292.jpg\" \/>\n\t<meta property=\"og:image:width\" content=\"1000\" \/>\n\t<meta property=\"og:image:height\" content=\"1000\" \/>\n\t<meta property=\"og:image:type\" content=\"image\/jpeg\" \/>\n<meta name=\"twitter:card\" content=\"summary_large_image\" \/>\n<meta name=\"twitter:label1\" content=\"Verf\u00fcgbarkeit\" \/>\n\t<meta name=\"twitter:data1\" content=\"Auf Lager\" \/>\n<script type=\"application\/ld+json\" class=\"yoast-schema-graph\">{\"@context\":\"https:\/\/schema.org\",\"@graph\":[{\"@type\":\"WebPage\",\"@id\":\"https:\/\/huntergeorge.org\/produkt\/signalna-jiletka-za-kuche\/\",\"url\":\"https:\/\/huntergeorge.org\/produkt\/signalna-jiletka-za-kuche\/\",\"name\":\"\u0421\u0438\u0433\u043d\u0430\u043b\u043d\u0430 \u0436\u0438\u043b\u0435\u0442\u043a\u0430 \u0437\u0430 \u043a\u0443\u0447\u0435 | HunterGeorge\",\"isPartOf\":{\"@id\":\"https:\/\/huntergeorge.org\/de\/#website\"},\"primaryImageOfPage\":{\"@id\":\"https:\/\/huntergeorge.org\/produkt\/signalna-jiletka-za-kuche\/#primaryimage\"},\"image\":{\"@id\":\"https:\/\/huntergeorge.org\/produkt\/signalna-jiletka-za-kuche\/#primaryimage\"},\"thumbnailUrl\":\"https:\/\/huntergeorge.org\/media\/2019\/10\/IMG_3292.jpg\",\"datePublished\":\"2019-10-01T08:39:27+00:00\",\"dateModified\":\"2026-01-01T08:41:53+00:00\",\"description\":\"\u041f\u043e\u0440\u044a\u0447\u0430\u0439 \u0441\u0438\u0433\u043d\u0430\u043b\u043d\u0430 \u0436\u0438\u043b\u0435\u0442\u043a\u0430 \u0437\u0430 \u043a\u0443\u0447\u0435 \u043e\u0442 \u043e\u043d\u043b\u0430\u0439\u043d \u043c\u0430\u0433\u0430\u0437\u0438\u043d\u0430 \u043d\u0430 huntergeorge.org. \u041e\u0441\u0438\u0433\u0443\u0440\u0438 \u043e\u0442\u043b\u0438\u0447\u043d\u0430 \u043f\u0440\u043e\u0441\u043b\u0435\u0434\u0438\u043c\u043e\u0441\u0442 \u043d\u0430 \u0441\u0432\u043e\u0435\u0442\u043e \u043a\u0443\u0447\u0435. \u0414\u043e\u0432\u0435\u0440\u0438 \u0441\u0435 \u043d\u0430 \u043a\u0430\u0447\u0435\u0441\u0442\u0432\u043e\u0442\u043e!\",\"breadcrumb\":{\"@id\":\"https:\/\/huntergeorge.org\/produkt\/signalna-jiletka-za-kuche\/#breadcrumb\"},\"inLanguage\":\"de\",\"potentialAction\":[{\"@type\":\"ReadAction\",\"target\":[\"https:\/\/huntergeorge.org\/produkt\/signalna-jiletka-za-kuche\/\"]}]},{\"@type\":\"ImageObject\",\"inLanguage\":\"de\",\"@id\":\"https:\/\/huntergeorge.org\/produkt\/signalna-jiletka-za-kuche\/#primaryimage\",\"url\":\"https:\/\/huntergeorge.org\/media\/2019\/10\/IMG_3292.jpg\",\"contentUrl\":\"https:\/\/huntergeorge.org\/media\/2019\/10\/IMG_3292.jpg\",\"width\":1000,\"height\":1000,\"caption\":\"\u0441\u0438\u0433\u043d\u0430\u043b\u043d\u0430-\u0436\u0438\u043b\u0435\u0442\u043a\u0430-\u0437\u0430-\u043a\u0443\u0447\u0435\"},{\"@type\":\"BreadcrumbList\",\"@id\":\"https:\/\/huntergeorge.org\/produkt\/signalna-jiletka-za-kuche\/#breadcrumb\",\"itemListElement\":[{\"@type\":\"ListItem\",\"position\":1,\"name\":\"Home\",\"item\":\"https:\/\/huntergeorge.org\/\"},{\"@type\":\"ListItem\",\"position\":2,\"name\":\"\u041f\u0440\u043e\u0434\u0443\u043a\u0442\u0438\",\"item\":\"https:\/\/huntergeorge.org\/products\/\"},{\"@type\":\"ListItem\",\"position\":3,\"name\":\"\u0421\u0438\u0433\u043d\u0430\u043b\u043d\u0430 \u0436\u0438\u043b\u0435\u0442\u043a\u0430 \u0437\u0430 \u043a\u0443\u0447\u0435\"}]},{\"@type\":\"WebSite\",\"@id\":\"https:\/\/huntergeorge.org\/de\/#website\",\"url\":\"https:\/\/huntergeorge.org\/de\/\",\"name\":\"Hunter George\",\"description\":\"\u0422\u0432\u043e\u044f\u0442 \u043c\u0430\u0433\u0430\u0437\u0438\u043d \u0437\u0430 \u043b\u043e\u0432\u043d\u0438 \u0430\u043a\u0441\u0435\u0441\u043e\u0430\u0440\u0438\",\"publisher\":{\"@id\":\"https:\/\/huntergeorge.org\/de\/#organization\"},\"potentialAction\":[{\"@type\":\"SearchAction\",\"target\":{\"@type\":\"EntryPoint\",\"urlTemplate\":\"https:\/\/huntergeorge.org\/de\/?s={search_term_string}\"},\"query-input\":{\"@type\":\"PropertyValueSpecification\",\"valueRequired\":true,\"valueName\":\"search_term_string\"}}],\"inLanguage\":\"de\"},{\"@type\":\"Organization\",\"@id\":\"https:\/\/huntergeorge.org\/de\/#organization\",\"name\":\"Hunter George\",\"url\":\"https:\/\/huntergeorge.org\/de\/\",\"logo\":{\"@type\":\"ImageObject\",\"inLanguage\":\"de\",\"@id\":\"https:\/\/huntergeorge.org\/de\/#\/schema\/logo\/image\/\",\"url\":\"https:\/\/huntergeorge.org\/media\/2022\/06\/hunter-george.jpg\",\"contentUrl\":\"https:\/\/huntergeorge.org\/media\/2022\/06\/hunter-george.jpg\",\"width\":1920,\"height\":1300,\"caption\":\"Hunter George\"},\"image\":{\"@id\":\"https:\/\/huntergeorge.org\/de\/#\/schema\/logo\/image\/\"},\"sameAs\":[\"https:\/\/www.facebook.com\/huntergeorge.org\/\",\"https:\/\/www.instagram.com\/huntergeorge_official\/\"]}]}<\/script>\n<meta property=\"product:brand\" content=\"Hunter George\" \/>\n<meta property=\"og:availability\" content=\"instock\" \/>\n<meta property=\"product:availability\" content=\"instock\" \/>\n<meta property=\"product:retailer_item_id\" content=\"HG-AKS-BR-102\" \/>\n<meta property=\"product:condition\" content=\"new\" \/>\n","yoast_head_json":{"title":"Signalweste f\u00fcr Hund | HunterGeorge","description":"Bestellen Sie eine Hundesignalweste im Online-Shop unter huntergeorge.org. Sorgen Sie f\u00fcr eine hervorragende R\u00fcckverfolgbarkeit f\u00fcr Ihren Hund. Vertrauen Sie auf die Qualit\u00e4t!","robots":{"index":"index","follow":"follow","max-snippet":"max-snippet:-1","max-image-preview":"max-image-preview:large","max-video-preview":"max-video-preview:-1"},"canonical":"https:\/\/huntergeorge.org\/de\/produkt\/signalna-jiletka-za-kuche\/","og_locale":"de_DE","og_type":"article","og_title":"\u0421\u0438\u0433\u043d\u0430\u043b\u043d\u0430 \u0436\u0438\u043b\u0435\u0442\u043a\u0430 \u0437\u0430 \u043a\u0443\u0447\u0435","og_description":"\u041f\u043e\u0440\u044a\u0447\u0430\u0439 \u0441\u0438\u0433\u043d\u0430\u043b\u043d\u0430 \u0436\u0438\u043b\u0435\u0442\u043a\u0430 \u0437\u0430 \u043a\u0443\u0447\u0435 \u043e\u0442 \u043e\u043d\u043b\u0430\u0439\u043d \u043c\u0430\u0433\u0430\u0437\u0438\u043d\u0430 \u043d\u0430 huntergeorge.org. \u041e\u0441\u0438\u0433\u0443\u0440\u0438 \u043e\u0442\u043b\u0438\u0447\u043d\u0430 \u043f\u0440\u043e\u0441\u043b\u0435\u0434\u0438\u043c\u043e\u0441\u0442 \u043d\u0430 \u0441\u0432\u043e\u0435\u0442\u043e \u043a\u0443\u0447\u0435. \u0414\u043e\u0432\u0435\u0440\u0438 \u0441\u0435 \u043d\u0430 \u043a\u0430\u0447\u0435\u0441\u0442\u0432\u043e\u0442\u043e!","og_url":"https:\/\/huntergeorge.org\/de\/produkt\/signalna-jiletka-za-kuche\/","og_site_name":"Hunter George","article_publisher":"https:\/\/www.facebook.com\/huntergeorge.org\/","article_modified_time":"2026-01-01T08:41:53+00:00","og_image":[{"width":1000,"height":1000,"url":"https:\/\/huntergeorge.org\/media\/2019\/10\/IMG_3292.jpg","type":"image\/jpeg"}],"twitter_card":"summary_large_image","twitter_misc":{"Verf\u00fcgbarkeit":"Auf Lager"},"schema":{"@context":"https:\/\/schema.org","@graph":[{"@type":"WebPage","@id":"https:\/\/huntergeorge.org\/produkt\/signalna-jiletka-za-kuche\/","url":"https:\/\/huntergeorge.org\/produkt\/signalna-jiletka-za-kuche\/","name":"Signalweste f\u00fcr Hund | HunterGeorge","isPartOf":{"@id":"https:\/\/huntergeorge.org\/de\/#website"},"primaryImageOfPage":{"@id":"https:\/\/huntergeorge.org\/produkt\/signalna-jiletka-za-kuche\/#primaryimage"},"image":{"@id":"https:\/\/huntergeorge.org\/produkt\/signalna-jiletka-za-kuche\/#primaryimage"},"thumbnailUrl":"https:\/\/huntergeorge.org\/media\/2019\/10\/IMG_3292.jpg","datePublished":"2019-10-01T08:39:27+00:00","dateModified":"2026-01-01T08:41:53+00:00","description":"Bestellen Sie eine Hundesignalweste im Online-Shop unter huntergeorge.org. Sorgen Sie f\u00fcr eine hervorragende R\u00fcckverfolgbarkeit f\u00fcr Ihren Hund. Vertrauen Sie auf die Qualit\u00e4t!","breadcrumb":{"@id":"https:\/\/huntergeorge.org\/produkt\/signalna-jiletka-za-kuche\/#breadcrumb"},"inLanguage":"de","potentialAction":[{"@type":"ReadAction","target":["https:\/\/huntergeorge.org\/produkt\/signalna-jiletka-za-kuche\/"]}]},{"@type":"ImageObject","inLanguage":"de","@id":"https:\/\/huntergeorge.org\/produkt\/signalna-jiletka-za-kuche\/#primaryimage","url":"https:\/\/huntergeorge.org\/media\/2019\/10\/IMG_3292.jpg","contentUrl":"https:\/\/huntergeorge.org\/media\/2019\/10\/IMG_3292.jpg","width":1000,"height":1000,"caption":"\u0441\u0438\u0433\u043d\u0430\u043b\u043d\u0430-\u0436\u0438\u043b\u0435\u0442\u043a\u0430-\u0437\u0430-\u043a\u0443\u0447\u0435"},{"@type":"BreadcrumbList","@id":"https:\/\/huntergeorge.org\/produkt\/signalna-jiletka-za-kuche\/#breadcrumb","itemListElement":[{"@type":"ListItem","position":1,"name":"Home","item":"https:\/\/huntergeorge.org\/"},{"@type":"ListItem","position":2,"name":"\u041f\u0440\u043e\u0434\u0443\u043a\u0442\u0438","item":"https:\/\/huntergeorge.org\/products\/"},{"@type":"ListItem","position":3,"name":"\u0421\u0438\u0433\u043d\u0430\u043b\u043d\u0430 \u0436\u0438\u043b\u0435\u0442\u043a\u0430 \u0437\u0430 \u043a\u0443\u0447\u0435"}]},{"@type":"WebSite","@id":"https:\/\/huntergeorge.org\/de\/#website","url":"https:\/\/huntergeorge.org\/de\/","name":"J\u00e4ger George","description":"Ihr Shop f\u00fcr Jagdzubeh\u00f6r","publisher":{"@id":"https:\/\/huntergeorge.org\/de\/#organization"},"potentialAction":[{"@type":"SearchAction","target":{"@type":"EntryPoint","urlTemplate":"https:\/\/huntergeorge.org\/de\/?s={search_term_string}"},"query-input":{"@type":"PropertyValueSpecification","valueRequired":true,"valueName":"search_term_string"}}],"inLanguage":"de"},{"@type":"Organization","@id":"https:\/\/huntergeorge.org\/de\/#organization","name":"J\u00e4ger George","url":"https:\/\/huntergeorge.org\/de\/","logo":{"@type":"ImageObject","inLanguage":"de","@id":"https:\/\/huntergeorge.org\/de\/#\/schema\/logo\/image\/","url":"https:\/\/huntergeorge.org\/media\/2022\/06\/hunter-george.jpg","contentUrl":"https:\/\/huntergeorge.org\/media\/2022\/06\/hunter-george.jpg","width":1920,"height":1300,"caption":"Hunter George"},"image":{"@id":"https:\/\/huntergeorge.org\/de\/#\/schema\/logo\/image\/"},"sameAs":["https:\/\/www.facebook.com\/huntergeorge.org\/","https:\/\/www.instagram.com\/huntergeorge_official\/"]}]},"product_brand":"Hunter George","og_availability":"instock","product_availability":"instock","product_retailer_item_id":"HG-AKS-BR-102","product_condition":"new"},"_links":{"self":[{"href":"https:\/\/huntergeorge.org\/de\/wp-json\/wp\/v2\/product\/151","targetHints":{"allow":["GET"]}}],"collection":[{"href":"https:\/\/huntergeorge.org\/de\/wp-json\/wp\/v2\/product"}],"about":[{"href":"https:\/\/huntergeorge.org\/de\/wp-json\/wp\/v2\/types\/product"}],"replies":[{"embeddable":true,"href":"https:\/\/huntergeorge.org\/de\/wp-json\/wp\/v2\/comments?post=151"}],"wp:featuredmedia":[{"embeddable":true,"href":"https:\/\/huntergeorge.org\/de\/wp-json\/wp\/v2\/media\/157"}],"wp:attachment":[{"href":"https:\/\/huntergeorge.org\/de\/wp-json\/wp\/v2\/media?parent=151"}],"wp:term":[{"taxonomy":"product_brand","embeddable":true,"href":"https:\/\/huntergeorge.org\/de\/wp-json\/wp\/v2\/product_brand?post=151"},{"taxonomy":"product_cat","embeddable":true,"href":"https:\/\/huntergeorge.org\/de\/wp-json\/wp\/v2\/product_cat?post=151"},{"taxonomy":"product_tag","embeddable":true,"href":"https:\/\/huntergeorge.org\/de\/wp-json\/wp\/v2\/product_tag?post=151"},{"taxonomy":"giftcard-category","embeddable":true,"href":"https:\/\/huntergeorge.org\/de\/wp-json\/wp\/v2\/giftcard-category?post=151"}],"curies":[{"name":"wp","href":"https:\/\/api.w.org\/{rel}","templated":true}]}}