{"id":12875,"date":"2026-03-26T09:41:13","date_gmt":"2026-03-26T09:41:13","guid":{"rendered":"https:\/\/huntergeorge.org\/produkt\/zimna-shapka-malte\/"},"modified":"2026-03-26T09:52:22","modified_gmt":"2026-03-26T09:52:22","slug":"%d0%b7%d0%b8%d0%bc%d0%bd%d0%b0-%d1%88%d0%b0%d0%bf%d0%ba%d0%b0-%d0%bc%d0%b0%d0%bb%d1%82%d0%b5","status":"publish","type":"product","link":"https:\/\/huntergeorge.org\/de\/produkt\/%d0%b7%d0%b8%d0%bc%d0%bd%d0%b0-%d1%88%d0%b0%d0%bf%d0%ba%d0%b0-%d0%bc%d0%b0%d0%bb%d1%82%d0%b5\/","title":{"rendered":"WINTERM\u00dcTZE MALTE"},"content":{"rendered":"<p><span style=\"font-weight: 400;\">\u0421\u043f\u0435\u0446\u0438\u0430\u043b\u043d\u043e \u0441\u044a\u0437\u0434\u0430\u0434\u0435\u043d\u0430 \u0437\u0430 <\/span><b>\u0437\u0438\u043c\u043d\u0438 \u0443\u0441\u043b\u043e\u0432\u0438\u044f,<\/b> \u0448\u0430\u043f\u043a\u0430\u0442\u0430 \u041c\u0430\u043b\u0442\u0435 \u0435 \u0442\u043e\u0432\u0430, \u043e\u0442 \u043a\u043e\u0435\u0442\u043e \u0441\u0435 \u043d\u0443\u0436\u0434\u0430\u0435\u0442\u0435 \u0432 <b>\u0441\u0442\u0443\u0434\u0435\u043d\u0438\u0442\u0435, \u0432\u0435\u0442\u0440\u043e\u0432\u0438\u0442\u0438 \u0437\u0438\u043c\u043d\u0438 \u0434\u043d\u0438<\/b>.&nbsp;<\/p>\n<p style=\"font-weight: 400;\"><strong><strong>PRODUKTPFLEGE<\/strong><\/strong><\/p>\n<p style=\"font-weight: 400;\">Um die Qualit\u00e4t dieses Produkts l\u00e4nger zu erhalten, empfehlen wir Ihnen, diese Pflege- und Wartungshinweise zu beachten:&nbsp;<\/p>\n<ul style=\"font-weight: 400;\">\n<li>H\u00e4ndewaschen<\/li>\n<li>Kein Bleichmittel verwenden<\/li>\n<li>Nicht b\u00fcgeln<\/li>\n<li>Chemische Reinigung ist verboten<\/li>\n<li>Form nach dem Waschen<\/li>\n<\/ul>\n<p>&nbsp;<\/p>","protected":false},"excerpt":{"rendered":"<p>\u0421\u043f\u0435\u0446\u0438\u0430\u043b\u043d\u043e \u0441\u044a\u0437\u0434\u0430\u0434\u0435\u043d\u0430 \u0437\u0430 \u0437\u0438\u043c\u043d\u0438 \u0443\u0441\u043b\u043e\u0432\u0438\u044f, \u0448\u0430\u043f\u043a\u0430\u0442\u0430 \u041c\u0430\u043b\u0442\u0435 \u0435 \u0442\u043e\u0432\u0430, \u043e\u0442 \u043a\u043e\u0435\u0442\u043e \u0441\u0435 \u043d\u0443\u0436\u0434\u0430\u0435\u0442\u0435 \u0432 \u0441\u0442\u0443\u0434\u0435\u043d\u0438\u0442\u0435, \u0432\u0435\u0442\u0440\u043e\u0432\u0438\u0442\u0438 \u0437\u0438\u043c\u043d\u0438 \u0434\u043d\u0438.<\/p>","protected":false},"featured_media":12876,"comment_status":"closed","ping_status":"closed","template":"","meta":{"ocean_post_layout":"","ocean_both_sidebars_style":"","ocean_both_sidebars_content_width":0,"ocean_both_sidebars_sidebars_width":0,"ocean_sidebar":"","ocean_second_sidebar":"","ocean_disable_margins":"enable","ocean_add_body_class":"","ocean_shortcode_before_top_bar":"","ocean_shortcode_after_top_bar":"","ocean_shortcode_before_header":"","ocean_shortcode_after_header":"","ocean_has_shortcode":"","ocean_shortcode_after_title":"","ocean_shortcode_before_footer_widgets":"","ocean_shortcode_after_footer_widgets":"","ocean_shortcode_before_footer_bottom":"","ocean_shortcode_after_footer_bottom":"","ocean_display_top_bar":"default","ocean_display_header":"default","ocean_header_style":"","ocean_center_header_left_menu":"","ocean_custom_header_template":"","ocean_custom_logo":0,"ocean_custom_retina_logo":0,"ocean_custom_logo_max_width":0,"ocean_custom_logo_tablet_max_width":0,"ocean_custom_logo_mobile_max_width":0,"ocean_custom_logo_max_height":0,"ocean_custom_logo_tablet_max_height":0,"ocean_custom_logo_mobile_max_height":0,"ocean_header_custom_menu":"","ocean_menu_typo_font_family":"","ocean_menu_typo_font_subset":"","ocean_menu_typo_font_size":0,"ocean_menu_typo_font_size_tablet":0,"ocean_menu_typo_font_size_mobile":0,"ocean_menu_typo_font_size_unit":"px","ocean_menu_typo_font_weight":"","ocean_menu_typo_font_weight_tablet":"","ocean_menu_typo_font_weight_mobile":"","ocean_menu_typo_transform":"","ocean_menu_typo_transform_tablet":"","ocean_menu_typo_transform_mobile":"","ocean_menu_typo_line_height":0,"ocean_menu_typo_line_height_tablet":0,"ocean_menu_typo_line_height_mobile":0,"ocean_menu_typo_line_height_unit":"","ocean_menu_typo_spacing":0,"ocean_menu_typo_spacing_tablet":0,"ocean_menu_typo_spacing_mobile":0,"ocean_menu_typo_spacing_unit":"","ocean_menu_link_color":"","ocean_menu_link_color_hover":"","ocean_menu_link_color_active":"","ocean_menu_link_background":"","ocean_menu_link_hover_background":"","ocean_menu_link_active_background":"","ocean_menu_social_links_bg":"","ocean_menu_social_hover_links_bg":"","ocean_menu_social_links_color":"","ocean_menu_social_hover_links_color":"","ocean_disable_title":"default","ocean_disable_heading":"default","ocean_post_title":"","ocean_post_subheading":"","ocean_post_title_style":"","ocean_post_title_background_color":"","ocean_post_title_background":0,"ocean_post_title_bg_image_position":"","ocean_post_title_bg_image_attachment":"","ocean_post_title_bg_image_repeat":"","ocean_post_title_bg_image_size":"","ocean_post_title_height":0,"ocean_post_title_bg_overlay":0.5,"ocean_post_title_bg_overlay_color":"","ocean_disable_breadcrumbs":"default","ocean_breadcrumbs_color":"","ocean_breadcrumbs_separator_color":"","ocean_breadcrumbs_links_color":"","ocean_breadcrumbs_links_hover_color":"","ocean_display_footer_widgets":"default","ocean_display_footer_bottom":"default","ocean_custom_footer_template":""},"product_brand":[],"product_cat":[124,65],"product_tag":[],"giftcard-category":[],"class_list":{"0":"post-12875","1":"product","2":"type-product","3":"status-publish","4":"has-post-thumbnail","6":"product_cat-obleklo","7":"product_cat-shapki","9":"entry","10":"has-media","12":"first","13":"instock","14":"purchasable","15":"product-type-simple","16":"col","17":"span_1_of_3","18":"owp-content-center","19":"item-entry","20":"owp-thumbs-layout-horizontal","21":"owp-btn-normal","22":"owp-tabs-layout-vertical","23":"circle-sale"},"exclude_global_add_ons":[],"addons":[],"yoast_head":"\n<title>\u0417\u0418\u041c\u041d\u0410 \u0428\u0410\u041f\u041a\u0410 \u041c\u0410\u041b\u0422\u0415 | Hunter George<\/title>\n<meta name=\"description\" content=\"\ufeff\u0421\u043f\u0435\u0446\u0438\u0430\u043b\u043d\u043e \u0441\u044a\u0437\u0434\u0430\u0434\u0435\u043d\u0430 \u0437\u0430 \u0437\u0438\u043c\u043d\u0438 \u0443\u0441\u043b\u043e\u0432\u0438\u044f, \u0448\u0430\u043f\u043a\u0430\u0442\u0430 \u041c\u0430\u043b\u0442\u0435 \u0435 \u0442\u043e\u0432\u0430, \u043e\u0442 \u043a\u043e\u0435\u0442\u043e \u0441\u0435 \u043d\u0443\u0436\u0434\u0430\u0435\u0442\u0435 \u0432 \u0441\u0442\u0443\u0434\u0435\u043d\u0438\u0442\u0435, \u0432\u0435\u0442\u0440\u043e\u0432\u0438\u0442\u0438 \u0437\u0438\u043c\u043d\u0438 \u0434\u043d\u0438.\" \/>\n<meta name=\"robots\" content=\"index, follow, max-snippet:-1, max-image-preview:large, max-video-preview:-1\" \/>\n<link rel=\"canonical\" href=\"https:\/\/huntergeorge.org\/de\/produkt\/\u0437\u0438\u043c\u043d\u0430-\u0448\u0430\u043f\u043a\u0430-\u043c\u0430\u043b\u0442\u0435\/\" \/>\n<meta property=\"og:locale\" content=\"de_DE\" \/>\n<meta property=\"og:type\" content=\"article\" \/>\n<meta property=\"og:title\" content=\"| Hunter George\" \/>\n<meta property=\"og:description\" content=\"\ufeff\u0421\u043f\u0435\u0446\u0438\u0430\u043b\u043d\u043e \u0441\u044a\u0437\u0434\u0430\u0434\u0435\u043d\u0430 \u0437\u0430 \u0437\u0438\u043c\u043d\u0438 \u0443\u0441\u043b\u043e\u0432\u0438\u044f, \u0448\u0430\u043f\u043a\u0430\u0442\u0430 \u041c\u0430\u043b\u0442\u0435 \u0435 \u0442\u043e\u0432\u0430, \u043e\u0442 \u043a\u043e\u0435\u0442\u043e \u0441\u0435 \u043d\u0443\u0436\u0434\u0430\u0435\u0442\u0435 \u0432 \u0441\u0442\u0443\u0434\u0435\u043d\u0438\u0442\u0435, \u0432\u0435\u0442\u0440\u043e\u0432\u0438\u0442\u0438 \u0437\u0438\u043c\u043d\u0438 \u0434\u043d\u0438.\" \/>\n<meta property=\"og:url\" content=\"https:\/\/huntergeorge.org\/de\/produkt\/\u0437\u0438\u043c\u043d\u0430-\u0448\u0430\u043f\u043a\u0430-\u043c\u0430\u043b\u0442\u0435\/\" \/>\n<meta property=\"og:site_name\" content=\"Hunter George\" \/>\n<meta property=\"article:publisher\" content=\"https:\/\/www.facebook.com\/huntergeorge.org\/\" \/>\n<meta property=\"article:modified_time\" content=\"2026-03-26T09:52:22+00:00\" \/>\n<meta property=\"og:image\" content=\"https:\/\/huntergeorge.org\/media\/2024\/03\/chameleon-hunting-kafyava-zimna-shapka-za-lov-2.jpg\" \/>\n\t<meta property=\"og:image:width\" content=\"737\" \/>\n\t<meta property=\"og:image:height\" content=\"737\" \/>\n\t<meta property=\"og:image:type\" content=\"image\/jpeg\" \/>\n<meta name=\"twitter:card\" content=\"summary_large_image\" \/>\n<meta name=\"twitter:title\" content=\"\u0417\u0418\u041c\u041d\u0410 \u0428\u0410\u041f\u041a\u0410 \u041c\u0410\u041b\u0422\u0415\" \/>\n<meta name=\"twitter:label1\" content=\"Preis\" \/>\n\t<meta name=\"twitter:data1\" content=\"17.00&euro;\" \/>\n\t<meta name=\"twitter:label2\" content=\"Verf\u00fcgbarkeit\" \/>\n\t<meta name=\"twitter:data2\" content=\"Auf Lager\" \/>\n<script type=\"application\/ld+json\" class=\"yoast-schema-graph\">{\"@context\":\"https:\/\/schema.org\",\"@graph\":[{\"@type\":\"WebPage\",\"@id\":\"https:\/\/huntergeorge.org\/produkt\/%d0%b7%d0%b8%d0%bc%d0%bd%d0%b0-%d1%88%d0%b0%d0%bf%d0%ba%d0%b0-%d0%bc%d0%b0%d0%bb%d1%82%d0%b5\/\",\"url\":\"https:\/\/huntergeorge.org\/produkt\/%d0%b7%d0%b8%d0%bc%d0%bd%d0%b0-%d1%88%d0%b0%d0%bf%d0%ba%d0%b0-%d0%bc%d0%b0%d0%bb%d1%82%d0%b5\/\",\"name\":\"\u0417\u0418\u041c\u041d\u0410 \u0428\u0410\u041f\u041a\u0410 \u041c\u0410\u041b\u0422\u0415 | Hunter George\",\"isPartOf\":{\"@id\":\"https:\/\/huntergeorge.org\/de\/#website\"},\"primaryImageOfPage\":{\"@id\":\"https:\/\/huntergeorge.org\/produkt\/%d0%b7%d0%b8%d0%bc%d0%bd%d0%b0-%d1%88%d0%b0%d0%bf%d0%ba%d0%b0-%d0%bc%d0%b0%d0%bb%d1%82%d0%b5\/#primaryimage\"},\"image\":{\"@id\":\"https:\/\/huntergeorge.org\/produkt\/%d0%b7%d0%b8%d0%bc%d0%bd%d0%b0-%d1%88%d0%b0%d0%bf%d0%ba%d0%b0-%d0%bc%d0%b0%d0%bb%d1%82%d0%b5\/#primaryimage\"},\"thumbnailUrl\":\"https:\/\/huntergeorge.org\/media\/2024\/03\/chameleon-hunting-kafyava-zimna-shapka-za-lov-2.jpg\",\"datePublished\":\"2026-03-26T09:41:13+00:00\",\"dateModified\":\"2026-03-26T09:52:22+00:00\",\"description\":\"\ufeff\u0421\u043f\u0435\u0446\u0438\u0430\u043b\u043d\u043e \u0441\u044a\u0437\u0434\u0430\u0434\u0435\u043d\u0430 \u0437\u0430 \u0437\u0438\u043c\u043d\u0438 \u0443\u0441\u043b\u043e\u0432\u0438\u044f, \u0448\u0430\u043f\u043a\u0430\u0442\u0430 \u041c\u0430\u043b\u0442\u0435 \u0435 \u0442\u043e\u0432\u0430, \u043e\u0442 \u043a\u043e\u0435\u0442\u043e \u0441\u0435 \u043d\u0443\u0436\u0434\u0430\u0435\u0442\u0435 \u0432 \u0441\u0442\u0443\u0434\u0435\u043d\u0438\u0442\u0435, \u0432\u0435\u0442\u0440\u043e\u0432\u0438\u0442\u0438 \u0437\u0438\u043c\u043d\u0438 \u0434\u043d\u0438.\",\"breadcrumb\":{\"@id\":\"https:\/\/huntergeorge.org\/produkt\/%d0%b7%d0%b8%d0%bc%d0%bd%d0%b0-%d1%88%d0%b0%d0%bf%d0%ba%d0%b0-%d0%bc%d0%b0%d0%bb%d1%82%d0%b5\/#breadcrumb\"},\"inLanguage\":\"de\",\"potentialAction\":[{\"@type\":\"ReadAction\",\"target\":[\"https:\/\/huntergeorge.org\/produkt\/%d0%b7%d0%b8%d0%bc%d0%bd%d0%b0-%d1%88%d0%b0%d0%bf%d0%ba%d0%b0-%d0%bc%d0%b0%d0%bb%d1%82%d0%b5\/\"]}]},{\"@type\":\"ImageObject\",\"inLanguage\":\"de\",\"@id\":\"https:\/\/huntergeorge.org\/produkt\/%d0%b7%d0%b8%d0%bc%d0%bd%d0%b0-%d1%88%d0%b0%d0%bf%d0%ba%d0%b0-%d0%bc%d0%b0%d0%bb%d1%82%d0%b5\/#primaryimage\",\"url\":\"https:\/\/huntergeorge.org\/media\/2024\/03\/chameleon-hunting-kafyava-zimna-shapka-za-lov-2.jpg\",\"contentUrl\":\"https:\/\/huntergeorge.org\/media\/2024\/03\/chameleon-hunting-kafyava-zimna-shapka-za-lov-2.jpg\",\"width\":737,\"height\":737,\"caption\":\"zimna-shapka-malte\"},{\"@type\":\"BreadcrumbList\",\"@id\":\"https:\/\/huntergeorge.org\/produkt\/%d0%b7%d0%b8%d0%bc%d0%bd%d0%b0-%d1%88%d0%b0%d0%bf%d0%ba%d0%b0-%d0%bc%d0%b0%d0%bb%d1%82%d0%b5\/#breadcrumb\",\"itemListElement\":[{\"@type\":\"ListItem\",\"position\":1,\"name\":\"Home\",\"item\":\"https:\/\/huntergeorge.org\/\"},{\"@type\":\"ListItem\",\"position\":2,\"name\":\"\u041f\u0440\u043e\u0434\u0443\u043a\u0442\u0438\",\"item\":\"https:\/\/huntergeorge.org\/products\/\"},{\"@type\":\"ListItem\",\"position\":3,\"name\":\"\u0417\u0418\u041c\u041d\u0410 \u0428\u0410\u041f\u041a\u0410 \u041c\u0410\u041b\u0422\u0415\"}]},{\"@type\":\"WebSite\",\"@id\":\"https:\/\/huntergeorge.org\/de\/#website\",\"url\":\"https:\/\/huntergeorge.org\/de\/\",\"name\":\"Hunter George\",\"description\":\"\u0422\u0432\u043e\u044f\u0442 \u043c\u0430\u0433\u0430\u0437\u0438\u043d \u0437\u0430 \u043b\u043e\u0432\u043d\u0438 \u0430\u043a\u0441\u0435\u0441\u043e\u0430\u0440\u0438\",\"publisher\":{\"@id\":\"https:\/\/huntergeorge.org\/de\/#organization\"},\"potentialAction\":[{\"@type\":\"SearchAction\",\"target\":{\"@type\":\"EntryPoint\",\"urlTemplate\":\"https:\/\/huntergeorge.org\/de\/?s={search_term_string}\"},\"query-input\":{\"@type\":\"PropertyValueSpecification\",\"valueRequired\":true,\"valueName\":\"search_term_string\"}}],\"inLanguage\":\"de\"},{\"@type\":\"Organization\",\"@id\":\"https:\/\/huntergeorge.org\/de\/#organization\",\"name\":\"Hunter George\",\"url\":\"https:\/\/huntergeorge.org\/de\/\",\"logo\":{\"@type\":\"ImageObject\",\"inLanguage\":\"de\",\"@id\":\"https:\/\/huntergeorge.org\/de\/#\/schema\/logo\/image\/\",\"url\":\"https:\/\/huntergeorge.org\/media\/2022\/06\/hunter-george.jpg\",\"contentUrl\":\"https:\/\/huntergeorge.org\/media\/2022\/06\/hunter-george.jpg\",\"width\":1920,\"height\":1300,\"caption\":\"Hunter George\"},\"image\":{\"@id\":\"https:\/\/huntergeorge.org\/de\/#\/schema\/logo\/image\/\"},\"sameAs\":[\"https:\/\/www.facebook.com\/huntergeorge.org\/\",\"https:\/\/www.instagram.com\/huntergeorge_official\/\"]}]}<\/script>\n<meta property=\"product:brand\" content=\"Chameleon Hunting\" \/>\n<meta property=\"product:price:amount\" content=\"17.00\" \/>\n<meta property=\"product:price:currency\" content=\"EUR\" \/>\n<meta property=\"og:availability\" content=\"instock\" \/>\n<meta property=\"product:availability\" content=\"instock\" \/>\n<meta property=\"product:retailer_item_id\" content=\"WB-MALTHE-BR\" \/>\n<meta property=\"product:condition\" content=\"new\" \/>\n","yoast_head_json":{"title":"WINTERM\u00dcTZE MALTE | Hunter George","description":"\ufeff\u0421\u043f\u0435\u0446\u0438\u0430\u043b\u043d\u043e \u0441\u044a\u0437\u0434\u0430\u0434\u0435\u043d\u0430 \u0437\u0430 \u0437\u0438\u043c\u043d\u0438 \u0443\u0441\u043b\u043e\u0432\u0438\u044f, \u0448\u0430\u043f\u043a\u0430\u0442\u0430 \u041c\u0430\u043b\u0442\u0435 \u0435 \u0442\u043e\u0432\u0430, \u043e\u0442 \u043a\u043e\u0435\u0442\u043e \u0441\u0435 \u043d\u0443\u0436\u0434\u0430\u0435\u0442\u0435 \u0432 \u0441\u0442\u0443\u0434\u0435\u043d\u0438\u0442\u0435, \u0432\u0435\u0442\u0440\u043e\u0432\u0438\u0442\u0438 \u0437\u0438\u043c\u043d\u0438 \u0434\u043d\u0438.","robots":{"index":"index","follow":"follow","max-snippet":"max-snippet:-1","max-image-preview":"max-image-preview:large","max-video-preview":"max-video-preview:-1"},"canonical":"https:\/\/huntergeorge.org\/de\/produkt\/\u0437\u0438\u043c\u043d\u0430-\u0448\u0430\u043f\u043a\u0430-\u043c\u0430\u043b\u0442\u0435\/","og_locale":"de_DE","og_type":"article","og_title":"| Hunter George","og_description":"\ufeff\u0421\u043f\u0435\u0446\u0438\u0430\u043b\u043d\u043e \u0441\u044a\u0437\u0434\u0430\u0434\u0435\u043d\u0430 \u0437\u0430 \u0437\u0438\u043c\u043d\u0438 \u0443\u0441\u043b\u043e\u0432\u0438\u044f, \u0448\u0430\u043f\u043a\u0430\u0442\u0430 \u041c\u0430\u043b\u0442\u0435 \u0435 \u0442\u043e\u0432\u0430, \u043e\u0442 \u043a\u043e\u0435\u0442\u043e \u0441\u0435 \u043d\u0443\u0436\u0434\u0430\u0435\u0442\u0435 \u0432 \u0441\u0442\u0443\u0434\u0435\u043d\u0438\u0442\u0435, \u0432\u0435\u0442\u0440\u043e\u0432\u0438\u0442\u0438 \u0437\u0438\u043c\u043d\u0438 \u0434\u043d\u0438.","og_url":"https:\/\/huntergeorge.org\/de\/produkt\/\u0437\u0438\u043c\u043d\u0430-\u0448\u0430\u043f\u043a\u0430-\u043c\u0430\u043b\u0442\u0435\/","og_site_name":"Hunter George","article_publisher":"https:\/\/www.facebook.com\/huntergeorge.org\/","article_modified_time":"2026-03-26T09:52:22+00:00","og_image":[{"width":737,"height":737,"url":"https:\/\/huntergeorge.org\/media\/2024\/03\/chameleon-hunting-kafyava-zimna-shapka-za-lov-2.jpg","type":"image\/jpeg"}],"twitter_card":"summary_large_image","twitter_title":"\u0417\u0418\u041c\u041d\u0410 \u0428\u0410\u041f\u041a\u0410 \u041c\u0410\u041b\u0422\u0415","twitter_misc":{"Preis":"17.00&euro;","Verf\u00fcgbarkeit":"Auf Lager"},"schema":{"@context":"https:\/\/schema.org","@graph":[{"@type":"WebPage","@id":"https:\/\/huntergeorge.org\/produkt\/%d0%b7%d0%b8%d0%bc%d0%bd%d0%b0-%d1%88%d0%b0%d0%bf%d0%ba%d0%b0-%d0%bc%d0%b0%d0%bb%d1%82%d0%b5\/","url":"https:\/\/huntergeorge.org\/produkt\/%d0%b7%d0%b8%d0%bc%d0%bd%d0%b0-%d1%88%d0%b0%d0%bf%d0%ba%d0%b0-%d0%bc%d0%b0%d0%bb%d1%82%d0%b5\/","name":"WINTERM\u00dcTZE MALTE | Hunter George","isPartOf":{"@id":"https:\/\/huntergeorge.org\/de\/#website"},"primaryImageOfPage":{"@id":"https:\/\/huntergeorge.org\/produkt\/%d0%b7%d0%b8%d0%bc%d0%bd%d0%b0-%d1%88%d0%b0%d0%bf%d0%ba%d0%b0-%d0%bc%d0%b0%d0%bb%d1%82%d0%b5\/#primaryimage"},"image":{"@id":"https:\/\/huntergeorge.org\/produkt\/%d0%b7%d0%b8%d0%bc%d0%bd%d0%b0-%d1%88%d0%b0%d0%bf%d0%ba%d0%b0-%d0%bc%d0%b0%d0%bb%d1%82%d0%b5\/#primaryimage"},"thumbnailUrl":"https:\/\/huntergeorge.org\/media\/2024\/03\/chameleon-hunting-kafyava-zimna-shapka-za-lov-2.jpg","datePublished":"2026-03-26T09:41:13+00:00","dateModified":"2026-03-26T09:52:22+00:00","description":"\ufeff\u0421\u043f\u0435\u0446\u0438\u0430\u043b\u043d\u043e \u0441\u044a\u0437\u0434\u0430\u0434\u0435\u043d\u0430 \u0437\u0430 \u0437\u0438\u043c\u043d\u0438 \u0443\u0441\u043b\u043e\u0432\u0438\u044f, \u0448\u0430\u043f\u043a\u0430\u0442\u0430 \u041c\u0430\u043b\u0442\u0435 \u0435 \u0442\u043e\u0432\u0430, \u043e\u0442 \u043a\u043e\u0435\u0442\u043e \u0441\u0435 \u043d\u0443\u0436\u0434\u0430\u0435\u0442\u0435 \u0432 \u0441\u0442\u0443\u0434\u0435\u043d\u0438\u0442\u0435, \u0432\u0435\u0442\u0440\u043e\u0432\u0438\u0442\u0438 \u0437\u0438\u043c\u043d\u0438 \u0434\u043d\u0438.","breadcrumb":{"@id":"https:\/\/huntergeorge.org\/produkt\/%d0%b7%d0%b8%d0%bc%d0%bd%d0%b0-%d1%88%d0%b0%d0%bf%d0%ba%d0%b0-%d0%bc%d0%b0%d0%bb%d1%82%d0%b5\/#breadcrumb"},"inLanguage":"de","potentialAction":[{"@type":"ReadAction","target":["https:\/\/huntergeorge.org\/produkt\/%d0%b7%d0%b8%d0%bc%d0%bd%d0%b0-%d1%88%d0%b0%d0%bf%d0%ba%d0%b0-%d0%bc%d0%b0%d0%bb%d1%82%d0%b5\/"]}]},{"@type":"ImageObject","inLanguage":"de","@id":"https:\/\/huntergeorge.org\/produkt\/%d0%b7%d0%b8%d0%bc%d0%bd%d0%b0-%d1%88%d0%b0%d0%bf%d0%ba%d0%b0-%d0%bc%d0%b0%d0%bb%d1%82%d0%b5\/#primaryimage","url":"https:\/\/huntergeorge.org\/media\/2024\/03\/chameleon-hunting-kafyava-zimna-shapka-za-lov-2.jpg","contentUrl":"https:\/\/huntergeorge.org\/media\/2024\/03\/chameleon-hunting-kafyava-zimna-shapka-za-lov-2.jpg","width":737,"height":737,"caption":"zimna-shapka-malte"},{"@type":"BreadcrumbList","@id":"https:\/\/huntergeorge.org\/produkt\/%d0%b7%d0%b8%d0%bc%d0%bd%d0%b0-%d1%88%d0%b0%d0%bf%d0%ba%d0%b0-%d0%bc%d0%b0%d0%bb%d1%82%d0%b5\/#breadcrumb","itemListElement":[{"@type":"ListItem","position":1,"name":"Home","item":"https:\/\/huntergeorge.org\/"},{"@type":"ListItem","position":2,"name":"\u041f\u0440\u043e\u0434\u0443\u043a\u0442\u0438","item":"https:\/\/huntergeorge.org\/products\/"},{"@type":"ListItem","position":3,"name":"\u0417\u0418\u041c\u041d\u0410 \u0428\u0410\u041f\u041a\u0410 \u041c\u0410\u041b\u0422\u0415"}]},{"@type":"WebSite","@id":"https:\/\/huntergeorge.org\/de\/#website","url":"https:\/\/huntergeorge.org\/de\/","name":"J\u00e4ger George","description":"Ihr Shop f\u00fcr Jagdzubeh\u00f6r","publisher":{"@id":"https:\/\/huntergeorge.org\/de\/#organization"},"potentialAction":[{"@type":"SearchAction","target":{"@type":"EntryPoint","urlTemplate":"https:\/\/huntergeorge.org\/de\/?s={search_term_string}"},"query-input":{"@type":"PropertyValueSpecification","valueRequired":true,"valueName":"search_term_string"}}],"inLanguage":"de"},{"@type":"Organization","@id":"https:\/\/huntergeorge.org\/de\/#organization","name":"J\u00e4ger George","url":"https:\/\/huntergeorge.org\/de\/","logo":{"@type":"ImageObject","inLanguage":"de","@id":"https:\/\/huntergeorge.org\/de\/#\/schema\/logo\/image\/","url":"https:\/\/huntergeorge.org\/media\/2022\/06\/hunter-george.jpg","contentUrl":"https:\/\/huntergeorge.org\/media\/2022\/06\/hunter-george.jpg","width":1920,"height":1300,"caption":"Hunter George"},"image":{"@id":"https:\/\/huntergeorge.org\/de\/#\/schema\/logo\/image\/"},"sameAs":["https:\/\/www.facebook.com\/huntergeorge.org\/","https:\/\/www.instagram.com\/huntergeorge_official\/"]}]},"product_brand":"Chameleon Hunting","product_price_amount":"17.00","product_price_currency":"EUR","og_availability":"instock","product_availability":"instock","product_retailer_item_id":"WB-MALTHE-BR","product_condition":"new"},"_links":{"self":[{"href":"https:\/\/huntergeorge.org\/de\/wp-json\/wp\/v2\/product\/12875","targetHints":{"allow":["GET"]}}],"collection":[{"href":"https:\/\/huntergeorge.org\/de\/wp-json\/wp\/v2\/product"}],"about":[{"href":"https:\/\/huntergeorge.org\/de\/wp-json\/wp\/v2\/types\/product"}],"replies":[{"embeddable":true,"href":"https:\/\/huntergeorge.org\/de\/wp-json\/wp\/v2\/comments?post=12875"}],"wp:featuredmedia":[{"embeddable":true,"href":"https:\/\/huntergeorge.org\/de\/wp-json\/wp\/v2\/media\/12876"}],"wp:attachment":[{"href":"https:\/\/huntergeorge.org\/de\/wp-json\/wp\/v2\/media?parent=12875"}],"wp:term":[{"taxonomy":"product_brand","embeddable":true,"href":"https:\/\/huntergeorge.org\/de\/wp-json\/wp\/v2\/product_brand?post=12875"},{"taxonomy":"product_cat","embeddable":true,"href":"https:\/\/huntergeorge.org\/de\/wp-json\/wp\/v2\/product_cat?post=12875"},{"taxonomy":"product_tag","embeddable":true,"href":"https:\/\/huntergeorge.org\/de\/wp-json\/wp\/v2\/product_tag?post=12875"},{"taxonomy":"giftcard-category","embeddable":true,"href":"https:\/\/huntergeorge.org\/de\/wp-json\/wp\/v2\/giftcard-category?post=12875"}],"curies":[{"name":"wp","href":"https:\/\/api.w.org\/{rel}","templated":true}]}}