{"id":12498,"date":"2024-03-20T14:14:53","date_gmt":"2024-03-20T14:14:53","guid":{"rendered":"https:\/\/huntergeorge.org\/?post_type=product&#038;p=12498"},"modified":"2026-01-01T08:41:26","modified_gmt":"2026-01-01T08:41:26","slug":"ventral-qke-s-nagrqvane","status":"publish","type":"product","link":"https:\/\/huntergeorge.org\/de\/produkt\/ventral-qke-s-nagrqvane\/","title":{"rendered":"VENTRALER MANTEL MIT HEIZUNG"},"content":{"rendered":"<p class=\"Body\">Bauchjacke mit Heizung - ein Kleidungsst\u00fcck der Spitzenklasse mit intelligentem System zur Steuerung der K\u00f6rpertemperatur. Die Jacke ist mit drei w\u00e4rmeabgebenden Paneelen ausgestattet (zwei mittelgro\u00dfe Paneele im Brustbereich und ein gro\u00dfes Paneel am R\u00fccken) mit drei W\u00e4rmestufen - niedrig 40\u00b0C (gr\u00fcnes Licht), mittel 45\u00b0C (blaues Licht) und 55\u00b0C (rotes Licht), die mit einem Knopf an der Unterseite der Jacke ausgew\u00e4hlt werden k\u00f6nnen. Die einfach zu bedienende und dennoch smarte L\u00f6sung f\u00fcr kalte Tage ist zus\u00e4tzlich mit 60 g hochwertiger, leichter THERMOLITE\u00ae-Watte gef\u00fcttert, die die warme Luft dicht am K\u00f6rper h\u00e4lt. Die Jacke ist mit einem 10.000-mAh-Akku ausgestattet, der je nach W\u00e4rmegrad und Wetterbedingungen bis zu 9 Stunden lang W\u00e4rme liefert.<\/p>\n<p>&nbsp;<\/p>\n<p class=\"Body\">*Der Akku schaltet sich alle drei Stunden ab, um Energie zu sparen. Dr\u00fccken Sie einfach die Taste<span lang=\"BG\">\u00a0der Batterie<\/span>um die Heizung zu reaktivieren.<\/p>\n<p><b>PRODUKTPFLEGE<\/b><\/p>\n<p>Um die Qualit\u00e4t der Ventral-Heizjacke l\u00e4nger zu erhalten, empfehlen wir Ihnen, die folgenden Pflege- und Wartungshinweise zu beachten:<\/p>\n<ul>\n<li>Schonende Maschinenw\u00e4sche bei 30\u00b0C<\/li>\n<li>Kein Bleichmittel verwenden<\/li>\n<li>Keine Zentrifuge verwenden<\/li>\n<li>Nicht b\u00fcgeln<\/li>\n<li>Chemische Reinigung ist verboten<\/li>\n<\/ul>","protected":false},"excerpt":{"rendered":"<ol>\n<li style=\"font-weight: 400;\">Heizen mit Batterien<\/li>\n<li style=\"font-weight: 400;\">2 mittlere Zonen mit Heizung im Brustbereich<\/li>\n<li style=\"font-weight: 400;\">1 gro\u00dfe hintere Heizzone<\/li>\n<li style=\"font-weight: 400;\">3 Heizstufen<\/li>\n<li style=\"font-weight: 400;\">Taste zur Steuerung und \u00dcberwachung der Heizungsanlage<\/li>\n<li style=\"font-weight: 400;\">10 000mAh wiederaufladbare Batterie<\/li>\n<li style=\"font-weight: 400;\">THERMOLITE\u00ae-Watte<\/li>\n<li style=\"font-weight: 400;\">Winddicht<\/li>\n<li style=\"font-weight: 400;\">Temperatur regulierend<\/li>\n<li style=\"font-weight: 400;\">Atmen<\/li>\n<li style=\"font-weight: 400;\">Dauerhaft<\/li>\n<li style=\"font-weight: 400;\">Leicht<\/li>\n<li style=\"font-weight: 400;\">Radio Tasche<\/li>\n<li style=\"font-weight: 400;\">2 seitliche Rei\u00dfverschlusstaschen<\/li>\n<li style=\"font-weight: 400;\">Internes Batteriefach<\/li>\n<li style=\"font-weight: 400;\">YKK-Rei\u00dfverschl\u00fcsse<\/li>\n<li style=\"font-weight: 400;\">Zwei-Wege-Rei\u00dfverschluss<\/li>\n<li style=\"font-weight: 400;\">Einstellung der Taille<\/li>\n<li style=\"font-weight: 400;\">Kleidungsst\u00fcck geeignet f\u00fcr 2 Schichten<\/li>\n<li style=\"font-weight: 400;\">Model ist 1,80 cm gro\u00df, tr\u00e4gt Gr\u00f6\u00dfe L<\/li>\n<\/ol>","protected":false},"featured_media":12499,"comment_status":"open","ping_status":"closed","template":"","meta":{"ocean_post_layout":"","ocean_both_sidebars_style":"","ocean_both_sidebars_content_width":0,"ocean_both_sidebars_sidebars_width":0,"ocean_sidebar":"0","ocean_second_sidebar":"0","ocean_disable_margins":"enable","ocean_add_body_class":"","ocean_shortcode_before_top_bar":"","ocean_shortcode_after_top_bar":"","ocean_shortcode_before_header":"","ocean_shortcode_after_header":"","ocean_has_shortcode":"","ocean_shortcode_after_title":"","ocean_shortcode_before_footer_widgets":"","ocean_shortcode_after_footer_widgets":"","ocean_shortcode_before_footer_bottom":"","ocean_shortcode_after_footer_bottom":"","ocean_display_top_bar":"default","ocean_display_header":"default","ocean_header_style":"","ocean_center_header_left_menu":"0","ocean_custom_header_template":"0","ocean_custom_logo":0,"ocean_custom_retina_logo":0,"ocean_custom_logo_max_width":0,"ocean_custom_logo_tablet_max_width":0,"ocean_custom_logo_mobile_max_width":0,"ocean_custom_logo_max_height":0,"ocean_custom_logo_tablet_max_height":0,"ocean_custom_logo_mobile_max_height":0,"ocean_header_custom_menu":"0","ocean_menu_typo_font_family":"0","ocean_menu_typo_font_subset":"","ocean_menu_typo_font_size":0,"ocean_menu_typo_font_size_tablet":0,"ocean_menu_typo_font_size_mobile":0,"ocean_menu_typo_font_size_unit":"px","ocean_menu_typo_font_weight":"","ocean_menu_typo_font_weight_tablet":"","ocean_menu_typo_font_weight_mobile":"","ocean_menu_typo_transform":"","ocean_menu_typo_transform_tablet":"","ocean_menu_typo_transform_mobile":"","ocean_menu_typo_line_height":0,"ocean_menu_typo_line_height_tablet":0,"ocean_menu_typo_line_height_mobile":0,"ocean_menu_typo_line_height_unit":"","ocean_menu_typo_spacing":0,"ocean_menu_typo_spacing_tablet":0,"ocean_menu_typo_spacing_mobile":0,"ocean_menu_typo_spacing_unit":"","ocean_menu_link_color":"","ocean_menu_link_color_hover":"","ocean_menu_link_color_active":"","ocean_menu_link_background":"","ocean_menu_link_hover_background":"","ocean_menu_link_active_background":"","ocean_menu_social_links_bg":"","ocean_menu_social_hover_links_bg":"","ocean_menu_social_links_color":"","ocean_menu_social_hover_links_color":"","ocean_disable_title":"default","ocean_disable_heading":"default","ocean_post_title":"","ocean_post_subheading":"","ocean_post_title_style":"","ocean_post_title_background_color":"","ocean_post_title_background":0,"ocean_post_title_bg_image_position":"","ocean_post_title_bg_image_attachment":"","ocean_post_title_bg_image_repeat":"","ocean_post_title_bg_image_size":"","ocean_post_title_height":0,"ocean_post_title_bg_overlay":0.5,"ocean_post_title_bg_overlay_color":"","ocean_disable_breadcrumbs":"default","ocean_breadcrumbs_color":"","ocean_breadcrumbs_separator_color":"","ocean_breadcrumbs_links_color":"","ocean_breadcrumbs_links_hover_color":"","ocean_display_footer_widgets":"default","ocean_display_footer_bottom":"default","ocean_custom_footer_template":"0"},"product_brand":[],"product_cat":[124,25],"product_tag":[],"giftcard-category":[],"class_list":{"0":"post-12498","1":"product","2":"type-product","3":"status-publish","4":"has-post-thumbnail","6":"product_cat-obleklo","7":"product_cat-zimno-obleklo","9":"entry","10":"has-media","12":"first","13":"instock","14":"taxable","15":"shipping-taxable","16":"purchasable","17":"product-type-variable","18":"col","19":"span_1_of_3","20":"owp-content-center","21":"item-entry","22":"owp-thumbs-layout-horizontal","23":"owp-btn-normal","24":"owp-tabs-layout-vertical","25":"circle-sale"},"exclude_global_add_ons":[],"addons":[],"yoast_head":"\n<title>\u0412\u0435\u043d\u0442\u0440\u0430\u043b \u044f\u043a\u0435 \u0441 \u043d\u0430\u0433\u0440\u044f\u0432\u0430\u043d\u0435 | Hunter George<\/title>\n<meta name=\"description\" content=\"\u0421 \u0412\u0435\u043d\u0442\u0440\u0430\u043b \u044f\u043a\u0435 \u0441 \u043d\u0430\u0433\u0440\u044f\u0432\u0430\u043d\u0435 \u0449\u0435 \u0437\u0430\u0431\u0440\u0430\u0432\u0438\u0442\u0435 \u0437\u0430 \u0441\u0442\u0443\u0434\u0430 \u043f\u043e \u0432\u0440\u0435\u043c\u0435 \u043d\u0430 \u043b\u043e\u0432, \u0440\u0438\u0431\u043e\u043b\u043e\u0432 \u0438\u043b\u0438 \u0440\u0430\u0437\u0445\u043e\u0434\u043a\u0430. \u041e\u0441\u0438\u0433\u0443\u0440\u0435\u0442\u0435 \u0441\u0438 \u043d\u0435\u043e\u0431\u0445\u043e\u0434\u0438\u043c\u0438\u044f \u043a\u043e\u043c\u0444\u043e\u0440\u0442 \u0441 \u043b\u043e\u0432\u043d\u0438 \u0434\u0440\u0435\u0445\u0438 \u043e\u0442 Hunter George.\" \/>\n<meta name=\"robots\" content=\"index, follow, max-snippet:-1, max-image-preview:large, max-video-preview:-1\" \/>\n<link rel=\"canonical\" href=\"https:\/\/huntergeorge.org\/de\/produkt\/ventral-qke-s-nagrqvane\/\" \/>\n<meta property=\"og:locale\" content=\"de_DE\" \/>\n<meta property=\"og:type\" content=\"article\" \/>\n<meta property=\"og:title\" content=\"\u0412\u0415\u041d\u0422\u0420\u0410\u041b \u042f\u041a\u0415 \u0421 \u041d\u0410\u0413\u0420\u042f\u0412\u0410\u041d\u0415\" \/>\n<meta property=\"og:description\" content=\"\u0421 \u0412\u0435\u043d\u0442\u0440\u0430\u043b \u044f\u043a\u0435 \u0441 \u043d\u0430\u0433\u0440\u044f\u0432\u0430\u043d\u0435 \u0449\u0435 \u0437\u0430\u0431\u0440\u0430\u0432\u0438\u0442\u0435 \u0437\u0430 \u0441\u0442\u0443\u0434\u0430 \u043f\u043e \u0432\u0440\u0435\u043c\u0435 \u043d\u0430 \u043b\u043e\u0432, \u0440\u0438\u0431\u043e\u043b\u043e\u0432 \u0438\u043b\u0438 \u0440\u0430\u0437\u0445\u043e\u0434\u043a\u0430. \u041e\u0441\u0438\u0433\u0443\u0440\u0435\u0442\u0435 \u0441\u0438 \u043d\u0435\u043e\u0431\u0445\u043e\u0434\u0438\u043c\u0438\u044f \u043a\u043e\u043c\u0444\u043e\u0440\u0442 \u0441 \u043b\u043e\u0432\u043d\u0438 \u0434\u0440\u0435\u0445\u0438 \u043e\u0442 Hunter George.\" \/>\n<meta property=\"og:url\" content=\"https:\/\/huntergeorge.org\/de\/produkt\/ventral-qke-s-nagrqvane\/\" \/>\n<meta property=\"og:site_name\" content=\"Hunter George\" \/>\n<meta property=\"article:publisher\" content=\"https:\/\/www.facebook.com\/huntergeorge.org\/\" \/>\n<meta property=\"article:modified_time\" content=\"2026-01-01T08:41:26+00:00\" \/>\n<meta property=\"og:image\" content=\"https:\/\/huntergeorge.org\/media\/2024\/03\/ventral-battery-heated-jacket-1000x1000h.jpg\" \/>\n\t<meta property=\"og:image:width\" content=\"1000\" \/>\n\t<meta property=\"og:image:height\" content=\"1000\" \/>\n\t<meta property=\"og:image:type\" content=\"image\/jpeg\" \/>\n<meta name=\"twitter:card\" content=\"summary_large_image\" \/>\n<meta name=\"twitter:label1\" content=\"Verf\u00fcgbarkeit\" \/>\n\t<meta name=\"twitter:data1\" content=\"Auf Lager\" \/>\n<script type=\"application\/ld+json\" class=\"yoast-schema-graph\">{\"@context\":\"https:\/\/schema.org\",\"@graph\":[{\"@type\":\"WebPage\",\"@id\":\"https:\/\/huntergeorge.org\/produkt\/ventral-qke-s-nagrqvane\/\",\"url\":\"https:\/\/huntergeorge.org\/produkt\/ventral-qke-s-nagrqvane\/\",\"name\":\"\u0412\u0435\u043d\u0442\u0440\u0430\u043b \u044f\u043a\u0435 \u0441 \u043d\u0430\u0433\u0440\u044f\u0432\u0430\u043d\u0435 | Hunter George\",\"isPartOf\":{\"@id\":\"https:\/\/huntergeorge.org\/de\/#website\"},\"primaryImageOfPage\":{\"@id\":\"https:\/\/huntergeorge.org\/produkt\/ventral-qke-s-nagrqvane\/#primaryimage\"},\"image\":{\"@id\":\"https:\/\/huntergeorge.org\/produkt\/ventral-qke-s-nagrqvane\/#primaryimage\"},\"thumbnailUrl\":\"https:\/\/huntergeorge.org\/media\/2024\/03\/ventral-battery-heated-jacket-1000x1000h.jpg\",\"datePublished\":\"2024-03-20T14:14:53+00:00\",\"dateModified\":\"2026-01-01T08:41:26+00:00\",\"description\":\"\u0421 \u0412\u0435\u043d\u0442\u0440\u0430\u043b \u044f\u043a\u0435 \u0441 \u043d\u0430\u0433\u0440\u044f\u0432\u0430\u043d\u0435 \u0449\u0435 \u0437\u0430\u0431\u0440\u0430\u0432\u0438\u0442\u0435 \u0437\u0430 \u0441\u0442\u0443\u0434\u0430 \u043f\u043e \u0432\u0440\u0435\u043c\u0435 \u043d\u0430 \u043b\u043e\u0432, \u0440\u0438\u0431\u043e\u043b\u043e\u0432 \u0438\u043b\u0438 \u0440\u0430\u0437\u0445\u043e\u0434\u043a\u0430. \u041e\u0441\u0438\u0433\u0443\u0440\u0435\u0442\u0435 \u0441\u0438 \u043d\u0435\u043e\u0431\u0445\u043e\u0434\u0438\u043c\u0438\u044f \u043a\u043e\u043c\u0444\u043e\u0440\u0442 \u0441 \u043b\u043e\u0432\u043d\u0438 \u0434\u0440\u0435\u0445\u0438 \u043e\u0442 Hunter George.\",\"breadcrumb\":{\"@id\":\"https:\/\/huntergeorge.org\/produkt\/ventral-qke-s-nagrqvane\/#breadcrumb\"},\"inLanguage\":\"de\",\"potentialAction\":[{\"@type\":\"ReadAction\",\"target\":[\"https:\/\/huntergeorge.org\/produkt\/ventral-qke-s-nagrqvane\/\"]}]},{\"@type\":\"ImageObject\",\"inLanguage\":\"de\",\"@id\":\"https:\/\/huntergeorge.org\/produkt\/ventral-qke-s-nagrqvane\/#primaryimage\",\"url\":\"https:\/\/huntergeorge.org\/media\/2024\/03\/ventral-battery-heated-jacket-1000x1000h.jpg\",\"contentUrl\":\"https:\/\/huntergeorge.org\/media\/2024\/03\/ventral-battery-heated-jacket-1000x1000h.jpg\",\"width\":1000,\"height\":1000,\"caption\":\"\u044f\u043a\u0435-\u0441-\u043d\u0430\u0433\u0440\u044f\u0432\u0430\u043d\u0435\"},{\"@type\":\"BreadcrumbList\",\"@id\":\"https:\/\/huntergeorge.org\/produkt\/ventral-qke-s-nagrqvane\/#breadcrumb\",\"itemListElement\":[{\"@type\":\"ListItem\",\"position\":1,\"name\":\"Home\",\"item\":\"https:\/\/huntergeorge.org\/\"},{\"@type\":\"ListItem\",\"position\":2,\"name\":\"\u041f\u0440\u043e\u0434\u0443\u043a\u0442\u0438\",\"item\":\"https:\/\/huntergeorge.org\/products\/\"},{\"@type\":\"ListItem\",\"position\":3,\"name\":\"\u0412\u0415\u041d\u0422\u0420\u0410\u041b \u042f\u041a\u0415 \u0421 \u041d\u0410\u0413\u0420\u042f\u0412\u0410\u041d\u0415\"}]},{\"@type\":\"WebSite\",\"@id\":\"https:\/\/huntergeorge.org\/de\/#website\",\"url\":\"https:\/\/huntergeorge.org\/de\/\",\"name\":\"Hunter George\",\"description\":\"\u0422\u0432\u043e\u044f\u0442 \u043c\u0430\u0433\u0430\u0437\u0438\u043d \u0437\u0430 \u043b\u043e\u0432\u043d\u0438 \u0430\u043a\u0441\u0435\u0441\u043e\u0430\u0440\u0438\",\"publisher\":{\"@id\":\"https:\/\/huntergeorge.org\/de\/#organization\"},\"potentialAction\":[{\"@type\":\"SearchAction\",\"target\":{\"@type\":\"EntryPoint\",\"urlTemplate\":\"https:\/\/huntergeorge.org\/de\/?s={search_term_string}\"},\"query-input\":{\"@type\":\"PropertyValueSpecification\",\"valueRequired\":true,\"valueName\":\"search_term_string\"}}],\"inLanguage\":\"de\"},{\"@type\":\"Organization\",\"@id\":\"https:\/\/huntergeorge.org\/de\/#organization\",\"name\":\"Hunter George\",\"url\":\"https:\/\/huntergeorge.org\/de\/\",\"logo\":{\"@type\":\"ImageObject\",\"inLanguage\":\"de\",\"@id\":\"https:\/\/huntergeorge.org\/de\/#\/schema\/logo\/image\/\",\"url\":\"https:\/\/huntergeorge.org\/media\/2022\/06\/hunter-george.jpg\",\"contentUrl\":\"https:\/\/huntergeorge.org\/media\/2022\/06\/hunter-george.jpg\",\"width\":1920,\"height\":1300,\"caption\":\"Hunter George\"},\"image\":{\"@id\":\"https:\/\/huntergeorge.org\/de\/#\/schema\/logo\/image\/\"},\"sameAs\":[\"https:\/\/www.facebook.com\/huntergeorge.org\/\",\"https:\/\/www.instagram.com\/huntergeorge_official\/\"]}]}<\/script>\n<meta property=\"product:brand\" content=\"Chameleon Hunting\" \/>\n<meta property=\"og:availability\" content=\"instock\" \/>\n<meta property=\"product:availability\" content=\"instock\" \/>\n<meta property=\"product:condition\" content=\"new\" \/>\n","yoast_head_json":{"title":"Bauchige Jacke mit Heizung | Hunter George","description":"Mit Ventral Jacke mit Heizung werden Sie \u00fcber die K\u00e4lte w\u00e4hrend der Jagd, Angeln oder Wandern vergessen. Bieten Sie den Komfort, den Sie brauchen, mit Jagdbekleidung von Hunter George.","robots":{"index":"index","follow":"follow","max-snippet":"max-snippet:-1","max-image-preview":"max-image-preview:large","max-video-preview":"max-video-preview:-1"},"canonical":"https:\/\/huntergeorge.org\/de\/produkt\/ventral-qke-s-nagrqvane\/","og_locale":"de_DE","og_type":"article","og_title":"\u0412\u0415\u041d\u0422\u0420\u0410\u041b \u042f\u041a\u0415 \u0421 \u041d\u0410\u0413\u0420\u042f\u0412\u0410\u041d\u0415","og_description":"\u0421 \u0412\u0435\u043d\u0442\u0440\u0430\u043b \u044f\u043a\u0435 \u0441 \u043d\u0430\u0433\u0440\u044f\u0432\u0430\u043d\u0435 \u0449\u0435 \u0437\u0430\u0431\u0440\u0430\u0432\u0438\u0442\u0435 \u0437\u0430 \u0441\u0442\u0443\u0434\u0430 \u043f\u043e \u0432\u0440\u0435\u043c\u0435 \u043d\u0430 \u043b\u043e\u0432, \u0440\u0438\u0431\u043e\u043b\u043e\u0432 \u0438\u043b\u0438 \u0440\u0430\u0437\u0445\u043e\u0434\u043a\u0430. \u041e\u0441\u0438\u0433\u0443\u0440\u0435\u0442\u0435 \u0441\u0438 \u043d\u0435\u043e\u0431\u0445\u043e\u0434\u0438\u043c\u0438\u044f \u043a\u043e\u043c\u0444\u043e\u0440\u0442 \u0441 \u043b\u043e\u0432\u043d\u0438 \u0434\u0440\u0435\u0445\u0438 \u043e\u0442 Hunter George.","og_url":"https:\/\/huntergeorge.org\/de\/produkt\/ventral-qke-s-nagrqvane\/","og_site_name":"Hunter George","article_publisher":"https:\/\/www.facebook.com\/huntergeorge.org\/","article_modified_time":"2026-01-01T08:41:26+00:00","og_image":[{"width":1000,"height":1000,"url":"https:\/\/huntergeorge.org\/media\/2024\/03\/ventral-battery-heated-jacket-1000x1000h.jpg","type":"image\/jpeg"}],"twitter_card":"summary_large_image","twitter_misc":{"Verf\u00fcgbarkeit":"Auf Lager"},"schema":{"@context":"https:\/\/schema.org","@graph":[{"@type":"WebPage","@id":"https:\/\/huntergeorge.org\/produkt\/ventral-qke-s-nagrqvane\/","url":"https:\/\/huntergeorge.org\/produkt\/ventral-qke-s-nagrqvane\/","name":"Bauchige Jacke mit Heizung | Hunter George","isPartOf":{"@id":"https:\/\/huntergeorge.org\/de\/#website"},"primaryImageOfPage":{"@id":"https:\/\/huntergeorge.org\/produkt\/ventral-qke-s-nagrqvane\/#primaryimage"},"image":{"@id":"https:\/\/huntergeorge.org\/produkt\/ventral-qke-s-nagrqvane\/#primaryimage"},"thumbnailUrl":"https:\/\/huntergeorge.org\/media\/2024\/03\/ventral-battery-heated-jacket-1000x1000h.jpg","datePublished":"2024-03-20T14:14:53+00:00","dateModified":"2026-01-01T08:41:26+00:00","description":"Mit Ventral Jacke mit Heizung werden Sie \u00fcber die K\u00e4lte w\u00e4hrend der Jagd, Angeln oder Wandern vergessen. Bieten Sie den Komfort, den Sie brauchen, mit Jagdbekleidung von Hunter George.","breadcrumb":{"@id":"https:\/\/huntergeorge.org\/produkt\/ventral-qke-s-nagrqvane\/#breadcrumb"},"inLanguage":"de","potentialAction":[{"@type":"ReadAction","target":["https:\/\/huntergeorge.org\/produkt\/ventral-qke-s-nagrqvane\/"]}]},{"@type":"ImageObject","inLanguage":"de","@id":"https:\/\/huntergeorge.org\/produkt\/ventral-qke-s-nagrqvane\/#primaryimage","url":"https:\/\/huntergeorge.org\/media\/2024\/03\/ventral-battery-heated-jacket-1000x1000h.jpg","contentUrl":"https:\/\/huntergeorge.org\/media\/2024\/03\/ventral-battery-heated-jacket-1000x1000h.jpg","width":1000,"height":1000,"caption":"\u044f\u043a\u0435-\u0441-\u043d\u0430\u0433\u0440\u044f\u0432\u0430\u043d\u0435"},{"@type":"BreadcrumbList","@id":"https:\/\/huntergeorge.org\/produkt\/ventral-qke-s-nagrqvane\/#breadcrumb","itemListElement":[{"@type":"ListItem","position":1,"name":"Home","item":"https:\/\/huntergeorge.org\/"},{"@type":"ListItem","position":2,"name":"\u041f\u0440\u043e\u0434\u0443\u043a\u0442\u0438","item":"https:\/\/huntergeorge.org\/products\/"},{"@type":"ListItem","position":3,"name":"\u0412\u0415\u041d\u0422\u0420\u0410\u041b \u042f\u041a\u0415 \u0421 \u041d\u0410\u0413\u0420\u042f\u0412\u0410\u041d\u0415"}]},{"@type":"WebSite","@id":"https:\/\/huntergeorge.org\/de\/#website","url":"https:\/\/huntergeorge.org\/de\/","name":"J\u00e4ger George","description":"Ihr Shop f\u00fcr Jagdzubeh\u00f6r","publisher":{"@id":"https:\/\/huntergeorge.org\/de\/#organization"},"potentialAction":[{"@type":"SearchAction","target":{"@type":"EntryPoint","urlTemplate":"https:\/\/huntergeorge.org\/de\/?s={search_term_string}"},"query-input":{"@type":"PropertyValueSpecification","valueRequired":true,"valueName":"search_term_string"}}],"inLanguage":"de"},{"@type":"Organization","@id":"https:\/\/huntergeorge.org\/de\/#organization","name":"J\u00e4ger George","url":"https:\/\/huntergeorge.org\/de\/","logo":{"@type":"ImageObject","inLanguage":"de","@id":"https:\/\/huntergeorge.org\/de\/#\/schema\/logo\/image\/","url":"https:\/\/huntergeorge.org\/media\/2022\/06\/hunter-george.jpg","contentUrl":"https:\/\/huntergeorge.org\/media\/2022\/06\/hunter-george.jpg","width":1920,"height":1300,"caption":"Hunter George"},"image":{"@id":"https:\/\/huntergeorge.org\/de\/#\/schema\/logo\/image\/"},"sameAs":["https:\/\/www.facebook.com\/huntergeorge.org\/","https:\/\/www.instagram.com\/huntergeorge_official\/"]}]},"product_brand":"Chameleon Hunting","og_availability":"instock","product_availability":"instock","product_condition":"new"},"_links":{"self":[{"href":"https:\/\/huntergeorge.org\/de\/wp-json\/wp\/v2\/product\/12498","targetHints":{"allow":["GET"]}}],"collection":[{"href":"https:\/\/huntergeorge.org\/de\/wp-json\/wp\/v2\/product"}],"about":[{"href":"https:\/\/huntergeorge.org\/de\/wp-json\/wp\/v2\/types\/product"}],"replies":[{"embeddable":true,"href":"https:\/\/huntergeorge.org\/de\/wp-json\/wp\/v2\/comments?post=12498"}],"wp:featuredmedia":[{"embeddable":true,"href":"https:\/\/huntergeorge.org\/de\/wp-json\/wp\/v2\/media\/12499"}],"wp:attachment":[{"href":"https:\/\/huntergeorge.org\/de\/wp-json\/wp\/v2\/media?parent=12498"}],"wp:term":[{"taxonomy":"product_brand","embeddable":true,"href":"https:\/\/huntergeorge.org\/de\/wp-json\/wp\/v2\/product_brand?post=12498"},{"taxonomy":"product_cat","embeddable":true,"href":"https:\/\/huntergeorge.org\/de\/wp-json\/wp\/v2\/product_cat?post=12498"},{"taxonomy":"product_tag","embeddable":true,"href":"https:\/\/huntergeorge.org\/de\/wp-json\/wp\/v2\/product_tag?post=12498"},{"taxonomy":"giftcard-category","embeddable":true,"href":"https:\/\/huntergeorge.org\/de\/wp-json\/wp\/v2\/giftcard-category?post=12498"}],"curies":[{"name":"wp","href":"https:\/\/api.w.org\/{rel}","templated":true}]}}