{"id":12483,"date":"2024-03-20T12:40:42","date_gmt":"2024-03-20T12:40:42","guid":{"rendered":"https:\/\/huntergeorge.org\/?post_type=product&#038;p=12483"},"modified":"2026-01-01T08:41:26","modified_gmt":"2026-01-01T08:41:26","slug":"setaro-pro-hunter-vodoustojchivo-qke","status":"publish","type":"product","link":"https:\/\/huntergeorge.org\/de\/produkt\/setaro-pro-hunter-vodoustojchivo-qke\/","title":{"rendered":"SETARO PRO J\u00c4GER WASSERDICHTE JACKE"},"content":{"rendered":"<p style=\"font-weight: 400;\">Die wasserdichte Jagdjacke SETARO hat ein modernes Design und alle notwendigen Eigenschaften f\u00fcr einen erfolgreichen Jagdausflug.<\/p>\n<p style=\"font-weight: 400;\">SETARO ist f\u00fcr den aktiven J\u00e4ger gemacht, der bei schlechtem Wetter jagt, wenn er sich auf die Qualit\u00e4t seiner Ausr\u00fcstung verlassen muss. Sie ist aus absolut ger\u00e4uschlosem und abriebfestem Gewebe gefertigt, mit einer wasser- und winddichten CSXP-Membran mit 15.000 mm Wassers\u00e4ule, die an kritischen Stellen verst\u00e4rkt ist, und einer wasserabweisenden Teflon EcoElite\u2122-Beschichtung. Die Setaro-Jacke bietet Schutz unter den h\u00e4rtesten Wetterbedingungen.<\/p>\n<p style=\"font-weight: 400;\">Die Ergonomie der gesamten Jacke kann an den K\u00f6rper des J\u00e4gers angepasst werden. Taille, H\u00fcfte, \u00c4rmelb\u00fcndchen und dreifach verstellbare Kapuze f\u00fcr maximalen Komfort.<\/p>\n<p style=\"font-weight: 400;\">Zu den Merkmalen geh\u00f6ren 2 gro\u00dfe Bel\u00fcftungs\u00f6ffnungen mit wasserdichten Rei\u00dfverschl\u00fcssen, 4 Brusttaschen, davon 2 mit Napoleon-Rei\u00dfverschluss. 2 gro\u00dfe Automatiktaschen mit eingebauten Kammern f\u00fcr glatte und gezogene Waffen, gro\u00dfe Rei\u00dfverschlusstasche auf der R\u00fcckseite der Jacke.<\/p>\n<p style=\"font-weight: 400;\">Die wasserdichte Jagdjacke SETARO ist die Wahl vieler professioneller J\u00e4ger, die das ganze Jahr \u00fcber und zu jeder Jahreszeit jagen. F\u00fcr maximalen Komfort und Schutz empfehlen wir die Kombination mit einer SETARO Hose.<\/p>\n<h5 style=\"font-weight: 400;\"><b><strong>PRODUKTPFLEGE<\/strong><\/b><\/h5>\n<p style=\"font-weight: 400;\">Um die Qualit\u00e4t dieses Produkts l\u00e4nger zu erhalten, empfehlen wir Ihnen, diese Pflege- und Wartungshinweise zu beachten:<\/p>\n<ul style=\"font-weight: 400;\">\n<li>Schonende Maschinenw\u00e4sche bei 30\u00b0C<\/li>\n<li>Kein Bleichmittel verwenden<\/li>\n<li>Trocknung in der Zentrifuge bei niedrigster Drehzahl<\/li>\n<li>Bei niedriger Temperatur mit einem Tuch b\u00fcgeln, um die wasserabweisende DWR-Beschichtung zu reaktivieren (keinen Dampf verwenden)<\/li>\n<li>Erneutes Auftragen von DWR-Spray (durable water repellent) oder Wachs, falls erforderlich<\/li>\n<li>Chemische Reinigung ist verboten<\/li>\n<\/ul>","protected":false},"excerpt":{"rendered":"<p>Wasserdichte Membran CSXP 15 000mm H2O\/m2\/24h<\/p>\n<p>2. wasserabweisende Teflon EcoElite\u2122 Non-PFC-Beschichtung<\/p>\n<p>3. Winddicht<\/p>\n<p>4. Atmungsaktiv<\/p>\n<p>5. Nachhaltige Materialien<\/p>\n<p>6. Abriebfest<\/p>\n<p>7. Verschwei\u00dfte N\u00e4hte<\/p>\n<p>8. die SBS-Rei\u00dfverschl\u00fcsse<\/p>\n<p>9. 2 Cargotaschen mit Magnetverschluss<\/p>\n<p>10. 2 Innentaschen<\/p>\n<p>11. 2 Brusttaschen mit Kn\u00f6pfen<\/p>\n<p>12. 2 Napoleon-Rei\u00dfverschlusstaschen<\/p>\n<p>13. Zwei-Wege-Frontrei\u00dfverschluss<\/p>\n<p>14. Gep\u00e4ckfach hinten<\/p>\n<p>15. Anpassung von Taille und Saum<\/p>\n<p>16. Verstellbare \u00c4rmelb\u00fcndchen<\/p>\n<p>17. Eingebaute Spannfutter f\u00fcr 308win, 300win mag, 30-06, 12cal, 16cal.<\/p>\n<p>18. In drei Richtungen verstellbare Haube<\/p>\n<p>19. Unterarmbel\u00fcftung mit wasserdichtem Rei\u00dfverschluss<\/p>\n<p>20. 100% Silentboard<\/p>","protected":false},"featured_media":12493,"comment_status":"open","ping_status":"closed","template":"","meta":{"ocean_post_layout":"","ocean_both_sidebars_style":"","ocean_both_sidebars_content_width":0,"ocean_both_sidebars_sidebars_width":0,"ocean_sidebar":"0","ocean_second_sidebar":"0","ocean_disable_margins":"enable","ocean_add_body_class":"","ocean_shortcode_before_top_bar":"","ocean_shortcode_after_top_bar":"","ocean_shortcode_before_header":"","ocean_shortcode_after_header":"","ocean_has_shortcode":"","ocean_shortcode_after_title":"","ocean_shortcode_before_footer_widgets":"","ocean_shortcode_after_footer_widgets":"","ocean_shortcode_before_footer_bottom":"","ocean_shortcode_after_footer_bottom":"","ocean_display_top_bar":"default","ocean_display_header":"default","ocean_header_style":"","ocean_center_header_left_menu":"0","ocean_custom_header_template":"0","ocean_custom_logo":0,"ocean_custom_retina_logo":0,"ocean_custom_logo_max_width":0,"ocean_custom_logo_tablet_max_width":0,"ocean_custom_logo_mobile_max_width":0,"ocean_custom_logo_max_height":0,"ocean_custom_logo_tablet_max_height":0,"ocean_custom_logo_mobile_max_height":0,"ocean_header_custom_menu":"0","ocean_menu_typo_font_family":"0","ocean_menu_typo_font_subset":"","ocean_menu_typo_font_size":0,"ocean_menu_typo_font_size_tablet":0,"ocean_menu_typo_font_size_mobile":0,"ocean_menu_typo_font_size_unit":"px","ocean_menu_typo_font_weight":"","ocean_menu_typo_font_weight_tablet":"","ocean_menu_typo_font_weight_mobile":"","ocean_menu_typo_transform":"","ocean_menu_typo_transform_tablet":"","ocean_menu_typo_transform_mobile":"","ocean_menu_typo_line_height":0,"ocean_menu_typo_line_height_tablet":0,"ocean_menu_typo_line_height_mobile":0,"ocean_menu_typo_line_height_unit":"","ocean_menu_typo_spacing":0,"ocean_menu_typo_spacing_tablet":0,"ocean_menu_typo_spacing_mobile":0,"ocean_menu_typo_spacing_unit":"","ocean_menu_link_color":"","ocean_menu_link_color_hover":"","ocean_menu_link_color_active":"","ocean_menu_link_background":"","ocean_menu_link_hover_background":"","ocean_menu_link_active_background":"","ocean_menu_social_links_bg":"","ocean_menu_social_hover_links_bg":"","ocean_menu_social_links_color":"","ocean_menu_social_hover_links_color":"","ocean_disable_title":"default","ocean_disable_heading":"default","ocean_post_title":"","ocean_post_subheading":"","ocean_post_title_style":"","ocean_post_title_background_color":"","ocean_post_title_background":0,"ocean_post_title_bg_image_position":"","ocean_post_title_bg_image_attachment":"","ocean_post_title_bg_image_repeat":"","ocean_post_title_bg_image_size":"","ocean_post_title_height":0,"ocean_post_title_bg_overlay":0.5,"ocean_post_title_bg_overlay_color":"","ocean_disable_breadcrumbs":"default","ocean_breadcrumbs_color":"","ocean_breadcrumbs_separator_color":"","ocean_breadcrumbs_links_color":"","ocean_breadcrumbs_links_hover_color":"","ocean_display_footer_widgets":"default","ocean_display_footer_bottom":"default","ocean_custom_footer_template":"0"},"product_brand":[],"product_cat":[124,25],"product_tag":[],"giftcard-category":[],"class_list":{"0":"post-12483","1":"product","2":"type-product","3":"status-publish","4":"has-post-thumbnail","6":"product_cat-obleklo","7":"product_cat-zimno-obleklo","9":"entry","10":"has-media","12":"first","13":"instock","14":"taxable","15":"shipping-taxable","16":"purchasable","17":"product-type-variable","18":"col","19":"span_1_of_3","20":"owp-content-center","21":"item-entry","22":"owp-thumbs-layout-horizontal","23":"owp-btn-normal","24":"owp-tabs-layout-vertical","25":"circle-sale"},"exclude_global_add_ons":[],"addons":[],"yoast_head":"\n<title>SETARO \u0432\u043e\u0434\u043e\u0443\u0441\u0442\u043e\u0439\u0447\u0438\u0432\u043e \u043b\u043e\u0432\u043d\u043e \u044f\u043a\u0435 | Hunter George<\/title>\n<meta name=\"description\" content=\"\u041d\u0430\u043f\u0440\u0430\u0432\u0435\u0442\u0435 \u043f\u0440\u0430\u0432\u0438\u043b\u043d\u0438\u044f \u0438\u0437\u0431\u043e\u0440 \u0441 \u0432\u043e\u0434\u043e\u0443\u0441\u0442\u043e\u0439\u0447\u0438\u0432\u043e \u043b\u043e\u0432\u043d\u043e \u044f\u043a\u0435 Setaro. \u041e\u0441\u0438\u0433\u0443\u0440\u0435\u0442\u0435 \u0441\u0438 \u043c\u0430\u043a\u0441\u0438\u043c\u0430\u043b\u0435\u043d \u043a\u043e\u043c\u0444\u043e\u0440\u0442 \u043f\u043e \u0432\u0440\u0435\u043c\u0435 \u043d\u0430 \u043b\u043e\u0432. \u041f\u043e\u0440\u044a\u0447\u0430\u0439\u0442\u0435 \u043e\u043d\u043b\u0430\u0439\u043d \u043d\u0430 huntergeorge.org\" \/>\n<meta name=\"robots\" content=\"index, follow, max-snippet:-1, max-image-preview:large, max-video-preview:-1\" \/>\n<link rel=\"canonical\" href=\"https:\/\/huntergeorge.org\/de\/produkt\/setaro-pro-hunter-vodoustojchivo-qke\/\" \/>\n<meta property=\"og:locale\" content=\"de_DE\" \/>\n<meta property=\"og:type\" content=\"article\" \/>\n<meta property=\"og:title\" content=\"SETARO PRO HUNTER \u0412\u041e\u0414\u041e\u0423\u0421\u0422\u041e\u0419\u0427\u0418\u0412\u041e \u042f\u041a\u0415\" \/>\n<meta property=\"og:description\" content=\"\u041d\u0430\u043f\u0440\u0430\u0432\u0435\u0442\u0435 \u043f\u0440\u0430\u0432\u0438\u043b\u043d\u0438\u044f \u0438\u0437\u0431\u043e\u0440 \u0441 \u0432\u043e\u0434\u043e\u0443\u0441\u0442\u043e\u0439\u0447\u0438\u0432\u043e \u043b\u043e\u0432\u043d\u043e \u044f\u043a\u0435 Setaro. \u041e\u0441\u0438\u0433\u0443\u0440\u0435\u0442\u0435 \u0441\u0438 \u043c\u0430\u043a\u0441\u0438\u043c\u0430\u043b\u0435\u043d \u043a\u043e\u043c\u0444\u043e\u0440\u0442 \u043f\u043e \u0432\u0440\u0435\u043c\u0435 \u043d\u0430 \u043b\u043e\u0432. \u041f\u043e\u0440\u044a\u0447\u0430\u0439\u0442\u0435 \u043e\u043d\u043b\u0430\u0439\u043d \u043d\u0430 huntergeorge.org\" \/>\n<meta property=\"og:url\" content=\"https:\/\/huntergeorge.org\/de\/produkt\/setaro-pro-hunter-vodoustojchivo-qke\/\" \/>\n<meta property=\"og:site_name\" content=\"Hunter George\" \/>\n<meta property=\"article:publisher\" content=\"https:\/\/www.facebook.com\/huntergeorge.org\/\" \/>\n<meta property=\"article:modified_time\" content=\"2026-01-01T08:41:26+00:00\" \/>\n<meta property=\"og:image\" content=\"https:\/\/huntergeorge.org\/media\/2024\/03\/setaro-pro-hunter-waterproof-hnting-jacket-jacket-1000x1000-1.jpg\" \/>\n\t<meta property=\"og:image:width\" content=\"1000\" \/>\n\t<meta property=\"og:image:height\" content=\"1000\" \/>\n\t<meta property=\"og:image:type\" content=\"image\/jpeg\" \/>\n<meta name=\"twitter:card\" content=\"summary_large_image\" \/>\n<meta name=\"twitter:label1\" content=\"Verf\u00fcgbarkeit\" \/>\n\t<meta name=\"twitter:data1\" content=\"Auf Lager\" \/>\n<script type=\"application\/ld+json\" class=\"yoast-schema-graph\">{\"@context\":\"https:\/\/schema.org\",\"@graph\":[{\"@type\":\"WebPage\",\"@id\":\"https:\/\/huntergeorge.org\/produkt\/setaro-pro-hunter-vodoustojchivo-qke\/\",\"url\":\"https:\/\/huntergeorge.org\/produkt\/setaro-pro-hunter-vodoustojchivo-qke\/\",\"name\":\"SETARO \u0432\u043e\u0434\u043e\u0443\u0441\u0442\u043e\u0439\u0447\u0438\u0432\u043e \u043b\u043e\u0432\u043d\u043e \u044f\u043a\u0435 | Hunter George\",\"isPartOf\":{\"@id\":\"https:\/\/huntergeorge.org\/de\/#website\"},\"primaryImageOfPage\":{\"@id\":\"https:\/\/huntergeorge.org\/produkt\/setaro-pro-hunter-vodoustojchivo-qke\/#primaryimage\"},\"image\":{\"@id\":\"https:\/\/huntergeorge.org\/produkt\/setaro-pro-hunter-vodoustojchivo-qke\/#primaryimage\"},\"thumbnailUrl\":\"https:\/\/huntergeorge.org\/media\/2024\/03\/setaro-pro-hunter-waterproof-hnting-jacket-jacket-1000x1000-1.jpg\",\"datePublished\":\"2024-03-20T12:40:42+00:00\",\"dateModified\":\"2026-01-01T08:41:26+00:00\",\"description\":\"\u041d\u0430\u043f\u0440\u0430\u0432\u0435\u0442\u0435 \u043f\u0440\u0430\u0432\u0438\u043b\u043d\u0438\u044f \u0438\u0437\u0431\u043e\u0440 \u0441 \u0432\u043e\u0434\u043e\u0443\u0441\u0442\u043e\u0439\u0447\u0438\u0432\u043e \u043b\u043e\u0432\u043d\u043e \u044f\u043a\u0435 Setaro. \u041e\u0441\u0438\u0433\u0443\u0440\u0435\u0442\u0435 \u0441\u0438 \u043c\u0430\u043a\u0441\u0438\u043c\u0430\u043b\u0435\u043d \u043a\u043e\u043c\u0444\u043e\u0440\u0442 \u043f\u043e \u0432\u0440\u0435\u043c\u0435 \u043d\u0430 \u043b\u043e\u0432. \u041f\u043e\u0440\u044a\u0447\u0430\u0439\u0442\u0435 \u043e\u043d\u043b\u0430\u0439\u043d \u043d\u0430 huntergeorge.org\",\"breadcrumb\":{\"@id\":\"https:\/\/huntergeorge.org\/produkt\/setaro-pro-hunter-vodoustojchivo-qke\/#breadcrumb\"},\"inLanguage\":\"de\",\"potentialAction\":[{\"@type\":\"ReadAction\",\"target\":[\"https:\/\/huntergeorge.org\/produkt\/setaro-pro-hunter-vodoustojchivo-qke\/\"]}]},{\"@type\":\"ImageObject\",\"inLanguage\":\"de\",\"@id\":\"https:\/\/huntergeorge.org\/produkt\/setaro-pro-hunter-vodoustojchivo-qke\/#primaryimage\",\"url\":\"https:\/\/huntergeorge.org\/media\/2024\/03\/setaro-pro-hunter-waterproof-hnting-jacket-jacket-1000x1000-1.jpg\",\"contentUrl\":\"https:\/\/huntergeorge.org\/media\/2024\/03\/setaro-pro-hunter-waterproof-hnting-jacket-jacket-1000x1000-1.jpg\",\"width\":1000,\"height\":1000,\"caption\":\"\u0432\u043e\u0434\u043e\u0443\u0441\u0442\u043e\u0439\u0447\u0438\u0432\u043e-\u043b\u043e\u0432\u043d\u043e-\u044f\u043a\u0435\"},{\"@type\":\"BreadcrumbList\",\"@id\":\"https:\/\/huntergeorge.org\/produkt\/setaro-pro-hunter-vodoustojchivo-qke\/#breadcrumb\",\"itemListElement\":[{\"@type\":\"ListItem\",\"position\":1,\"name\":\"Home\",\"item\":\"https:\/\/huntergeorge.org\/\"},{\"@type\":\"ListItem\",\"position\":2,\"name\":\"\u041f\u0440\u043e\u0434\u0443\u043a\u0442\u0438\",\"item\":\"https:\/\/huntergeorge.org\/products\/\"},{\"@type\":\"ListItem\",\"position\":3,\"name\":\"SETARO PRO HUNTER \u0412\u041e\u0414\u041e\u0423\u0421\u0422\u041e\u0419\u0427\u0418\u0412\u041e \u042f\u041a\u0415\"}]},{\"@type\":\"WebSite\",\"@id\":\"https:\/\/huntergeorge.org\/de\/#website\",\"url\":\"https:\/\/huntergeorge.org\/de\/\",\"name\":\"Hunter George\",\"description\":\"\u0422\u0432\u043e\u044f\u0442 \u043c\u0430\u0433\u0430\u0437\u0438\u043d \u0437\u0430 \u043b\u043e\u0432\u043d\u0438 \u0430\u043a\u0441\u0435\u0441\u043e\u0430\u0440\u0438\",\"publisher\":{\"@id\":\"https:\/\/huntergeorge.org\/de\/#organization\"},\"potentialAction\":[{\"@type\":\"SearchAction\",\"target\":{\"@type\":\"EntryPoint\",\"urlTemplate\":\"https:\/\/huntergeorge.org\/de\/?s={search_term_string}\"},\"query-input\":{\"@type\":\"PropertyValueSpecification\",\"valueRequired\":true,\"valueName\":\"search_term_string\"}}],\"inLanguage\":\"de\"},{\"@type\":\"Organization\",\"@id\":\"https:\/\/huntergeorge.org\/de\/#organization\",\"name\":\"Hunter George\",\"url\":\"https:\/\/huntergeorge.org\/de\/\",\"logo\":{\"@type\":\"ImageObject\",\"inLanguage\":\"de\",\"@id\":\"https:\/\/huntergeorge.org\/de\/#\/schema\/logo\/image\/\",\"url\":\"https:\/\/huntergeorge.org\/media\/2022\/06\/hunter-george.jpg\",\"contentUrl\":\"https:\/\/huntergeorge.org\/media\/2022\/06\/hunter-george.jpg\",\"width\":1920,\"height\":1300,\"caption\":\"Hunter George\"},\"image\":{\"@id\":\"https:\/\/huntergeorge.org\/de\/#\/schema\/logo\/image\/\"},\"sameAs\":[\"https:\/\/www.facebook.com\/huntergeorge.org\/\",\"https:\/\/www.instagram.com\/huntergeorge_official\/\"]}]}<\/script>\n<meta property=\"product:brand\" content=\"Chameleon Hunting\" \/>\n<meta property=\"og:availability\" content=\"instock\" \/>\n<meta property=\"product:availability\" content=\"instock\" \/>\n<meta property=\"product:condition\" content=\"new\" \/>\n","yoast_head_json":{"title":"SETARO wasserdichte Jagdjacke | Hunter George","description":"Treffen Sie die richtige Wahl mit einer wasserdichten Jagdjacke von Setaro. Sorgen Sie f\u00fcr maximalen Komfort bei der Jagd. Online bestellen bei huntergeorge.org","robots":{"index":"index","follow":"follow","max-snippet":"max-snippet:-1","max-image-preview":"max-image-preview:large","max-video-preview":"max-video-preview:-1"},"canonical":"https:\/\/huntergeorge.org\/de\/produkt\/setaro-pro-hunter-vodoustojchivo-qke\/","og_locale":"de_DE","og_type":"article","og_title":"SETARO PRO HUNTER \u0412\u041e\u0414\u041e\u0423\u0421\u0422\u041e\u0419\u0427\u0418\u0412\u041e \u042f\u041a\u0415","og_description":"\u041d\u0430\u043f\u0440\u0430\u0432\u0435\u0442\u0435 \u043f\u0440\u0430\u0432\u0438\u043b\u043d\u0438\u044f \u0438\u0437\u0431\u043e\u0440 \u0441 \u0432\u043e\u0434\u043e\u0443\u0441\u0442\u043e\u0439\u0447\u0438\u0432\u043e \u043b\u043e\u0432\u043d\u043e \u044f\u043a\u0435 Setaro. \u041e\u0441\u0438\u0433\u0443\u0440\u0435\u0442\u0435 \u0441\u0438 \u043c\u0430\u043a\u0441\u0438\u043c\u0430\u043b\u0435\u043d \u043a\u043e\u043c\u0444\u043e\u0440\u0442 \u043f\u043e \u0432\u0440\u0435\u043c\u0435 \u043d\u0430 \u043b\u043e\u0432. \u041f\u043e\u0440\u044a\u0447\u0430\u0439\u0442\u0435 \u043e\u043d\u043b\u0430\u0439\u043d \u043d\u0430 huntergeorge.org","og_url":"https:\/\/huntergeorge.org\/de\/produkt\/setaro-pro-hunter-vodoustojchivo-qke\/","og_site_name":"Hunter George","article_publisher":"https:\/\/www.facebook.com\/huntergeorge.org\/","article_modified_time":"2026-01-01T08:41:26+00:00","og_image":[{"width":1000,"height":1000,"url":"https:\/\/huntergeorge.org\/media\/2024\/03\/setaro-pro-hunter-waterproof-hnting-jacket-jacket-1000x1000-1.jpg","type":"image\/jpeg"}],"twitter_card":"summary_large_image","twitter_misc":{"Verf\u00fcgbarkeit":"Auf Lager"},"schema":{"@context":"https:\/\/schema.org","@graph":[{"@type":"WebPage","@id":"https:\/\/huntergeorge.org\/produkt\/setaro-pro-hunter-vodoustojchivo-qke\/","url":"https:\/\/huntergeorge.org\/produkt\/setaro-pro-hunter-vodoustojchivo-qke\/","name":"SETARO wasserdichte Jagdjacke | Hunter George","isPartOf":{"@id":"https:\/\/huntergeorge.org\/de\/#website"},"primaryImageOfPage":{"@id":"https:\/\/huntergeorge.org\/produkt\/setaro-pro-hunter-vodoustojchivo-qke\/#primaryimage"},"image":{"@id":"https:\/\/huntergeorge.org\/produkt\/setaro-pro-hunter-vodoustojchivo-qke\/#primaryimage"},"thumbnailUrl":"https:\/\/huntergeorge.org\/media\/2024\/03\/setaro-pro-hunter-waterproof-hnting-jacket-jacket-1000x1000-1.jpg","datePublished":"2024-03-20T12:40:42+00:00","dateModified":"2026-01-01T08:41:26+00:00","description":"Treffen Sie die richtige Wahl mit einer wasserdichten Jagdjacke von Setaro. Sorgen Sie f\u00fcr maximalen Komfort bei der Jagd. Online bestellen bei huntergeorge.org","breadcrumb":{"@id":"https:\/\/huntergeorge.org\/produkt\/setaro-pro-hunter-vodoustojchivo-qke\/#breadcrumb"},"inLanguage":"de","potentialAction":[{"@type":"ReadAction","target":["https:\/\/huntergeorge.org\/produkt\/setaro-pro-hunter-vodoustojchivo-qke\/"]}]},{"@type":"ImageObject","inLanguage":"de","@id":"https:\/\/huntergeorge.org\/produkt\/setaro-pro-hunter-vodoustojchivo-qke\/#primaryimage","url":"https:\/\/huntergeorge.org\/media\/2024\/03\/setaro-pro-hunter-waterproof-hnting-jacket-jacket-1000x1000-1.jpg","contentUrl":"https:\/\/huntergeorge.org\/media\/2024\/03\/setaro-pro-hunter-waterproof-hnting-jacket-jacket-1000x1000-1.jpg","width":1000,"height":1000,"caption":"\u0432\u043e\u0434\u043e\u0443\u0441\u0442\u043e\u0439\u0447\u0438\u0432\u043e-\u043b\u043e\u0432\u043d\u043e-\u044f\u043a\u0435"},{"@type":"BreadcrumbList","@id":"https:\/\/huntergeorge.org\/produkt\/setaro-pro-hunter-vodoustojchivo-qke\/#breadcrumb","itemListElement":[{"@type":"ListItem","position":1,"name":"Home","item":"https:\/\/huntergeorge.org\/"},{"@type":"ListItem","position":2,"name":"\u041f\u0440\u043e\u0434\u0443\u043a\u0442\u0438","item":"https:\/\/huntergeorge.org\/products\/"},{"@type":"ListItem","position":3,"name":"SETARO PRO HUNTER \u0412\u041e\u0414\u041e\u0423\u0421\u0422\u041e\u0419\u0427\u0418\u0412\u041e \u042f\u041a\u0415"}]},{"@type":"WebSite","@id":"https:\/\/huntergeorge.org\/de\/#website","url":"https:\/\/huntergeorge.org\/de\/","name":"J\u00e4ger George","description":"Ihr Shop f\u00fcr Jagdzubeh\u00f6r","publisher":{"@id":"https:\/\/huntergeorge.org\/de\/#organization"},"potentialAction":[{"@type":"SearchAction","target":{"@type":"EntryPoint","urlTemplate":"https:\/\/huntergeorge.org\/de\/?s={search_term_string}"},"query-input":{"@type":"PropertyValueSpecification","valueRequired":true,"valueName":"search_term_string"}}],"inLanguage":"de"},{"@type":"Organization","@id":"https:\/\/huntergeorge.org\/de\/#organization","name":"J\u00e4ger George","url":"https:\/\/huntergeorge.org\/de\/","logo":{"@type":"ImageObject","inLanguage":"de","@id":"https:\/\/huntergeorge.org\/de\/#\/schema\/logo\/image\/","url":"https:\/\/huntergeorge.org\/media\/2022\/06\/hunter-george.jpg","contentUrl":"https:\/\/huntergeorge.org\/media\/2022\/06\/hunter-george.jpg","width":1920,"height":1300,"caption":"Hunter George"},"image":{"@id":"https:\/\/huntergeorge.org\/de\/#\/schema\/logo\/image\/"},"sameAs":["https:\/\/www.facebook.com\/huntergeorge.org\/","https:\/\/www.instagram.com\/huntergeorge_official\/"]}]},"product_brand":"Chameleon Hunting","og_availability":"instock","product_availability":"instock","product_condition":"new"},"_links":{"self":[{"href":"https:\/\/huntergeorge.org\/de\/wp-json\/wp\/v2\/product\/12483","targetHints":{"allow":["GET"]}}],"collection":[{"href":"https:\/\/huntergeorge.org\/de\/wp-json\/wp\/v2\/product"}],"about":[{"href":"https:\/\/huntergeorge.org\/de\/wp-json\/wp\/v2\/types\/product"}],"replies":[{"embeddable":true,"href":"https:\/\/huntergeorge.org\/de\/wp-json\/wp\/v2\/comments?post=12483"}],"wp:featuredmedia":[{"embeddable":true,"href":"https:\/\/huntergeorge.org\/de\/wp-json\/wp\/v2\/media\/12493"}],"wp:attachment":[{"href":"https:\/\/huntergeorge.org\/de\/wp-json\/wp\/v2\/media?parent=12483"}],"wp:term":[{"taxonomy":"product_brand","embeddable":true,"href":"https:\/\/huntergeorge.org\/de\/wp-json\/wp\/v2\/product_brand?post=12483"},{"taxonomy":"product_cat","embeddable":true,"href":"https:\/\/huntergeorge.org\/de\/wp-json\/wp\/v2\/product_cat?post=12483"},{"taxonomy":"product_tag","embeddable":true,"href":"https:\/\/huntergeorge.org\/de\/wp-json\/wp\/v2\/product_tag?post=12483"},{"taxonomy":"giftcard-category","embeddable":true,"href":"https:\/\/huntergeorge.org\/de\/wp-json\/wp\/v2\/giftcard-category?post=12483"}],"curies":[{"name":"wp","href":"https:\/\/api.w.org\/{rel}","templated":true}]}}