{"id":12472,"date":"2024-03-20T09:42:42","date_gmt":"2024-03-20T09:42:42","guid":{"rendered":"https:\/\/huntergeorge.org\/?post_type=product&#038;p=12472"},"modified":"2026-01-01T08:41:26","modified_gmt":"2026-01-01T08:41:26","slug":"mossy-camo-hybrid-vodoustojchivo-qke","status":"publish","type":"product","link":"https:\/\/huntergeorge.org\/de\/produkt\/mossy-camo-hybrid-vodoustojchivo-qke\/","title":{"rendered":"MOOS-TARN-HYBRIDJACKE WASSERDICHT"},"content":{"rendered":"<p>Mossy Camo ist eine hybride, wasserdichte Jagdjacke, die aus zwei Stoffen besteht - einem ger\u00e4uschlosen, damit Sie sich lautlos im Wald bewegen und an das Wild heranpirschen k\u00f6nnen, und einem verst\u00e4rkten Stoff an kritischen Stellen, damit Ihr Kleidungsst\u00fcck bei der Bewegung durch den Busch stabil bleibt. Dieses Modell wurde von einem Team von Berufsj\u00e4gern speziell f\u00fcr die Jagd durch Anpirschen und Pirschen entwickelt.<\/p>\n<p>Die moderne Mossy Camo Digitaltarnung l\u00e4sst Sie in den W\u00e4ldern verschwinden, so dass Sie sowohl vom Wild als auch vom aufmerksamen menschlichen Auge nicht bemerkt werden.<\/p>\n<p>Die Jagdjacke ist ausgestattet mit zwei Cargotaschen, zwei Seitentaschen mit wasserdichten Rei\u00dfverschl\u00fcssen, einer Tasche f\u00fcr Fernglas, Karte, Entfernungsmesser und anderes Zubeh\u00f6r mit Volumenregulierung, zwei Brusttaschen mit der M\u00f6glichkeit, die Antenne eines Funkger\u00e4ts in der linken Tasche zu befestigen und einem internen Kopfh\u00f6rerausgang, dreifach verstellbare Kapuze, bel\u00fcftet mit wasserabweisenden Rei\u00dfverschl\u00fcssen, Cargo-Tasche hinten, Verstellm\u00f6glichkeiten an Taille und H\u00fcfte, Zwei-Wege-Rei\u00dfverschluss, zwei Innentaschen und Schultergurte.<\/p>\n<p>F\u00fcr maximalen Schutz vor Wasser und Wind ist die Jacke mit unserer bew\u00e4hrten CSXP-Membran 15.000mm\/H2O\/24h und einer wasserabweisenden Teflon\u00ae-Beschichtung ausgestattet.<\/p>\n<p>Mit seinen ger\u00e4uschlosen Eigenschaften, seiner Technologie und seinen Funktionen hilft Ihnen Mossy Camo, das Wild nahtlos und unbemerkt auf die gew\u00fcnschte Schussdistanz zu bringen. F\u00fcr maximale Wirkung empfehlen wir die Kombination mit der wasserdichten Mossy Camo Hybrid Hose und dem Mossy Camo Sommerhut.<\/p>\n<p>PRODUKTPFLEGE<\/p>\n<p>Um die Qualit\u00e4t dieses Produkts l\u00e4nger zu erhalten, empfehlen wir Ihnen, diese Pflege- und Wartungshinweise zu beachten:<\/p>\n<ul>\n<li>Feinw\u00e4sche bei 30 Grad<\/li>\n<li>Kein Bleichmittel verwenden<\/li>\n<li>Keine Zentrifuge verwenden<\/li>\n<li>Bei niedriger Temperatur zu b\u00fcgeln<\/li>\n<li>Chemische Reinigung ist verboten<\/li>\n<\/ul>","protected":false},"excerpt":{"rendered":"<p>1. Wasserdicht<\/p>\n<p>2. Winddicht<\/p>\n<p>3. Atmungsaktiv<\/p>\n<p>4. Leises und ger\u00e4uscharmes Gewebe<\/p>\n<p>5. Verst\u00e4rkung in kritischen Bereichen<\/p>\n<p>6. CSXP-Membran 15 000mm\/H2O\/24h.<\/p>\n<p>7. Wasserabweisende Teflonbeschichtung<\/p>\n<p>8. Korrektur von Taille und H\u00fcfte<\/p>\n<p>9. 2 Vordertaschen<\/p>\n<p>10. 2 Seitentaschen mit Rei\u00dfverschluss<\/p>\n<p>11. 2 Brusttaschen<\/p>\n<p>12. Interner Kopfh\u00f6rerausgang<\/p>\n<p>13. Tasche f\u00fcr Fernglas, Karte, Entfernungsmesser und anderes Zubeh\u00f6r<\/p>\n<p>14. Gep\u00e4ckfach hinten<\/p>\n<p>15. Bel\u00fcftungs\u00f6ffnungen mit wasserdichten Rei\u00dfverschl\u00fcssen<\/p>\n<p>16. In drei Richtungen verstellbare Haube<\/p>\n<p>17. Schultergurte<\/p>\n<p>18. 2 Innentaschen<\/p>","protected":false},"featured_media":12474,"comment_status":"open","ping_status":"closed","template":"","meta":{"ocean_post_layout":"","ocean_both_sidebars_style":"","ocean_both_sidebars_content_width":0,"ocean_both_sidebars_sidebars_width":0,"ocean_sidebar":"0","ocean_second_sidebar":"0","ocean_disable_margins":"enable","ocean_add_body_class":"","ocean_shortcode_before_top_bar":"","ocean_shortcode_after_top_bar":"","ocean_shortcode_before_header":"","ocean_shortcode_after_header":"","ocean_has_shortcode":"","ocean_shortcode_after_title":"","ocean_shortcode_before_footer_widgets":"","ocean_shortcode_after_footer_widgets":"","ocean_shortcode_before_footer_bottom":"","ocean_shortcode_after_footer_bottom":"","ocean_display_top_bar":"default","ocean_display_header":"default","ocean_header_style":"","ocean_center_header_left_menu":"0","ocean_custom_header_template":"0","ocean_custom_logo":0,"ocean_custom_retina_logo":0,"ocean_custom_logo_max_width":0,"ocean_custom_logo_tablet_max_width":0,"ocean_custom_logo_mobile_max_width":0,"ocean_custom_logo_max_height":0,"ocean_custom_logo_tablet_max_height":0,"ocean_custom_logo_mobile_max_height":0,"ocean_header_custom_menu":"0","ocean_menu_typo_font_family":"0","ocean_menu_typo_font_subset":"","ocean_menu_typo_font_size":0,"ocean_menu_typo_font_size_tablet":0,"ocean_menu_typo_font_size_mobile":0,"ocean_menu_typo_font_size_unit":"px","ocean_menu_typo_font_weight":"","ocean_menu_typo_font_weight_tablet":"","ocean_menu_typo_font_weight_mobile":"","ocean_menu_typo_transform":"","ocean_menu_typo_transform_tablet":"","ocean_menu_typo_transform_mobile":"","ocean_menu_typo_line_height":0,"ocean_menu_typo_line_height_tablet":0,"ocean_menu_typo_line_height_mobile":0,"ocean_menu_typo_line_height_unit":"","ocean_menu_typo_spacing":0,"ocean_menu_typo_spacing_tablet":0,"ocean_menu_typo_spacing_mobile":0,"ocean_menu_typo_spacing_unit":"","ocean_menu_link_color":"","ocean_menu_link_color_hover":"","ocean_menu_link_color_active":"","ocean_menu_link_background":"","ocean_menu_link_hover_background":"","ocean_menu_link_active_background":"","ocean_menu_social_links_bg":"","ocean_menu_social_hover_links_bg":"","ocean_menu_social_links_color":"","ocean_menu_social_hover_links_color":"","ocean_disable_title":"default","ocean_disable_heading":"default","ocean_post_title":"","ocean_post_subheading":"","ocean_post_title_style":"","ocean_post_title_background_color":"","ocean_post_title_background":0,"ocean_post_title_bg_image_position":"","ocean_post_title_bg_image_attachment":"","ocean_post_title_bg_image_repeat":"","ocean_post_title_bg_image_size":"","ocean_post_title_height":0,"ocean_post_title_bg_overlay":0.5,"ocean_post_title_bg_overlay_color":"","ocean_disable_breadcrumbs":"default","ocean_breadcrumbs_color":"","ocean_breadcrumbs_separator_color":"","ocean_breadcrumbs_links_color":"","ocean_breadcrumbs_links_hover_color":"","ocean_display_footer_widgets":"default","ocean_display_footer_bottom":"default","ocean_custom_footer_template":"0"},"product_brand":[],"product_cat":[124,25],"product_tag":[],"giftcard-category":[],"class_list":{"0":"post-12472","1":"product","2":"type-product","3":"status-publish","4":"has-post-thumbnail","6":"product_cat-obleklo","7":"product_cat-zimno-obleklo","9":"entry","10":"has-media","12":"first","13":"instock","14":"taxable","15":"shipping-taxable","16":"purchasable","17":"product-type-variable","18":"col","19":"span_1_of_3","20":"owp-content-center","21":"item-entry","22":"owp-thumbs-layout-horizontal","23":"owp-btn-normal","24":"owp-tabs-layout-vertical","25":"circle-sale"},"exclude_global_add_ons":[],"addons":[],"yoast_head":"\n<title>Mossy Camo Hybrid \u0432\u043e\u0434\u043e\u0443\u0441\u0442\u043e\u0439\u0447\u0438\u0432\u043e \u044f\u043a\u0435 | HunterGeorge<\/title>\n<meta name=\"description\" content=\"\u0422\u0443\u043a \u0449\u0435 \u043d\u0430\u043c\u0435\u0440\u0438\u0442\u0435 \u043b\u043e\u0432\u043d\u0438 \u043f\u0440\u043e\u0434\u0443\u043a\u0442\u0438 \u043e\u0442 \u0430\u043a\u0441\u0435\u0441\u043e\u0430\u0440\u0438 \u0437\u0430 \u0412\u0430\u0448\u0435\u0442\u043e \u043e\u0440\u044a\u0436\u0438\u044f \u0434\u043e \u043e\u0431\u043b\u0435\u043a\u043b\u043e \u0437\u0430 \u0412\u0430\u0441. \u043f\u043e\u0441\u0435\u0442\u0438 \u043e\u043d\u043b\u0430\u0439\u043d \u043c\u0430\u0433\u0430\u0437\u0438\u043d\u0430 \u043d\u0430 HunterGeorge.\" \/>\n<meta name=\"robots\" content=\"index, follow, max-snippet:-1, max-image-preview:large, max-video-preview:-1\" \/>\n<link rel=\"canonical\" href=\"https:\/\/huntergeorge.org\/de\/produkt\/mossy-camo-hybrid-vodoustojchivo-qke\/\" \/>\n<meta property=\"og:locale\" content=\"de_DE\" \/>\n<meta property=\"og:type\" content=\"article\" \/>\n<meta property=\"og:title\" content=\"MOSSY CAMO HYBRID \u0412\u041e\u0414\u041e\u0423\u0421\u0422\u041e\u0419\u0427\u0418\u0412\u041e \u042f\u041a\u0415\" \/>\n<meta property=\"og:description\" content=\"\u0422\u0443\u043a \u0449\u0435 \u043d\u0430\u043c\u0435\u0440\u0438\u0442\u0435 \u043b\u043e\u0432\u043d\u0438 \u043f\u0440\u043e\u0434\u0443\u043a\u0442\u0438 \u043e\u0442 \u0430\u043a\u0441\u0435\u0441\u043e\u0430\u0440\u0438 \u0437\u0430 \u0412\u0430\u0448\u0435\u0442\u043e \u043e\u0440\u044a\u0436\u0438\u044f \u0434\u043e \u043e\u0431\u043b\u0435\u043a\u043b\u043e \u0437\u0430 \u0412\u0430\u0441. \u043f\u043e\u0441\u0435\u0442\u0438 \u043e\u043d\u043b\u0430\u0439\u043d \u043c\u0430\u0433\u0430\u0437\u0438\u043d\u0430 \u043d\u0430 HunterGeorge.\" \/>\n<meta property=\"og:url\" content=\"https:\/\/huntergeorge.org\/de\/produkt\/mossy-camo-hybrid-vodoustojchivo-qke\/\" \/>\n<meta property=\"og:site_name\" content=\"Hunter George\" \/>\n<meta property=\"article:publisher\" content=\"https:\/\/www.facebook.com\/huntergeorge.org\/\" \/>\n<meta property=\"article:modified_time\" content=\"2026-01-01T08:41:26+00:00\" \/>\n<meta property=\"og:image\" content=\"https:\/\/huntergeorge.org\/media\/2024\/03\/mossy-camo-hybrid-jacket-1000x1000-1.jpg\" \/>\n\t<meta property=\"og:image:width\" content=\"1000\" \/>\n\t<meta property=\"og:image:height\" content=\"1000\" \/>\n\t<meta property=\"og:image:type\" content=\"image\/jpeg\" \/>\n<meta name=\"twitter:card\" content=\"summary_large_image\" \/>\n<meta name=\"twitter:label1\" content=\"Verf\u00fcgbarkeit\" \/>\n\t<meta name=\"twitter:data1\" content=\"Auf Lager\" \/>\n<script type=\"application\/ld+json\" class=\"yoast-schema-graph\">{\"@context\":\"https:\/\/schema.org\",\"@graph\":[{\"@type\":\"WebPage\",\"@id\":\"https:\/\/huntergeorge.org\/produkt\/mossy-camo-hybrid-vodoustojchivo-qke\/\",\"url\":\"https:\/\/huntergeorge.org\/produkt\/mossy-camo-hybrid-vodoustojchivo-qke\/\",\"name\":\"Mossy Camo Hybrid \u0432\u043e\u0434\u043e\u0443\u0441\u0442\u043e\u0439\u0447\u0438\u0432\u043e \u044f\u043a\u0435 | HunterGeorge\",\"isPartOf\":{\"@id\":\"https:\/\/huntergeorge.org\/de\/#website\"},\"primaryImageOfPage\":{\"@id\":\"https:\/\/huntergeorge.org\/produkt\/mossy-camo-hybrid-vodoustojchivo-qke\/#primaryimage\"},\"image\":{\"@id\":\"https:\/\/huntergeorge.org\/produkt\/mossy-camo-hybrid-vodoustojchivo-qke\/#primaryimage\"},\"thumbnailUrl\":\"https:\/\/huntergeorge.org\/media\/2024\/03\/mossy-camo-hybrid-jacket-1000x1000-1.jpg\",\"datePublished\":\"2024-03-20T09:42:42+00:00\",\"dateModified\":\"2026-01-01T08:41:26+00:00\",\"description\":\"\u0422\u0443\u043a \u0449\u0435 \u043d\u0430\u043c\u0435\u0440\u0438\u0442\u0435 \u043b\u043e\u0432\u043d\u0438 \u043f\u0440\u043e\u0434\u0443\u043a\u0442\u0438 \u043e\u0442 \u0430\u043a\u0441\u0435\u0441\u043e\u0430\u0440\u0438 \u0437\u0430 \u0412\u0430\u0448\u0435\u0442\u043e \u043e\u0440\u044a\u0436\u0438\u044f \u0434\u043e \u043e\u0431\u043b\u0435\u043a\u043b\u043e \u0437\u0430 \u0412\u0430\u0441. \u043f\u043e\u0441\u0435\u0442\u0438 \u043e\u043d\u043b\u0430\u0439\u043d \u043c\u0430\u0433\u0430\u0437\u0438\u043d\u0430 \u043d\u0430 HunterGeorge.\",\"breadcrumb\":{\"@id\":\"https:\/\/huntergeorge.org\/produkt\/mossy-camo-hybrid-vodoustojchivo-qke\/#breadcrumb\"},\"inLanguage\":\"de\",\"potentialAction\":[{\"@type\":\"ReadAction\",\"target\":[\"https:\/\/huntergeorge.org\/produkt\/mossy-camo-hybrid-vodoustojchivo-qke\/\"]}]},{\"@type\":\"ImageObject\",\"inLanguage\":\"de\",\"@id\":\"https:\/\/huntergeorge.org\/produkt\/mossy-camo-hybrid-vodoustojchivo-qke\/#primaryimage\",\"url\":\"https:\/\/huntergeorge.org\/media\/2024\/03\/mossy-camo-hybrid-jacket-1000x1000-1.jpg\",\"contentUrl\":\"https:\/\/huntergeorge.org\/media\/2024\/03\/mossy-camo-hybrid-jacket-1000x1000-1.jpg\",\"width\":1000,\"height\":1000},{\"@type\":\"BreadcrumbList\",\"@id\":\"https:\/\/huntergeorge.org\/produkt\/mossy-camo-hybrid-vodoustojchivo-qke\/#breadcrumb\",\"itemListElement\":[{\"@type\":\"ListItem\",\"position\":1,\"name\":\"Home\",\"item\":\"https:\/\/huntergeorge.org\/\"},{\"@type\":\"ListItem\",\"position\":2,\"name\":\"\u041f\u0440\u043e\u0434\u0443\u043a\u0442\u0438\",\"item\":\"https:\/\/huntergeorge.org\/products\/\"},{\"@type\":\"ListItem\",\"position\":3,\"name\":\"MOSSY CAMO HYBRID \u0412\u041e\u0414\u041e\u0423\u0421\u0422\u041e\u0419\u0427\u0418\u0412\u041e \u042f\u041a\u0415\"}]},{\"@type\":\"WebSite\",\"@id\":\"https:\/\/huntergeorge.org\/de\/#website\",\"url\":\"https:\/\/huntergeorge.org\/de\/\",\"name\":\"Hunter George\",\"description\":\"\u0422\u0432\u043e\u044f\u0442 \u043c\u0430\u0433\u0430\u0437\u0438\u043d \u0437\u0430 \u043b\u043e\u0432\u043d\u0438 \u0430\u043a\u0441\u0435\u0441\u043e\u0430\u0440\u0438\",\"publisher\":{\"@id\":\"https:\/\/huntergeorge.org\/de\/#organization\"},\"potentialAction\":[{\"@type\":\"SearchAction\",\"target\":{\"@type\":\"EntryPoint\",\"urlTemplate\":\"https:\/\/huntergeorge.org\/de\/?s={search_term_string}\"},\"query-input\":{\"@type\":\"PropertyValueSpecification\",\"valueRequired\":true,\"valueName\":\"search_term_string\"}}],\"inLanguage\":\"de\"},{\"@type\":\"Organization\",\"@id\":\"https:\/\/huntergeorge.org\/de\/#organization\",\"name\":\"Hunter George\",\"url\":\"https:\/\/huntergeorge.org\/de\/\",\"logo\":{\"@type\":\"ImageObject\",\"inLanguage\":\"de\",\"@id\":\"https:\/\/huntergeorge.org\/de\/#\/schema\/logo\/image\/\",\"url\":\"https:\/\/huntergeorge.org\/media\/2022\/06\/hunter-george.jpg\",\"contentUrl\":\"https:\/\/huntergeorge.org\/media\/2022\/06\/hunter-george.jpg\",\"width\":1920,\"height\":1300,\"caption\":\"Hunter George\"},\"image\":{\"@id\":\"https:\/\/huntergeorge.org\/de\/#\/schema\/logo\/image\/\"},\"sameAs\":[\"https:\/\/www.facebook.com\/huntergeorge.org\/\",\"https:\/\/www.instagram.com\/huntergeorge_official\/\"]}]}<\/script>\n<meta property=\"product:brand\" content=\"Mossy Camo\" \/>\n<meta property=\"og:availability\" content=\"instock\" \/>\n<meta property=\"product:availability\" content=\"instock\" \/>\n<meta property=\"product:condition\" content=\"new\" \/>\n","yoast_head_json":{"title":"Mossy Camo Hybrid Wasserdichte Jacke | HunterGeorge","description":"Hier finden Sie Jagdprodukte von Zubeh\u00f6r f\u00fcr Ihre Waffen bis hin zu Bekleidung f\u00fcr Sie. Besuchen Sie den HunterGeorge Online Shop.","robots":{"index":"index","follow":"follow","max-snippet":"max-snippet:-1","max-image-preview":"max-image-preview:large","max-video-preview":"max-video-preview:-1"},"canonical":"https:\/\/huntergeorge.org\/de\/produkt\/mossy-camo-hybrid-vodoustojchivo-qke\/","og_locale":"de_DE","og_type":"article","og_title":"MOSSY CAMO HYBRID \u0412\u041e\u0414\u041e\u0423\u0421\u0422\u041e\u0419\u0427\u0418\u0412\u041e \u042f\u041a\u0415","og_description":"\u0422\u0443\u043a \u0449\u0435 \u043d\u0430\u043c\u0435\u0440\u0438\u0442\u0435 \u043b\u043e\u0432\u043d\u0438 \u043f\u0440\u043e\u0434\u0443\u043a\u0442\u0438 \u043e\u0442 \u0430\u043a\u0441\u0435\u0441\u043e\u0430\u0440\u0438 \u0437\u0430 \u0412\u0430\u0448\u0435\u0442\u043e \u043e\u0440\u044a\u0436\u0438\u044f \u0434\u043e \u043e\u0431\u043b\u0435\u043a\u043b\u043e \u0437\u0430 \u0412\u0430\u0441. \u043f\u043e\u0441\u0435\u0442\u0438 \u043e\u043d\u043b\u0430\u0439\u043d \u043c\u0430\u0433\u0430\u0437\u0438\u043d\u0430 \u043d\u0430 HunterGeorge.","og_url":"https:\/\/huntergeorge.org\/de\/produkt\/mossy-camo-hybrid-vodoustojchivo-qke\/","og_site_name":"Hunter George","article_publisher":"https:\/\/www.facebook.com\/huntergeorge.org\/","article_modified_time":"2026-01-01T08:41:26+00:00","og_image":[{"width":1000,"height":1000,"url":"https:\/\/huntergeorge.org\/media\/2024\/03\/mossy-camo-hybrid-jacket-1000x1000-1.jpg","type":"image\/jpeg"}],"twitter_card":"summary_large_image","twitter_misc":{"Verf\u00fcgbarkeit":"Auf Lager"},"schema":{"@context":"https:\/\/schema.org","@graph":[{"@type":"WebPage","@id":"https:\/\/huntergeorge.org\/produkt\/mossy-camo-hybrid-vodoustojchivo-qke\/","url":"https:\/\/huntergeorge.org\/produkt\/mossy-camo-hybrid-vodoustojchivo-qke\/","name":"Mossy Camo Hybrid Wasserdichte Jacke | HunterGeorge","isPartOf":{"@id":"https:\/\/huntergeorge.org\/de\/#website"},"primaryImageOfPage":{"@id":"https:\/\/huntergeorge.org\/produkt\/mossy-camo-hybrid-vodoustojchivo-qke\/#primaryimage"},"image":{"@id":"https:\/\/huntergeorge.org\/produkt\/mossy-camo-hybrid-vodoustojchivo-qke\/#primaryimage"},"thumbnailUrl":"https:\/\/huntergeorge.org\/media\/2024\/03\/mossy-camo-hybrid-jacket-1000x1000-1.jpg","datePublished":"2024-03-20T09:42:42+00:00","dateModified":"2026-01-01T08:41:26+00:00","description":"Hier finden Sie Jagdprodukte von Zubeh\u00f6r f\u00fcr Ihre Waffen bis hin zu Bekleidung f\u00fcr Sie. Besuchen Sie den HunterGeorge Online Shop.","breadcrumb":{"@id":"https:\/\/huntergeorge.org\/produkt\/mossy-camo-hybrid-vodoustojchivo-qke\/#breadcrumb"},"inLanguage":"de","potentialAction":[{"@type":"ReadAction","target":["https:\/\/huntergeorge.org\/produkt\/mossy-camo-hybrid-vodoustojchivo-qke\/"]}]},{"@type":"ImageObject","inLanguage":"de","@id":"https:\/\/huntergeorge.org\/produkt\/mossy-camo-hybrid-vodoustojchivo-qke\/#primaryimage","url":"https:\/\/huntergeorge.org\/media\/2024\/03\/mossy-camo-hybrid-jacket-1000x1000-1.jpg","contentUrl":"https:\/\/huntergeorge.org\/media\/2024\/03\/mossy-camo-hybrid-jacket-1000x1000-1.jpg","width":1000,"height":1000},{"@type":"BreadcrumbList","@id":"https:\/\/huntergeorge.org\/produkt\/mossy-camo-hybrid-vodoustojchivo-qke\/#breadcrumb","itemListElement":[{"@type":"ListItem","position":1,"name":"Home","item":"https:\/\/huntergeorge.org\/"},{"@type":"ListItem","position":2,"name":"\u041f\u0440\u043e\u0434\u0443\u043a\u0442\u0438","item":"https:\/\/huntergeorge.org\/products\/"},{"@type":"ListItem","position":3,"name":"MOSSY CAMO HYBRID \u0412\u041e\u0414\u041e\u0423\u0421\u0422\u041e\u0419\u0427\u0418\u0412\u041e \u042f\u041a\u0415"}]},{"@type":"WebSite","@id":"https:\/\/huntergeorge.org\/de\/#website","url":"https:\/\/huntergeorge.org\/de\/","name":"J\u00e4ger George","description":"Ihr Shop f\u00fcr Jagdzubeh\u00f6r","publisher":{"@id":"https:\/\/huntergeorge.org\/de\/#organization"},"potentialAction":[{"@type":"SearchAction","target":{"@type":"EntryPoint","urlTemplate":"https:\/\/huntergeorge.org\/de\/?s={search_term_string}"},"query-input":{"@type":"PropertyValueSpecification","valueRequired":true,"valueName":"search_term_string"}}],"inLanguage":"de"},{"@type":"Organization","@id":"https:\/\/huntergeorge.org\/de\/#organization","name":"J\u00e4ger George","url":"https:\/\/huntergeorge.org\/de\/","logo":{"@type":"ImageObject","inLanguage":"de","@id":"https:\/\/huntergeorge.org\/de\/#\/schema\/logo\/image\/","url":"https:\/\/huntergeorge.org\/media\/2022\/06\/hunter-george.jpg","contentUrl":"https:\/\/huntergeorge.org\/media\/2022\/06\/hunter-george.jpg","width":1920,"height":1300,"caption":"Hunter George"},"image":{"@id":"https:\/\/huntergeorge.org\/de\/#\/schema\/logo\/image\/"},"sameAs":["https:\/\/www.facebook.com\/huntergeorge.org\/","https:\/\/www.instagram.com\/huntergeorge_official\/"]}]},"product_brand":"Mossy Camo","og_availability":"instock","product_availability":"instock","product_condition":"new"},"_links":{"self":[{"href":"https:\/\/huntergeorge.org\/de\/wp-json\/wp\/v2\/product\/12472","targetHints":{"allow":["GET"]}}],"collection":[{"href":"https:\/\/huntergeorge.org\/de\/wp-json\/wp\/v2\/product"}],"about":[{"href":"https:\/\/huntergeorge.org\/de\/wp-json\/wp\/v2\/types\/product"}],"replies":[{"embeddable":true,"href":"https:\/\/huntergeorge.org\/de\/wp-json\/wp\/v2\/comments?post=12472"}],"wp:featuredmedia":[{"embeddable":true,"href":"https:\/\/huntergeorge.org\/de\/wp-json\/wp\/v2\/media\/12474"}],"wp:attachment":[{"href":"https:\/\/huntergeorge.org\/de\/wp-json\/wp\/v2\/media?parent=12472"}],"wp:term":[{"taxonomy":"product_brand","embeddable":true,"href":"https:\/\/huntergeorge.org\/de\/wp-json\/wp\/v2\/product_brand?post=12472"},{"taxonomy":"product_cat","embeddable":true,"href":"https:\/\/huntergeorge.org\/de\/wp-json\/wp\/v2\/product_cat?post=12472"},{"taxonomy":"product_tag","embeddable":true,"href":"https:\/\/huntergeorge.org\/de\/wp-json\/wp\/v2\/product_tag?post=12472"},{"taxonomy":"giftcard-category","embeddable":true,"href":"https:\/\/huntergeorge.org\/de\/wp-json\/wp\/v2\/giftcard-category?post=12472"}],"curies":[{"name":"wp","href":"https:\/\/api.w.org\/{rel}","templated":true}]}}