{"id":11634,"date":"2023-05-22T08:13:17","date_gmt":"2023-05-22T08:13:17","guid":{"rendered":"https:\/\/huntergeorge.org\/?post_type=product&#038;p=11634"},"modified":"2026-01-01T08:41:24","modified_gmt":"2026-01-01T08:41:24","slug":"pistoleten-fener-dulotec-g3","status":"publish","type":"product","link":"https:\/\/huntergeorge.org\/de\/produkt\/pistoleten-fener-dulotec-g3\/","title":{"rendered":"Pistolenblitzleuchte DULOTEC G3, Unterziel, mit Laserpointer"},"content":{"rendered":"","protected":false},"excerpt":{"rendered":"<p>Eine wiederaufladbare, kompakte Sub-Target-Laterne, die dank der mitgelieferten Adapter und des Schnellverschlusses an jeder Picatinny-Schiene (Milit\u00e4rstandard 1913) befestigt werden kann. Einzigartiges Design mit einem Gewicht von nur 72,4 Gramm,<b>\u00a0auch zum verdeckten Tragen geeignet.<\/b><\/p>\n<p>Die maximale Lichtst\u00e4rke betr\u00e4gt 800 Lumen und die verwendete Diode ist OSRAM KWCSLNM1.TG 6000K. Die Stromversorgung erfolgt \u00fcber einen integrierten Lithium-Akku, der \u00fcber einen USB-C-Anschluss aufgeladen wird. Drei Leuchtmodi: stark (800 Lumen), blinkend und schwach (200 Lumen)<\/p>\n<p>\u00dcber einen Schalter k\u00f6nnen Sie w\u00e4hlen, ob Sie nur die Laterne, nur den Laser oder eine Kombination aus Laterne und Laser in den verschiedenen Modi betreiben m\u00f6chten.<\/p>\n<p><b>Eigenschaften<\/b><\/p>\n<ul>\n<li>Material: Eloxierte Aluminiumlegierung 6061-T6.<\/li>\n<li>Reichweite - 190 m<\/li>\n<li>maximale Lichtst\u00e4rke - 800 Lumen<\/li>\n<li>maximale Intensit\u00e4t - 21750cd<\/li>\n<li>Fallwiderstand von bis zu 1 Meter<\/li>\n<li>Schutz vor Staub und Wasser nach IPX7<\/li>\n<li>integrierter Lithium-Akku - wird \u00fcber den USB-C-Anschluss in ca. 1 Stunde aufgeladen<\/li>\n<li>Betriebsdauer bis zu 65 Minuten<\/li>\n<li>Diode OSRAM KWCSLNM1.TG 6000K (wei\u00dfes Licht)<\/li>\n<li>Gewicht: 72,4 Gramm<\/li>\n<li>Abmessungen: 53(l)x30,5(b)x40(h)<\/li>\n<li>Laser: Gr\u00fcn bis zu 500m<\/li>\n<\/ul>\n<p><b>Kompatibilit\u00e4t mit Schusswaffen<\/b><\/p>\n<p>Die Taschenlampe kann mit den meisten Waffen auf dem Markt mit GLOCK-Schiene oder Picatinny (Milit\u00e4rstandard 1913) verwendet werden. Es gibt mehrere Adapter enthalten, die eine f\u00fcr die Glock ist GL markiert. Die Montage erfolgt \u00fcber zwei Schrauben. Die notwendigen Werkzeuge f\u00fcr den Austausch sind ebenfalls im Kit enthalten.<\/p>\n<ul>\n<li>GLOCK: 17, 19, 20, 22, 23, 25, 32<\/li>\n<\/ul>\n<ul>\n<li>SMITH &amp; WESSON: M&amp;P M2.0 3.6\/4.0\/4.25 IN M&amp;P M2 Vollformat-Version<\/li>\n<\/ul>\n<ul>\n<li>SIG SAUER: P226, P229, P320v<\/li>\n<\/ul>\n<ul>\n<li>Andere: HK VP9 SK, CZ P10C, RUGER SR9<\/li>\n<\/ul>","protected":false},"featured_media":11635,"comment_status":"open","ping_status":"closed","template":"","meta":{"ocean_post_layout":"","ocean_both_sidebars_style":"","ocean_both_sidebars_content_width":0,"ocean_both_sidebars_sidebars_width":0,"ocean_sidebar":"0","ocean_second_sidebar":"0","ocean_disable_margins":"enable","ocean_add_body_class":"","ocean_shortcode_before_top_bar":"","ocean_shortcode_after_top_bar":"","ocean_shortcode_before_header":"","ocean_shortcode_after_header":"","ocean_has_shortcode":"","ocean_shortcode_after_title":"","ocean_shortcode_before_footer_widgets":"","ocean_shortcode_after_footer_widgets":"","ocean_shortcode_before_footer_bottom":"","ocean_shortcode_after_footer_bottom":"","ocean_display_top_bar":"default","ocean_display_header":"default","ocean_header_style":"","ocean_center_header_left_menu":"0","ocean_custom_header_template":"0","ocean_custom_logo":0,"ocean_custom_retina_logo":0,"ocean_custom_logo_max_width":0,"ocean_custom_logo_tablet_max_width":0,"ocean_custom_logo_mobile_max_width":0,"ocean_custom_logo_max_height":0,"ocean_custom_logo_tablet_max_height":0,"ocean_custom_logo_mobile_max_height":0,"ocean_header_custom_menu":"0","ocean_menu_typo_font_family":"0","ocean_menu_typo_font_subset":"","ocean_menu_typo_font_size":0,"ocean_menu_typo_font_size_tablet":0,"ocean_menu_typo_font_size_mobile":0,"ocean_menu_typo_font_size_unit":"px","ocean_menu_typo_font_weight":"","ocean_menu_typo_font_weight_tablet":"","ocean_menu_typo_font_weight_mobile":"","ocean_menu_typo_transform":"","ocean_menu_typo_transform_tablet":"","ocean_menu_typo_transform_mobile":"","ocean_menu_typo_line_height":0,"ocean_menu_typo_line_height_tablet":0,"ocean_menu_typo_line_height_mobile":0,"ocean_menu_typo_line_height_unit":"","ocean_menu_typo_spacing":0,"ocean_menu_typo_spacing_tablet":0,"ocean_menu_typo_spacing_mobile":0,"ocean_menu_typo_spacing_unit":"","ocean_menu_link_color":"","ocean_menu_link_color_hover":"","ocean_menu_link_color_active":"","ocean_menu_link_background":"","ocean_menu_link_hover_background":"","ocean_menu_link_active_background":"","ocean_menu_social_links_bg":"","ocean_menu_social_hover_links_bg":"","ocean_menu_social_links_color":"","ocean_menu_social_hover_links_color":"","ocean_disable_title":"default","ocean_disable_heading":"default","ocean_post_title":"","ocean_post_subheading":"","ocean_post_title_style":"","ocean_post_title_background_color":"","ocean_post_title_background":0,"ocean_post_title_bg_image_position":"","ocean_post_title_bg_image_attachment":"","ocean_post_title_bg_image_repeat":"","ocean_post_title_bg_image_size":"","ocean_post_title_height":0,"ocean_post_title_bg_overlay":0.5,"ocean_post_title_bg_overlay_color":"","ocean_disable_breadcrumbs":"default","ocean_breadcrumbs_color":"","ocean_breadcrumbs_separator_color":"","ocean_breadcrumbs_links_color":"","ocean_breadcrumbs_links_hover_color":"","ocean_display_footer_widgets":"default","ocean_display_footer_bottom":"default","ocean_custom_footer_template":"0"},"product_brand":[],"product_cat":[186],"product_tag":[175],"giftcard-category":[],"class_list":{"0":"post-11634","1":"product","2":"type-product","3":"status-publish","4":"has-post-thumbnail","6":"product_cat-feneri","7":"product_tag-hunter-george","9":"entry","10":"has-media","12":"first","13":"instock","14":"taxable","15":"shipping-taxable","16":"purchasable","17":"product-type-simple","18":"col","19":"span_1_of_3","20":"owp-content-center","21":"item-entry","22":"owp-thumbs-layout-horizontal","23":"owp-btn-normal","24":"owp-tabs-layout-vertical","25":"circle-sale"},"exclude_global_add_ons":[],"addons":[],"yoast_head":"\n<title>\u041f\u0438\u0441\u0442\u043e\u043b\u0435\u0442\u0435\u043d \u0444\u0435\u043d\u0435\u0440 DULOTEC G3 | HunterGeorge<\/title>\n<meta name=\"description\" content=\"\u0418\u0437\u0431\u0435\u0440\u0435\u0442\u0435 \u0438 \u043d\u0430\u043f\u0440\u0430\u0432\u0435\u0442\u0435 \u0412\u0430\u0448\u0430\u0442\u0430 \u043f\u043e\u0440\u044a\u0447\u043a\u0430 \u043d\u0430 \u043f\u0438\u0441\u0442\u043e\u043b\u0435\u0442\u0435\u043d \u0444\u0435\u043d\u0435\u0440 DULOTEC G3 \u043e\u0442 \u043e\u043d\u043b\u0430\u0439\u043d \u043c\u0430\u0433\u0430\u0437\u0438\u043d\u0430 \u043d\u0430 Hunter George. \u041e\u0447\u0430\u043a\u0432\u0430\u043c\u0435 \u0412\u0438 \u043e\u043d\u043b\u0430\u0439\u043d.\" \/>\n<meta name=\"robots\" content=\"index, follow, max-snippet:-1, max-image-preview:large, max-video-preview:-1\" \/>\n<link rel=\"canonical\" href=\"https:\/\/huntergeorge.org\/de\/produkt\/pistoleten-fener-dulotec-g3\/\" \/>\n<meta property=\"og:locale\" content=\"de_DE\" \/>\n<meta property=\"og:type\" content=\"article\" \/>\n<meta property=\"og:title\" content=\"\u041f\u0438\u0441\u0442\u043e\u043b\u0435\u0442\u0435\u043d \u0444\u0435\u043d\u0435\u0440 DULOTEC G3, \u043f\u043e\u0434\u0446\u0435\u0432\u0435\u043d, \u0441 \u043b\u0430\u0437\u0435\u0440\u0435\u043d \u0446\u0435\u043b\u0435\u0443\u043a\u0430\u0437\u0430\u0442\u0435\u043b\" \/>\n<meta property=\"og:description\" content=\"\u0418\u0437\u0431\u0435\u0440\u0435\u0442\u0435 \u0438 \u043d\u0430\u043f\u0440\u0430\u0432\u0435\u0442\u0435 \u0412\u0430\u0448\u0430\u0442\u0430 \u043f\u043e\u0440\u044a\u0447\u043a\u0430 \u043d\u0430 \u043f\u0438\u0441\u0442\u043e\u043b\u0435\u0442\u0435\u043d \u0444\u0435\u043d\u0435\u0440 DULOTEC G3 \u043e\u0442 \u043e\u043d\u043b\u0430\u0439\u043d \u043c\u0430\u0433\u0430\u0437\u0438\u043d\u0430 \u043d\u0430 Hunter George. \u041e\u0447\u0430\u043a\u0432\u0430\u043c\u0435 \u0412\u0438 \u043e\u043d\u043b\u0430\u0439\u043d.\" \/>\n<meta property=\"og:url\" content=\"https:\/\/huntergeorge.org\/de\/produkt\/pistoleten-fener-dulotec-g3\/\" \/>\n<meta property=\"og:site_name\" content=\"Hunter George\" \/>\n<meta property=\"article:publisher\" content=\"https:\/\/www.facebook.com\/huntergeorge.org\/\" \/>\n<meta property=\"article:modified_time\" content=\"2026-01-01T08:41:24+00:00\" \/>\n<meta property=\"og:image\" content=\"https:\/\/huntergeorge.org\/media\/2023\/05\/01-7.jpg\" \/>\n\t<meta property=\"og:image:width\" content=\"1435\" \/>\n\t<meta property=\"og:image:height\" content=\"1436\" \/>\n\t<meta property=\"og:image:type\" content=\"image\/jpeg\" \/>\n<meta name=\"twitter:card\" content=\"summary_large_image\" \/>\n<meta name=\"twitter:label1\" content=\"Preis\" \/>\n\t<meta name=\"twitter:data1\" content=\"118.11&euro; \u0441 \u0414\u0414\u0421\" \/>\n\t<meta name=\"twitter:label2\" content=\"Verf\u00fcgbarkeit\" \/>\n\t<meta name=\"twitter:data2\" content=\"Auf Lager\" \/>\n<script type=\"application\/ld+json\" class=\"yoast-schema-graph\">{\"@context\":\"https:\/\/schema.org\",\"@graph\":[{\"@type\":\"WebPage\",\"@id\":\"https:\/\/huntergeorge.org\/produkt\/pistoleten-fener-dulotec-g3\/\",\"url\":\"https:\/\/huntergeorge.org\/produkt\/pistoleten-fener-dulotec-g3\/\",\"name\":\"\u041f\u0438\u0441\u0442\u043e\u043b\u0435\u0442\u0435\u043d \u0444\u0435\u043d\u0435\u0440 DULOTEC G3 | HunterGeorge\",\"isPartOf\":{\"@id\":\"https:\/\/huntergeorge.org\/de\/#website\"},\"primaryImageOfPage\":{\"@id\":\"https:\/\/huntergeorge.org\/produkt\/pistoleten-fener-dulotec-g3\/#primaryimage\"},\"image\":{\"@id\":\"https:\/\/huntergeorge.org\/produkt\/pistoleten-fener-dulotec-g3\/#primaryimage\"},\"thumbnailUrl\":\"https:\/\/huntergeorge.org\/media\/2023\/05\/01-7.jpg\",\"datePublished\":\"2023-05-22T08:13:17+00:00\",\"dateModified\":\"2026-01-01T08:41:24+00:00\",\"description\":\"\u0418\u0437\u0431\u0435\u0440\u0435\u0442\u0435 \u0438 \u043d\u0430\u043f\u0440\u0430\u0432\u0435\u0442\u0435 \u0412\u0430\u0448\u0430\u0442\u0430 \u043f\u043e\u0440\u044a\u0447\u043a\u0430 \u043d\u0430 \u043f\u0438\u0441\u0442\u043e\u043b\u0435\u0442\u0435\u043d \u0444\u0435\u043d\u0435\u0440 DULOTEC G3 \u043e\u0442 \u043e\u043d\u043b\u0430\u0439\u043d \u043c\u0430\u0433\u0430\u0437\u0438\u043d\u0430 \u043d\u0430 Hunter George. \u041e\u0447\u0430\u043a\u0432\u0430\u043c\u0435 \u0412\u0438 \u043e\u043d\u043b\u0430\u0439\u043d.\",\"breadcrumb\":{\"@id\":\"https:\/\/huntergeorge.org\/produkt\/pistoleten-fener-dulotec-g3\/#breadcrumb\"},\"inLanguage\":\"de\",\"potentialAction\":[{\"@type\":\"ReadAction\",\"target\":[\"https:\/\/huntergeorge.org\/produkt\/pistoleten-fener-dulotec-g3\/\"]}]},{\"@type\":\"ImageObject\",\"inLanguage\":\"de\",\"@id\":\"https:\/\/huntergeorge.org\/produkt\/pistoleten-fener-dulotec-g3\/#primaryimage\",\"url\":\"https:\/\/huntergeorge.org\/media\/2023\/05\/01-7.jpg\",\"contentUrl\":\"https:\/\/huntergeorge.org\/media\/2023\/05\/01-7.jpg\",\"width\":1435,\"height\":1436},{\"@type\":\"BreadcrumbList\",\"@id\":\"https:\/\/huntergeorge.org\/produkt\/pistoleten-fener-dulotec-g3\/#breadcrumb\",\"itemListElement\":[{\"@type\":\"ListItem\",\"position\":1,\"name\":\"Home\",\"item\":\"https:\/\/huntergeorge.org\/\"},{\"@type\":\"ListItem\",\"position\":2,\"name\":\"\u041f\u0440\u043e\u0434\u0443\u043a\u0442\u0438\",\"item\":\"https:\/\/huntergeorge.org\/products\/\"},{\"@type\":\"ListItem\",\"position\":3,\"name\":\"\u041f\u0438\u0441\u0442\u043e\u043b\u0435\u0442\u0435\u043d \u0444\u0435\u043d\u0435\u0440 DULOTEC G3, \u043f\u043e\u0434\u0446\u0435\u0432\u0435\u043d, \u0441 \u043b\u0430\u0437\u0435\u0440\u0435\u043d \u0446\u0435\u043b\u0435\u0443\u043a\u0430\u0437\u0430\u0442\u0435\u043b\"}]},{\"@type\":\"WebSite\",\"@id\":\"https:\/\/huntergeorge.org\/de\/#website\",\"url\":\"https:\/\/huntergeorge.org\/de\/\",\"name\":\"Hunter George\",\"description\":\"\u0422\u0432\u043e\u044f\u0442 \u043c\u0430\u0433\u0430\u0437\u0438\u043d \u0437\u0430 \u043b\u043e\u0432\u043d\u0438 \u0430\u043a\u0441\u0435\u0441\u043e\u0430\u0440\u0438\",\"publisher\":{\"@id\":\"https:\/\/huntergeorge.org\/de\/#organization\"},\"potentialAction\":[{\"@type\":\"SearchAction\",\"target\":{\"@type\":\"EntryPoint\",\"urlTemplate\":\"https:\/\/huntergeorge.org\/de\/?s={search_term_string}\"},\"query-input\":{\"@type\":\"PropertyValueSpecification\",\"valueRequired\":true,\"valueName\":\"search_term_string\"}}],\"inLanguage\":\"de\"},{\"@type\":\"Organization\",\"@id\":\"https:\/\/huntergeorge.org\/de\/#organization\",\"name\":\"Hunter George\",\"url\":\"https:\/\/huntergeorge.org\/de\/\",\"logo\":{\"@type\":\"ImageObject\",\"inLanguage\":\"de\",\"@id\":\"https:\/\/huntergeorge.org\/de\/#\/schema\/logo\/image\/\",\"url\":\"https:\/\/huntergeorge.org\/media\/2022\/06\/hunter-george.jpg\",\"contentUrl\":\"https:\/\/huntergeorge.org\/media\/2022\/06\/hunter-george.jpg\",\"width\":1920,\"height\":1300,\"caption\":\"Hunter George\"},\"image\":{\"@id\":\"https:\/\/huntergeorge.org\/de\/#\/schema\/logo\/image\/\"},\"sameAs\":[\"https:\/\/www.facebook.com\/huntergeorge.org\/\",\"https:\/\/www.instagram.com\/huntergeorge_official\/\"]}]}<\/script>\n<meta property=\"product:brand\" content=\"DULOTEC\" \/>\n<meta property=\"product:price:amount\" content=\"118.11\" \/>\n<meta property=\"product:price:currency\" content=\"EUR\" \/>\n<meta property=\"og:availability\" content=\"instock\" \/>\n<meta property=\"product:availability\" content=\"instock\" \/>\n<meta property=\"product:retailer_item_id\" content=\"HG-FEN-106\" \/>\n<meta property=\"product:condition\" content=\"new\" \/>\n","yoast_head_json":{"title":"Gewehr-Taschenlampe DULOTEC G3 | HunterGeorge","description":"W\u00e4hlen und bestellen Sie eine DULOTEC G3 Pistolen-Taschenlampe im Hunter George Online Shop. Wir sind f\u00fcr Sie online warten.","robots":{"index":"index","follow":"follow","max-snippet":"max-snippet:-1","max-image-preview":"max-image-preview:large","max-video-preview":"max-video-preview:-1"},"canonical":"https:\/\/huntergeorge.org\/de\/produkt\/pistoleten-fener-dulotec-g3\/","og_locale":"de_DE","og_type":"article","og_title":"\u041f\u0438\u0441\u0442\u043e\u043b\u0435\u0442\u0435\u043d \u0444\u0435\u043d\u0435\u0440 DULOTEC G3, \u043f\u043e\u0434\u0446\u0435\u0432\u0435\u043d, \u0441 \u043b\u0430\u0437\u0435\u0440\u0435\u043d \u0446\u0435\u043b\u0435\u0443\u043a\u0430\u0437\u0430\u0442\u0435\u043b","og_description":"\u0418\u0437\u0431\u0435\u0440\u0435\u0442\u0435 \u0438 \u043d\u0430\u043f\u0440\u0430\u0432\u0435\u0442\u0435 \u0412\u0430\u0448\u0430\u0442\u0430 \u043f\u043e\u0440\u044a\u0447\u043a\u0430 \u043d\u0430 \u043f\u0438\u0441\u0442\u043e\u043b\u0435\u0442\u0435\u043d \u0444\u0435\u043d\u0435\u0440 DULOTEC G3 \u043e\u0442 \u043e\u043d\u043b\u0430\u0439\u043d \u043c\u0430\u0433\u0430\u0437\u0438\u043d\u0430 \u043d\u0430 Hunter George. \u041e\u0447\u0430\u043a\u0432\u0430\u043c\u0435 \u0412\u0438 \u043e\u043d\u043b\u0430\u0439\u043d.","og_url":"https:\/\/huntergeorge.org\/de\/produkt\/pistoleten-fener-dulotec-g3\/","og_site_name":"Hunter George","article_publisher":"https:\/\/www.facebook.com\/huntergeorge.org\/","article_modified_time":"2026-01-01T08:41:24+00:00","og_image":[{"width":1435,"height":1436,"url":"https:\/\/huntergeorge.org\/media\/2023\/05\/01-7.jpg","type":"image\/jpeg"}],"twitter_card":"summary_large_image","twitter_misc":{"Preis":"118.11&euro; \u0441 \u0414\u0414\u0421","Verf\u00fcgbarkeit":"Auf Lager"},"schema":{"@context":"https:\/\/schema.org","@graph":[{"@type":"WebPage","@id":"https:\/\/huntergeorge.org\/produkt\/pistoleten-fener-dulotec-g3\/","url":"https:\/\/huntergeorge.org\/produkt\/pistoleten-fener-dulotec-g3\/","name":"Gewehr-Taschenlampe DULOTEC G3 | HunterGeorge","isPartOf":{"@id":"https:\/\/huntergeorge.org\/de\/#website"},"primaryImageOfPage":{"@id":"https:\/\/huntergeorge.org\/produkt\/pistoleten-fener-dulotec-g3\/#primaryimage"},"image":{"@id":"https:\/\/huntergeorge.org\/produkt\/pistoleten-fener-dulotec-g3\/#primaryimage"},"thumbnailUrl":"https:\/\/huntergeorge.org\/media\/2023\/05\/01-7.jpg","datePublished":"2023-05-22T08:13:17+00:00","dateModified":"2026-01-01T08:41:24+00:00","description":"W\u00e4hlen und bestellen Sie eine DULOTEC G3 Pistolen-Taschenlampe im Hunter George Online Shop. Wir sind f\u00fcr Sie online warten.","breadcrumb":{"@id":"https:\/\/huntergeorge.org\/produkt\/pistoleten-fener-dulotec-g3\/#breadcrumb"},"inLanguage":"de","potentialAction":[{"@type":"ReadAction","target":["https:\/\/huntergeorge.org\/produkt\/pistoleten-fener-dulotec-g3\/"]}]},{"@type":"ImageObject","inLanguage":"de","@id":"https:\/\/huntergeorge.org\/produkt\/pistoleten-fener-dulotec-g3\/#primaryimage","url":"https:\/\/huntergeorge.org\/media\/2023\/05\/01-7.jpg","contentUrl":"https:\/\/huntergeorge.org\/media\/2023\/05\/01-7.jpg","width":1435,"height":1436},{"@type":"BreadcrumbList","@id":"https:\/\/huntergeorge.org\/produkt\/pistoleten-fener-dulotec-g3\/#breadcrumb","itemListElement":[{"@type":"ListItem","position":1,"name":"Home","item":"https:\/\/huntergeorge.org\/"},{"@type":"ListItem","position":2,"name":"\u041f\u0440\u043e\u0434\u0443\u043a\u0442\u0438","item":"https:\/\/huntergeorge.org\/products\/"},{"@type":"ListItem","position":3,"name":"\u041f\u0438\u0441\u0442\u043e\u043b\u0435\u0442\u0435\u043d \u0444\u0435\u043d\u0435\u0440 DULOTEC G3, \u043f\u043e\u0434\u0446\u0435\u0432\u0435\u043d, \u0441 \u043b\u0430\u0437\u0435\u0440\u0435\u043d \u0446\u0435\u043b\u0435\u0443\u043a\u0430\u0437\u0430\u0442\u0435\u043b"}]},{"@type":"WebSite","@id":"https:\/\/huntergeorge.org\/de\/#website","url":"https:\/\/huntergeorge.org\/de\/","name":"J\u00e4ger George","description":"Ihr Shop f\u00fcr Jagdzubeh\u00f6r","publisher":{"@id":"https:\/\/huntergeorge.org\/de\/#organization"},"potentialAction":[{"@type":"SearchAction","target":{"@type":"EntryPoint","urlTemplate":"https:\/\/huntergeorge.org\/de\/?s={search_term_string}"},"query-input":{"@type":"PropertyValueSpecification","valueRequired":true,"valueName":"search_term_string"}}],"inLanguage":"de"},{"@type":"Organization","@id":"https:\/\/huntergeorge.org\/de\/#organization","name":"J\u00e4ger George","url":"https:\/\/huntergeorge.org\/de\/","logo":{"@type":"ImageObject","inLanguage":"de","@id":"https:\/\/huntergeorge.org\/de\/#\/schema\/logo\/image\/","url":"https:\/\/huntergeorge.org\/media\/2022\/06\/hunter-george.jpg","contentUrl":"https:\/\/huntergeorge.org\/media\/2022\/06\/hunter-george.jpg","width":1920,"height":1300,"caption":"Hunter George"},"image":{"@id":"https:\/\/huntergeorge.org\/de\/#\/schema\/logo\/image\/"},"sameAs":["https:\/\/www.facebook.com\/huntergeorge.org\/","https:\/\/www.instagram.com\/huntergeorge_official\/"]}]},"product_brand":"DULOTEC","product_price_amount":"118.11","product_price_currency":"EUR","og_availability":"instock","product_availability":"instock","product_retailer_item_id":"HG-FEN-106","product_condition":"new"},"_links":{"self":[{"href":"https:\/\/huntergeorge.org\/de\/wp-json\/wp\/v2\/product\/11634","targetHints":{"allow":["GET"]}}],"collection":[{"href":"https:\/\/huntergeorge.org\/de\/wp-json\/wp\/v2\/product"}],"about":[{"href":"https:\/\/huntergeorge.org\/de\/wp-json\/wp\/v2\/types\/product"}],"replies":[{"embeddable":true,"href":"https:\/\/huntergeorge.org\/de\/wp-json\/wp\/v2\/comments?post=11634"}],"wp:featuredmedia":[{"embeddable":true,"href":"https:\/\/huntergeorge.org\/de\/wp-json\/wp\/v2\/media\/11635"}],"wp:attachment":[{"href":"https:\/\/huntergeorge.org\/de\/wp-json\/wp\/v2\/media?parent=11634"}],"wp:term":[{"taxonomy":"product_brand","embeddable":true,"href":"https:\/\/huntergeorge.org\/de\/wp-json\/wp\/v2\/product_brand?post=11634"},{"taxonomy":"product_cat","embeddable":true,"href":"https:\/\/huntergeorge.org\/de\/wp-json\/wp\/v2\/product_cat?post=11634"},{"taxonomy":"product_tag","embeddable":true,"href":"https:\/\/huntergeorge.org\/de\/wp-json\/wp\/v2\/product_tag?post=11634"},{"taxonomy":"giftcard-category","embeddable":true,"href":"https:\/\/huntergeorge.org\/de\/wp-json\/wp\/v2\/giftcard-category?post=11634"}],"curies":[{"name":"wp","href":"https:\/\/api.w.org\/{rel}","templated":true}]}}