{"id":11583,"date":"2023-05-19T13:43:42","date_gmt":"2023-05-19T13:43:42","guid":{"rendered":"https:\/\/huntergeorge.org\/?post_type=product&#038;p=11583"},"modified":"2026-01-01T08:41:24","modified_gmt":"2026-01-01T08:41:24","slug":"sgyvaem-noj-dulotec-k212","status":"publish","type":"product","link":"https:\/\/huntergeorge.org\/de\/produkt\/sgyvaem-noj-dulotec-k212\/","title":{"rendered":"Klappmesser DULOTEC K212"},"content":{"rendered":"","protected":false},"excerpt":{"rendered":"<div><span style=\"color: #333333; font-family: Arial;\"><b>Dulotec K212<\/b>\u00a0ist ein extrem leichtes und kleines Messer f\u00fcr den t\u00e4glichen Gebrauch konzipiert. Der Griff ist aus Micarta gefertigt.\u00a0<\/span>Das Messer ist klein und kompakt genug. Ideale Gr\u00f6\u00dfe f\u00fcr die meisten t\u00e4glichen Aktivit\u00e4ten. Die Klingengeometrie ist f\u00fcr einfaches Schneiden mit einer flachen Fase vor der Schneide verd\u00fcnnt optimiert. Die Klingen sind aus poliertem rostfreiem Stahl mit Aussparungen f\u00fcr zus\u00e4tzliches Lightweighting. Die Klinge hat einen tiefen G\u00fcrtelclip f\u00fcr bequemes und einfaches Tragen.<\/div>\n<div><span style=\"color: #333333; font-family: Arial;\">\u00a0<\/span><\/div>\n<div><span style=\"color: #333333; font-family: Arial;\"><b>EIGENSCHAFTEN:<\/b><\/span><\/div>\n<ul>\n<li><span style=\"color: #333333; font-family: Arial;\">Gesamtl\u00e4nge: 180 mm<\/span><\/li>\n<li><span style=\"color: #333333; font-family: Arial;\">Gewicht: 72 g.<\/span><\/li>\n<li><span style=\"color: #333333; font-family: Arial;\">Dicke der Klinge: 3,5 mm<\/span><\/li>\n<li><span style=\"color: #333333; font-family: Arial;\">Klingenl\u00e4nge: 78 mm<\/span><\/li>\n<li><span style=\"color: #333333; font-family: Arial;\">Klingenmaterial: 8Cr13 Rostfreier Stahl<\/span><\/li>\n<li><span style=\"color: #333333; font-family: Arial;\">Griffmaterial: Micarta<\/span><\/li>\n<li><span style=\"color: #333333; font-family: Arial;\">Schloss: Liner-Schloss<\/span><\/li>\n<\/ul>","protected":false},"featured_media":11584,"comment_status":"open","ping_status":"closed","template":"","meta":{"ocean_post_layout":"","ocean_both_sidebars_style":"","ocean_both_sidebars_content_width":0,"ocean_both_sidebars_sidebars_width":0,"ocean_sidebar":"0","ocean_second_sidebar":"0","ocean_disable_margins":"enable","ocean_add_body_class":"","ocean_shortcode_before_top_bar":"","ocean_shortcode_after_top_bar":"","ocean_shortcode_before_header":"","ocean_shortcode_after_header":"","ocean_has_shortcode":"","ocean_shortcode_after_title":"","ocean_shortcode_before_footer_widgets":"","ocean_shortcode_after_footer_widgets":"","ocean_shortcode_before_footer_bottom":"","ocean_shortcode_after_footer_bottom":"","ocean_display_top_bar":"default","ocean_display_header":"default","ocean_header_style":"","ocean_center_header_left_menu":"0","ocean_custom_header_template":"0","ocean_custom_logo":0,"ocean_custom_retina_logo":0,"ocean_custom_logo_max_width":0,"ocean_custom_logo_tablet_max_width":0,"ocean_custom_logo_mobile_max_width":0,"ocean_custom_logo_max_height":0,"ocean_custom_logo_tablet_max_height":0,"ocean_custom_logo_mobile_max_height":0,"ocean_header_custom_menu":"0","ocean_menu_typo_font_family":"0","ocean_menu_typo_font_subset":"","ocean_menu_typo_font_size":0,"ocean_menu_typo_font_size_tablet":0,"ocean_menu_typo_font_size_mobile":0,"ocean_menu_typo_font_size_unit":"px","ocean_menu_typo_font_weight":"","ocean_menu_typo_font_weight_tablet":"","ocean_menu_typo_font_weight_mobile":"","ocean_menu_typo_transform":"","ocean_menu_typo_transform_tablet":"","ocean_menu_typo_transform_mobile":"","ocean_menu_typo_line_height":0,"ocean_menu_typo_line_height_tablet":0,"ocean_menu_typo_line_height_mobile":0,"ocean_menu_typo_line_height_unit":"","ocean_menu_typo_spacing":0,"ocean_menu_typo_spacing_tablet":0,"ocean_menu_typo_spacing_mobile":0,"ocean_menu_typo_spacing_unit":"","ocean_menu_link_color":"","ocean_menu_link_color_hover":"","ocean_menu_link_color_active":"","ocean_menu_link_background":"","ocean_menu_link_hover_background":"","ocean_menu_link_active_background":"","ocean_menu_social_links_bg":"","ocean_menu_social_hover_links_bg":"","ocean_menu_social_links_color":"","ocean_menu_social_hover_links_color":"","ocean_disable_title":"default","ocean_disable_heading":"default","ocean_post_title":"","ocean_post_subheading":"","ocean_post_title_style":"","ocean_post_title_background_color":"","ocean_post_title_background":0,"ocean_post_title_bg_image_position":"","ocean_post_title_bg_image_attachment":"","ocean_post_title_bg_image_repeat":"","ocean_post_title_bg_image_size":"","ocean_post_title_height":0,"ocean_post_title_bg_overlay":0.5,"ocean_post_title_bg_overlay_color":"","ocean_disable_breadcrumbs":"default","ocean_breadcrumbs_color":"","ocean_breadcrumbs_separator_color":"","ocean_breadcrumbs_links_color":"","ocean_breadcrumbs_links_hover_color":"","ocean_display_footer_widgets":"default","ocean_display_footer_bottom":"default","ocean_custom_footer_template":"0"},"product_brand":[],"product_cat":[182],"product_tag":[175],"giftcard-category":[],"class_list":{"0":"post-11583","1":"product","2":"type-product","3":"status-publish","4":"has-post-thumbnail","6":"product_cat-nojove","7":"product_tag-hunter-george","9":"entry","10":"has-media","12":"first","13":"instock","14":"taxable","15":"shipping-taxable","16":"purchasable","17":"product-type-simple","18":"col","19":"span_1_of_3","20":"owp-content-center","21":"item-entry","22":"owp-thumbs-layout-horizontal","23":"owp-btn-normal","24":"owp-tabs-layout-vertical","25":"circle-sale"},"exclude_global_add_ons":[],"addons":[],"yoast_head":"\n<title>\u0421\u0433\u044a\u0432\u0430\u0435\u043c \u043d\u043e\u0436 DULOTEC K212 | Hunter George<\/title>\n<meta name=\"description\" content=\"\u0421\u0433\u044a\u0432\u0430\u0435\u043c \u043d\u043e\u0436 DULOTEC K212 \u043e\u0442 \u043e\u043d\u043b\u0430\u0439\u043d \u043c\u0430\u0433\u0430\u0437\u0438\u043d\u0430 \u043d\u0430 Hunter George. \u0420\u0430\u0437\u0433\u043b\u0435\u0434\u0430\u0439\u0442\u0435 \u043d\u0430\u0448\u0438\u0442\u0435 \u043f\u0440\u0435\u0434\u043b\u043e\u0436\u0435\u043d\u0438\u044f \u0437\u0430 \u0435\u0434\u043d\u043e \u043d\u0435\u0437\u0430\u0431\u0440\u0430\u0432\u0438\u043c\u043e \u043b\u043e\u0432\u043d\u043e \u0438\u0437\u0436\u0438\u0432\u044f\u0432\u0430\u043d\u0435.\" \/>\n<meta name=\"robots\" content=\"index, follow, max-snippet:-1, max-image-preview:large, max-video-preview:-1\" \/>\n<link rel=\"canonical\" href=\"https:\/\/huntergeorge.org\/de\/produkt\/sgyvaem-noj-dulotec-k212\/\" \/>\n<meta property=\"og:locale\" content=\"de_DE\" \/>\n<meta property=\"og:type\" content=\"article\" \/>\n<meta property=\"og:title\" content=\"\u0421\u0433\u044a\u0432\u0430\u0435\u043c \u043d\u043e\u0436 DULOTEC K212\" \/>\n<meta property=\"og:description\" content=\"\u0421\u0433\u044a\u0432\u0430\u0435\u043c \u043d\u043e\u0436 DULOTEC K212 \u043e\u0442 \u043e\u043d\u043b\u0430\u0439\u043d \u043c\u0430\u0433\u0430\u0437\u0438\u043d\u0430 \u043d\u0430 Hunter George. \u0420\u0430\u0437\u0433\u043b\u0435\u0434\u0430\u0439\u0442\u0435 \u043d\u0430\u0448\u0438\u0442\u0435 \u043f\u0440\u0435\u0434\u043b\u043e\u0436\u0435\u043d\u0438\u044f \u0437\u0430 \u0435\u0434\u043d\u043e \u043d\u0435\u0437\u0430\u0431\u0440\u0430\u0432\u0438\u043c\u043e \u043b\u043e\u0432\u043d\u043e \u0438\u0437\u0436\u0438\u0432\u044f\u0432\u0430\u043d\u0435.\" \/>\n<meta property=\"og:url\" content=\"https:\/\/huntergeorge.org\/de\/produkt\/sgyvaem-noj-dulotec-k212\/\" \/>\n<meta property=\"og:site_name\" content=\"Hunter George\" \/>\n<meta property=\"article:publisher\" content=\"https:\/\/www.facebook.com\/huntergeorge.org\/\" \/>\n<meta property=\"article:modified_time\" content=\"2026-01-01T08:41:24+00:00\" \/>\n<meta property=\"og:image\" content=\"https:\/\/huntergeorge.org\/media\/2023\/05\/k212-1-scaled.jpg\" \/>\n\t<meta property=\"og:image:width\" content=\"2560\" \/>\n\t<meta property=\"og:image:height\" content=\"2560\" \/>\n\t<meta property=\"og:image:type\" content=\"image\/jpeg\" \/>\n<meta name=\"twitter:card\" content=\"summary_large_image\" \/>\n<meta name=\"twitter:label1\" content=\"Preis\" \/>\n\t<meta name=\"twitter:data1\" content=\"27.61&euro; \u0441 \u0414\u0414\u0421\" \/>\n\t<meta name=\"twitter:label2\" content=\"Verf\u00fcgbarkeit\" \/>\n\t<meta name=\"twitter:data2\" content=\"Auf Lager\" \/>\n<script type=\"application\/ld+json\" class=\"yoast-schema-graph\">{\"@context\":\"https:\/\/schema.org\",\"@graph\":[{\"@type\":\"WebPage\",\"@id\":\"https:\/\/huntergeorge.org\/produkt\/sgyvaem-noj-dulotec-k212\/\",\"url\":\"https:\/\/huntergeorge.org\/produkt\/sgyvaem-noj-dulotec-k212\/\",\"name\":\"\u0421\u0433\u044a\u0432\u0430\u0435\u043c \u043d\u043e\u0436 DULOTEC K212 | Hunter George\",\"isPartOf\":{\"@id\":\"https:\/\/huntergeorge.org\/de\/#website\"},\"primaryImageOfPage\":{\"@id\":\"https:\/\/huntergeorge.org\/produkt\/sgyvaem-noj-dulotec-k212\/#primaryimage\"},\"image\":{\"@id\":\"https:\/\/huntergeorge.org\/produkt\/sgyvaem-noj-dulotec-k212\/#primaryimage\"},\"thumbnailUrl\":\"https:\/\/huntergeorge.org\/media\/2023\/05\/k212-1-scaled.jpg\",\"datePublished\":\"2023-05-19T13:43:42+00:00\",\"dateModified\":\"2026-01-01T08:41:24+00:00\",\"description\":\"\u0421\u0433\u044a\u0432\u0430\u0435\u043c \u043d\u043e\u0436 DULOTEC K212 \u043e\u0442 \u043e\u043d\u043b\u0430\u0439\u043d \u043c\u0430\u0433\u0430\u0437\u0438\u043d\u0430 \u043d\u0430 Hunter George. \u0420\u0430\u0437\u0433\u043b\u0435\u0434\u0430\u0439\u0442\u0435 \u043d\u0430\u0448\u0438\u0442\u0435 \u043f\u0440\u0435\u0434\u043b\u043e\u0436\u0435\u043d\u0438\u044f \u0437\u0430 \u0435\u0434\u043d\u043e \u043d\u0435\u0437\u0430\u0431\u0440\u0430\u0432\u0438\u043c\u043e \u043b\u043e\u0432\u043d\u043e \u0438\u0437\u0436\u0438\u0432\u044f\u0432\u0430\u043d\u0435.\",\"breadcrumb\":{\"@id\":\"https:\/\/huntergeorge.org\/produkt\/sgyvaem-noj-dulotec-k212\/#breadcrumb\"},\"inLanguage\":\"de\",\"potentialAction\":[{\"@type\":\"ReadAction\",\"target\":[\"https:\/\/huntergeorge.org\/produkt\/sgyvaem-noj-dulotec-k212\/\"]}]},{\"@type\":\"ImageObject\",\"inLanguage\":\"de\",\"@id\":\"https:\/\/huntergeorge.org\/produkt\/sgyvaem-noj-dulotec-k212\/#primaryimage\",\"url\":\"https:\/\/huntergeorge.org\/media\/2023\/05\/k212-1-scaled.jpg\",\"contentUrl\":\"https:\/\/huntergeorge.org\/media\/2023\/05\/k212-1-scaled.jpg\",\"width\":2560,\"height\":2560},{\"@type\":\"BreadcrumbList\",\"@id\":\"https:\/\/huntergeorge.org\/produkt\/sgyvaem-noj-dulotec-k212\/#breadcrumb\",\"itemListElement\":[{\"@type\":\"ListItem\",\"position\":1,\"name\":\"Home\",\"item\":\"https:\/\/huntergeorge.org\/\"},{\"@type\":\"ListItem\",\"position\":2,\"name\":\"\u041f\u0440\u043e\u0434\u0443\u043a\u0442\u0438\",\"item\":\"https:\/\/huntergeorge.org\/products\/\"},{\"@type\":\"ListItem\",\"position\":3,\"name\":\"\u0421\u0433\u044a\u0432\u0430\u0435\u043c \u043d\u043e\u0436 DULOTEC K212\"}]},{\"@type\":\"WebSite\",\"@id\":\"https:\/\/huntergeorge.org\/de\/#website\",\"url\":\"https:\/\/huntergeorge.org\/de\/\",\"name\":\"Hunter George\",\"description\":\"\u0422\u0432\u043e\u044f\u0442 \u043c\u0430\u0433\u0430\u0437\u0438\u043d \u0437\u0430 \u043b\u043e\u0432\u043d\u0438 \u0430\u043a\u0441\u0435\u0441\u043e\u0430\u0440\u0438\",\"publisher\":{\"@id\":\"https:\/\/huntergeorge.org\/de\/#organization\"},\"potentialAction\":[{\"@type\":\"SearchAction\",\"target\":{\"@type\":\"EntryPoint\",\"urlTemplate\":\"https:\/\/huntergeorge.org\/de\/?s={search_term_string}\"},\"query-input\":{\"@type\":\"PropertyValueSpecification\",\"valueRequired\":true,\"valueName\":\"search_term_string\"}}],\"inLanguage\":\"de\"},{\"@type\":\"Organization\",\"@id\":\"https:\/\/huntergeorge.org\/de\/#organization\",\"name\":\"Hunter George\",\"url\":\"https:\/\/huntergeorge.org\/de\/\",\"logo\":{\"@type\":\"ImageObject\",\"inLanguage\":\"de\",\"@id\":\"https:\/\/huntergeorge.org\/de\/#\/schema\/logo\/image\/\",\"url\":\"https:\/\/huntergeorge.org\/media\/2022\/06\/hunter-george.jpg\",\"contentUrl\":\"https:\/\/huntergeorge.org\/media\/2022\/06\/hunter-george.jpg\",\"width\":1920,\"height\":1300,\"caption\":\"Hunter George\"},\"image\":{\"@id\":\"https:\/\/huntergeorge.org\/de\/#\/schema\/logo\/image\/\"},\"sameAs\":[\"https:\/\/www.facebook.com\/huntergeorge.org\/\",\"https:\/\/www.instagram.com\/huntergeorge_official\/\"]}]}<\/script>\n<meta property=\"product:brand\" content=\"DULOTEC\" \/>\n<meta property=\"product:price:amount\" content=\"27.61\" \/>\n<meta property=\"product:price:currency\" content=\"EUR\" \/>\n<meta property=\"og:availability\" content=\"instock\" \/>\n<meta property=\"product:availability\" content=\"instock\" \/>\n<meta property=\"product:retailer_item_id\" content=\"HG-NOJ-146\" \/>\n<meta property=\"product:condition\" content=\"new\" \/>\n","yoast_head_json":{"title":"Klappmesser DULOTEC K212 | Hunter George","description":"Klappmesser DULOTEC K212 aus dem Online Shop von Hunter George. Schauen Sie sich unsere Angebote f\u00fcr ein unvergessliches Jagderlebnis.","robots":{"index":"index","follow":"follow","max-snippet":"max-snippet:-1","max-image-preview":"max-image-preview:large","max-video-preview":"max-video-preview:-1"},"canonical":"https:\/\/huntergeorge.org\/de\/produkt\/sgyvaem-noj-dulotec-k212\/","og_locale":"de_DE","og_type":"article","og_title":"\u0421\u0433\u044a\u0432\u0430\u0435\u043c \u043d\u043e\u0436 DULOTEC K212","og_description":"\u0421\u0433\u044a\u0432\u0430\u0435\u043c \u043d\u043e\u0436 DULOTEC K212 \u043e\u0442 \u043e\u043d\u043b\u0430\u0439\u043d \u043c\u0430\u0433\u0430\u0437\u0438\u043d\u0430 \u043d\u0430 Hunter George. \u0420\u0430\u0437\u0433\u043b\u0435\u0434\u0430\u0439\u0442\u0435 \u043d\u0430\u0448\u0438\u0442\u0435 \u043f\u0440\u0435\u0434\u043b\u043e\u0436\u0435\u043d\u0438\u044f \u0437\u0430 \u0435\u0434\u043d\u043e \u043d\u0435\u0437\u0430\u0431\u0440\u0430\u0432\u0438\u043c\u043e \u043b\u043e\u0432\u043d\u043e \u0438\u0437\u0436\u0438\u0432\u044f\u0432\u0430\u043d\u0435.","og_url":"https:\/\/huntergeorge.org\/de\/produkt\/sgyvaem-noj-dulotec-k212\/","og_site_name":"Hunter George","article_publisher":"https:\/\/www.facebook.com\/huntergeorge.org\/","article_modified_time":"2026-01-01T08:41:24+00:00","og_image":[{"width":2560,"height":2560,"url":"https:\/\/huntergeorge.org\/media\/2023\/05\/k212-1-scaled.jpg","type":"image\/jpeg"}],"twitter_card":"summary_large_image","twitter_misc":{"Preis":"27.61&euro; \u0441 \u0414\u0414\u0421","Verf\u00fcgbarkeit":"Auf Lager"},"schema":{"@context":"https:\/\/schema.org","@graph":[{"@type":"WebPage","@id":"https:\/\/huntergeorge.org\/produkt\/sgyvaem-noj-dulotec-k212\/","url":"https:\/\/huntergeorge.org\/produkt\/sgyvaem-noj-dulotec-k212\/","name":"Klappmesser DULOTEC K212 | Hunter George","isPartOf":{"@id":"https:\/\/huntergeorge.org\/de\/#website"},"primaryImageOfPage":{"@id":"https:\/\/huntergeorge.org\/produkt\/sgyvaem-noj-dulotec-k212\/#primaryimage"},"image":{"@id":"https:\/\/huntergeorge.org\/produkt\/sgyvaem-noj-dulotec-k212\/#primaryimage"},"thumbnailUrl":"https:\/\/huntergeorge.org\/media\/2023\/05\/k212-1-scaled.jpg","datePublished":"2023-05-19T13:43:42+00:00","dateModified":"2026-01-01T08:41:24+00:00","description":"Klappmesser DULOTEC K212 aus dem Online Shop von Hunter George. Schauen Sie sich unsere Angebote f\u00fcr ein unvergessliches Jagderlebnis.","breadcrumb":{"@id":"https:\/\/huntergeorge.org\/produkt\/sgyvaem-noj-dulotec-k212\/#breadcrumb"},"inLanguage":"de","potentialAction":[{"@type":"ReadAction","target":["https:\/\/huntergeorge.org\/produkt\/sgyvaem-noj-dulotec-k212\/"]}]},{"@type":"ImageObject","inLanguage":"de","@id":"https:\/\/huntergeorge.org\/produkt\/sgyvaem-noj-dulotec-k212\/#primaryimage","url":"https:\/\/huntergeorge.org\/media\/2023\/05\/k212-1-scaled.jpg","contentUrl":"https:\/\/huntergeorge.org\/media\/2023\/05\/k212-1-scaled.jpg","width":2560,"height":2560},{"@type":"BreadcrumbList","@id":"https:\/\/huntergeorge.org\/produkt\/sgyvaem-noj-dulotec-k212\/#breadcrumb","itemListElement":[{"@type":"ListItem","position":1,"name":"Home","item":"https:\/\/huntergeorge.org\/"},{"@type":"ListItem","position":2,"name":"\u041f\u0440\u043e\u0434\u0443\u043a\u0442\u0438","item":"https:\/\/huntergeorge.org\/products\/"},{"@type":"ListItem","position":3,"name":"\u0421\u0433\u044a\u0432\u0430\u0435\u043c \u043d\u043e\u0436 DULOTEC K212"}]},{"@type":"WebSite","@id":"https:\/\/huntergeorge.org\/de\/#website","url":"https:\/\/huntergeorge.org\/de\/","name":"J\u00e4ger George","description":"Ihr Shop f\u00fcr Jagdzubeh\u00f6r","publisher":{"@id":"https:\/\/huntergeorge.org\/de\/#organization"},"potentialAction":[{"@type":"SearchAction","target":{"@type":"EntryPoint","urlTemplate":"https:\/\/huntergeorge.org\/de\/?s={search_term_string}"},"query-input":{"@type":"PropertyValueSpecification","valueRequired":true,"valueName":"search_term_string"}}],"inLanguage":"de"},{"@type":"Organization","@id":"https:\/\/huntergeorge.org\/de\/#organization","name":"J\u00e4ger George","url":"https:\/\/huntergeorge.org\/de\/","logo":{"@type":"ImageObject","inLanguage":"de","@id":"https:\/\/huntergeorge.org\/de\/#\/schema\/logo\/image\/","url":"https:\/\/huntergeorge.org\/media\/2022\/06\/hunter-george.jpg","contentUrl":"https:\/\/huntergeorge.org\/media\/2022\/06\/hunter-george.jpg","width":1920,"height":1300,"caption":"Hunter George"},"image":{"@id":"https:\/\/huntergeorge.org\/de\/#\/schema\/logo\/image\/"},"sameAs":["https:\/\/www.facebook.com\/huntergeorge.org\/","https:\/\/www.instagram.com\/huntergeorge_official\/"]}]},"product_brand":"DULOTEC","product_price_amount":"27.61","product_price_currency":"EUR","og_availability":"instock","product_availability":"instock","product_retailer_item_id":"HG-NOJ-146","product_condition":"new"},"_links":{"self":[{"href":"https:\/\/huntergeorge.org\/de\/wp-json\/wp\/v2\/product\/11583","targetHints":{"allow":["GET"]}}],"collection":[{"href":"https:\/\/huntergeorge.org\/de\/wp-json\/wp\/v2\/product"}],"about":[{"href":"https:\/\/huntergeorge.org\/de\/wp-json\/wp\/v2\/types\/product"}],"replies":[{"embeddable":true,"href":"https:\/\/huntergeorge.org\/de\/wp-json\/wp\/v2\/comments?post=11583"}],"wp:featuredmedia":[{"embeddable":true,"href":"https:\/\/huntergeorge.org\/de\/wp-json\/wp\/v2\/media\/11584"}],"wp:attachment":[{"href":"https:\/\/huntergeorge.org\/de\/wp-json\/wp\/v2\/media?parent=11583"}],"wp:term":[{"taxonomy":"product_brand","embeddable":true,"href":"https:\/\/huntergeorge.org\/de\/wp-json\/wp\/v2\/product_brand?post=11583"},{"taxonomy":"product_cat","embeddable":true,"href":"https:\/\/huntergeorge.org\/de\/wp-json\/wp\/v2\/product_cat?post=11583"},{"taxonomy":"product_tag","embeddable":true,"href":"https:\/\/huntergeorge.org\/de\/wp-json\/wp\/v2\/product_tag?post=11583"},{"taxonomy":"giftcard-category","embeddable":true,"href":"https:\/\/huntergeorge.org\/de\/wp-json\/wp\/v2\/giftcard-category?post=11583"}],"curies":[{"name":"wp","href":"https:\/\/api.w.org\/{rel}","templated":true}]}}