{"id":11446,"date":"2023-05-19T09:40:50","date_gmt":"2023-05-19T09:40:50","guid":{"rendered":"https:\/\/huntergeorge.org\/?post_type=product&#038;p=11446"},"modified":"2026-01-01T08:41:28","modified_gmt":"2026-01-01T08:41:28","slug":"sgavaem-noj-oknife-beagle-154sm","status":"publish","type":"product","link":"https:\/\/huntergeorge.org\/de\/produkt\/sgavaem-noj-oknife-beagle-154sm\/","title":{"rendered":"Klappmesser OKNIFE BEAGLE - 154cm"},"content":{"rendered":"","protected":false},"excerpt":{"rendered":"<p>Das Beagle ist ein klappbares Taschenmesser im Harpunenstil. Es verf\u00fcgt \u00fcber eine 154 CM Klinge aus rostfreiem Stahl mit hoher Verschlei\u00df- und Korrosionsbest\u00e4ndigkeit. Der Stahl ist auf 58-60HRC geh\u00e4rtet und bietet einen hervorragenden Schnitt. Mit einer scharfen, verst\u00e4rkten, zentrierten Spitze ist diese Klinge die perfekte Wahl zum Schneiden und Bohren. Das Design auf dem Klingenr\u00fccken f\u00f6rdert eine bessere Kontrolle und erh\u00f6ht die Festigkeit. Der Griff ist aus G10 gefertigt und zeichnet sich durch hohe Festigkeit und Haltbarkeit aus.  Der strukturierte Griff bietet einen vollen und komfortablen Griff w\u00e4hrend des Gebrauchs. Ein stabiler Verschluss (Liner Lock) ist in den Griff integriert, und die Klinge, die \u00fcber ein reibungsarmes Kugellagersystem funktioniert, erm\u00f6glicht dem Benutzer ein reibungsloses \u00d6ffnen des Messers mit doppelseitigen Daumenkn\u00f6pfen. Mit einer L\u00e4nge von 4,3 Zoll (geschlossen) und einem doppelseitigen Clip f\u00fcr das tiefe Tragen ist das Beagle ein ausgezeichnetes Taschenmesser, das Sie jeden Tag bei sich tragen k\u00f6nnen.<\/p>\n<p>Erf\u00fcllt die BSCI- und ISO 14000-Zertifizierungsanforderungen sowie die FDA-Normen f\u00fcr Lebensmittelsicherheit. Komplett mit Aufbewahrungstasche, Reinigungstuch und EDC-Gedenkm\u00fcnze. Jedes Messer ist mit einer individuellen Seriennummer und Qualit\u00e4tsgarantie graviert.<\/p>\n<h4><b>EIGENSCHAFTEN:<\/b><\/h4>\n<ul>\n<li>Klingenmaterial: rostfreier Stahl 154 CM, geh\u00e4rtet auf 58 HRC<\/li>\n<li>Material des Griffs: G10<\/li>\n<li>Gewicht: 97,3 g.<\/li>\n<li>Gesamtl\u00e4nge: 193 mm<\/li>\n<li>L\u00e4nge der Klinge: 85 mm<\/li>\n<li>L\u00e4nge des Griffs: 108 mm<\/li>\n<\/ul>","protected":false},"featured_media":11447,"comment_status":"open","ping_status":"closed","template":"","meta":{"ocean_post_layout":"","ocean_both_sidebars_style":"","ocean_both_sidebars_content_width":0,"ocean_both_sidebars_sidebars_width":0,"ocean_sidebar":"0","ocean_second_sidebar":"0","ocean_disable_margins":"enable","ocean_add_body_class":"","ocean_shortcode_before_top_bar":"","ocean_shortcode_after_top_bar":"","ocean_shortcode_before_header":"","ocean_shortcode_after_header":"","ocean_has_shortcode":"","ocean_shortcode_after_title":"","ocean_shortcode_before_footer_widgets":"","ocean_shortcode_after_footer_widgets":"","ocean_shortcode_before_footer_bottom":"","ocean_shortcode_after_footer_bottom":"","ocean_display_top_bar":"default","ocean_display_header":"default","ocean_header_style":"","ocean_center_header_left_menu":"0","ocean_custom_header_template":"0","ocean_custom_logo":0,"ocean_custom_retina_logo":0,"ocean_custom_logo_max_width":0,"ocean_custom_logo_tablet_max_width":0,"ocean_custom_logo_mobile_max_width":0,"ocean_custom_logo_max_height":0,"ocean_custom_logo_tablet_max_height":0,"ocean_custom_logo_mobile_max_height":0,"ocean_header_custom_menu":"0","ocean_menu_typo_font_family":"0","ocean_menu_typo_font_subset":"","ocean_menu_typo_font_size":0,"ocean_menu_typo_font_size_tablet":0,"ocean_menu_typo_font_size_mobile":0,"ocean_menu_typo_font_size_unit":"px","ocean_menu_typo_font_weight":"","ocean_menu_typo_font_weight_tablet":"","ocean_menu_typo_font_weight_mobile":"","ocean_menu_typo_transform":"","ocean_menu_typo_transform_tablet":"","ocean_menu_typo_transform_mobile":"","ocean_menu_typo_line_height":0,"ocean_menu_typo_line_height_tablet":0,"ocean_menu_typo_line_height_mobile":0,"ocean_menu_typo_line_height_unit":"","ocean_menu_typo_spacing":0,"ocean_menu_typo_spacing_tablet":0,"ocean_menu_typo_spacing_mobile":0,"ocean_menu_typo_spacing_unit":"","ocean_menu_link_color":"","ocean_menu_link_color_hover":"","ocean_menu_link_color_active":"","ocean_menu_link_background":"","ocean_menu_link_hover_background":"","ocean_menu_link_active_background":"","ocean_menu_social_links_bg":"","ocean_menu_social_hover_links_bg":"","ocean_menu_social_links_color":"","ocean_menu_social_hover_links_color":"","ocean_disable_title":"default","ocean_disable_heading":"default","ocean_post_title":"","ocean_post_subheading":"","ocean_post_title_style":"","ocean_post_title_background_color":"","ocean_post_title_background":0,"ocean_post_title_bg_image_position":"","ocean_post_title_bg_image_attachment":"","ocean_post_title_bg_image_repeat":"","ocean_post_title_bg_image_size":"","ocean_post_title_height":0,"ocean_post_title_bg_overlay":0.5,"ocean_post_title_bg_overlay_color":"","ocean_disable_breadcrumbs":"default","ocean_breadcrumbs_color":"","ocean_breadcrumbs_separator_color":"","ocean_breadcrumbs_links_color":"","ocean_breadcrumbs_links_hover_color":"","ocean_display_footer_widgets":"default","ocean_display_footer_bottom":"default","ocean_custom_footer_template":"0"},"product_brand":[],"product_cat":[182],"product_tag":[175],"giftcard-category":[],"class_list":{"0":"post-11446","1":"product","2":"type-product","3":"status-publish","4":"has-post-thumbnail","6":"product_cat-nojove","7":"product_tag-hunter-george","9":"entry","10":"has-media","12":"first","13":"instock","14":"taxable","15":"shipping-taxable","16":"purchasable","17":"product-type-simple","18":"col","19":"span_1_of_3","20":"owp-content-center","21":"item-entry","22":"owp-thumbs-layout-horizontal","23":"owp-btn-normal","24":"owp-tabs-layout-vertical","25":"circle-sale"},"exclude_global_add_ons":[],"addons":[],"yoast_head":"\n<title>\u0421\u0433\u044a\u0432\u0430\u0435\u043c \u043d\u043e\u0436 OKNIFE BEAGLE - 154\u0441\u043c | HunterGeorge<\/title>\n<meta name=\"description\" content=\"\u0422\u0443\u043a \u0449\u0435 \u043d\u0430\u043c\u0435\u0440\u0438\u0442\u0435 \u043b\u043e\u0432\u043d\u0438 \u043f\u0440\u043e\u0434\u0443\u043a\u0442\u0438 \u043e\u0442 \u0430\u043a\u0441\u0435\u0441\u043e\u0430\u0440\u0438 \u0437\u0430 \u0412\u0430\u0448\u0435\u0442\u043e \u043e\u0440\u044a\u0436\u0438\u044f \u0434\u043e \u043e\u0431\u043b\u0435\u043a\u043b\u043e \u0437\u0430 \u0412\u0430\u0441. \u043f\u043e\u0441\u0435\u0442\u0438 \u043e\u043d\u043b\u0430\u0439\u043d \u043c\u0430\u0433\u0430\u0437\u0438\u043d\u0430 \u043d\u0430 HunterGeorge.\" \/>\n<meta name=\"robots\" content=\"index, follow, max-snippet:-1, max-image-preview:large, max-video-preview:-1\" \/>\n<link rel=\"canonical\" href=\"https:\/\/huntergeorge.org\/de\/produkt\/\u0441\u0433\u044a\u0432\u0430\u0435\u043c-\u043d\u043e\u0436-oknife-beagle-154\u0441\u043c\/\" \/>\n<meta property=\"og:locale\" content=\"de_DE\" \/>\n<meta property=\"og:type\" content=\"article\" \/>\n<meta property=\"og:title\" content=\"\u0421\u0433\u044a\u0432\u0430\u0435\u043c \u043d\u043e\u0436 OKNIFE BEAGLE - 154\u0441\u043c\" \/>\n<meta property=\"og:description\" content=\"\u0422\u0443\u043a \u0449\u0435 \u043d\u0430\u043c\u0435\u0440\u0438\u0442\u0435 \u043b\u043e\u0432\u043d\u0438 \u043f\u0440\u043e\u0434\u0443\u043a\u0442\u0438 \u043e\u0442 \u0430\u043a\u0441\u0435\u0441\u043e\u0430\u0440\u0438 \u0437\u0430 \u0412\u0430\u0448\u0435\u0442\u043e \u043e\u0440\u044a\u0436\u0438\u044f \u0434\u043e \u043e\u0431\u043b\u0435\u043a\u043b\u043e \u0437\u0430 \u0412\u0430\u0441. \u043f\u043e\u0441\u0435\u0442\u0438 \u043e\u043d\u043b\u0430\u0439\u043d \u043c\u0430\u0433\u0430\u0437\u0438\u043d\u0430 \u043d\u0430 HunterGeorge.\" \/>\n<meta property=\"og:url\" content=\"https:\/\/huntergeorge.org\/de\/produkt\/\u0441\u0433\u044a\u0432\u0430\u0435\u043c-\u043d\u043e\u0436-oknife-beagle-154\u0441\u043c\/\" \/>\n<meta property=\"og:site_name\" content=\"Hunter George\" \/>\n<meta property=\"article:publisher\" content=\"https:\/\/www.facebook.com\/huntergeorge.org\/\" \/>\n<meta property=\"article:modified_time\" content=\"2026-01-01T08:41:28+00:00\" \/>\n<meta property=\"og:image\" content=\"https:\/\/huntergeorge.org\/media\/2023\/05\/1.jpg\" \/>\n\t<meta property=\"og:image:width\" content=\"650\" \/>\n\t<meta property=\"og:image:height\" content=\"650\" \/>\n\t<meta property=\"og:image:type\" content=\"image\/jpeg\" \/>\n<meta name=\"twitter:card\" content=\"summary_large_image\" \/>\n<meta name=\"twitter:label1\" content=\"Preis\" \/>\n\t<meta name=\"twitter:data1\" content=\"111.97&euro; \u0441 \u0414\u0414\u0421\" \/>\n\t<meta name=\"twitter:label2\" content=\"Verf\u00fcgbarkeit\" \/>\n\t<meta name=\"twitter:data2\" content=\"Auf Lager\" \/>\n<script type=\"application\/ld+json\" class=\"yoast-schema-graph\">{\"@context\":\"https:\/\/schema.org\",\"@graph\":[{\"@type\":\"WebPage\",\"@id\":\"https:\/\/huntergeorge.org\/produkt\/%d1%81%d0%b3%d1%8a%d0%b2%d0%b0%d0%b5%d0%bc-%d0%bd%d0%be%d0%b6-oknife-beagle-154%d1%81%d0%bc\/\",\"url\":\"https:\/\/huntergeorge.org\/produkt\/%d1%81%d0%b3%d1%8a%d0%b2%d0%b0%d0%b5%d0%bc-%d0%bd%d0%be%d0%b6-oknife-beagle-154%d1%81%d0%bc\/\",\"name\":\"\u0421\u0433\u044a\u0432\u0430\u0435\u043c \u043d\u043e\u0436 OKNIFE BEAGLE - 154\u0441\u043c | HunterGeorge\",\"isPartOf\":{\"@id\":\"https:\/\/huntergeorge.org\/de\/#website\"},\"primaryImageOfPage\":{\"@id\":\"https:\/\/huntergeorge.org\/produkt\/%d1%81%d0%b3%d1%8a%d0%b2%d0%b0%d0%b5%d0%bc-%d0%bd%d0%be%d0%b6-oknife-beagle-154%d1%81%d0%bc\/#primaryimage\"},\"image\":{\"@id\":\"https:\/\/huntergeorge.org\/produkt\/%d1%81%d0%b3%d1%8a%d0%b2%d0%b0%d0%b5%d0%bc-%d0%bd%d0%be%d0%b6-oknife-beagle-154%d1%81%d0%bc\/#primaryimage\"},\"thumbnailUrl\":\"https:\/\/huntergeorge.org\/media\/2023\/05\/1.jpg\",\"datePublished\":\"2023-05-19T09:40:50+00:00\",\"dateModified\":\"2026-01-01T08:41:28+00:00\",\"description\":\"\u0422\u0443\u043a \u0449\u0435 \u043d\u0430\u043c\u0435\u0440\u0438\u0442\u0435 \u043b\u043e\u0432\u043d\u0438 \u043f\u0440\u043e\u0434\u0443\u043a\u0442\u0438 \u043e\u0442 \u0430\u043a\u0441\u0435\u0441\u043e\u0430\u0440\u0438 \u0437\u0430 \u0412\u0430\u0448\u0435\u0442\u043e \u043e\u0440\u044a\u0436\u0438\u044f \u0434\u043e \u043e\u0431\u043b\u0435\u043a\u043b\u043e \u0437\u0430 \u0412\u0430\u0441. \u043f\u043e\u0441\u0435\u0442\u0438 \u043e\u043d\u043b\u0430\u0439\u043d \u043c\u0430\u0433\u0430\u0437\u0438\u043d\u0430 \u043d\u0430 HunterGeorge.\",\"breadcrumb\":{\"@id\":\"https:\/\/huntergeorge.org\/produkt\/%d1%81%d0%b3%d1%8a%d0%b2%d0%b0%d0%b5%d0%bc-%d0%bd%d0%be%d0%b6-oknife-beagle-154%d1%81%d0%bc\/#breadcrumb\"},\"inLanguage\":\"de\",\"potentialAction\":[{\"@type\":\"ReadAction\",\"target\":[\"https:\/\/huntergeorge.org\/produkt\/%d1%81%d0%b3%d1%8a%d0%b2%d0%b0%d0%b5%d0%bc-%d0%bd%d0%be%d0%b6-oknife-beagle-154%d1%81%d0%bc\/\"]}]},{\"@type\":\"ImageObject\",\"inLanguage\":\"de\",\"@id\":\"https:\/\/huntergeorge.org\/produkt\/%d1%81%d0%b3%d1%8a%d0%b2%d0%b0%d0%b5%d0%bc-%d0%bd%d0%be%d0%b6-oknife-beagle-154%d1%81%d0%bc\/#primaryimage\",\"url\":\"https:\/\/huntergeorge.org\/media\/2023\/05\/1.jpg\",\"contentUrl\":\"https:\/\/huntergeorge.org\/media\/2023\/05\/1.jpg\",\"width\":650,\"height\":650},{\"@type\":\"BreadcrumbList\",\"@id\":\"https:\/\/huntergeorge.org\/produkt\/%d1%81%d0%b3%d1%8a%d0%b2%d0%b0%d0%b5%d0%bc-%d0%bd%d0%be%d0%b6-oknife-beagle-154%d1%81%d0%bc\/#breadcrumb\",\"itemListElement\":[{\"@type\":\"ListItem\",\"position\":1,\"name\":\"Home\",\"item\":\"https:\/\/huntergeorge.org\/\"},{\"@type\":\"ListItem\",\"position\":2,\"name\":\"\u041f\u0440\u043e\u0434\u0443\u043a\u0442\u0438\",\"item\":\"https:\/\/huntergeorge.org\/products\/\"},{\"@type\":\"ListItem\",\"position\":3,\"name\":\"\u0421\u0433\u044a\u0432\u0430\u0435\u043c \u043d\u043e\u0436 OKNIFE BEAGLE &#8211; 154\u0441\u043c\"}]},{\"@type\":\"WebSite\",\"@id\":\"https:\/\/huntergeorge.org\/de\/#website\",\"url\":\"https:\/\/huntergeorge.org\/de\/\",\"name\":\"Hunter George\",\"description\":\"\u0422\u0432\u043e\u044f\u0442 \u043c\u0430\u0433\u0430\u0437\u0438\u043d \u0437\u0430 \u043b\u043e\u0432\u043d\u0438 \u0430\u043a\u0441\u0435\u0441\u043e\u0430\u0440\u0438\",\"publisher\":{\"@id\":\"https:\/\/huntergeorge.org\/de\/#organization\"},\"potentialAction\":[{\"@type\":\"SearchAction\",\"target\":{\"@type\":\"EntryPoint\",\"urlTemplate\":\"https:\/\/huntergeorge.org\/de\/?s={search_term_string}\"},\"query-input\":{\"@type\":\"PropertyValueSpecification\",\"valueRequired\":true,\"valueName\":\"search_term_string\"}}],\"inLanguage\":\"de\"},{\"@type\":\"Organization\",\"@id\":\"https:\/\/huntergeorge.org\/de\/#organization\",\"name\":\"Hunter George\",\"url\":\"https:\/\/huntergeorge.org\/de\/\",\"logo\":{\"@type\":\"ImageObject\",\"inLanguage\":\"de\",\"@id\":\"https:\/\/huntergeorge.org\/de\/#\/schema\/logo\/image\/\",\"url\":\"https:\/\/huntergeorge.org\/media\/2022\/06\/hunter-george.jpg\",\"contentUrl\":\"https:\/\/huntergeorge.org\/media\/2022\/06\/hunter-george.jpg\",\"width\":1920,\"height\":1300,\"caption\":\"Hunter George\"},\"image\":{\"@id\":\"https:\/\/huntergeorge.org\/de\/#\/schema\/logo\/image\/\"},\"sameAs\":[\"https:\/\/www.facebook.com\/huntergeorge.org\/\",\"https:\/\/www.instagram.com\/huntergeorge_official\/\"]}]}<\/script>\n<meta property=\"product:brand\" content=\"OKNIFE\" \/>\n<meta property=\"product:price:amount\" content=\"111.97\" \/>\n<meta property=\"product:price:currency\" content=\"EUR\" \/>\n<meta property=\"og:availability\" content=\"instock\" \/>\n<meta property=\"product:availability\" content=\"instock\" \/>\n<meta property=\"product:retailer_item_id\" content=\"HG-NOJ-118\" \/>\n<meta property=\"product:condition\" content=\"new\" \/>\n","yoast_head_json":{"title":"Klappmesser OKNIFE BEAGLE - 154cm | HunterGeorge","description":"Hier finden Sie Jagdprodukte von Zubeh\u00f6r f\u00fcr Ihre Waffen bis hin zu Bekleidung f\u00fcr Sie. Besuchen Sie den HunterGeorge Online Shop.","robots":{"index":"index","follow":"follow","max-snippet":"max-snippet:-1","max-image-preview":"max-image-preview:large","max-video-preview":"max-video-preview:-1"},"canonical":"https:\/\/huntergeorge.org\/de\/produkt\/\u0441\u0433\u044a\u0432\u0430\u0435\u043c-\u043d\u043e\u0436-oknife-beagle-154\u0441\u043c\/","og_locale":"de_DE","og_type":"article","og_title":"\u0421\u0433\u044a\u0432\u0430\u0435\u043c \u043d\u043e\u0436 OKNIFE BEAGLE - 154\u0441\u043c","og_description":"\u0422\u0443\u043a \u0449\u0435 \u043d\u0430\u043c\u0435\u0440\u0438\u0442\u0435 \u043b\u043e\u0432\u043d\u0438 \u043f\u0440\u043e\u0434\u0443\u043a\u0442\u0438 \u043e\u0442 \u0430\u043a\u0441\u0435\u0441\u043e\u0430\u0440\u0438 \u0437\u0430 \u0412\u0430\u0448\u0435\u0442\u043e \u043e\u0440\u044a\u0436\u0438\u044f \u0434\u043e \u043e\u0431\u043b\u0435\u043a\u043b\u043e \u0437\u0430 \u0412\u0430\u0441. \u043f\u043e\u0441\u0435\u0442\u0438 \u043e\u043d\u043b\u0430\u0439\u043d \u043c\u0430\u0433\u0430\u0437\u0438\u043d\u0430 \u043d\u0430 HunterGeorge.","og_url":"https:\/\/huntergeorge.org\/de\/produkt\/\u0441\u0433\u044a\u0432\u0430\u0435\u043c-\u043d\u043e\u0436-oknife-beagle-154\u0441\u043c\/","og_site_name":"Hunter George","article_publisher":"https:\/\/www.facebook.com\/huntergeorge.org\/","article_modified_time":"2026-01-01T08:41:28+00:00","og_image":[{"width":650,"height":650,"url":"https:\/\/huntergeorge.org\/media\/2023\/05\/1.jpg","type":"image\/jpeg"}],"twitter_card":"summary_large_image","twitter_misc":{"Preis":"111.97&euro; \u0441 \u0414\u0414\u0421","Verf\u00fcgbarkeit":"Auf Lager"},"schema":{"@context":"https:\/\/schema.org","@graph":[{"@type":"WebPage","@id":"https:\/\/huntergeorge.org\/produkt\/%d1%81%d0%b3%d1%8a%d0%b2%d0%b0%d0%b5%d0%bc-%d0%bd%d0%be%d0%b6-oknife-beagle-154%d1%81%d0%bc\/","url":"https:\/\/huntergeorge.org\/produkt\/%d1%81%d0%b3%d1%8a%d0%b2%d0%b0%d0%b5%d0%bc-%d0%bd%d0%be%d0%b6-oknife-beagle-154%d1%81%d0%bc\/","name":"Klappmesser OKNIFE BEAGLE - 154cm | HunterGeorge","isPartOf":{"@id":"https:\/\/huntergeorge.org\/de\/#website"},"primaryImageOfPage":{"@id":"https:\/\/huntergeorge.org\/produkt\/%d1%81%d0%b3%d1%8a%d0%b2%d0%b0%d0%b5%d0%bc-%d0%bd%d0%be%d0%b6-oknife-beagle-154%d1%81%d0%bc\/#primaryimage"},"image":{"@id":"https:\/\/huntergeorge.org\/produkt\/%d1%81%d0%b3%d1%8a%d0%b2%d0%b0%d0%b5%d0%bc-%d0%bd%d0%be%d0%b6-oknife-beagle-154%d1%81%d0%bc\/#primaryimage"},"thumbnailUrl":"https:\/\/huntergeorge.org\/media\/2023\/05\/1.jpg","datePublished":"2023-05-19T09:40:50+00:00","dateModified":"2026-01-01T08:41:28+00:00","description":"Hier finden Sie Jagdprodukte von Zubeh\u00f6r f\u00fcr Ihre Waffen bis hin zu Bekleidung f\u00fcr Sie. Besuchen Sie den HunterGeorge Online Shop.","breadcrumb":{"@id":"https:\/\/huntergeorge.org\/produkt\/%d1%81%d0%b3%d1%8a%d0%b2%d0%b0%d0%b5%d0%bc-%d0%bd%d0%be%d0%b6-oknife-beagle-154%d1%81%d0%bc\/#breadcrumb"},"inLanguage":"de","potentialAction":[{"@type":"ReadAction","target":["https:\/\/huntergeorge.org\/produkt\/%d1%81%d0%b3%d1%8a%d0%b2%d0%b0%d0%b5%d0%bc-%d0%bd%d0%be%d0%b6-oknife-beagle-154%d1%81%d0%bc\/"]}]},{"@type":"ImageObject","inLanguage":"de","@id":"https:\/\/huntergeorge.org\/produkt\/%d1%81%d0%b3%d1%8a%d0%b2%d0%b0%d0%b5%d0%bc-%d0%bd%d0%be%d0%b6-oknife-beagle-154%d1%81%d0%bc\/#primaryimage","url":"https:\/\/huntergeorge.org\/media\/2023\/05\/1.jpg","contentUrl":"https:\/\/huntergeorge.org\/media\/2023\/05\/1.jpg","width":650,"height":650},{"@type":"BreadcrumbList","@id":"https:\/\/huntergeorge.org\/produkt\/%d1%81%d0%b3%d1%8a%d0%b2%d0%b0%d0%b5%d0%bc-%d0%bd%d0%be%d0%b6-oknife-beagle-154%d1%81%d0%bc\/#breadcrumb","itemListElement":[{"@type":"ListItem","position":1,"name":"Home","item":"https:\/\/huntergeorge.org\/"},{"@type":"ListItem","position":2,"name":"\u041f\u0440\u043e\u0434\u0443\u043a\u0442\u0438","item":"https:\/\/huntergeorge.org\/products\/"},{"@type":"ListItem","position":3,"name":"\u0421\u0433\u044a\u0432\u0430\u0435\u043c \u043d\u043e\u0436 OKNIFE BEAGLE &#8211; 154\u0441\u043c"}]},{"@type":"WebSite","@id":"https:\/\/huntergeorge.org\/de\/#website","url":"https:\/\/huntergeorge.org\/de\/","name":"J\u00e4ger George","description":"Ihr Shop f\u00fcr Jagdzubeh\u00f6r","publisher":{"@id":"https:\/\/huntergeorge.org\/de\/#organization"},"potentialAction":[{"@type":"SearchAction","target":{"@type":"EntryPoint","urlTemplate":"https:\/\/huntergeorge.org\/de\/?s={search_term_string}"},"query-input":{"@type":"PropertyValueSpecification","valueRequired":true,"valueName":"search_term_string"}}],"inLanguage":"de"},{"@type":"Organization","@id":"https:\/\/huntergeorge.org\/de\/#organization","name":"J\u00e4ger George","url":"https:\/\/huntergeorge.org\/de\/","logo":{"@type":"ImageObject","inLanguage":"de","@id":"https:\/\/huntergeorge.org\/de\/#\/schema\/logo\/image\/","url":"https:\/\/huntergeorge.org\/media\/2022\/06\/hunter-george.jpg","contentUrl":"https:\/\/huntergeorge.org\/media\/2022\/06\/hunter-george.jpg","width":1920,"height":1300,"caption":"Hunter George"},"image":{"@id":"https:\/\/huntergeorge.org\/de\/#\/schema\/logo\/image\/"},"sameAs":["https:\/\/www.facebook.com\/huntergeorge.org\/","https:\/\/www.instagram.com\/huntergeorge_official\/"]}]},"product_brand":"OKNIFE","product_price_amount":"111.97","product_price_currency":"EUR","og_availability":"instock","product_availability":"instock","product_retailer_item_id":"HG-NOJ-118","product_condition":"new"},"_links":{"self":[{"href":"https:\/\/huntergeorge.org\/de\/wp-json\/wp\/v2\/product\/11446","targetHints":{"allow":["GET"]}}],"collection":[{"href":"https:\/\/huntergeorge.org\/de\/wp-json\/wp\/v2\/product"}],"about":[{"href":"https:\/\/huntergeorge.org\/de\/wp-json\/wp\/v2\/types\/product"}],"replies":[{"embeddable":true,"href":"https:\/\/huntergeorge.org\/de\/wp-json\/wp\/v2\/comments?post=11446"}],"wp:featuredmedia":[{"embeddable":true,"href":"https:\/\/huntergeorge.org\/de\/wp-json\/wp\/v2\/media\/11447"}],"wp:attachment":[{"href":"https:\/\/huntergeorge.org\/de\/wp-json\/wp\/v2\/media?parent=11446"}],"wp:term":[{"taxonomy":"product_brand","embeddable":true,"href":"https:\/\/huntergeorge.org\/de\/wp-json\/wp\/v2\/product_brand?post=11446"},{"taxonomy":"product_cat","embeddable":true,"href":"https:\/\/huntergeorge.org\/de\/wp-json\/wp\/v2\/product_cat?post=11446"},{"taxonomy":"product_tag","embeddable":true,"href":"https:\/\/huntergeorge.org\/de\/wp-json\/wp\/v2\/product_tag?post=11446"},{"taxonomy":"giftcard-category","embeddable":true,"href":"https:\/\/huntergeorge.org\/de\/wp-json\/wp\/v2\/giftcard-category?post=11446"}],"curies":[{"name":"wp","href":"https:\/\/api.w.org\/{rel}","templated":true}]}}