{"id":1099,"date":"2019-10-09T12:47:56","date_gmt":"2019-10-09T12:47:56","guid":{"rendered":"https:\/\/huntergeorge.org\/?post_type=product&#038;p=1099"},"modified":"2026-01-01T08:41:37","modified_gmt":"2026-01-01T08:41:37","slug":"remyk-rychno-pleten","status":"publish","type":"product","link":"https:\/\/huntergeorge.org\/de\/produkt\/remyk-rychno-pleten\/","title":{"rendered":"Riemen - handgestrickt"},"content":{"rendered":"<p>Riemen - handgestrickt.<\/p>\n<ul>\n<li>Hohe Qualit\u00e4t.<\/li>\n<li>Farbe: schwarz<\/li>\n<\/ul>","protected":false},"excerpt":{"rendered":"<p>Riemen - handgestrickt. Hohe Qualit\u00e4t. Farbe: schwarz<\/p>","protected":false},"featured_media":1100,"comment_status":"open","ping_status":"closed","template":"","meta":{"ocean_post_layout":"","ocean_both_sidebars_style":"","ocean_both_sidebars_content_width":0,"ocean_both_sidebars_sidebars_width":0,"ocean_sidebar":"0","ocean_second_sidebar":"0","ocean_disable_margins":"enable","ocean_add_body_class":"","ocean_shortcode_before_top_bar":"","ocean_shortcode_after_top_bar":"","ocean_shortcode_before_header":"","ocean_shortcode_after_header":"","ocean_has_shortcode":"","ocean_shortcode_after_title":"","ocean_shortcode_before_footer_widgets":"","ocean_shortcode_after_footer_widgets":"","ocean_shortcode_before_footer_bottom":"","ocean_shortcode_after_footer_bottom":"","ocean_display_top_bar":"default","ocean_display_header":"default","ocean_header_style":"","ocean_center_header_left_menu":"0","ocean_custom_header_template":"0","ocean_custom_logo":0,"ocean_custom_retina_logo":0,"ocean_custom_logo_max_width":0,"ocean_custom_logo_tablet_max_width":0,"ocean_custom_logo_mobile_max_width":0,"ocean_custom_logo_max_height":0,"ocean_custom_logo_tablet_max_height":0,"ocean_custom_logo_mobile_max_height":0,"ocean_header_custom_menu":"0","ocean_menu_typo_font_family":"0","ocean_menu_typo_font_subset":"","ocean_menu_typo_font_size":0,"ocean_menu_typo_font_size_tablet":0,"ocean_menu_typo_font_size_mobile":0,"ocean_menu_typo_font_size_unit":"px","ocean_menu_typo_font_weight":"","ocean_menu_typo_font_weight_tablet":"","ocean_menu_typo_font_weight_mobile":"","ocean_menu_typo_transform":"","ocean_menu_typo_transform_tablet":"","ocean_menu_typo_transform_mobile":"","ocean_menu_typo_line_height":0,"ocean_menu_typo_line_height_tablet":0,"ocean_menu_typo_line_height_mobile":0,"ocean_menu_typo_line_height_unit":"","ocean_menu_typo_spacing":0,"ocean_menu_typo_spacing_tablet":0,"ocean_menu_typo_spacing_mobile":0,"ocean_menu_typo_spacing_unit":"","ocean_menu_link_color":"","ocean_menu_link_color_hover":"","ocean_menu_link_color_active":"","ocean_menu_link_background":"","ocean_menu_link_hover_background":"","ocean_menu_link_active_background":"","ocean_menu_social_links_bg":"","ocean_menu_social_hover_links_bg":"","ocean_menu_social_links_color":"","ocean_menu_social_hover_links_color":"","ocean_disable_title":"default","ocean_disable_heading":"default","ocean_post_title":"","ocean_post_subheading":"","ocean_post_title_style":"","ocean_post_title_background_color":"","ocean_post_title_background":0,"ocean_post_title_bg_image_position":"","ocean_post_title_bg_image_attachment":"","ocean_post_title_bg_image_repeat":"","ocean_post_title_bg_image_size":"","ocean_post_title_height":0,"ocean_post_title_bg_overlay":0.5,"ocean_post_title_bg_overlay_color":"","ocean_disable_breadcrumbs":"default","ocean_breadcrumbs_color":"","ocean_breadcrumbs_separator_color":"","ocean_breadcrumbs_links_color":"","ocean_breadcrumbs_links_hover_color":"","ocean_display_footer_widgets":"default","ocean_display_footer_bottom":"default","ocean_custom_footer_template":"0"},"product_brand":[],"product_cat":[32,110],"product_tag":[113,51],"giftcard-category":[],"class_list":{"0":"post-1099","1":"product","2":"type-product","3":"status-publish","4":"has-post-thumbnail","6":"product_cat-remyci-i-kolani","7":"product_cat-remyci","8":"product_tag-pleten","9":"product_tag-remak","11":"entry","12":"has-media","14":"first","15":"instock","16":"taxable","17":"shipping-taxable","18":"purchasable","19":"product-type-simple","20":"col","21":"span_1_of_3","22":"owp-content-center","23":"item-entry","24":"owp-thumbs-layout-horizontal","25":"owp-btn-normal","26":"owp-tabs-layout-vertical","27":"has-no-thumbnails","28":"circle-sale"},"exclude_global_add_ons":[],"addons":[],"yoast_head":"\n<title>\u0420\u0435\u043c\u044a\u043a - \u0440\u044a\u0447\u043d\u043e \u043f\u043b\u0435\u0442\u0435\u043d | HunterGeorge<\/title>\n<meta name=\"description\" content=\"\u041f\u043e\u0440\u044a\u0447\u0430\u0439 \u0440\u0435\u043c\u044a\u043a - \u0440\u044a\u0447\u043d\u043e \u043f\u043b\u0435\u0442\u0435\u043d \u043e\u0442 \u043b\u0443\u043a\u0441\u043e\u0437\u043d\u0430\u0442\u0430 \u0441\u0435\u0440\u0438\u044f \u043b\u043e\u0432\u043d\u0438 \u0430\u043a\u0441\u0435\u0441\u043e\u0430\u0440\u0438 \u043d\u0430 \u043e\u043d\u043b\u0430\u0439\u043d \u043c\u0430\u0433\u0430\u0437\u0438\u043d HunterGeorge. \u0423\u0432\u0435\u043b\u0438\u0447\u0438 \u043f\u0440\u0438\u043d\u0430\u0434\u043b\u0435\u0436\u043d\u043e\u0441\u0442\u0438\u0442\u0435 \u0441\u0438 \u0437\u0430 \u043b\u043e\u0432.\" \/>\n<meta name=\"robots\" content=\"index, follow, max-snippet:-1, max-image-preview:large, max-video-preview:-1\" \/>\n<link rel=\"canonical\" href=\"https:\/\/huntergeorge.org\/de\/produkt\/remyk-rychno-pleten\/\" \/>\n<meta property=\"og:locale\" content=\"de_DE\" \/>\n<meta property=\"og:type\" content=\"article\" \/>\n<meta property=\"og:title\" content=\"\u0420\u0435\u043c\u044a\u043a - \u0440\u044a\u0447\u043d\u043e \u043f\u043b\u0435\u0442\u0435\u043d | HunterGeorge\" \/>\n<meta property=\"og:description\" content=\"\u041f\u043e\u0440\u044a\u0447\u0430\u0439 \u0440\u0435\u043c\u044a\u043a - \u0440\u044a\u0447\u043d\u043e \u043f\u043b\u0435\u0442\u0435\u043d \u043e\u0442 \u043b\u0443\u043a\u0441\u043e\u0437\u043d\u0430\u0442\u0430 \u0441\u0435\u0440\u0438\u044f \u043b\u043e\u0432\u043d\u0438 \u0430\u043a\u0441\u0435\u0441\u043e\u0430\u0440\u0438 \u043d\u0430 \u043e\u043d\u043b\u0430\u0439\u043d \u043c\u0430\u0433\u0430\u0437\u0438\u043d HunterGeorge. \u0423\u0432\u0435\u043b\u0438\u0447\u0438 \u043f\u0440\u0438\u043d\u0430\u0434\u043b\u0435\u0436\u043d\u043e\u0441\u0442\u0438\u0442\u0435 \u0441\u0438 \u0437\u0430 \u043b\u043e\u0432.\" \/>\n<meta property=\"og:url\" content=\"https:\/\/huntergeorge.org\/de\/produkt\/remyk-rychno-pleten\/\" \/>\n<meta property=\"og:site_name\" content=\"Hunter George\" \/>\n<meta property=\"article:publisher\" content=\"https:\/\/www.facebook.com\/huntergeorge.org\/\" \/>\n<meta property=\"article:modified_time\" content=\"2026-01-01T08:41:37+00:00\" \/>\n<meta property=\"og:image\" content=\"https:\/\/huntergeorge.org\/media\/2019\/10\/IMG_2961.jpg\" \/>\n\t<meta property=\"og:image:width\" content=\"1000\" \/>\n\t<meta property=\"og:image:height\" content=\"1000\" \/>\n\t<meta property=\"og:image:type\" content=\"image\/jpeg\" \/>\n<meta name=\"twitter:card\" content=\"summary_large_image\" \/>\n<meta name=\"twitter:title\" content=\"\u0420\u0435\u043c\u044a\u043a- \u0440\u044a\u0447\u043d\u043e \u043f\u043b\u0435\u0442\u0435\u043d\" \/>\n<meta name=\"twitter:label1\" content=\"Preis\" \/>\n\t<meta name=\"twitter:data1\" content=\"27.61&euro; \u0441 \u0414\u0414\u0421\" \/>\n\t<meta name=\"twitter:label2\" content=\"Verf\u00fcgbarkeit\" \/>\n\t<meta name=\"twitter:data2\" content=\"Auf Lager\" \/>\n<script type=\"application\/ld+json\" class=\"yoast-schema-graph\">{\"@context\":\"https:\/\/schema.org\",\"@graph\":[{\"@type\":\"WebPage\",\"@id\":\"https:\/\/huntergeorge.org\/produkt\/remyk-rychno-pleten\/\",\"url\":\"https:\/\/huntergeorge.org\/produkt\/remyk-rychno-pleten\/\",\"name\":\"\u0420\u0435\u043c\u044a\u043a - \u0440\u044a\u0447\u043d\u043e \u043f\u043b\u0435\u0442\u0435\u043d | HunterGeorge\",\"isPartOf\":{\"@id\":\"https:\/\/huntergeorge.org\/de\/#website\"},\"primaryImageOfPage\":{\"@id\":\"https:\/\/huntergeorge.org\/produkt\/remyk-rychno-pleten\/#primaryimage\"},\"image\":{\"@id\":\"https:\/\/huntergeorge.org\/produkt\/remyk-rychno-pleten\/#primaryimage\"},\"thumbnailUrl\":\"https:\/\/huntergeorge.org\/media\/2019\/10\/IMG_2961.jpg\",\"datePublished\":\"2019-10-09T12:47:56+00:00\",\"dateModified\":\"2026-01-01T08:41:37+00:00\",\"description\":\"\u041f\u043e\u0440\u044a\u0447\u0430\u0439 \u0440\u0435\u043c\u044a\u043a - \u0440\u044a\u0447\u043d\u043e \u043f\u043b\u0435\u0442\u0435\u043d \u043e\u0442 \u043b\u0443\u043a\u0441\u043e\u0437\u043d\u0430\u0442\u0430 \u0441\u0435\u0440\u0438\u044f \u043b\u043e\u0432\u043d\u0438 \u0430\u043a\u0441\u0435\u0441\u043e\u0430\u0440\u0438 \u043d\u0430 \u043e\u043d\u043b\u0430\u0439\u043d \u043c\u0430\u0433\u0430\u0437\u0438\u043d HunterGeorge. \u0423\u0432\u0435\u043b\u0438\u0447\u0438 \u043f\u0440\u0438\u043d\u0430\u0434\u043b\u0435\u0436\u043d\u043e\u0441\u0442\u0438\u0442\u0435 \u0441\u0438 \u0437\u0430 \u043b\u043e\u0432.\",\"breadcrumb\":{\"@id\":\"https:\/\/huntergeorge.org\/produkt\/remyk-rychno-pleten\/#breadcrumb\"},\"inLanguage\":\"de\",\"potentialAction\":[{\"@type\":\"ReadAction\",\"target\":[\"https:\/\/huntergeorge.org\/produkt\/remyk-rychno-pleten\/\"]}]},{\"@type\":\"ImageObject\",\"inLanguage\":\"de\",\"@id\":\"https:\/\/huntergeorge.org\/produkt\/remyk-rychno-pleten\/#primaryimage\",\"url\":\"https:\/\/huntergeorge.org\/media\/2019\/10\/IMG_2961.jpg\",\"contentUrl\":\"https:\/\/huntergeorge.org\/media\/2019\/10\/IMG_2961.jpg\",\"width\":1000,\"height\":1000,\"caption\":\"\u0440\u0435\u043c\u044a\u043a-\u0440\u044a\u0447\u043d\u043e-\u043f\u043b\u0435\u0442\u0435\u043d\"},{\"@type\":\"BreadcrumbList\",\"@id\":\"https:\/\/huntergeorge.org\/produkt\/remyk-rychno-pleten\/#breadcrumb\",\"itemListElement\":[{\"@type\":\"ListItem\",\"position\":1,\"name\":\"Home\",\"item\":\"https:\/\/huntergeorge.org\/\"},{\"@type\":\"ListItem\",\"position\":2,\"name\":\"\u041f\u0440\u043e\u0434\u0443\u043a\u0442\u0438\",\"item\":\"https:\/\/huntergeorge.org\/products\/\"},{\"@type\":\"ListItem\",\"position\":3,\"name\":\"\u0420\u0435\u043c\u044a\u043a- \u0440\u044a\u0447\u043d\u043e \u043f\u043b\u0435\u0442\u0435\u043d\"}]},{\"@type\":\"WebSite\",\"@id\":\"https:\/\/huntergeorge.org\/de\/#website\",\"url\":\"https:\/\/huntergeorge.org\/de\/\",\"name\":\"Hunter George\",\"description\":\"\u0422\u0432\u043e\u044f\u0442 \u043c\u0430\u0433\u0430\u0437\u0438\u043d \u0437\u0430 \u043b\u043e\u0432\u043d\u0438 \u0430\u043a\u0441\u0435\u0441\u043e\u0430\u0440\u0438\",\"publisher\":{\"@id\":\"https:\/\/huntergeorge.org\/de\/#organization\"},\"potentialAction\":[{\"@type\":\"SearchAction\",\"target\":{\"@type\":\"EntryPoint\",\"urlTemplate\":\"https:\/\/huntergeorge.org\/de\/?s={search_term_string}\"},\"query-input\":{\"@type\":\"PropertyValueSpecification\",\"valueRequired\":true,\"valueName\":\"search_term_string\"}}],\"inLanguage\":\"de\"},{\"@type\":\"Organization\",\"@id\":\"https:\/\/huntergeorge.org\/de\/#organization\",\"name\":\"Hunter George\",\"url\":\"https:\/\/huntergeorge.org\/de\/\",\"logo\":{\"@type\":\"ImageObject\",\"inLanguage\":\"de\",\"@id\":\"https:\/\/huntergeorge.org\/de\/#\/schema\/logo\/image\/\",\"url\":\"https:\/\/huntergeorge.org\/media\/2022\/06\/hunter-george.jpg\",\"contentUrl\":\"https:\/\/huntergeorge.org\/media\/2022\/06\/hunter-george.jpg\",\"width\":1920,\"height\":1300,\"caption\":\"Hunter George\"},\"image\":{\"@id\":\"https:\/\/huntergeorge.org\/de\/#\/schema\/logo\/image\/\"},\"sameAs\":[\"https:\/\/www.facebook.com\/huntergeorge.org\/\",\"https:\/\/www.instagram.com\/huntergeorge_official\/\"]}]}<\/script>\n<meta property=\"product:price:amount\" content=\"27.61\" \/>\n<meta property=\"product:price:currency\" content=\"EUR\" \/>\n<meta property=\"og:availability\" content=\"instock\" \/>\n<meta property=\"product:availability\" content=\"instock\" \/>\n<meta property=\"product:retailer_item_id\" content=\"HG-RIK-REM-111\" \/>\n<meta property=\"product:condition\" content=\"new\" \/>\n","yoast_head_json":{"title":"Riemen - handgestrickt | HunterGeorge","description":"Bestellen Sie ein Schl\u00fcsselband - handgestrickt aus der Luxus-Serie von Jagd-Accessoires Online-Shop HunterGeorge. Vergr\u00f6\u00dfern Sie Ihr Jagdzubeh\u00f6r.","robots":{"index":"index","follow":"follow","max-snippet":"max-snippet:-1","max-image-preview":"max-image-preview:large","max-video-preview":"max-video-preview:-1"},"canonical":"https:\/\/huntergeorge.org\/de\/produkt\/remyk-rychno-pleten\/","og_locale":"de_DE","og_type":"article","og_title":"\u0420\u0435\u043c\u044a\u043a - \u0440\u044a\u0447\u043d\u043e \u043f\u043b\u0435\u0442\u0435\u043d | HunterGeorge","og_description":"\u041f\u043e\u0440\u044a\u0447\u0430\u0439 \u0440\u0435\u043c\u044a\u043a - \u0440\u044a\u0447\u043d\u043e \u043f\u043b\u0435\u0442\u0435\u043d \u043e\u0442 \u043b\u0443\u043a\u0441\u043e\u0437\u043d\u0430\u0442\u0430 \u0441\u0435\u0440\u0438\u044f \u043b\u043e\u0432\u043d\u0438 \u0430\u043a\u0441\u0435\u0441\u043e\u0430\u0440\u0438 \u043d\u0430 \u043e\u043d\u043b\u0430\u0439\u043d \u043c\u0430\u0433\u0430\u0437\u0438\u043d HunterGeorge. \u0423\u0432\u0435\u043b\u0438\u0447\u0438 \u043f\u0440\u0438\u043d\u0430\u0434\u043b\u0435\u0436\u043d\u043e\u0441\u0442\u0438\u0442\u0435 \u0441\u0438 \u0437\u0430 \u043b\u043e\u0432.","og_url":"https:\/\/huntergeorge.org\/de\/produkt\/remyk-rychno-pleten\/","og_site_name":"Hunter George","article_publisher":"https:\/\/www.facebook.com\/huntergeorge.org\/","article_modified_time":"2026-01-01T08:41:37+00:00","og_image":[{"width":1000,"height":1000,"url":"https:\/\/huntergeorge.org\/media\/2019\/10\/IMG_2961.jpg","type":"image\/jpeg"}],"twitter_card":"summary_large_image","twitter_title":"\u0420\u0435\u043c\u044a\u043a- \u0440\u044a\u0447\u043d\u043e \u043f\u043b\u0435\u0442\u0435\u043d","twitter_misc":{"Preis":"27.61&euro; \u0441 \u0414\u0414\u0421","Verf\u00fcgbarkeit":"Auf Lager"},"schema":{"@context":"https:\/\/schema.org","@graph":[{"@type":"WebPage","@id":"https:\/\/huntergeorge.org\/produkt\/remyk-rychno-pleten\/","url":"https:\/\/huntergeorge.org\/produkt\/remyk-rychno-pleten\/","name":"Riemen - handgestrickt | HunterGeorge","isPartOf":{"@id":"https:\/\/huntergeorge.org\/de\/#website"},"primaryImageOfPage":{"@id":"https:\/\/huntergeorge.org\/produkt\/remyk-rychno-pleten\/#primaryimage"},"image":{"@id":"https:\/\/huntergeorge.org\/produkt\/remyk-rychno-pleten\/#primaryimage"},"thumbnailUrl":"https:\/\/huntergeorge.org\/media\/2019\/10\/IMG_2961.jpg","datePublished":"2019-10-09T12:47:56+00:00","dateModified":"2026-01-01T08:41:37+00:00","description":"Bestellen Sie ein Schl\u00fcsselband - handgestrickt aus der Luxus-Serie von Jagd-Accessoires Online-Shop HunterGeorge. Vergr\u00f6\u00dfern Sie Ihr Jagdzubeh\u00f6r.","breadcrumb":{"@id":"https:\/\/huntergeorge.org\/produkt\/remyk-rychno-pleten\/#breadcrumb"},"inLanguage":"de","potentialAction":[{"@type":"ReadAction","target":["https:\/\/huntergeorge.org\/produkt\/remyk-rychno-pleten\/"]}]},{"@type":"ImageObject","inLanguage":"de","@id":"https:\/\/huntergeorge.org\/produkt\/remyk-rychno-pleten\/#primaryimage","url":"https:\/\/huntergeorge.org\/media\/2019\/10\/IMG_2961.jpg","contentUrl":"https:\/\/huntergeorge.org\/media\/2019\/10\/IMG_2961.jpg","width":1000,"height":1000,"caption":"\u0440\u0435\u043c\u044a\u043a-\u0440\u044a\u0447\u043d\u043e-\u043f\u043b\u0435\u0442\u0435\u043d"},{"@type":"BreadcrumbList","@id":"https:\/\/huntergeorge.org\/produkt\/remyk-rychno-pleten\/#breadcrumb","itemListElement":[{"@type":"ListItem","position":1,"name":"Home","item":"https:\/\/huntergeorge.org\/"},{"@type":"ListItem","position":2,"name":"\u041f\u0440\u043e\u0434\u0443\u043a\u0442\u0438","item":"https:\/\/huntergeorge.org\/products\/"},{"@type":"ListItem","position":3,"name":"\u0420\u0435\u043c\u044a\u043a- \u0440\u044a\u0447\u043d\u043e \u043f\u043b\u0435\u0442\u0435\u043d"}]},{"@type":"WebSite","@id":"https:\/\/huntergeorge.org\/de\/#website","url":"https:\/\/huntergeorge.org\/de\/","name":"J\u00e4ger George","description":"Ihr Shop f\u00fcr Jagdzubeh\u00f6r","publisher":{"@id":"https:\/\/huntergeorge.org\/de\/#organization"},"potentialAction":[{"@type":"SearchAction","target":{"@type":"EntryPoint","urlTemplate":"https:\/\/huntergeorge.org\/de\/?s={search_term_string}"},"query-input":{"@type":"PropertyValueSpecification","valueRequired":true,"valueName":"search_term_string"}}],"inLanguage":"de"},{"@type":"Organization","@id":"https:\/\/huntergeorge.org\/de\/#organization","name":"J\u00e4ger George","url":"https:\/\/huntergeorge.org\/de\/","logo":{"@type":"ImageObject","inLanguage":"de","@id":"https:\/\/huntergeorge.org\/de\/#\/schema\/logo\/image\/","url":"https:\/\/huntergeorge.org\/media\/2022\/06\/hunter-george.jpg","contentUrl":"https:\/\/huntergeorge.org\/media\/2022\/06\/hunter-george.jpg","width":1920,"height":1300,"caption":"Hunter George"},"image":{"@id":"https:\/\/huntergeorge.org\/de\/#\/schema\/logo\/image\/"},"sameAs":["https:\/\/www.facebook.com\/huntergeorge.org\/","https:\/\/www.instagram.com\/huntergeorge_official\/"]}]},"product_price_amount":"27.61","product_price_currency":"EUR","og_availability":"instock","product_availability":"instock","product_retailer_item_id":"HG-RIK-REM-111","product_condition":"new"},"_links":{"self":[{"href":"https:\/\/huntergeorge.org\/de\/wp-json\/wp\/v2\/product\/1099","targetHints":{"allow":["GET"]}}],"collection":[{"href":"https:\/\/huntergeorge.org\/de\/wp-json\/wp\/v2\/product"}],"about":[{"href":"https:\/\/huntergeorge.org\/de\/wp-json\/wp\/v2\/types\/product"}],"replies":[{"embeddable":true,"href":"https:\/\/huntergeorge.org\/de\/wp-json\/wp\/v2\/comments?post=1099"}],"wp:featuredmedia":[{"embeddable":true,"href":"https:\/\/huntergeorge.org\/de\/wp-json\/wp\/v2\/media\/1100"}],"wp:attachment":[{"href":"https:\/\/huntergeorge.org\/de\/wp-json\/wp\/v2\/media?parent=1099"}],"wp:term":[{"taxonomy":"product_brand","embeddable":true,"href":"https:\/\/huntergeorge.org\/de\/wp-json\/wp\/v2\/product_brand?post=1099"},{"taxonomy":"product_cat","embeddable":true,"href":"https:\/\/huntergeorge.org\/de\/wp-json\/wp\/v2\/product_cat?post=1099"},{"taxonomy":"product_tag","embeddable":true,"href":"https:\/\/huntergeorge.org\/de\/wp-json\/wp\/v2\/product_tag?post=1099"},{"taxonomy":"giftcard-category","embeddable":true,"href":"https:\/\/huntergeorge.org\/de\/wp-json\/wp\/v2\/giftcard-category?post=1099"}],"curies":[{"name":"wp","href":"https:\/\/api.w.org\/{rel}","templated":true}]}}