{"id":104,"date":"2019-09-30T14:55:10","date_gmt":"2019-09-30T14:55:10","guid":{"rendered":"https:\/\/huntergeorge.org\/?post_type=product&#038;p=104"},"modified":"2026-01-01T08:41:56","modified_gmt":"2026-01-01T08:41:56","slug":"oranjeva-signalna-kaishka-za-kuche","status":"publish","type":"product","link":"https:\/\/huntergeorge.org\/de\/produkt\/oranjeva-signalna-kaishka-za-kuche\/","title":{"rendered":"Orange Signalleine f\u00fcr Hund"},"content":{"rendered":"<p>Hundebesitzer versuchen oft, die Sicherheit und gute Laune ihrer pelzigen Freunde zu gew\u00e4hrleisten. Eine M\u00f6glichkeit, dies zu erreichen, ist die Verwendung einer Signalhundeleine. Wir werden uns ansehen, warum eine solche Leine so wichtig ist und was die wichtigsten Vorteile einer solchen Leine sind.<\/p>\n<h3>Erh\u00f6ht die Sichtbarkeit und die Sicherheit der Hunde<\/h3>\n<p>Die Hunde-Signal-Leine, die oft aus gut sichtbaren Materialien hergestellt wird. Dies sind zum Beispiel leuchtende Farben oder reflektierende Stoffe. Dies ist wichtig, um die Sichtbarkeit des Hundes zu erh\u00f6hen, vor allem bei Spazierg\u00e4ngen unter eingeschr\u00e4nkten Sichtverh\u00e4ltnissen. Zum Beispiel bei Spazierg\u00e4ngen am Morgen oder am Abend oder in Gegenden mit eingeschr\u00e4nkter Beleuchtung. Dies hilft nicht nur den Besitzern, ihre Hunde besser im Auge zu behalten, sondern sorgt auch daf\u00fcr, dass sie von anderen Menschen und Autofahrern besser gesehen werden, was das Risiko von Unf\u00e4llen, beispielsweise im Stra\u00dfenverkehr, verringert.<\/p>\n<p>Bietet:<\/p>\n<ul>\n<li>Sichtbarkeit<\/li>\n<li>Sicherheit<\/li>\n<li>einfache Nachvollziehbarkeit<\/li>\n<\/ul>","protected":false},"excerpt":{"rendered":"<p>Sehr starkes und haltbares Signalband. Das Material ist Silikon.<\/p>","protected":false},"featured_media":99,"comment_status":"open","ping_status":"closed","template":"","meta":{"ocean_post_layout":"","ocean_both_sidebars_style":"","ocean_both_sidebars_content_width":0,"ocean_both_sidebars_sidebars_width":0,"ocean_sidebar":"0","ocean_second_sidebar":"0","ocean_disable_margins":"enable","ocean_add_body_class":"","ocean_shortcode_before_top_bar":"","ocean_shortcode_after_top_bar":"","ocean_shortcode_before_header":"","ocean_shortcode_after_header":"","ocean_has_shortcode":"","ocean_shortcode_after_title":"","ocean_shortcode_before_footer_widgets":"","ocean_shortcode_after_footer_widgets":"","ocean_shortcode_before_footer_bottom":"","ocean_shortcode_after_footer_bottom":"","ocean_display_top_bar":"default","ocean_display_header":"default","ocean_header_style":"","ocean_center_header_left_menu":"0","ocean_custom_header_template":"0","ocean_custom_logo":0,"ocean_custom_retina_logo":0,"ocean_custom_logo_max_width":0,"ocean_custom_logo_tablet_max_width":0,"ocean_custom_logo_mobile_max_width":0,"ocean_custom_logo_max_height":0,"ocean_custom_logo_tablet_max_height":0,"ocean_custom_logo_mobile_max_height":0,"ocean_header_custom_menu":"0","ocean_menu_typo_font_family":"0","ocean_menu_typo_font_subset":"","ocean_menu_typo_font_size":0,"ocean_menu_typo_font_size_tablet":0,"ocean_menu_typo_font_size_mobile":0,"ocean_menu_typo_font_size_unit":"px","ocean_menu_typo_font_weight":"","ocean_menu_typo_font_weight_tablet":"","ocean_menu_typo_font_weight_mobile":"","ocean_menu_typo_transform":"","ocean_menu_typo_transform_tablet":"","ocean_menu_typo_transform_mobile":"","ocean_menu_typo_line_height":0,"ocean_menu_typo_line_height_tablet":0,"ocean_menu_typo_line_height_mobile":0,"ocean_menu_typo_line_height_unit":"","ocean_menu_typo_spacing":0,"ocean_menu_typo_spacing_tablet":0,"ocean_menu_typo_spacing_mobile":0,"ocean_menu_typo_spacing_unit":"","ocean_menu_link_color":"","ocean_menu_link_color_hover":"","ocean_menu_link_color_active":"","ocean_menu_link_background":"","ocean_menu_link_hover_background":"","ocean_menu_link_active_background":"","ocean_menu_social_links_bg":"","ocean_menu_social_hover_links_bg":"","ocean_menu_social_links_color":"","ocean_menu_social_hover_links_color":"","ocean_disable_title":"default","ocean_disable_heading":"default","ocean_post_title":"","ocean_post_subheading":"","ocean_post_title_style":"","ocean_post_title_background_color":"","ocean_post_title_background":0,"ocean_post_title_bg_image_position":"","ocean_post_title_bg_image_attachment":"","ocean_post_title_bg_image_repeat":"","ocean_post_title_bg_image_size":"","ocean_post_title_height":0,"ocean_post_title_bg_overlay":0.5,"ocean_post_title_bg_overlay_color":"","ocean_disable_breadcrumbs":"default","ocean_breadcrumbs_color":"","ocean_breadcrumbs_separator_color":"","ocean_breadcrumbs_links_color":"","ocean_breadcrumbs_links_hover_color":"","ocean_display_footer_widgets":"default","ocean_display_footer_bottom":"default","ocean_custom_footer_template":"0"},"product_brand":[],"product_cat":[20,63],"product_tag":[175],"giftcard-category":[],"class_list":{"0":"post-104","1":"product","2":"type-product","3":"status-publish","4":"has-post-thumbnail","6":"product_cat-aksesoari","7":"product_cat-signalni-kaishki","8":"product_tag-hunter-george","10":"entry","11":"has-media","13":"first","14":"instock","15":"taxable","16":"shipping-taxable","17":"purchasable","18":"product-type-simple","19":"col","20":"span_1_of_3","21":"owp-content-center","22":"item-entry","23":"owp-thumbs-layout-horizontal","24":"owp-btn-normal","25":"owp-tabs-layout-vertical","26":"circle-sale"},"exclude_global_add_ons":[],"addons":[],"yoast_head":"\n<title>\u041e\u0440\u0430\u043d\u0436\u0435\u0432\u0430 \u0441\u0438\u0433\u043d\u0430\u043b\u043d\u0430 \u043a\u0430\u0438\u0448\u043a\u0430 \u0437\u0430 \u043a\u0443\u0447\u0435 | Hunter George<\/title>\n<meta name=\"description\" content=\"\u041e\u0441\u0438\u0433\u0443\u0440\u0435\u0442\u0435 \u0441\u0438 \u0434\u043e\u0431\u0440\u0430 \u043f\u0440\u043e\u0441\u043b\u0435\u0434\u0438\u043c\u043e\u0441\u0442 \u043d\u0430 \u0412\u0430\u0448\u0438\u044f \u0432\u0435\u0440\u0435\u043d \u043f\u0430\u0440\u0442\u043d\u044c\u043e\u0440 \u0432 \u043b\u043e\u0432\u0430. \u041f\u043e\u0440\u044a\u0447\u0430\u0439\u0442\u0435 \u043e\u0440\u0430\u043d\u0436\u0435\u0432\u0430 \u0441\u0438\u0433\u043d\u0430\u043b\u043d\u0430 \u043a\u0430\u0438\u0448\u043a\u0430 \u0437\u0430 \u043a\u0443\u0447\u0435 \u043e\u0442 Hunter George.\" \/>\n<meta name=\"robots\" content=\"index, follow, max-snippet:-1, max-image-preview:large, max-video-preview:-1\" \/>\n<link rel=\"canonical\" href=\"https:\/\/huntergeorge.org\/de\/produkt\/oranjeva-signalna-kaishka-za-kuche\/\" \/>\n<meta property=\"og:locale\" content=\"de_DE\" \/>\n<meta property=\"og:type\" content=\"article\" \/>\n<meta property=\"og:title\" content=\"\u041e\u0440\u0430\u043d\u0436\u0435\u0432\u0430 \u0441\u0438\u0433\u043d\u0430\u043b\u043d\u0430 \u043a\u0430\u0438\u0448\u043a\u0430 \u0437\u0430 \u043a\u0443\u0447\u0435 | Hunter George\" \/>\n<meta property=\"og:description\" content=\"\u041e\u0441\u0438\u0433\u0443\u0440\u0435\u0442\u0435 \u0441\u0438 \u0434\u043e\u0431\u0440\u0430 \u043f\u0440\u043e\u0441\u043b\u0435\u0434\u0438\u043c\u043e\u0441\u0442 \u043d\u0430 \u0412\u0430\u0448\u0438\u044f \u0432\u0435\u0440\u0435\u043d \u043f\u0430\u0440\u0442\u043d\u044c\u043e\u0440 \u0432 \u043b\u043e\u0432\u0430. \u041f\u043e\u0440\u044a\u0447\u0430\u0439\u0442\u0435 \u043e\u0440\u0430\u043d\u0436\u0435\u0432\u0430 \u0441\u0438\u0433\u043d\u0430\u043b\u043d\u0430 \u043a\u0430\u0438\u0448\u043a\u0430 \u0437\u0430 \u043a\u0443\u0447\u0435 \u043e\u0442 Hunter George.\" \/>\n<meta property=\"og:url\" content=\"https:\/\/huntergeorge.org\/de\/produkt\/oranjeva-signalna-kaishka-za-kuche\/\" \/>\n<meta property=\"og:site_name\" content=\"Hunter George\" \/>\n<meta property=\"article:publisher\" content=\"https:\/\/www.facebook.com\/huntergeorge.org\/\" \/>\n<meta property=\"article:modified_time\" content=\"2026-01-01T08:41:56+00:00\" \/>\n<meta property=\"og:image\" content=\"https:\/\/huntergeorge.org\/media\/2019\/09\/IMG_3272.jpg\" \/>\n\t<meta property=\"og:image:width\" content=\"1000\" \/>\n\t<meta property=\"og:image:height\" content=\"1000\" \/>\n\t<meta property=\"og:image:type\" content=\"image\/jpeg\" \/>\n<meta name=\"twitter:card\" content=\"summary_large_image\" \/>\n<meta name=\"twitter:title\" content=\"\u041e\u0440\u0430\u043d\u0436\u0435\u0432\u0430 \u0441\u0438\u0433\u043d\u0430\u043b\u043d\u0430 \u043a\u0430\u0438\u0448\u043a\u0430 \u0437\u0430 \u043a\u0443\u0447\u0435 | Hunter George\" \/>\n<meta name=\"twitter:label1\" content=\"Preis\" \/>\n\t<meta name=\"twitter:data1\" content=\"19.94&euro; \u0441 \u0414\u0414\u0421\" \/>\n\t<meta name=\"twitter:label2\" content=\"Verf\u00fcgbarkeit\" \/>\n\t<meta name=\"twitter:data2\" content=\"Auf Lager\" \/>\n<script type=\"application\/ld+json\" class=\"yoast-schema-graph\">{\"@context\":\"https:\/\/schema.org\",\"@graph\":[{\"@type\":\"WebPage\",\"@id\":\"https:\/\/huntergeorge.org\/produkt\/oranjeva-signalna-kaishka-za-kuche\/\",\"url\":\"https:\/\/huntergeorge.org\/produkt\/oranjeva-signalna-kaishka-za-kuche\/\",\"name\":\"\u041e\u0440\u0430\u043d\u0436\u0435\u0432\u0430 \u0441\u0438\u0433\u043d\u0430\u043b\u043d\u0430 \u043a\u0430\u0438\u0448\u043a\u0430 \u0437\u0430 \u043a\u0443\u0447\u0435 | Hunter George\",\"isPartOf\":{\"@id\":\"https:\/\/huntergeorge.org\/de\/#website\"},\"primaryImageOfPage\":{\"@id\":\"https:\/\/huntergeorge.org\/produkt\/oranjeva-signalna-kaishka-za-kuche\/#primaryimage\"},\"image\":{\"@id\":\"https:\/\/huntergeorge.org\/produkt\/oranjeva-signalna-kaishka-za-kuche\/#primaryimage\"},\"thumbnailUrl\":\"https:\/\/huntergeorge.org\/media\/2019\/09\/IMG_3272.jpg\",\"datePublished\":\"2019-09-30T14:55:10+00:00\",\"dateModified\":\"2026-01-01T08:41:56+00:00\",\"description\":\"\u041e\u0441\u0438\u0433\u0443\u0440\u0435\u0442\u0435 \u0441\u0438 \u0434\u043e\u0431\u0440\u0430 \u043f\u0440\u043e\u0441\u043b\u0435\u0434\u0438\u043c\u043e\u0441\u0442 \u043d\u0430 \u0412\u0430\u0448\u0438\u044f \u0432\u0435\u0440\u0435\u043d \u043f\u0430\u0440\u0442\u043d\u044c\u043e\u0440 \u0432 \u043b\u043e\u0432\u0430. \u041f\u043e\u0440\u044a\u0447\u0430\u0439\u0442\u0435 \u043e\u0440\u0430\u043d\u0436\u0435\u0432\u0430 \u0441\u0438\u0433\u043d\u0430\u043b\u043d\u0430 \u043a\u0430\u0438\u0448\u043a\u0430 \u0437\u0430 \u043a\u0443\u0447\u0435 \u043e\u0442 Hunter George.\",\"breadcrumb\":{\"@id\":\"https:\/\/huntergeorge.org\/produkt\/oranjeva-signalna-kaishka-za-kuche\/#breadcrumb\"},\"inLanguage\":\"de\",\"potentialAction\":[{\"@type\":\"ReadAction\",\"target\":[\"https:\/\/huntergeorge.org\/produkt\/oranjeva-signalna-kaishka-za-kuche\/\"]}]},{\"@type\":\"ImageObject\",\"inLanguage\":\"de\",\"@id\":\"https:\/\/huntergeorge.org\/produkt\/oranjeva-signalna-kaishka-za-kuche\/#primaryimage\",\"url\":\"https:\/\/huntergeorge.org\/media\/2019\/09\/IMG_3272.jpg\",\"contentUrl\":\"https:\/\/huntergeorge.org\/media\/2019\/09\/IMG_3272.jpg\",\"width\":1000,\"height\":1000,\"caption\":\"\u0441\u0438\u0433\u043d\u0430\u043b\u043d\u0430-\u043a\u0430\u0438\u0448\u043a\u0430-\u0437\u0430-\u043a\u0443\u0447\u0435\"},{\"@type\":\"BreadcrumbList\",\"@id\":\"https:\/\/huntergeorge.org\/produkt\/oranjeva-signalna-kaishka-za-kuche\/#breadcrumb\",\"itemListElement\":[{\"@type\":\"ListItem\",\"position\":1,\"name\":\"Home\",\"item\":\"https:\/\/huntergeorge.org\/\"},{\"@type\":\"ListItem\",\"position\":2,\"name\":\"\u041f\u0440\u043e\u0434\u0443\u043a\u0442\u0438\",\"item\":\"https:\/\/huntergeorge.org\/products\/\"},{\"@type\":\"ListItem\",\"position\":3,\"name\":\"\u041e\u0440\u0430\u043d\u0436\u0435\u0432\u0430 \u0441\u0438\u0433\u043d\u0430\u043b\u043d\u0430 \u043a\u0430\u0438\u0448\u043a\u0430 \u0437\u0430 \u043a\u0443\u0447\u0435\"}]},{\"@type\":\"WebSite\",\"@id\":\"https:\/\/huntergeorge.org\/de\/#website\",\"url\":\"https:\/\/huntergeorge.org\/de\/\",\"name\":\"Hunter George\",\"description\":\"\u0422\u0432\u043e\u044f\u0442 \u043c\u0430\u0433\u0430\u0437\u0438\u043d \u0437\u0430 \u043b\u043e\u0432\u043d\u0438 \u0430\u043a\u0441\u0435\u0441\u043e\u0430\u0440\u0438\",\"publisher\":{\"@id\":\"https:\/\/huntergeorge.org\/de\/#organization\"},\"potentialAction\":[{\"@type\":\"SearchAction\",\"target\":{\"@type\":\"EntryPoint\",\"urlTemplate\":\"https:\/\/huntergeorge.org\/de\/?s={search_term_string}\"},\"query-input\":{\"@type\":\"PropertyValueSpecification\",\"valueRequired\":true,\"valueName\":\"search_term_string\"}}],\"inLanguage\":\"de\"},{\"@type\":\"Organization\",\"@id\":\"https:\/\/huntergeorge.org\/de\/#organization\",\"name\":\"Hunter George\",\"url\":\"https:\/\/huntergeorge.org\/de\/\",\"logo\":{\"@type\":\"ImageObject\",\"inLanguage\":\"de\",\"@id\":\"https:\/\/huntergeorge.org\/de\/#\/schema\/logo\/image\/\",\"url\":\"https:\/\/huntergeorge.org\/media\/2022\/06\/hunter-george.jpg\",\"contentUrl\":\"https:\/\/huntergeorge.org\/media\/2022\/06\/hunter-george.jpg\",\"width\":1920,\"height\":1300,\"caption\":\"Hunter George\"},\"image\":{\"@id\":\"https:\/\/huntergeorge.org\/de\/#\/schema\/logo\/image\/\"},\"sameAs\":[\"https:\/\/www.facebook.com\/huntergeorge.org\/\",\"https:\/\/www.instagram.com\/huntergeorge_official\/\"]}]}<\/script>\n<meta property=\"product:brand\" content=\"Hunter George\" \/>\n<meta property=\"product:price:amount\" content=\"19.94\" \/>\n<meta property=\"product:price:currency\" content=\"EUR\" \/>\n<meta property=\"og:availability\" content=\"instock\" \/>\n<meta property=\"product:availability\" content=\"instock\" \/>\n<meta property=\"product:retailer_item_id\" content=\"HG-AKS-SIG-502\" \/>\n<meta property=\"product:condition\" content=\"new\" \/>\n","yoast_head_json":{"title":"Orangefarbene Signalleine f\u00fcr Hund | Hunter George","description":"Sorgen Sie f\u00fcr eine gute R\u00fcckverfolgbarkeit Ihres treuen Jagdpartners. Bestellen Sie eine orangefarbene Signalhundeleine bei Hunter George.","robots":{"index":"index","follow":"follow","max-snippet":"max-snippet:-1","max-image-preview":"max-image-preview:large","max-video-preview":"max-video-preview:-1"},"canonical":"https:\/\/huntergeorge.org\/de\/produkt\/oranjeva-signalna-kaishka-za-kuche\/","og_locale":"de_DE","og_type":"article","og_title":"\u041e\u0440\u0430\u043d\u0436\u0435\u0432\u0430 \u0441\u0438\u0433\u043d\u0430\u043b\u043d\u0430 \u043a\u0430\u0438\u0448\u043a\u0430 \u0437\u0430 \u043a\u0443\u0447\u0435 | Hunter George","og_description":"\u041e\u0441\u0438\u0433\u0443\u0440\u0435\u0442\u0435 \u0441\u0438 \u0434\u043e\u0431\u0440\u0430 \u043f\u0440\u043e\u0441\u043b\u0435\u0434\u0438\u043c\u043e\u0441\u0442 \u043d\u0430 \u0412\u0430\u0448\u0438\u044f \u0432\u0435\u0440\u0435\u043d \u043f\u0430\u0440\u0442\u043d\u044c\u043e\u0440 \u0432 \u043b\u043e\u0432\u0430. \u041f\u043e\u0440\u044a\u0447\u0430\u0439\u0442\u0435 \u043e\u0440\u0430\u043d\u0436\u0435\u0432\u0430 \u0441\u0438\u0433\u043d\u0430\u043b\u043d\u0430 \u043a\u0430\u0438\u0448\u043a\u0430 \u0437\u0430 \u043a\u0443\u0447\u0435 \u043e\u0442 Hunter George.","og_url":"https:\/\/huntergeorge.org\/de\/produkt\/oranjeva-signalna-kaishka-za-kuche\/","og_site_name":"Hunter George","article_publisher":"https:\/\/www.facebook.com\/huntergeorge.org\/","article_modified_time":"2026-01-01T08:41:56+00:00","og_image":[{"width":1000,"height":1000,"url":"https:\/\/huntergeorge.org\/media\/2019\/09\/IMG_3272.jpg","type":"image\/jpeg"}],"twitter_card":"summary_large_image","twitter_title":"\u041e\u0440\u0430\u043d\u0436\u0435\u0432\u0430 \u0441\u0438\u0433\u043d\u0430\u043b\u043d\u0430 \u043a\u0430\u0438\u0448\u043a\u0430 \u0437\u0430 \u043a\u0443\u0447\u0435 | Hunter George","twitter_misc":{"Preis":"19.94&euro; \u0441 \u0414\u0414\u0421","Verf\u00fcgbarkeit":"Auf Lager"},"schema":{"@context":"https:\/\/schema.org","@graph":[{"@type":"WebPage","@id":"https:\/\/huntergeorge.org\/produkt\/oranjeva-signalna-kaishka-za-kuche\/","url":"https:\/\/huntergeorge.org\/produkt\/oranjeva-signalna-kaishka-za-kuche\/","name":"Orangefarbene Signalleine f\u00fcr Hund | Hunter George","isPartOf":{"@id":"https:\/\/huntergeorge.org\/de\/#website"},"primaryImageOfPage":{"@id":"https:\/\/huntergeorge.org\/produkt\/oranjeva-signalna-kaishka-za-kuche\/#primaryimage"},"image":{"@id":"https:\/\/huntergeorge.org\/produkt\/oranjeva-signalna-kaishka-za-kuche\/#primaryimage"},"thumbnailUrl":"https:\/\/huntergeorge.org\/media\/2019\/09\/IMG_3272.jpg","datePublished":"2019-09-30T14:55:10+00:00","dateModified":"2026-01-01T08:41:56+00:00","description":"Sorgen Sie f\u00fcr eine gute R\u00fcckverfolgbarkeit Ihres treuen Jagdpartners. Bestellen Sie eine orangefarbene Signalhundeleine bei Hunter George.","breadcrumb":{"@id":"https:\/\/huntergeorge.org\/produkt\/oranjeva-signalna-kaishka-za-kuche\/#breadcrumb"},"inLanguage":"de","potentialAction":[{"@type":"ReadAction","target":["https:\/\/huntergeorge.org\/produkt\/oranjeva-signalna-kaishka-za-kuche\/"]}]},{"@type":"ImageObject","inLanguage":"de","@id":"https:\/\/huntergeorge.org\/produkt\/oranjeva-signalna-kaishka-za-kuche\/#primaryimage","url":"https:\/\/huntergeorge.org\/media\/2019\/09\/IMG_3272.jpg","contentUrl":"https:\/\/huntergeorge.org\/media\/2019\/09\/IMG_3272.jpg","width":1000,"height":1000,"caption":"\u0441\u0438\u0433\u043d\u0430\u043b\u043d\u0430-\u043a\u0430\u0438\u0448\u043a\u0430-\u0437\u0430-\u043a\u0443\u0447\u0435"},{"@type":"BreadcrumbList","@id":"https:\/\/huntergeorge.org\/produkt\/oranjeva-signalna-kaishka-za-kuche\/#breadcrumb","itemListElement":[{"@type":"ListItem","position":1,"name":"Home","item":"https:\/\/huntergeorge.org\/"},{"@type":"ListItem","position":2,"name":"\u041f\u0440\u043e\u0434\u0443\u043a\u0442\u0438","item":"https:\/\/huntergeorge.org\/products\/"},{"@type":"ListItem","position":3,"name":"\u041e\u0440\u0430\u043d\u0436\u0435\u0432\u0430 \u0441\u0438\u0433\u043d\u0430\u043b\u043d\u0430 \u043a\u0430\u0438\u0448\u043a\u0430 \u0437\u0430 \u043a\u0443\u0447\u0435"}]},{"@type":"WebSite","@id":"https:\/\/huntergeorge.org\/de\/#website","url":"https:\/\/huntergeorge.org\/de\/","name":"J\u00e4ger George","description":"Ihr Shop f\u00fcr Jagdzubeh\u00f6r","publisher":{"@id":"https:\/\/huntergeorge.org\/de\/#organization"},"potentialAction":[{"@type":"SearchAction","target":{"@type":"EntryPoint","urlTemplate":"https:\/\/huntergeorge.org\/de\/?s={search_term_string}"},"query-input":{"@type":"PropertyValueSpecification","valueRequired":true,"valueName":"search_term_string"}}],"inLanguage":"de"},{"@type":"Organization","@id":"https:\/\/huntergeorge.org\/de\/#organization","name":"J\u00e4ger George","url":"https:\/\/huntergeorge.org\/de\/","logo":{"@type":"ImageObject","inLanguage":"de","@id":"https:\/\/huntergeorge.org\/de\/#\/schema\/logo\/image\/","url":"https:\/\/huntergeorge.org\/media\/2022\/06\/hunter-george.jpg","contentUrl":"https:\/\/huntergeorge.org\/media\/2022\/06\/hunter-george.jpg","width":1920,"height":1300,"caption":"Hunter George"},"image":{"@id":"https:\/\/huntergeorge.org\/de\/#\/schema\/logo\/image\/"},"sameAs":["https:\/\/www.facebook.com\/huntergeorge.org\/","https:\/\/www.instagram.com\/huntergeorge_official\/"]}]},"product_brand":"Hunter George","product_price_amount":"19.94","product_price_currency":"EUR","og_availability":"instock","product_availability":"instock","product_retailer_item_id":"HG-AKS-SIG-502","product_condition":"new"},"_links":{"self":[{"href":"https:\/\/huntergeorge.org\/de\/wp-json\/wp\/v2\/product\/104","targetHints":{"allow":["GET"]}}],"collection":[{"href":"https:\/\/huntergeorge.org\/de\/wp-json\/wp\/v2\/product"}],"about":[{"href":"https:\/\/huntergeorge.org\/de\/wp-json\/wp\/v2\/types\/product"}],"replies":[{"embeddable":true,"href":"https:\/\/huntergeorge.org\/de\/wp-json\/wp\/v2\/comments?post=104"}],"wp:featuredmedia":[{"embeddable":true,"href":"https:\/\/huntergeorge.org\/de\/wp-json\/wp\/v2\/media\/99"}],"wp:attachment":[{"href":"https:\/\/huntergeorge.org\/de\/wp-json\/wp\/v2\/media?parent=104"}],"wp:term":[{"taxonomy":"product_brand","embeddable":true,"href":"https:\/\/huntergeorge.org\/de\/wp-json\/wp\/v2\/product_brand?post=104"},{"taxonomy":"product_cat","embeddable":true,"href":"https:\/\/huntergeorge.org\/de\/wp-json\/wp\/v2\/product_cat?post=104"},{"taxonomy":"product_tag","embeddable":true,"href":"https:\/\/huntergeorge.org\/de\/wp-json\/wp\/v2\/product_tag?post=104"},{"taxonomy":"giftcard-category","embeddable":true,"href":"https:\/\/huntergeorge.org\/de\/wp-json\/wp\/v2\/giftcard-category?post=104"}],"curies":[{"name":"wp","href":"https:\/\/api.w.org\/{rel}","templated":true}]}}