{"id":50,"date":"2019-09-20T08:45:40","date_gmt":"2019-09-20T08:45:40","guid":{"rendered":"https:\/\/huntergeorge.org\/?page_id=50"},"modified":"2022-02-09T15:29:28","modified_gmt":"2022-02-09T15:29:28","slug":"questions","status":"publish","type":"page","link":"https:\/\/huntergeorge.org\/de\/questions\/","title":{"rendered":"H\u00e4ufig gestellte Fragen"},"content":{"rendered":"<div data-elementor-type=\"wp-page\" data-elementor-id=\"50\" class=\"elementor elementor-50\" data-elementor-post-type=\"page\">\n\t\t\t\t\t\t<section class=\"elementor-section elementor-top-section elementor-element elementor-element-5638ad9 elementor-section-content-middle elementor-section-full_width elementor-section-height-default elementor-section-height-default\" data-id=\"5638ad9\" data-element_type=\"section\" data-settings=\"{&quot;background_background&quot;:&quot;classic&quot;}\">\n\t\t\t\t\t\t<div class=\"elementor-container elementor-column-gap-no\">\n\t\t\t\t\t<div class=\"elementor-column elementor-col-100 elementor-top-column elementor-element elementor-element-959e64a\" data-id=\"959e64a\" data-element_type=\"column\">\n\t\t\t<div class=\"elementor-widget-wrap elementor-element-populated\">\n\t\t\t\t\t\t<div class=\"elementor-element elementor-element-61ba734 elementor-widget elementor-widget-heading\" data-id=\"61ba734\" data-element_type=\"widget\" data-settings=\"{&quot;_animation&quot;:&quot;none&quot;}\" data-widget_type=\"heading.default\">\n\t\t\t\t<div class=\"elementor-widget-container\">\n\t\t\t\t\t<h1 class=\"elementor-heading-title elementor-size-default\">H\u00e4ufig gestellte Fragen<\/h1>\t\t\t\t<\/div>\n\t\t\t\t<\/div>\n\t\t\t\t<div class=\"elementor-element elementor-element-e48b642 elementor-invisible elementor-widget elementor-widget-heading\" data-id=\"e48b642\" data-element_type=\"widget\" data-settings=\"{&quot;_animation&quot;:&quot;fadeInLeft&quot;}\" data-widget_type=\"heading.default\">\n\t\t\t\t<div class=\"elementor-widget-container\">\n\t\t\t\t\t<h2 class=\"elementor-heading-title elementor-size-default\">Finden Sie die Antwort auf die am h\u00e4ufigsten gestellten Fragen<\/h2>\t\t\t\t<\/div>\n\t\t\t\t<\/div>\n\t\t\t\t<div class=\"elementor-element elementor-element-98665a3 elementor-widget-divider--view-line elementor-invisible elementor-widget elementor-widget-divider\" data-id=\"98665a3\" data-element_type=\"widget\" data-settings=\"{&quot;_animation&quot;:&quot;fadeInLeft&quot;}\" data-widget_type=\"divider.default\">\n\t\t\t\t<div class=\"elementor-widget-container\">\n\t\t\t\t\t\t\t<div class=\"elementor-divider\">\n\t\t\t<span class=\"elementor-divider-separator\">\n\t\t\t\t\t\t<\/span>\n\t\t<\/div>\n\t\t\t\t\t\t<\/div>\n\t\t\t\t<\/div>\n\t\t\t\t<div class=\"elementor-element elementor-element-3966122 elementor-widget elementor-widget-accordion\" data-id=\"3966122\" data-element_type=\"widget\" data-widget_type=\"accordion.default\">\n\t\t\t\t<div class=\"elementor-widget-container\">\n\t\t\t\t\t\t\t<div class=\"elementor-accordion\">\n\t\t\t\t\t\t\t<div class=\"elementor-accordion-item\">\n\t\t\t\t\t<div id=\"elementor-tab-title-6011\" class=\"elementor-tab-title\" data-tab=\"1\" role=\"button\" aria-controls=\"elementor-tab-content-6011\" aria-expanded=\"false\">\n\t\t\t\t\t\t\t\t\t\t\t\t\t<span class=\"elementor-accordion-icon elementor-accordion-icon-left\" aria-hidden=\"true\">\n\t\t\t\t\t\t\t\t\t\t\t\t\t\t\t<span class=\"elementor-accordion-icon-closed\"><i class=\"fas fa-plus\"><\/i><\/span>\n\t\t\t\t\t\t\t\t<span class=\"elementor-accordion-icon-opened\"><i class=\"fas fa-minus\"><\/i><\/span>\n\t\t\t\t\t\t\t\t\t\t\t\t\t\t<\/span>\n\t\t\t\t\t\t\t\t\t\t\t\t<a class=\"elementor-accordion-title\" tabindex=\"0\">Wie lauten die Garantiebedingungen?<\/a>\n\t\t\t\t\t<\/div>\n\t\t\t\t\t<div id=\"elementor-tab-content-6011\" class=\"elementor-tab-content elementor-clearfix\" data-tab=\"1\" role=\"region\" aria-labelledby=\"elementor-tab-title-6011\"><p>Alle Produkte sind aus hochwertigen Materialien hergestellt und haben eine 1-j\u00e4hrige Garantie.<\/p><\/div>\n\t\t\t\t<\/div>\n\t\t\t\t\t\t\t<div class=\"elementor-accordion-item\">\n\t\t\t\t\t<div id=\"elementor-tab-title-6012\" class=\"elementor-tab-title\" data-tab=\"2\" role=\"button\" aria-controls=\"elementor-tab-content-6012\" aria-expanded=\"false\">\n\t\t\t\t\t\t\t\t\t\t\t\t\t<span class=\"elementor-accordion-icon elementor-accordion-icon-left\" aria-hidden=\"true\">\n\t\t\t\t\t\t\t\t\t\t\t\t\t\t\t<span class=\"elementor-accordion-icon-closed\"><i class=\"fas fa-plus\"><\/i><\/span>\n\t\t\t\t\t\t\t\t<span class=\"elementor-accordion-icon-opened\"><i class=\"fas fa-minus\"><\/i><\/span>\n\t\t\t\t\t\t\t\t\t\t\t\t\t\t<\/span>\n\t\t\t\t\t\t\t\t\t\t\t\t<a class=\"elementor-accordion-title\" tabindex=\"0\">Falls doch ein Problem auftritt?<\/a>\n\t\t\t\t\t<\/div>\n\t\t\t\t\t<div id=\"elementor-tab-content-6012\" class=\"elementor-tab-content elementor-clearfix\" data-tab=\"2\" role=\"region\" aria-labelledby=\"elementor-tab-title-6012\"><p>Senden Sie uns die Ware zu und wir werden das Problem beheben oder das fehlerhafte Produkt ersetzen. Sie k\u00f6nnen uns \u00fcber unser Kontaktformular kontaktieren, indem Sie auf <span style=\"text-decoration: underline;\"><strong><a href=\"https:\/\/huntergeorge.org\/de\/contact\/\">hier<\/a>.<\/strong><\/span><\/p><\/div>\n\t\t\t\t<\/div>\n\t\t\t\t\t\t\t\t<\/div>\n\t\t\t\t\t\t<\/div>\n\t\t\t\t<\/div>\n\t\t\t\t\t<\/div>\n\t\t<\/div>\n\t\t\t\t\t<\/div>\n\t\t<\/section>\n\t\t\t\t<\/div>","protected":false},"excerpt":{"rendered":"<p>H\u00e4ufig gestellte Fragen Hier finden Sie Antworten auf die am h\u00e4ufigsten gestellten Fragen Wie lauten die Garantiebedingungen? Alle Produkte werden aus hochwertigen Materialien hergestellt und haben daf\u00fcr eine 1-j\u00e4hrige Garantie. Wenn ein Problem auftritt? Senden Sie uns die Ware zu und wir werden das Problem beheben oder das fehlerhafte Produkt ersetzen. Sie k\u00f6nnen uns \u00fcber unser Kontaktformular kontaktieren, mit [...]<\/p>","protected":false},"author":16,"featured_media":0,"parent":0,"menu_order":0,"comment_status":"closed","ping_status":"closed","template":"","meta":{"ocean_post_layout":"full-screen","ocean_both_sidebars_style":"","ocean_both_sidebars_content_width":0,"ocean_both_sidebars_sidebars_width":0,"ocean_sidebar":"0","ocean_second_sidebar":"0","ocean_disable_margins":"on","ocean_add_body_class":"","ocean_shortcode_before_top_bar":"","ocean_shortcode_after_top_bar":"","ocean_shortcode_before_header":"","ocean_shortcode_after_header":"","ocean_has_shortcode":"","ocean_shortcode_after_title":"","ocean_shortcode_before_footer_widgets":"","ocean_shortcode_after_footer_widgets":"","ocean_shortcode_before_footer_bottom":"","ocean_shortcode_after_footer_bottom":"","ocean_display_top_bar":"default","ocean_display_header":"default","ocean_header_style":"","ocean_center_header_left_menu":"0","ocean_custom_header_template":"0","ocean_custom_logo":0,"ocean_custom_retina_logo":0,"ocean_custom_logo_max_width":0,"ocean_custom_logo_tablet_max_width":0,"ocean_custom_logo_mobile_max_width":0,"ocean_custom_logo_max_height":0,"ocean_custom_logo_tablet_max_height":0,"ocean_custom_logo_mobile_max_height":0,"ocean_header_custom_menu":"0","ocean_menu_typo_font_family":"0","ocean_menu_typo_font_subset":"","ocean_menu_typo_font_size":0,"ocean_menu_typo_font_size_tablet":0,"ocean_menu_typo_font_size_mobile":0,"ocean_menu_typo_font_size_unit":"px","ocean_menu_typo_font_weight":"","ocean_menu_typo_font_weight_tablet":"","ocean_menu_typo_font_weight_mobile":"","ocean_menu_typo_transform":"","ocean_menu_typo_transform_tablet":"","ocean_menu_typo_transform_mobile":"","ocean_menu_typo_line_height":0,"ocean_menu_typo_line_height_tablet":0,"ocean_menu_typo_line_height_mobile":0,"ocean_menu_typo_line_height_unit":"","ocean_menu_typo_spacing":0,"ocean_menu_typo_spacing_tablet":0,"ocean_menu_typo_spacing_mobile":0,"ocean_menu_typo_spacing_unit":"","ocean_menu_link_color":"","ocean_menu_link_color_hover":"","ocean_menu_link_color_active":"","ocean_menu_link_background":"","ocean_menu_link_hover_background":"","ocean_menu_link_active_background":"","ocean_menu_social_links_bg":"","ocean_menu_social_hover_links_bg":"","ocean_menu_social_links_color":"","ocean_menu_social_hover_links_color":"","ocean_disable_title":"on","ocean_disable_heading":"default","ocean_post_title":"","ocean_post_subheading":"","ocean_post_title_style":"","ocean_post_title_background_color":"","ocean_post_title_background":0,"ocean_post_title_bg_image_position":"","ocean_post_title_bg_image_attachment":"","ocean_post_title_bg_image_repeat":"","ocean_post_title_bg_image_size":"","ocean_post_title_height":0,"ocean_post_title_bg_overlay":0.5,"ocean_post_title_bg_overlay_color":"","ocean_disable_breadcrumbs":"default","ocean_breadcrumbs_color":"","ocean_breadcrumbs_separator_color":"","ocean_breadcrumbs_links_color":"","ocean_breadcrumbs_links_hover_color":"","ocean_display_footer_widgets":"default","ocean_display_footer_bottom":"default","ocean_custom_footer_template":"0","footnotes":""},"class_list":["post-50","page","type-page","status-publish","hentry","entry","owp-thumbs-layout-horizontal","owp-btn-normal","owp-tabs-layout-vertical","has-no-thumbnails","circle-sale"],"yoast_head":"\n<title>\u0427\u0435\u0441\u0442\u0438 \u0432\u044a\u043f\u0440\u043e\u0441\u0438 | HunterGeorge<\/title>\n<meta name=\"description\" content=\"\u041e\u0442\u043a\u0440\u0438\u0439\u0442\u0435 \u043e\u0442\u0433\u043e\u0432\u043e\u0440\u0438 \u043d\u0430 \u043d\u0430\u0439-\u0447\u0435\u0441\u0442\u043e \u0437\u0430\u0434\u0430\u0432\u0430\u043d\u0438\u0442\u0435 \u0432\u044a\u043f\u0440\u043e\u0441\u0438 \u043e\u0442 \u043f\u043e\u0442\u0440\u0435\u0431\u0438\u0442\u0435\u043b\u0438, \u043e\u0442\u043d\u043e\u0441\u043d\u043e \u043d\u0430\u0448\u0438\u0442\u0435 \u0430\u0440\u0442\u0438\u043a\u0443\u043b\u0438 - \u043e\u043d\u043b\u0430\u0439\u043d \u043c\u0430\u0433\u0430\u0437\u0438\u043d HunterGeorge.\" \/>\n<meta name=\"robots\" content=\"index, follow, max-snippet:-1, max-image-preview:large, max-video-preview:-1\" \/>\n<link rel=\"canonical\" href=\"https:\/\/huntergeorge.org\/de\/questions\/\" \/>\n<meta property=\"og:locale\" content=\"de_DE\" \/>\n<meta property=\"og:type\" content=\"article\" \/>\n<meta property=\"og:title\" content=\"\u0427\u0435\u0441\u0442\u0438 \u0432\u044a\u043f\u0440\u043e\u0441\u0438\" \/>\n<meta property=\"og:description\" content=\"\u041e\u0442\u043a\u0440\u0438\u0439\u0442\u0435 \u043e\u0442\u0433\u043e\u0432\u043e\u0440\u0438 \u043d\u0430 \u043d\u0430\u0439-\u0447\u0435\u0441\u0442\u043e \u0437\u0430\u0434\u0430\u0432\u0430\u043d\u0438\u0442\u0435 \u0432\u044a\u043f\u0440\u043e\u0441\u0438 \u043e\u0442 \u043f\u043e\u0442\u0440\u0435\u0431\u0438\u0442\u0435\u043b\u0438, \u043e\u0442\u043d\u043e\u0441\u043d\u043e \u043d\u0430\u0448\u0438\u0442\u0435 \u0430\u0440\u0442\u0438\u043a\u0443\u043b\u0438 - \u043e\u043d\u043b\u0430\u0439\u043d \u043c\u0430\u0433\u0430\u0437\u0438\u043d HunterGeorge.\" \/>\n<meta property=\"og:url\" content=\"https:\/\/huntergeorge.org\/de\/questions\/\" \/>\n<meta property=\"og:site_name\" content=\"Hunter George\" \/>\n<meta property=\"article:publisher\" content=\"https:\/\/www.facebook.com\/huntergeorge.org\/\" \/>\n<meta property=\"article:modified_time\" content=\"2022-02-09T15:29:28+00:00\" \/>\n<meta name=\"twitter:card\" content=\"summary_large_image\" \/>\n<meta name=\"twitter:label1\" content=\"Gesch\u00e4tzte Lesezeit\" \/>\n\t<meta name=\"twitter:data1\" content=\"1\u00a0Minute\" \/>\n<script type=\"application\/ld+json\" class=\"yoast-schema-graph\">{\"@context\":\"https:\/\/schema.org\",\"@graph\":[{\"@type\":[\"WebPage\",\"FAQPage\"],\"@id\":\"https:\/\/huntergeorge.org\/de\/questions\/\",\"url\":\"https:\/\/huntergeorge.org\/de\/questions\/\",\"name\":\"\u0427\u0435\u0441\u0442\u0438 \u0432\u044a\u043f\u0440\u043e\u0441\u0438 | HunterGeorge\",\"isPartOf\":{\"@id\":\"https:\/\/huntergeorge.org\/de\/#website\"},\"datePublished\":\"2019-09-20T08:45:40+00:00\",\"dateModified\":\"2022-02-09T15:29:28+00:00\",\"description\":\"\u041e\u0442\u043a\u0440\u0438\u0439\u0442\u0435 \u043e\u0442\u0433\u043e\u0432\u043e\u0440\u0438 \u043d\u0430 \u043d\u0430\u0439-\u0447\u0435\u0441\u0442\u043e \u0437\u0430\u0434\u0430\u0432\u0430\u043d\u0438\u0442\u0435 \u0432\u044a\u043f\u0440\u043e\u0441\u0438 \u043e\u0442 \u043f\u043e\u0442\u0440\u0435\u0431\u0438\u0442\u0435\u043b\u0438, \u043e\u0442\u043d\u043e\u0441\u043d\u043e \u043d\u0430\u0448\u0438\u0442\u0435 \u0430\u0440\u0442\u0438\u043a\u0443\u043b\u0438 - \u043e\u043d\u043b\u0430\u0439\u043d \u043c\u0430\u0433\u0430\u0437\u0438\u043d HunterGeorge.\",\"breadcrumb\":{\"@id\":\"https:\/\/huntergeorge.org\/de\/questions\/#breadcrumb\"},\"inLanguage\":\"de\",\"potentialAction\":[{\"@type\":\"ReadAction\",\"target\":[\"https:\/\/huntergeorge.org\/de\/questions\/\"]}]},{\"@type\":\"BreadcrumbList\",\"@id\":\"https:\/\/huntergeorge.org\/de\/questions\/#breadcrumb\",\"itemListElement\":[{\"@type\":\"ListItem\",\"position\":1,\"name\":\"Home\",\"item\":\"https:\/\/huntergeorge.org\/\"},{\"@type\":\"ListItem\",\"position\":2,\"name\":\"\u0427\u0435\u0441\u0442\u0438 \u0432\u044a\u043f\u0440\u043e\u0441\u0438\"}]},{\"@type\":\"WebSite\",\"@id\":\"https:\/\/huntergeorge.org\/de\/#website\",\"url\":\"https:\/\/huntergeorge.org\/de\/\",\"name\":\"Hunter George\",\"description\":\"\u0422\u0432\u043e\u044f\u0442 \u043c\u0430\u0433\u0430\u0437\u0438\u043d \u0437\u0430 \u043b\u043e\u0432\u043d\u0438 \u0430\u043a\u0441\u0435\u0441\u043e\u0430\u0440\u0438\",\"publisher\":{\"@id\":\"https:\/\/huntergeorge.org\/de\/#organization\"},\"potentialAction\":[{\"@type\":\"SearchAction\",\"target\":{\"@type\":\"EntryPoint\",\"urlTemplate\":\"https:\/\/huntergeorge.org\/de\/?s={search_term_string}\"},\"query-input\":{\"@type\":\"PropertyValueSpecification\",\"valueRequired\":true,\"valueName\":\"search_term_string\"}}],\"inLanguage\":\"de\"},{\"@type\":\"Organization\",\"@id\":\"https:\/\/huntergeorge.org\/de\/#organization\",\"name\":\"Hunter George\",\"url\":\"https:\/\/huntergeorge.org\/de\/\",\"logo\":{\"@type\":\"ImageObject\",\"inLanguage\":\"de\",\"@id\":\"https:\/\/huntergeorge.org\/de\/#\/schema\/logo\/image\/\",\"url\":\"https:\/\/huntergeorge.org\/media\/2022\/06\/hunter-george.jpg\",\"contentUrl\":\"https:\/\/huntergeorge.org\/media\/2022\/06\/hunter-george.jpg\",\"width\":1920,\"height\":1300,\"caption\":\"Hunter George\"},\"image\":{\"@id\":\"https:\/\/huntergeorge.org\/de\/#\/schema\/logo\/image\/\"},\"sameAs\":[\"https:\/\/www.facebook.com\/huntergeorge.org\/\",\"https:\/\/www.instagram.com\/huntergeorge_official\/\"]}]}<\/script>\n","yoast_head_json":{"title":"FAQ | HunterGeorge","description":"Hier finden Sie Antworten auf die am h\u00e4ufigsten gestellten Fragen von Benutzern \u00fcber unsere Artikel - HunterGeorge Online-Shop.","robots":{"index":"index","follow":"follow","max-snippet":"max-snippet:-1","max-image-preview":"max-image-preview:large","max-video-preview":"max-video-preview:-1"},"canonical":"https:\/\/huntergeorge.org\/de\/questions\/","og_locale":"de_DE","og_type":"article","og_title":"\u0427\u0435\u0441\u0442\u0438 \u0432\u044a\u043f\u0440\u043e\u0441\u0438","og_description":"\u041e\u0442\u043a\u0440\u0438\u0439\u0442\u0435 \u043e\u0442\u0433\u043e\u0432\u043e\u0440\u0438 \u043d\u0430 \u043d\u0430\u0439-\u0447\u0435\u0441\u0442\u043e \u0437\u0430\u0434\u0430\u0432\u0430\u043d\u0438\u0442\u0435 \u0432\u044a\u043f\u0440\u043e\u0441\u0438 \u043e\u0442 \u043f\u043e\u0442\u0440\u0435\u0431\u0438\u0442\u0435\u043b\u0438, \u043e\u0442\u043d\u043e\u0441\u043d\u043e \u043d\u0430\u0448\u0438\u0442\u0435 \u0430\u0440\u0442\u0438\u043a\u0443\u043b\u0438 - \u043e\u043d\u043b\u0430\u0439\u043d \u043c\u0430\u0433\u0430\u0437\u0438\u043d HunterGeorge.","og_url":"https:\/\/huntergeorge.org\/de\/questions\/","og_site_name":"Hunter George","article_publisher":"https:\/\/www.facebook.com\/huntergeorge.org\/","article_modified_time":"2022-02-09T15:29:28+00:00","twitter_card":"summary_large_image","twitter_misc":{"Gesch\u00e4tzte Lesezeit":"1\u00a0Minute"},"schema":{"@context":"https:\/\/schema.org","@graph":[{"@type":["WebPage","FAQPage"],"@id":"https:\/\/huntergeorge.org\/de\/questions\/","url":"https:\/\/huntergeorge.org\/de\/questions\/","name":"FAQ | HunterGeorge","isPartOf":{"@id":"https:\/\/huntergeorge.org\/de\/#website"},"datePublished":"2019-09-20T08:45:40+00:00","dateModified":"2022-02-09T15:29:28+00:00","description":"Hier finden Sie Antworten auf die am h\u00e4ufigsten gestellten Fragen von Benutzern \u00fcber unsere Artikel - HunterGeorge Online-Shop.","breadcrumb":{"@id":"https:\/\/huntergeorge.org\/de\/questions\/#breadcrumb"},"inLanguage":"de","potentialAction":[{"@type":"ReadAction","target":["https:\/\/huntergeorge.org\/de\/questions\/"]}]},{"@type":"BreadcrumbList","@id":"https:\/\/huntergeorge.org\/de\/questions\/#breadcrumb","itemListElement":[{"@type":"ListItem","position":1,"name":"Home","item":"https:\/\/huntergeorge.org\/"},{"@type":"ListItem","position":2,"name":"\u0427\u0435\u0441\u0442\u0438 \u0432\u044a\u043f\u0440\u043e\u0441\u0438"}]},{"@type":"WebSite","@id":"https:\/\/huntergeorge.org\/de\/#website","url":"https:\/\/huntergeorge.org\/de\/","name":"J\u00e4ger George","description":"Ihr Shop f\u00fcr Jagdzubeh\u00f6r","publisher":{"@id":"https:\/\/huntergeorge.org\/de\/#organization"},"potentialAction":[{"@type":"SearchAction","target":{"@type":"EntryPoint","urlTemplate":"https:\/\/huntergeorge.org\/de\/?s={search_term_string}"},"query-input":{"@type":"PropertyValueSpecification","valueRequired":true,"valueName":"search_term_string"}}],"inLanguage":"de"},{"@type":"Organization","@id":"https:\/\/huntergeorge.org\/de\/#organization","name":"J\u00e4ger George","url":"https:\/\/huntergeorge.org\/de\/","logo":{"@type":"ImageObject","inLanguage":"de","@id":"https:\/\/huntergeorge.org\/de\/#\/schema\/logo\/image\/","url":"https:\/\/huntergeorge.org\/media\/2022\/06\/hunter-george.jpg","contentUrl":"https:\/\/huntergeorge.org\/media\/2022\/06\/hunter-george.jpg","width":1920,"height":1300,"caption":"Hunter George"},"image":{"@id":"https:\/\/huntergeorge.org\/de\/#\/schema\/logo\/image\/"},"sameAs":["https:\/\/www.facebook.com\/huntergeorge.org\/","https:\/\/www.instagram.com\/huntergeorge_official\/"]}]}},"_links":{"self":[{"href":"https:\/\/huntergeorge.org\/de\/wp-json\/wp\/v2\/pages\/50","targetHints":{"allow":["GET"]}}],"collection":[{"href":"https:\/\/huntergeorge.org\/de\/wp-json\/wp\/v2\/pages"}],"about":[{"href":"https:\/\/huntergeorge.org\/de\/wp-json\/wp\/v2\/types\/page"}],"author":[{"embeddable":true,"href":"https:\/\/huntergeorge.org\/de\/wp-json\/wp\/v2\/users\/16"}],"replies":[{"embeddable":true,"href":"https:\/\/huntergeorge.org\/de\/wp-json\/wp\/v2\/comments?post=50"}],"version-history":[{"count":0,"href":"https:\/\/huntergeorge.org\/de\/wp-json\/wp\/v2\/pages\/50\/revisions"}],"wp:attachment":[{"href":"https:\/\/huntergeorge.org\/de\/wp-json\/wp\/v2\/media?parent=50"}],"curies":[{"name":"wp","href":"https:\/\/api.w.org\/{rel}","templated":true}]}}